{"id":9802,"date":"2025-05-16T13:57:38","date_gmt":"2025-05-16T11:57:38","guid":{"rendered":"https:\/\/alvarelloseditora.gal\/book\/sonetos-del-amor-oscuro-facsimil-de-la-edicion-clandestina-de-1983\/"},"modified":"2026-01-13T13:01:25","modified_gmt":"2026-01-13T12:01:25","slug":"sonetos-del-amor-oscuro-facsimil-de-la-edicion-clandestina-de-1983","status":"publish","type":"product","link":"https:\/\/alvarelloseditora.gal\/es\/libro\/sonetos-del-amor-oscuro-facsimil-de-la-edicion-clandestina-de-1983\/","title":{"rendered":"Sonetos del amor oscuro [Facs\u00edmil de la edici\u00f3n clandestina de 1983]"},"content":{"rendered":"<p><a href=\"https:\/\/alvarelloseditora.gal\/wp-content\/uploads\/2025\/05\/NP_ESP_SONETOS-AMOR-OSCURO-FACSIMIL-ALVARELLOS-ED-2025.pdf\">NP_ESP_SONETOS-AMOR-OSCURO-FACS\u00cdMIL-ALVARELLOS-ED-2025<\/a><\/p>\n","protected":false},"excerpt":{"rendered":"<p>Federico Garc\u00eda Lorca<br \/>\n24 pp . 12 x 15 cms.<br \/>\nISBN 978-84-18567-79-7<\/p>\n<p>&nbsp;<\/p>\n<p>Rescatamos, en riguroso facs\u00edmil, la primera edici\u00f3n de los Sonetos del amor oscuro de Federico Garc\u00eda Lorca. Un volumen publicado de manera clandestina en 1983. Aquella ins\u00f3lita y pol\u00e9mica edici\u00f3n pirata resurge ahora, en un ejemplar totalmente fiel al original, reproducci\u00f3n exacta de una verdadera joya bibliogr\u00e1fica.<\/p>\n<p>En el oto\u00f1o de 1983 aparec\u00eda en Espa\u00f1a, de forma clandestina, la primera edici\u00f3n de los conocidos como Sonetos del amor oscuro de Federico Garc\u00eda Lorca. Una publicaci\u00f3n no venal, no comercializada, de 250 ejemplares numerados, que se distribuy\u00f3 de manera an\u00f3nima a un listado selecto de personalidades de la cultura espa\u00f1ola de entonces. En ella no figuraba el nombre del autor, tampoco se identificaban las citas de apertura, ni hab\u00eda referencia alguna a imprenta, editorial o promotores.<\/p>\n<p>La sorprendente circulaci\u00f3n de aquel libro, cuyo objetivo ser\u00eda provocar la publicaci\u00f3n \u00aboficial\u00bb de este conjunto de poemas que Lorca hab\u00eda escrito entre 1935 y 1936, caus\u00f3 un enorme impacto.<\/p>\n<p>Desde Alvarellos Editora, hemos querido rescatar aquel libro pirata, y hacerlo en una edici\u00f3n totalmente fiel a la original, porque pensamos que se trata de una verdadera joya bibliogr\u00e1fica.<\/p>\n<p>Esta edici\u00f3n ha sido compuesta en la misma tipograf\u00eda Bodoni del original e impresa en papel tipo verjurado Conqueror Laid Oister de 120 gramos. Para la capa y sobrecubierta hemos elegido una cartulina Bristol ready Rojo Fuego: 180 gramos para la capa y 250 para la nueva sobrecubierta. Finalmente, hemos respetado el mismo sistema de montaje\/encuadernado de la primera edici\u00f3n, atada con un fino cordel bicolor. <\/p>\n<p>&nbsp;<\/p>\n<p>&nbsp;<\/p>\n<p>&nbsp;<\/p>\n<p>&nbsp;<\/p>\n<p>Sobre la edici\u00f3n clandestina de 1983<\/p>\n<p>&nbsp;<\/p>\n<p>\u00abFue un juego literario exquisito\u00bb.<br \/>\nMARIO HERN\u00c1NDEZ<\/p>\n<p>&nbsp;<\/p>\n<p>\u00abUna peque\u00f1a joya\u00bb.<br \/>\nJOS\u00c9 LUIS CANO<\/p>\n<p>&nbsp;<\/p>\n<p>\u00abA m\u00ed me lleg\u00f3 una copia, sin remitente, an\u00f3nima. Yo no sab\u00eda nada de este asunto, \u00a1lo juro!\u00bb.<br \/>\nIAN GIBSON<\/p>\n<p>&nbsp;<\/p>\n<p>Sobre los Sonetos del amor oscuro<\/p>\n<p>&nbsp;<\/p>\n<p>\u00abSolo tiene parang\u00f3n, en lengua espa\u00f1ola, con san Juan de la Cruz o Quevedo\u00bb.<br \/>\nMIGUEL GARC\u00cdA-POSADA<\/p>\n<p>&nbsp;<\/p>\n<p>\u00abToda la obra de Lorca est\u00e1 transida de amor homosexual. Es un prodigio de escritor, hablando solo de este tema habla a todos los hombres y mujeres del mundo\u00bb.<br \/>\nLUIS ALBERTO DE CUENCA<\/p>\n<p>&nbsp;<\/p>\n<p>\u00abMe le\u00eda sus Sonetos del amor oscuro, prodigio de pasi\u00f3n, de entusiasmo, de felicidad, de tormento, puro y ardiente monumento al amor\u00bb.<br \/>\nVICENTE ALEIXANDRE (1937)<\/p>\n<p>&nbsp;<\/p>\n<p>\u00abMe dijo de memoria seis o siete sonetos (&#8230;) de una incre\u00edble belleza\u00bb.<br \/>\nPABLO NERUDA (1968)<\/p>\n<p>&nbsp;<\/p>\n<p>&nbsp;<\/p>\n<p>&nbsp;<\/p>\n<p>&nbsp;<\/p>\n<p>&nbsp;<\/p>\n","protected":false},"featured_media":9789,"comment_status":"closed","ping_status":"closed","template":"","meta":[],"product_brand":[],"product_cat":[112],"product_tag":[1954,1955,1956,1957,1958,1087,1959,1960],"class_list":{"0":"post-9802","1":"product","2":"type-product","3":"status-publish","4":"has-post-thumbnail","6":"product_author-federico-garcia-lorca-es","7":"product_cat-facsimiles-es","8":"product_tag-clandestina-es","9":"product_tag-edicion-clandestina-es","10":"product_tag-edicion-pirata-es","11":"product_tag-federico-garcia-lorca-es","12":"product_tag-garcia-lorca-es","13":"product_tag-guerra-civil-es","14":"product_tag-poesia-es","15":"product_tag-sonetos-es","17":"first","18":"instock","19":"taxable","20":"shipping-taxable","21":"purchasable","22":"product-type-simple"},"yoast_head":"<!-- This site is optimized with the Yoast SEO plugin v27.3 - https:\/\/yoast.com\/product\/yoast-seo-wordpress\/ -->\n<title>Sonetos del amor oscuro [Facs\u00edmil de la edici\u00f3n clandestina de 1983] - Alvarellos Editora<\/title>\n<meta name=\"description\" content=\"Sonetos del amor oscuro [Facs\u00edmil de la edici\u00f3n clandestina de 1983]. C\u00f3mprao na tenda en li\u00f1a de Alvarellos Editora.\" \/>\n<meta name=\"robots\" content=\"index, follow, max-snippet:-1, max-image-preview:large, max-video-preview:-1\" \/>\n<link rel=\"canonical\" href=\"https:\/\/alvarelloseditora.gal\/es\/libro\/sonetos-del-amor-oscuro-facsimil-de-la-edicion-clandestina-de-1983\/\" \/>\n<meta property=\"og:locale\" content=\"es_ES\" \/>\n<meta property=\"og:type\" content=\"article\" \/>\n<meta property=\"og:title\" content=\"Sonetos del amor oscuro [Facs\u00edmil de la edici\u00f3n clandestina de 1983] - Alvarellos Editora\" \/>\n<meta property=\"og:description\" content=\"Sonetos del amor oscuro [Facs\u00edmil de la edici\u00f3n clandestina de 1983]. C\u00f3mprao na tenda en li\u00f1a de Alvarellos Editora.\" \/>\n<meta property=\"og:url\" content=\"https:\/\/alvarelloseditora.gal\/es\/libro\/sonetos-del-amor-oscuro-facsimil-de-la-edicion-clandestina-de-1983\/\" \/>\n<meta property=\"og:site_name\" content=\"Alvarellos Editora\" \/>\n<meta property=\"article:publisher\" content=\"https:\/\/www.facebook.com\/alvarelloseditora\" \/>\n<meta property=\"article:modified_time\" content=\"2026-01-13T12:01:25+00:00\" \/>\n<meta property=\"og:image\" content=\"https:\/\/alvarelloseditora.gal\/wp-content\/uploads\/2025\/05\/Sonetos-Amor-Oscuro-FACSIMILAR-2025-capa-scaled.jpg\" \/>\n\t<meta property=\"og:image:width\" content=\"1961\" \/>\n\t<meta property=\"og:image:height\" content=\"2560\" \/>\n\t<meta property=\"og:image:type\" content=\"image\/jpeg\" \/>\n<meta name=\"twitter:card\" content=\"summary_large_image\" \/>\n<meta name=\"twitter:site\" content=\"@alvarellos_ed\" \/>\n<meta name=\"twitter:label1\" content=\"Tiempo de lectura\" \/>\n\t<meta name=\"twitter:data1\" content=\"1 minuto\" \/>\n<!-- \/ Yoast SEO plugin. -->","yoast_head_json":{"title":"Sonetos del amor oscuro [Facs\u00edmil de la edici\u00f3n clandestina de 1983] - Alvarellos Editora","description":"Sonetos del amor oscuro [Facs\u00edmil de la edici\u00f3n clandestina de 1983]. C\u00f3mprao na tenda en li\u00f1a de Alvarellos Editora.","robots":{"index":"index","follow":"follow","max-snippet":"max-snippet:-1","max-image-preview":"max-image-preview:large","max-video-preview":"max-video-preview:-1"},"canonical":"https:\/\/alvarelloseditora.gal\/es\/libro\/sonetos-del-amor-oscuro-facsimil-de-la-edicion-clandestina-de-1983\/","og_locale":"es_ES","og_type":"article","og_title":"Sonetos del amor oscuro [Facs\u00edmil de la edici\u00f3n clandestina de 1983] - Alvarellos Editora","og_description":"Sonetos del amor oscuro [Facs\u00edmil de la edici\u00f3n clandestina de 1983]. C\u00f3mprao na tenda en li\u00f1a de Alvarellos Editora.","og_url":"https:\/\/alvarelloseditora.gal\/es\/libro\/sonetos-del-amor-oscuro-facsimil-de-la-edicion-clandestina-de-1983\/","og_site_name":"Alvarellos Editora","article_publisher":"https:\/\/www.facebook.com\/alvarelloseditora","article_modified_time":"2026-01-13T12:01:25+00:00","og_image":[{"width":1961,"height":2560,"url":"https:\/\/alvarelloseditora.gal\/wp-content\/uploads\/2025\/05\/Sonetos-Amor-Oscuro-FACSIMILAR-2025-capa-scaled.jpg","type":"image\/jpeg"}],"twitter_card":"summary_large_image","twitter_site":"@alvarellos_ed","twitter_misc":{"Tiempo de lectura":"1 minuto"},"schema":{"@context":"https:\/\/schema.org","@graph":[{"@type":["WebPage","ItemPage"],"@id":"https:\/\/alvarelloseditora.gal\/es\/libro\/sonetos-del-amor-oscuro-facsimil-de-la-edicion-clandestina-de-1983\/","url":"https:\/\/alvarelloseditora.gal\/es\/libro\/sonetos-del-amor-oscuro-facsimil-de-la-edicion-clandestina-de-1983\/","name":"Sonetos del amor oscuro [Facs\u00edmil de la edici\u00f3n clandestina de 1983] - Alvarellos Editora","isPartOf":{"@id":"https:\/\/alvarelloseditora.gal\/#website"},"primaryImageOfPage":{"@id":"https:\/\/alvarelloseditora.gal\/es\/libro\/sonetos-del-amor-oscuro-facsimil-de-la-edicion-clandestina-de-1983\/#primaryimage"},"image":{"@id":"https:\/\/alvarelloseditora.gal\/es\/libro\/sonetos-del-amor-oscuro-facsimil-de-la-edicion-clandestina-de-1983\/#primaryimage"},"thumbnailUrl":"https:\/\/alvarelloseditora.gal\/wp-content\/uploads\/2025\/05\/Sonetos-Amor-Oscuro-FACSIMILAR-2025-capa-scaled.jpg","datePublished":"2025-05-16T11:57:38+00:00","dateModified":"2026-01-13T12:01:25+00:00","description":"Sonetos del amor oscuro [Facs\u00edmil de la edici\u00f3n clandestina de 1983]. C\u00f3mprao na tenda en li\u00f1a de Alvarellos Editora.","breadcrumb":{"@id":"https:\/\/alvarelloseditora.gal\/es\/libro\/sonetos-del-amor-oscuro-facsimil-de-la-edicion-clandestina-de-1983\/#breadcrumb"},"inLanguage":"es","potentialAction":[{"@type":"ReadAction","target":["https:\/\/alvarelloseditora.gal\/es\/libro\/sonetos-del-amor-oscuro-facsimil-de-la-edicion-clandestina-de-1983\/"]}]},{"@type":"ImageObject","inLanguage":"es","@id":"https:\/\/alvarelloseditora.gal\/es\/libro\/sonetos-del-amor-oscuro-facsimil-de-la-edicion-clandestina-de-1983\/#primaryimage","url":"https:\/\/alvarelloseditora.gal\/wp-content\/uploads\/2025\/05\/Sonetos-Amor-Oscuro-FACSIMILAR-2025-capa-scaled.jpg","contentUrl":"https:\/\/alvarelloseditora.gal\/wp-content\/uploads\/2025\/05\/Sonetos-Amor-Oscuro-FACSIMILAR-2025-capa-scaled.jpg","width":1961,"height":2560},{"@type":"BreadcrumbList","@id":"https:\/\/alvarelloseditora.gal\/es\/libro\/sonetos-del-amor-oscuro-facsimil-de-la-edicion-clandestina-de-1983\/#breadcrumb","itemListElement":[{"@type":"ListItem","position":1,"name":"Portada","item":"https:\/\/alvarelloseditora.gal\/"},{"@type":"ListItem","position":2,"name":"Tienda","item":"https:\/\/alvarelloseditora.gal\/es\/tienda\/"},{"@type":"ListItem","position":3,"name":"Sonetos del amor oscuro [Facs\u00edmil de la edici\u00f3n clandestina de 1983]"}]},{"@type":"WebSite","@id":"https:\/\/alvarelloseditora.gal\/#website","url":"https:\/\/alvarelloseditora.gal\/","name":"Alvarellos Editora","description":"Libros para un mundo en tr\u00e1nsito","publisher":{"@id":"https:\/\/alvarelloseditora.gal\/#organization"},"potentialAction":[{"@type":"SearchAction","target":{"@type":"EntryPoint","urlTemplate":"https:\/\/alvarelloseditora.gal\/?s={search_term_string}"},"query-input":{"@type":"PropertyValueSpecification","valueRequired":true,"valueName":"search_term_string"}}],"inLanguage":"es"},{"@type":"Organization","@id":"https:\/\/alvarelloseditora.gal\/#organization","name":"Alvarellos Editora","url":"https:\/\/alvarelloseditora.gal\/","logo":{"@type":"ImageObject","inLanguage":"es","@id":"https:\/\/alvarelloseditora.gal\/#\/schema\/logo\/image\/","url":"https:\/\/alvarelloseditora.gal\/wp-content\/uploads\/2020\/02\/alv-icon.png","contentUrl":"https:\/\/alvarelloseditora.gal\/wp-content\/uploads\/2020\/02\/alv-icon.png","width":177,"height":175,"caption":"Alvarellos Editora"},"image":{"@id":"https:\/\/alvarelloseditora.gal\/#\/schema\/logo\/image\/"},"sameAs":["https:\/\/www.facebook.com\/alvarelloseditora","https:\/\/x.com\/alvarellos_ed"]}]}},"_links":{"self":[{"href":"https:\/\/alvarelloseditora.gal\/es\/wp-json\/wp\/v2\/product\/9802","targetHints":{"allow":["GET"]}}],"collection":[{"href":"https:\/\/alvarelloseditora.gal\/es\/wp-json\/wp\/v2\/product"}],"about":[{"href":"https:\/\/alvarelloseditora.gal\/es\/wp-json\/wp\/v2\/types\/product"}],"replies":[{"embeddable":true,"href":"https:\/\/alvarelloseditora.gal\/es\/wp-json\/wp\/v2\/comments?post=9802"}],"wp:featuredmedia":[{"embeddable":true,"href":"https:\/\/alvarelloseditora.gal\/es\/wp-json\/wp\/v2\/media\/9789"}],"wp:attachment":[{"href":"https:\/\/alvarelloseditora.gal\/es\/wp-json\/wp\/v2\/media?parent=9802"}],"wp:term":[{"taxonomy":"product_brand","embeddable":true,"href":"https:\/\/alvarelloseditora.gal\/es\/wp-json\/wp\/v2\/product_brand?post=9802"},{"taxonomy":"product_cat","embeddable":true,"href":"https:\/\/alvarelloseditora.gal\/es\/wp-json\/wp\/v2\/product_cat?post=9802"},{"taxonomy":"product_tag","embeddable":true,"href":"https:\/\/alvarelloseditora.gal\/es\/wp-json\/wp\/v2\/product_tag?post=9802"}],"curies":[{"name":"wp","href":"https:\/\/api.w.org\/{rel}","templated":true}]}}