{"id":9778,"date":"2025-05-02T14:42:11","date_gmt":"2025-05-02T12:42:11","guid":{"rendered":"https:\/\/alvarelloseditora.gal\/book\/a-garza-alucinada-certame-de-relatos-breves-manuel-murguia\/"},"modified":"2025-05-02T14:44:06","modified_gmt":"2025-05-02T12:44:06","slug":"a-garza-alucinada-certame-de-relatos-breves-manuel-murguia","status":"publish","type":"product","link":"https:\/\/alvarelloseditora.gal\/es\/libro\/a-garza-alucinada-certame-de-relatos-breves-manuel-murguia\/","title":{"rendered":"A garza alucinada [Certame de relatos breves Manuel Murgu\u00eda]"},"content":{"rendered":"<p>OS RELATOS GA\u00d1ADORES<\/p>\n<p><strong>O rubor da dignidade<\/strong><br \/>\nIgnacio Silva<br \/>\n1.\u00b0 Premio 2022<\/p>\n<p><strong>En directo<\/strong><br \/>\nNatalia Alonso Ramos<br \/>\n2.\u00b0 Premio 2022<\/p>\n<p><strong>Somos Ad\u00e1n e nada somos<\/strong><br \/>\nFrancisco Rozados \u00abRochi\u00bb<br \/>\n3.\u00b0 Premio 2022<\/p>\n<p><strong>Sinfon\u00eda a 3 voces sobre unha cidade a tumba aberta<\/strong><br \/>\nRoberto Rodr\u00edguez Gonz\u00e1lez<br \/>\n1.\u00b0 Premio 2023<\/p>\n<p><strong>Levidade<\/strong><br \/>\nAgust\u00edn Agra<br \/>\n2.\u00b0 Premio 2023<\/p>\n<p><strong>Endodoncias<\/strong><br \/>\nInma N\u00fa\u00f1ez<br \/>\n3.\u00b0 Premio 2023<\/p>\n<p><strong>As regras<\/strong><br \/>\nAnt\u00eda Y\u00e1\u00f1ez<br \/>\n1.\u00b0 Premio 2024<\/p>\n<p><strong>Eivas<\/strong><br \/>\n\u00d3scar Reboiras Loureiro<br \/>\n2.\u00b0 Premio 2024<\/p>\n<p><strong>As guerras pequenas<\/strong><br \/>\nClara do Roxo<br \/>\n3.\u00b0 Premio 2024<\/p>\n<p>&nbsp;<\/p>\n<p><a href=\"https:\/\/alvarelloseditora.gal\/wp-content\/uploads\/2025\/05\/NP_G_A-Garza-alucinada-abril-2025.pdf\">NP_G_A-Garza-alucinada-abril-2025<\/a><\/p>\n","protected":false},"excerpt":{"rendered":"<p>Varias\/os\u00a0 Autoras\/es<br \/>\n&nbsp;<\/p>\n<p>&nbsp;<\/p>\n<p>222 pp . 12 x 19 cms.<br \/>\nISBN 978-84-18567-78-0.<br \/>\nPAPEL FSC-Amigo dos Bosques<\/p>\n<p>&nbsp;<\/p>\n<p>Nove orixinais relatos breves que foron premiados no Certame Manuel Murgu\u00eda do Concello de Arteixo nas edici\u00f3ns correspondentes a 2022, 2023 e 2024.<\/p>\n<p>&nbsp;<\/p>\n<p>NP_G_A-Garza-alucinada-abril-2025<\/p>\n<p>&nbsp;<\/p>\n<p>&nbsp;<\/p>\n<p>Diferentes e sedutoras propostas narrativas, agrupadas baixo o t\u00edtulo A garza alucinada, que transitan entre a realidade e a ficci\u00f3n.<\/p>\n<p>&nbsp;<\/p>\n<p>Escriben: Ignacio Silva, Natalia Alonso Ramos, Francisco Rozados \u201cRochi\u201d, Roberto Rodr\u00edguez Gonz\u00e1lez, Agust\u00edn Agra, Inma N\u00fa\u00f1ez, Ant\u00eda Y\u00e1\u00f1ez, \u00d3scar Reboiras e Clara do Roxo.<\/p>\n<p>&nbsp;<\/p>\n<p>35 EDICI\u00d3NS DUN CERTAME INSPIRADO NA GARZA&#8230;<\/p>\n<p>Con xa trinta e catro edici\u00f3ns \u00e1s costas, o Certame de Narraci\u00f3ns Breves Manuel Murgu\u00eda de Arteixo publica por cuarta vez os \u00faltimos relatos premiados baixo a protecci\u00f3n deste animal xa tot\u00e9mico que inspira, se non o Certame, ao menos as m\u00e1is recentes edici\u00f3ns dos textos vencedores. A anterior entrega levou por t\u00edtulo A garza en chamas.<\/p>\n<p>&nbsp;<\/p>\n<p>Nesta ocasi\u00f3n somos cativados por unha pernilonga alucinada que, afectada pola intensidade e a profundidade das obras arribadas ao Certame, a modo de Quixote emplumado non sabe xa onde acaba a ficci\u00f3n e onde a realidade comeza.<\/p>\n<p>&nbsp;<\/p>\n<p>Gocemos pois destas nove orixinais propostas narrativas e da s\u00faa polifon\u00eda de voces, x\u00e9neros e historias.<\/p>\n<p>&nbsp;<\/p>\n<p>&nbsp;<\/p>\n<p>&nbsp;<\/p>\n<p>&nbsp;<\/p>\n","protected":false},"featured_media":9774,"comment_status":"closed","ping_status":"closed","template":"","meta":[],"product_brand":[],"product_cat":[106],"product_tag":[],"class_list":{"0":"post-9778","1":"product","2":"type-product","3":"status-publish","4":"has-post-thumbnail","6":"product_cat-libros-do-sarela-es","8":"first","9":"instock","10":"taxable","11":"shipping-taxable","12":"purchasable","13":"product-type-simple"},"yoast_head":"<!-- This site is optimized with the Yoast SEO plugin v27.3 - https:\/\/yoast.com\/product\/yoast-seo-wordpress\/ -->\n<title>A garza alucinada [Certame de relatos breves Manuel Murgu\u00eda] - Alvarellos Editora<\/title>\n<meta name=\"description\" content=\"A garza alucinada [Certame de relatos breves Manuel Murgu\u00eda]. C\u00f3mprao na tenda en li\u00f1a de Alvarellos Editora.\" \/>\n<meta name=\"robots\" content=\"index, follow, max-snippet:-1, max-image-preview:large, max-video-preview:-1\" \/>\n<link rel=\"canonical\" href=\"https:\/\/alvarelloseditora.gal\/es\/libro\/a-garza-alucinada-certame-de-relatos-breves-manuel-murguia\/\" \/>\n<meta property=\"og:locale\" content=\"es_ES\" \/>\n<meta property=\"og:type\" content=\"article\" \/>\n<meta property=\"og:title\" content=\"A garza alucinada [Certame de relatos breves Manuel Murgu\u00eda] - Alvarellos Editora\" \/>\n<meta property=\"og:description\" content=\"A garza alucinada [Certame de relatos breves Manuel Murgu\u00eda]. C\u00f3mprao na tenda en li\u00f1a de Alvarellos Editora.\" \/>\n<meta property=\"og:url\" content=\"https:\/\/alvarelloseditora.gal\/es\/libro\/a-garza-alucinada-certame-de-relatos-breves-manuel-murguia\/\" \/>\n<meta property=\"og:site_name\" content=\"Alvarellos Editora\" \/>\n<meta property=\"article:publisher\" content=\"https:\/\/www.facebook.com\/alvarelloseditora\" \/>\n<meta property=\"article:modified_time\" content=\"2025-05-02T12:44:06+00:00\" \/>\n<meta property=\"og:image\" content=\"https:\/\/alvarelloseditora.gal\/wp-content\/uploads\/2025\/05\/A-garza-alucinada.jpg\" \/>\n\t<meta property=\"og:image:width\" content=\"1741\" \/>\n\t<meta property=\"og:image:height\" content=\"2513\" \/>\n\t<meta property=\"og:image:type\" content=\"image\/jpeg\" \/>\n<meta name=\"twitter:card\" content=\"summary_large_image\" \/>\n<meta name=\"twitter:site\" content=\"@alvarellos_ed\" \/>\n<meta name=\"twitter:label1\" content=\"Tiempo de lectura\" \/>\n\t<meta name=\"twitter:data1\" content=\"1 minuto\" \/>\n<!-- \/ Yoast SEO plugin. -->","yoast_head_json":{"title":"A garza alucinada [Certame de relatos breves Manuel Murgu\u00eda] - Alvarellos Editora","description":"A garza alucinada [Certame de relatos breves Manuel Murgu\u00eda]. C\u00f3mprao na tenda en li\u00f1a de Alvarellos Editora.","robots":{"index":"index","follow":"follow","max-snippet":"max-snippet:-1","max-image-preview":"max-image-preview:large","max-video-preview":"max-video-preview:-1"},"canonical":"https:\/\/alvarelloseditora.gal\/es\/libro\/a-garza-alucinada-certame-de-relatos-breves-manuel-murguia\/","og_locale":"es_ES","og_type":"article","og_title":"A garza alucinada [Certame de relatos breves Manuel Murgu\u00eda] - Alvarellos Editora","og_description":"A garza alucinada [Certame de relatos breves Manuel Murgu\u00eda]. C\u00f3mprao na tenda en li\u00f1a de Alvarellos Editora.","og_url":"https:\/\/alvarelloseditora.gal\/es\/libro\/a-garza-alucinada-certame-de-relatos-breves-manuel-murguia\/","og_site_name":"Alvarellos Editora","article_publisher":"https:\/\/www.facebook.com\/alvarelloseditora","article_modified_time":"2025-05-02T12:44:06+00:00","og_image":[{"width":1741,"height":2513,"url":"https:\/\/alvarelloseditora.gal\/wp-content\/uploads\/2025\/05\/A-garza-alucinada.jpg","type":"image\/jpeg"}],"twitter_card":"summary_large_image","twitter_site":"@alvarellos_ed","twitter_misc":{"Tiempo de lectura":"1 minuto"},"schema":{"@context":"https:\/\/schema.org","@graph":[{"@type":["WebPage","ItemPage"],"@id":"https:\/\/alvarelloseditora.gal\/es\/libro\/a-garza-alucinada-certame-de-relatos-breves-manuel-murguia\/","url":"https:\/\/alvarelloseditora.gal\/es\/libro\/a-garza-alucinada-certame-de-relatos-breves-manuel-murguia\/","name":"A garza alucinada [Certame de relatos breves Manuel Murgu\u00eda] - Alvarellos Editora","isPartOf":{"@id":"https:\/\/alvarelloseditora.gal\/#website"},"primaryImageOfPage":{"@id":"https:\/\/alvarelloseditora.gal\/es\/libro\/a-garza-alucinada-certame-de-relatos-breves-manuel-murguia\/#primaryimage"},"image":{"@id":"https:\/\/alvarelloseditora.gal\/es\/libro\/a-garza-alucinada-certame-de-relatos-breves-manuel-murguia\/#primaryimage"},"thumbnailUrl":"https:\/\/alvarelloseditora.gal\/wp-content\/uploads\/2025\/05\/A-garza-alucinada.jpg","datePublished":"2025-05-02T12:42:11+00:00","dateModified":"2025-05-02T12:44:06+00:00","description":"A garza alucinada [Certame de relatos breves Manuel Murgu\u00eda]. C\u00f3mprao na tenda en li\u00f1a de Alvarellos Editora.","breadcrumb":{"@id":"https:\/\/alvarelloseditora.gal\/es\/libro\/a-garza-alucinada-certame-de-relatos-breves-manuel-murguia\/#breadcrumb"},"inLanguage":"es","potentialAction":[{"@type":"ReadAction","target":["https:\/\/alvarelloseditora.gal\/es\/libro\/a-garza-alucinada-certame-de-relatos-breves-manuel-murguia\/"]}]},{"@type":"ImageObject","inLanguage":"es","@id":"https:\/\/alvarelloseditora.gal\/es\/libro\/a-garza-alucinada-certame-de-relatos-breves-manuel-murguia\/#primaryimage","url":"https:\/\/alvarelloseditora.gal\/wp-content\/uploads\/2025\/05\/A-garza-alucinada.jpg","contentUrl":"https:\/\/alvarelloseditora.gal\/wp-content\/uploads\/2025\/05\/A-garza-alucinada.jpg","width":1741,"height":2513},{"@type":"BreadcrumbList","@id":"https:\/\/alvarelloseditora.gal\/es\/libro\/a-garza-alucinada-certame-de-relatos-breves-manuel-murguia\/#breadcrumb","itemListElement":[{"@type":"ListItem","position":1,"name":"Portada","item":"https:\/\/alvarelloseditora.gal\/"},{"@type":"ListItem","position":2,"name":"Tienda","item":"https:\/\/alvarelloseditora.gal\/es\/tienda\/"},{"@type":"ListItem","position":3,"name":"A garza alucinada [Certame de relatos breves Manuel Murgu\u00eda]"}]},{"@type":"WebSite","@id":"https:\/\/alvarelloseditora.gal\/#website","url":"https:\/\/alvarelloseditora.gal\/","name":"Alvarellos Editora","description":"Libros para un mundo en tr\u00e1nsito","publisher":{"@id":"https:\/\/alvarelloseditora.gal\/#organization"},"potentialAction":[{"@type":"SearchAction","target":{"@type":"EntryPoint","urlTemplate":"https:\/\/alvarelloseditora.gal\/?s={search_term_string}"},"query-input":{"@type":"PropertyValueSpecification","valueRequired":true,"valueName":"search_term_string"}}],"inLanguage":"es"},{"@type":"Organization","@id":"https:\/\/alvarelloseditora.gal\/#organization","name":"Alvarellos Editora","url":"https:\/\/alvarelloseditora.gal\/","logo":{"@type":"ImageObject","inLanguage":"es","@id":"https:\/\/alvarelloseditora.gal\/#\/schema\/logo\/image\/","url":"https:\/\/alvarelloseditora.gal\/wp-content\/uploads\/2020\/02\/alv-icon.png","contentUrl":"https:\/\/alvarelloseditora.gal\/wp-content\/uploads\/2020\/02\/alv-icon.png","width":177,"height":175,"caption":"Alvarellos Editora"},"image":{"@id":"https:\/\/alvarelloseditora.gal\/#\/schema\/logo\/image\/"},"sameAs":["https:\/\/www.facebook.com\/alvarelloseditora","https:\/\/x.com\/alvarellos_ed"]}]}},"_links":{"self":[{"href":"https:\/\/alvarelloseditora.gal\/es\/wp-json\/wp\/v2\/product\/9778","targetHints":{"allow":["GET"]}}],"collection":[{"href":"https:\/\/alvarelloseditora.gal\/es\/wp-json\/wp\/v2\/product"}],"about":[{"href":"https:\/\/alvarelloseditora.gal\/es\/wp-json\/wp\/v2\/types\/product"}],"replies":[{"embeddable":true,"href":"https:\/\/alvarelloseditora.gal\/es\/wp-json\/wp\/v2\/comments?post=9778"}],"wp:featuredmedia":[{"embeddable":true,"href":"https:\/\/alvarelloseditora.gal\/es\/wp-json\/wp\/v2\/media\/9774"}],"wp:attachment":[{"href":"https:\/\/alvarelloseditora.gal\/es\/wp-json\/wp\/v2\/media?parent=9778"}],"wp:term":[{"taxonomy":"product_brand","embeddable":true,"href":"https:\/\/alvarelloseditora.gal\/es\/wp-json\/wp\/v2\/product_brand?post=9778"},{"taxonomy":"product_cat","embeddable":true,"href":"https:\/\/alvarelloseditora.gal\/es\/wp-json\/wp\/v2\/product_cat?post=9778"},{"taxonomy":"product_tag","embeddable":true,"href":"https:\/\/alvarelloseditora.gal\/es\/wp-json\/wp\/v2\/product_tag?post=9778"}],"curies":[{"name":"wp","href":"https:\/\/api.w.org\/{rel}","templated":true}]}}