{"id":9732,"date":"2025-04-10T12:54:09","date_gmt":"2025-04-10T10:54:09","guid":{"rendered":"https:\/\/alvarelloseditora.gal\/book\/un-paseo-ilustrado-por-santiago-de-compostela\/"},"modified":"2025-04-10T13:12:59","modified_gmt":"2025-04-10T11:12:59","slug":"un-paseo-ilustrado-por-santiago-de-compostela","status":"publish","type":"product","link":"https:\/\/alvarelloseditora.gal\/es\/libro\/un-paseo-ilustrado-por-santiago-de-compostela\/","title":{"rendered":"Un paseo ilustrado por Santiago de Compostela"},"content":{"rendered":"<p><a href=\"https:\/\/alvarelloseditora.gal\/wp-content\/uploads\/2025\/04\/NP_ESP_Un_paseo_ilustrado_por_SdC_Alvarellos_Ed_2025.pdf\">NP_ESP_Un_paseo_ilustrado_por_SdC_Alvarellos_Ed_2025<\/a><\/p>\n<p>&nbsp;<\/p>\n<p><img loading=\"lazy\" decoding=\"async\" class=\"alignnone size-medium wp-image-9731\" src=\"https:\/\/alvarelloseditora.gal\/wp-content\/uploads\/2025\/04\/Un-paseo-ilustrado-Alvarellos-Ed-2025-Mostra-interior-4-1-900x629.jpg\" alt=\"\" width=\"900\" height=\"629\" srcset=\"https:\/\/alvarelloseditora.gal\/wp-content\/uploads\/2025\/04\/Un-paseo-ilustrado-Alvarellos-Ed-2025-Mostra-interior-4-1-900x629.jpg 900w, https:\/\/alvarelloseditora.gal\/wp-content\/uploads\/2025\/04\/Un-paseo-ilustrado-Alvarellos-Ed-2025-Mostra-interior-4-1-160x112.jpg 160w, https:\/\/alvarelloseditora.gal\/wp-content\/uploads\/2025\/04\/Un-paseo-ilustrado-Alvarellos-Ed-2025-Mostra-interior-4-1-768x537.jpg 768w, https:\/\/alvarelloseditora.gal\/wp-content\/uploads\/2025\/04\/Un-paseo-ilustrado-Alvarellos-Ed-2025-Mostra-interior-4-1-330x231.jpg 330w, https:\/\/alvarelloseditora.gal\/wp-content\/uploads\/2025\/04\/Un-paseo-ilustrado-Alvarellos-Ed-2025-Mostra-interior-4-1-600x420.jpg 600w, https:\/\/alvarelloseditora.gal\/wp-content\/uploads\/2025\/04\/Un-paseo-ilustrado-Alvarellos-Ed-2025-Mostra-interior-4-1.jpg 1024w\" sizes=\"auto, (max-width: 900px) 100vw, 900px\" \/> <img loading=\"lazy\" decoding=\"async\" class=\"alignnone size-medium wp-image-9726\" src=\"https:\/\/alvarelloseditora.gal\/wp-content\/uploads\/2025\/04\/Un-paseo-ilustrado-Alvarellos-Ed-2025-Mostra-interior-3-1-900x622.jpg\" alt=\"\" width=\"900\" height=\"622\" srcset=\"https:\/\/alvarelloseditora.gal\/wp-content\/uploads\/2025\/04\/Un-paseo-ilustrado-Alvarellos-Ed-2025-Mostra-interior-3-1-900x622.jpg 900w, https:\/\/alvarelloseditora.gal\/wp-content\/uploads\/2025\/04\/Un-paseo-ilustrado-Alvarellos-Ed-2025-Mostra-interior-3-1-160x111.jpg 160w, https:\/\/alvarelloseditora.gal\/wp-content\/uploads\/2025\/04\/Un-paseo-ilustrado-Alvarellos-Ed-2025-Mostra-interior-3-1-768x531.jpg 768w, https:\/\/alvarelloseditora.gal\/wp-content\/uploads\/2025\/04\/Un-paseo-ilustrado-Alvarellos-Ed-2025-Mostra-interior-3-1-330x228.jpg 330w, https:\/\/alvarelloseditora.gal\/wp-content\/uploads\/2025\/04\/Un-paseo-ilustrado-Alvarellos-Ed-2025-Mostra-interior-3-1-600x415.jpg 600w, https:\/\/alvarelloseditora.gal\/wp-content\/uploads\/2025\/04\/Un-paseo-ilustrado-Alvarellos-Ed-2025-Mostra-interior-3-1.jpg 1024w\" sizes=\"auto, (max-width: 900px) 100vw, 900px\" \/> <img loading=\"lazy\" decoding=\"async\" class=\"alignnone size-medium wp-image-9723\" src=\"https:\/\/alvarelloseditora.gal\/wp-content\/uploads\/2025\/04\/Un-paseo-ilustrado-Alvarellos-Ed-2025-Mostra-interior-2-1-900x675.jpg\" alt=\"\" width=\"900\" height=\"675\" srcset=\"https:\/\/alvarelloseditora.gal\/wp-content\/uploads\/2025\/04\/Un-paseo-ilustrado-Alvarellos-Ed-2025-Mostra-interior-2-1-900x675.jpg 900w, https:\/\/alvarelloseditora.gal\/wp-content\/uploads\/2025\/04\/Un-paseo-ilustrado-Alvarellos-Ed-2025-Mostra-interior-2-1-160x120.jpg 160w, https:\/\/alvarelloseditora.gal\/wp-content\/uploads\/2025\/04\/Un-paseo-ilustrado-Alvarellos-Ed-2025-Mostra-interior-2-1-768x576.jpg 768w, https:\/\/alvarelloseditora.gal\/wp-content\/uploads\/2025\/04\/Un-paseo-ilustrado-Alvarellos-Ed-2025-Mostra-interior-2-1-330x248.jpg 330w, https:\/\/alvarelloseditora.gal\/wp-content\/uploads\/2025\/04\/Un-paseo-ilustrado-Alvarellos-Ed-2025-Mostra-interior-2-1-600x450.jpg 600w, https:\/\/alvarelloseditora.gal\/wp-content\/uploads\/2025\/04\/Un-paseo-ilustrado-Alvarellos-Ed-2025-Mostra-interior-2-1.jpg 1024w\" sizes=\"auto, (max-width: 900px) 100vw, 900px\" \/> <img loading=\"lazy\" decoding=\"async\" class=\"alignnone size-medium wp-image-9720\" src=\"https:\/\/alvarelloseditora.gal\/wp-content\/uploads\/2025\/04\/Un-paseo-ilustrado-Alvarellos-Ed-2025-Mostra-interior-1-1-900x667.jpg\" alt=\"\" width=\"900\" height=\"667\" srcset=\"https:\/\/alvarelloseditora.gal\/wp-content\/uploads\/2025\/04\/Un-paseo-ilustrado-Alvarellos-Ed-2025-Mostra-interior-1-1-900x667.jpg 900w, https:\/\/alvarelloseditora.gal\/wp-content\/uploads\/2025\/04\/Un-paseo-ilustrado-Alvarellos-Ed-2025-Mostra-interior-1-1-160x119.jpg 160w, https:\/\/alvarelloseditora.gal\/wp-content\/uploads\/2025\/04\/Un-paseo-ilustrado-Alvarellos-Ed-2025-Mostra-interior-1-1-768x569.jpg 768w, https:\/\/alvarelloseditora.gal\/wp-content\/uploads\/2025\/04\/Un-paseo-ilustrado-Alvarellos-Ed-2025-Mostra-interior-1-1-330x245.jpg 330w, https:\/\/alvarelloseditora.gal\/wp-content\/uploads\/2025\/04\/Un-paseo-ilustrado-Alvarellos-Ed-2025-Mostra-interior-1-1-600x445.jpg 600w, https:\/\/alvarelloseditora.gal\/wp-content\/uploads\/2025\/04\/Un-paseo-ilustrado-Alvarellos-Ed-2025-Mostra-interior-1-1.jpg 1024w\" sizes=\"auto, (max-width: 900px) 100vw, 900px\" \/><\/p>\n","protected":false},"excerpt":{"rendered":"<p>Jos\u00e9 Baqueiro<br \/>\n&nbsp;<\/p>\n<p>112 pp . 20,3 x 16 cms.<br \/>\nISBN 978-84-18567-74-2<br \/>\nPAPEL FSC Amigo de los Bosques<br \/>\nCartonado<\/p>\n<p>&nbsp;<\/p>\n<p>NP_ESP_Un_paseo_ilustrado_por_SdC_Alvarellos_Ed_2025<\/p>\n<p>&nbsp;<\/p>\n<p>En una cuidada edici\u00f3n en tres idiomas \u2013gallego, castellano e ingl\u00e9s\u2013 y a trav\u00e9s de 50 acuarelas, Jos\u00e9 Baqueiro ilustra un paseo inolvidable por una de las ciudades europeas m\u00e1s admiradas y visitadas, Santiago de Compostela.<\/p>\n<p>&nbsp;<\/p>\n<p>El volumen lleva por t\u00edtulo Un paseo ilustrado por Santiago de Compostela\/ An illustrated stroll through Santiago de Compostela y est\u00e1 coeditado por Alvarellos Editora y el Consorcio de Santiago.<\/p>\n<p>&nbsp;<\/p>\n<p>El autor nos invita a disfrutar con calma de los encantos, la belleza y la historia del paisaje medieval de esta capital de Galicia en la que naci\u00f3 y que tanto ama.<\/p>\n<p>&nbsp;<\/p>\n<p>A trav\u00e9s de dibujos delicados, inspirados y detallistas, nos ofrece un seductor viaje que se enriquece con los textos de la historiadora Elena Iglesias Dur\u00e1n.<\/p>\n<p>&nbsp;<\/p>\n<p>La traducci\u00f3n al ingl\u00e9s la ha realizado Mar\u00eda Recouso Barbeito.<\/p>\n","protected":false},"featured_media":9696,"comment_status":"closed","ping_status":"closed","template":"","meta":[],"product_brand":[],"product_cat":[104],"product_tag":[1045],"class_list":{"0":"post-9732","1":"product","2":"type-product","3":"status-publish","4":"has-post-thumbnail","6":"product_author-jose-baqueiro-es","7":"product_cat-ilustrada-es","8":"product_tag-santiago-de-compostela-y-el-camino","10":"first","11":"instock","12":"taxable","13":"shipping-taxable","14":"purchasable","15":"product-type-simple"},"yoast_head":"<!-- This site is optimized with the Yoast SEO plugin v27.4 - https:\/\/yoast.com\/product\/yoast-seo-wordpress\/ -->\n<title>Un paseo ilustrado por Santiago de Compostela - Alvarellos Editora<\/title>\n<meta name=\"description\" content=\"Un paseo ilustrado por Santiago de Compostela. C\u00f3mprao na tenda en li\u00f1a de Alvarellos Editora.\" \/>\n<meta name=\"robots\" content=\"index, follow, max-snippet:-1, max-image-preview:large, max-video-preview:-1\" \/>\n<link rel=\"canonical\" href=\"https:\/\/alvarelloseditora.gal\/es\/libro\/un-paseo-ilustrado-por-santiago-de-compostela\/\" \/>\n<meta property=\"og:locale\" content=\"es_ES\" \/>\n<meta property=\"og:type\" content=\"article\" \/>\n<meta property=\"og:title\" content=\"Un paseo ilustrado por Santiago de Compostela - Alvarellos Editora\" \/>\n<meta property=\"og:description\" content=\"Un paseo ilustrado por Santiago de Compostela. C\u00f3mprao na tenda en li\u00f1a de Alvarellos Editora.\" \/>\n<meta property=\"og:url\" content=\"https:\/\/alvarelloseditora.gal\/es\/libro\/un-paseo-ilustrado-por-santiago-de-compostela\/\" \/>\n<meta property=\"og:site_name\" content=\"Alvarellos Editora\" \/>\n<meta property=\"article:publisher\" content=\"https:\/\/www.facebook.com\/alvarelloseditora\" \/>\n<meta property=\"article:modified_time\" content=\"2025-04-10T11:12:59+00:00\" \/>\n<meta property=\"og:image\" content=\"https:\/\/alvarelloseditora.gal\/wp-content\/uploads\/2025\/04\/Un-paseo-ilustrado-por-Santiago-alvarellos-ed-2025.jpg\" \/>\n\t<meta property=\"og:image:width\" content=\"2447\" \/>\n\t<meta property=\"og:image:height\" content=\"1954\" \/>\n\t<meta property=\"og:image:type\" content=\"image\/jpeg\" \/>\n<meta name=\"twitter:card\" content=\"summary_large_image\" \/>\n<meta name=\"twitter:site\" content=\"@alvarellos_ed\" \/>\n<meta name=\"twitter:label1\" content=\"Tiempo de lectura\" \/>\n\t<meta name=\"twitter:data1\" content=\"2 minutos\" \/>\n<!-- \/ Yoast SEO plugin. -->","yoast_head_json":{"title":"Un paseo ilustrado por Santiago de Compostela - Alvarellos Editora","description":"Un paseo ilustrado por Santiago de Compostela. C\u00f3mprao na tenda en li\u00f1a de Alvarellos Editora.","robots":{"index":"index","follow":"follow","max-snippet":"max-snippet:-1","max-image-preview":"max-image-preview:large","max-video-preview":"max-video-preview:-1"},"canonical":"https:\/\/alvarelloseditora.gal\/es\/libro\/un-paseo-ilustrado-por-santiago-de-compostela\/","og_locale":"es_ES","og_type":"article","og_title":"Un paseo ilustrado por Santiago de Compostela - Alvarellos Editora","og_description":"Un paseo ilustrado por Santiago de Compostela. C\u00f3mprao na tenda en li\u00f1a de Alvarellos Editora.","og_url":"https:\/\/alvarelloseditora.gal\/es\/libro\/un-paseo-ilustrado-por-santiago-de-compostela\/","og_site_name":"Alvarellos Editora","article_publisher":"https:\/\/www.facebook.com\/alvarelloseditora","article_modified_time":"2025-04-10T11:12:59+00:00","og_image":[{"width":2447,"height":1954,"url":"https:\/\/alvarelloseditora.gal\/wp-content\/uploads\/2025\/04\/Un-paseo-ilustrado-por-Santiago-alvarellos-ed-2025.jpg","type":"image\/jpeg"}],"twitter_card":"summary_large_image","twitter_site":"@alvarellos_ed","twitter_misc":{"Tiempo de lectura":"2 minutos"},"schema":{"@context":"https:\/\/schema.org","@graph":[{"@type":["WebPage","ItemPage"],"@id":"https:\/\/alvarelloseditora.gal\/es\/libro\/un-paseo-ilustrado-por-santiago-de-compostela\/","url":"https:\/\/alvarelloseditora.gal\/es\/libro\/un-paseo-ilustrado-por-santiago-de-compostela\/","name":"Un paseo ilustrado por Santiago de Compostela - Alvarellos Editora","isPartOf":{"@id":"https:\/\/alvarelloseditora.gal\/#website"},"primaryImageOfPage":{"@id":"https:\/\/alvarelloseditora.gal\/es\/libro\/un-paseo-ilustrado-por-santiago-de-compostela\/#primaryimage"},"image":{"@id":"https:\/\/alvarelloseditora.gal\/es\/libro\/un-paseo-ilustrado-por-santiago-de-compostela\/#primaryimage"},"thumbnailUrl":"https:\/\/alvarelloseditora.gal\/wp-content\/uploads\/2025\/04\/Un-paseo-ilustrado-por-Santiago-alvarellos-ed-2025.jpg","datePublished":"2025-04-10T10:54:09+00:00","dateModified":"2025-04-10T11:12:59+00:00","description":"Un paseo ilustrado por Santiago de Compostela. C\u00f3mprao na tenda en li\u00f1a de Alvarellos Editora.","breadcrumb":{"@id":"https:\/\/alvarelloseditora.gal\/es\/libro\/un-paseo-ilustrado-por-santiago-de-compostela\/#breadcrumb"},"inLanguage":"es","potentialAction":[{"@type":"ReadAction","target":["https:\/\/alvarelloseditora.gal\/es\/libro\/un-paseo-ilustrado-por-santiago-de-compostela\/"]}]},{"@type":"ImageObject","inLanguage":"es","@id":"https:\/\/alvarelloseditora.gal\/es\/libro\/un-paseo-ilustrado-por-santiago-de-compostela\/#primaryimage","url":"https:\/\/alvarelloseditora.gal\/wp-content\/uploads\/2025\/04\/Un-paseo-ilustrado-por-Santiago-alvarellos-ed-2025.jpg","contentUrl":"https:\/\/alvarelloseditora.gal\/wp-content\/uploads\/2025\/04\/Un-paseo-ilustrado-por-Santiago-alvarellos-ed-2025.jpg","width":2447,"height":1954},{"@type":"BreadcrumbList","@id":"https:\/\/alvarelloseditora.gal\/es\/libro\/un-paseo-ilustrado-por-santiago-de-compostela\/#breadcrumb","itemListElement":[{"@type":"ListItem","position":1,"name":"Portada","item":"https:\/\/alvarelloseditora.gal\/"},{"@type":"ListItem","position":2,"name":"Tienda","item":"https:\/\/alvarelloseditora.gal\/es\/tienda\/"},{"@type":"ListItem","position":3,"name":"Un paseo ilustrado por Santiago de Compostela"}]},{"@type":"WebSite","@id":"https:\/\/alvarelloseditora.gal\/#website","url":"https:\/\/alvarelloseditora.gal\/","name":"Alvarellos Editora","description":"Libros para un mundo en tr\u00e1nsito","publisher":{"@id":"https:\/\/alvarelloseditora.gal\/#organization"},"potentialAction":[{"@type":"SearchAction","target":{"@type":"EntryPoint","urlTemplate":"https:\/\/alvarelloseditora.gal\/?s={search_term_string}"},"query-input":{"@type":"PropertyValueSpecification","valueRequired":true,"valueName":"search_term_string"}}],"inLanguage":"es"},{"@type":"Organization","@id":"https:\/\/alvarelloseditora.gal\/#organization","name":"Alvarellos Editora","url":"https:\/\/alvarelloseditora.gal\/","logo":{"@type":"ImageObject","inLanguage":"es","@id":"https:\/\/alvarelloseditora.gal\/#\/schema\/logo\/image\/","url":"https:\/\/alvarelloseditora.gal\/wp-content\/uploads\/2020\/02\/alv-icon.png","contentUrl":"https:\/\/alvarelloseditora.gal\/wp-content\/uploads\/2020\/02\/alv-icon.png","width":177,"height":175,"caption":"Alvarellos Editora"},"image":{"@id":"https:\/\/alvarelloseditora.gal\/#\/schema\/logo\/image\/"},"sameAs":["https:\/\/www.facebook.com\/alvarelloseditora","https:\/\/x.com\/alvarellos_ed"]}]}},"_links":{"self":[{"href":"https:\/\/alvarelloseditora.gal\/es\/wp-json\/wp\/v2\/product\/9732","targetHints":{"allow":["GET"]}}],"collection":[{"href":"https:\/\/alvarelloseditora.gal\/es\/wp-json\/wp\/v2\/product"}],"about":[{"href":"https:\/\/alvarelloseditora.gal\/es\/wp-json\/wp\/v2\/types\/product"}],"replies":[{"embeddable":true,"href":"https:\/\/alvarelloseditora.gal\/es\/wp-json\/wp\/v2\/comments?post=9732"}],"wp:featuredmedia":[{"embeddable":true,"href":"https:\/\/alvarelloseditora.gal\/es\/wp-json\/wp\/v2\/media\/9696"}],"wp:attachment":[{"href":"https:\/\/alvarelloseditora.gal\/es\/wp-json\/wp\/v2\/media?parent=9732"}],"wp:term":[{"taxonomy":"product_brand","embeddable":true,"href":"https:\/\/alvarelloseditora.gal\/es\/wp-json\/wp\/v2\/product_brand?post=9732"},{"taxonomy":"product_cat","embeddable":true,"href":"https:\/\/alvarelloseditora.gal\/es\/wp-json\/wp\/v2\/product_cat?post=9732"},{"taxonomy":"product_tag","embeddable":true,"href":"https:\/\/alvarelloseditora.gal\/es\/wp-json\/wp\/v2\/product_tag?post=9732"}],"curies":[{"name":"wp","href":"https:\/\/api.w.org\/{rel}","templated":true}]}}