{"id":9680,"date":"2025-04-01T12:00:33","date_gmt":"2025-04-01T10:00:33","guid":{"rendered":"https:\/\/alvarelloseditora.gal\/book\/meridiano-orixe-50o-premio-de-poesia-de-vilalba\/"},"modified":"2025-04-03T14:40:53","modified_gmt":"2025-04-03T12:40:53","slug":"meridiano-orixe-50o-premio-de-poesia-de-vilalba","status":"publish","type":"product","link":"https:\/\/alvarelloseditora.gal\/es\/libro\/meridiano-orixe-50o-premio-de-poesia-de-vilalba\/","title":{"rendered":"Meridiano Orixe [50\u00ba Premio de Poes\u00eda de Vilalba]"},"content":{"rendered":"<p><a href=\"https:\/\/alvarelloseditora.gal\/wp-content\/uploads\/2025\/04\/NP_GAL_Meridiano_Orixe-Alvarellos_Ed_2025.pdf\">NP_GAL_Meridiano_Orixe-Alvarellos_Ed_2025<\/a><\/p>\n","protected":false},"excerpt":{"rendered":"<p>Andrea F. Maneiro<br \/>\n&nbsp;<\/p>\n<p>&nbsp;<\/p>\n<p>100 pp . 14 x 21 cms.<br \/>\nISBN 978-84-18567-75-9.<br \/>\nPAPEL FSC Amigo dos Bosques<\/p>\n<p>&nbsp;<\/p>\n[video width=\"1920\" height=\"1080\" mp4=\"https:\/\/alvarelloseditora.gal\/wp-content\/uploads\/2025\/04\/Booktrailler-Meridiano-Orixe-Andrea-F-Maneiro-abril-2025-Alvarellos-Ed.mp4\"][\/video]\n<p>&nbsp;<\/p>\n<p>NP_GAL_Meridiano_Orixe-Alvarellos_Ed_2025<\/p>\n<p>&nbsp;<\/p>\n<p>&nbsp;<\/p>\n<p>Versos e imaxes, palabra e cor. A maxia habita nas esquinas do mundo e Andrea F. Maneiro atopouna nos momentos sinxelos da vida. Meridiano Orixe \u00e9 o lugar onde comeza e remata o tempo.<\/p>\n<p>&nbsp;<\/p>\n<p>Publicamos, na nosa colecci\u00f3n Libros do Sarela, o volume galardoado na edici\u00f3n n\u00famero 50 do Premio de Poes\u00eda do Concello de Vilalba, un espectacular libro de viaxes que percorre medio mundo abandeirando o verso e captando ese intre fotogr\u00e1fico fuxid\u00edo de rostros e paisaxes. Exipto, Vietnam, a India, Porto, Chipre, Roman\u00eda, Compostela ou Carril&#8230;<\/p>\n<p>&nbsp;<\/p>\n<p>\u00abAndrea non \u00e9 poeta, \u00e9 perfumista. S\u00f3 ela poder\u00eda trenzar unha ruta da seda cunha senda das especias e que funcionase como o trazado dunha espi\u00f1a dorsal sinest\u00e9sica. Columnata meridiana\u00bb.<\/p>\n<p>Emma Pedreira, no Limiar.<\/p>\n<p>&nbsp;<\/p>\n","protected":false},"featured_media":9673,"comment_status":"closed","ping_status":"closed","template":"","meta":[],"product_brand":[],"product_cat":[106],"product_tag":[],"class_list":{"0":"post-9680","1":"product","2":"type-product","3":"status-publish","4":"has-post-thumbnail","6":"product_author-andrea-f-maneiro-es","7":"product_cat-libros-do-sarela-es","9":"first","10":"instock","11":"taxable","12":"shipping-taxable","13":"purchasable","14":"product-type-simple"},"yoast_head":"<!-- This site is optimized with the Yoast SEO plugin v27.3 - https:\/\/yoast.com\/product\/yoast-seo-wordpress\/ -->\n<title>Meridiano Orixe [50\u00ba Premio de Poes\u00eda de Vilalba] - Alvarellos Editora<\/title>\n<meta name=\"description\" content=\"Meridiano Orixe [50\u00ba Premio de Poes\u00eda de Vilalba]. C\u00f3mprao na tenda en li\u00f1a de Alvarellos Editora.\" \/>\n<meta name=\"robots\" content=\"index, follow, max-snippet:-1, max-image-preview:large, max-video-preview:-1\" \/>\n<link rel=\"canonical\" href=\"https:\/\/alvarelloseditora.gal\/es\/libro\/meridiano-orixe-50o-premio-de-poesia-de-vilalba\/\" \/>\n<meta property=\"og:locale\" content=\"es_ES\" \/>\n<meta property=\"og:type\" content=\"article\" \/>\n<meta property=\"og:title\" content=\"Meridiano Orixe [50\u00ba Premio de Poes\u00eda de Vilalba] - Alvarellos Editora\" \/>\n<meta property=\"og:description\" content=\"Meridiano Orixe [50\u00ba Premio de Poes\u00eda de Vilalba]. C\u00f3mprao na tenda en li\u00f1a de Alvarellos Editora.\" \/>\n<meta property=\"og:url\" content=\"https:\/\/alvarelloseditora.gal\/es\/libro\/meridiano-orixe-50o-premio-de-poesia-de-vilalba\/\" \/>\n<meta property=\"og:site_name\" content=\"Alvarellos Editora\" \/>\n<meta property=\"article:publisher\" content=\"https:\/\/www.facebook.com\/alvarelloseditora\" \/>\n<meta property=\"article:modified_time\" content=\"2025-04-03T12:40:53+00:00\" \/>\n<meta property=\"og:image\" content=\"https:\/\/alvarelloseditora.gal\/wp-content\/uploads\/2025\/04\/Meridiano-orixe.jpg\" \/>\n\t<meta property=\"og:image:width\" content=\"820\" \/>\n\t<meta property=\"og:image:height\" content=\"1240\" \/>\n\t<meta property=\"og:image:type\" content=\"image\/jpeg\" \/>\n<meta name=\"twitter:card\" content=\"summary_large_image\" \/>\n<meta name=\"twitter:site\" content=\"@alvarellos_ed\" \/>\n<meta name=\"twitter:label1\" content=\"Tiempo de lectura\" \/>\n\t<meta name=\"twitter:data1\" content=\"1 minuto\" \/>\n<!-- \/ Yoast SEO plugin. -->","yoast_head_json":{"title":"Meridiano Orixe [50\u00ba Premio de Poes\u00eda de Vilalba] - Alvarellos Editora","description":"Meridiano Orixe [50\u00ba Premio de Poes\u00eda de Vilalba]. C\u00f3mprao na tenda en li\u00f1a de Alvarellos Editora.","robots":{"index":"index","follow":"follow","max-snippet":"max-snippet:-1","max-image-preview":"max-image-preview:large","max-video-preview":"max-video-preview:-1"},"canonical":"https:\/\/alvarelloseditora.gal\/es\/libro\/meridiano-orixe-50o-premio-de-poesia-de-vilalba\/","og_locale":"es_ES","og_type":"article","og_title":"Meridiano Orixe [50\u00ba Premio de Poes\u00eda de Vilalba] - Alvarellos Editora","og_description":"Meridiano Orixe [50\u00ba Premio de Poes\u00eda de Vilalba]. C\u00f3mprao na tenda en li\u00f1a de Alvarellos Editora.","og_url":"https:\/\/alvarelloseditora.gal\/es\/libro\/meridiano-orixe-50o-premio-de-poesia-de-vilalba\/","og_site_name":"Alvarellos Editora","article_publisher":"https:\/\/www.facebook.com\/alvarelloseditora","article_modified_time":"2025-04-03T12:40:53+00:00","og_image":[{"width":820,"height":1240,"url":"https:\/\/alvarelloseditora.gal\/wp-content\/uploads\/2025\/04\/Meridiano-orixe.jpg","type":"image\/jpeg"}],"twitter_card":"summary_large_image","twitter_site":"@alvarellos_ed","twitter_misc":{"Tiempo de lectura":"1 minuto"},"schema":{"@context":"https:\/\/schema.org","@graph":[{"@type":["WebPage","ItemPage"],"@id":"https:\/\/alvarelloseditora.gal\/es\/libro\/meridiano-orixe-50o-premio-de-poesia-de-vilalba\/","url":"https:\/\/alvarelloseditora.gal\/es\/libro\/meridiano-orixe-50o-premio-de-poesia-de-vilalba\/","name":"Meridiano Orixe [50\u00ba Premio de Poes\u00eda de Vilalba] - Alvarellos Editora","isPartOf":{"@id":"https:\/\/alvarelloseditora.gal\/#website"},"primaryImageOfPage":{"@id":"https:\/\/alvarelloseditora.gal\/es\/libro\/meridiano-orixe-50o-premio-de-poesia-de-vilalba\/#primaryimage"},"image":{"@id":"https:\/\/alvarelloseditora.gal\/es\/libro\/meridiano-orixe-50o-premio-de-poesia-de-vilalba\/#primaryimage"},"thumbnailUrl":"https:\/\/alvarelloseditora.gal\/wp-content\/uploads\/2025\/04\/Meridiano-orixe.jpg","datePublished":"2025-04-01T10:00:33+00:00","dateModified":"2025-04-03T12:40:53+00:00","description":"Meridiano Orixe [50\u00ba Premio de Poes\u00eda de Vilalba]. C\u00f3mprao na tenda en li\u00f1a de Alvarellos Editora.","breadcrumb":{"@id":"https:\/\/alvarelloseditora.gal\/es\/libro\/meridiano-orixe-50o-premio-de-poesia-de-vilalba\/#breadcrumb"},"inLanguage":"es","potentialAction":[{"@type":"ReadAction","target":["https:\/\/alvarelloseditora.gal\/es\/libro\/meridiano-orixe-50o-premio-de-poesia-de-vilalba\/"]}]},{"@type":"ImageObject","inLanguage":"es","@id":"https:\/\/alvarelloseditora.gal\/es\/libro\/meridiano-orixe-50o-premio-de-poesia-de-vilalba\/#primaryimage","url":"https:\/\/alvarelloseditora.gal\/wp-content\/uploads\/2025\/04\/Meridiano-orixe.jpg","contentUrl":"https:\/\/alvarelloseditora.gal\/wp-content\/uploads\/2025\/04\/Meridiano-orixe.jpg","width":820,"height":1240},{"@type":"BreadcrumbList","@id":"https:\/\/alvarelloseditora.gal\/es\/libro\/meridiano-orixe-50o-premio-de-poesia-de-vilalba\/#breadcrumb","itemListElement":[{"@type":"ListItem","position":1,"name":"Portada","item":"https:\/\/alvarelloseditora.gal\/"},{"@type":"ListItem","position":2,"name":"Tienda","item":"https:\/\/alvarelloseditora.gal\/es\/tienda\/"},{"@type":"ListItem","position":3,"name":"Meridiano Orixe [50\u00ba Premio de Poes\u00eda de Vilalba]"}]},{"@type":"WebSite","@id":"https:\/\/alvarelloseditora.gal\/#website","url":"https:\/\/alvarelloseditora.gal\/","name":"Alvarellos Editora","description":"Libros para un mundo en tr\u00e1nsito","publisher":{"@id":"https:\/\/alvarelloseditora.gal\/#organization"},"potentialAction":[{"@type":"SearchAction","target":{"@type":"EntryPoint","urlTemplate":"https:\/\/alvarelloseditora.gal\/?s={search_term_string}"},"query-input":{"@type":"PropertyValueSpecification","valueRequired":true,"valueName":"search_term_string"}}],"inLanguage":"es"},{"@type":"Organization","@id":"https:\/\/alvarelloseditora.gal\/#organization","name":"Alvarellos Editora","url":"https:\/\/alvarelloseditora.gal\/","logo":{"@type":"ImageObject","inLanguage":"es","@id":"https:\/\/alvarelloseditora.gal\/#\/schema\/logo\/image\/","url":"https:\/\/alvarelloseditora.gal\/wp-content\/uploads\/2020\/02\/alv-icon.png","contentUrl":"https:\/\/alvarelloseditora.gal\/wp-content\/uploads\/2020\/02\/alv-icon.png","width":177,"height":175,"caption":"Alvarellos Editora"},"image":{"@id":"https:\/\/alvarelloseditora.gal\/#\/schema\/logo\/image\/"},"sameAs":["https:\/\/www.facebook.com\/alvarelloseditora","https:\/\/x.com\/alvarellos_ed"]}]}},"_links":{"self":[{"href":"https:\/\/alvarelloseditora.gal\/es\/wp-json\/wp\/v2\/product\/9680","targetHints":{"allow":["GET"]}}],"collection":[{"href":"https:\/\/alvarelloseditora.gal\/es\/wp-json\/wp\/v2\/product"}],"about":[{"href":"https:\/\/alvarelloseditora.gal\/es\/wp-json\/wp\/v2\/types\/product"}],"replies":[{"embeddable":true,"href":"https:\/\/alvarelloseditora.gal\/es\/wp-json\/wp\/v2\/comments?post=9680"}],"wp:featuredmedia":[{"embeddable":true,"href":"https:\/\/alvarelloseditora.gal\/es\/wp-json\/wp\/v2\/media\/9673"}],"wp:attachment":[{"href":"https:\/\/alvarelloseditora.gal\/es\/wp-json\/wp\/v2\/media?parent=9680"}],"wp:term":[{"taxonomy":"product_brand","embeddable":true,"href":"https:\/\/alvarelloseditora.gal\/es\/wp-json\/wp\/v2\/product_brand?post=9680"},{"taxonomy":"product_cat","embeddable":true,"href":"https:\/\/alvarelloseditora.gal\/es\/wp-json\/wp\/v2\/product_cat?post=9680"},{"taxonomy":"product_tag","embeddable":true,"href":"https:\/\/alvarelloseditora.gal\/es\/wp-json\/wp\/v2\/product_tag?post=9680"}],"curies":[{"name":"wp","href":"https:\/\/api.w.org\/{rel}","templated":true}]}}