{"id":9664,"date":"2025-03-28T14:13:00","date_gmt":"2025-03-28T13:13:00","guid":{"rendered":"https:\/\/alvarelloseditora.gal\/book\/microrrelatos-premiados-en-vilalba-en-2023-e-2024\/"},"modified":"2025-03-28T14:13:00","modified_gmt":"2025-03-28T13:13:00","slug":"microrrelatos-premiados-en-vilalba-en-2023-e-2024","status":"publish","type":"product","link":"https:\/\/alvarelloseditora.gal\/es\/libro\/microrrelatos-premiados-en-vilalba-en-2023-e-2024\/","title":{"rendered":"Microrrelatos [Premiados en Vilalba en 2023 e 2024]"},"content":{"rendered":"<p><a href=\"https:\/\/alvarelloseditora.gal\/wp-content\/uploads\/2025\/03\/Np-GAL_Microrrelatos_23_24.pdf\">Np-GAL_Microrrelatos_23_24<\/a><\/p>\n","protected":false},"excerpt":{"rendered":"<p>Varias Autoras<br \/>\n&nbsp;<br \/>\n52 pp. Formato 14 x 21 cms<br \/>\nISBN 978-84-18567-77-3.<br \/>\nPAPEL FSC Amigo dos Bosques<br \/>\n&nbsp;<\/p>\n<p>O presente volume re\u00fane os textos ga\u00f1adores da V\u00aa e VI\u00aa edici\u00f3n do Certame de Microrrelatos D\u00eda do Libro, organizado polo Concello de Vilalba e Culturalia GZ en 2023 e 2024.<\/p>\n<p>&nbsp;<\/p>\n<p>Son en total dezasete composici\u00f3ns, pertencentes a tres categor\u00edas: Infantil, Xuvenil e Persoas adultas.<\/p>\n<p>&nbsp;<\/p>\n<p>Este vol\u00famese s\u00famase aos outros dous editados ata agora, que recollen os Microrrelatos do I e II Certame, e Micrrorrelatos do III e IV\u00ba Certame.<\/p>\n<p>&nbsp;<\/p>\n<p>\u00abEste libro \u00e9 unha rede tecida con palabras que nos unen, que nos conectan, que nos doen, que nos aman\u00bb.<br \/>\nM\u00f3nica Gonz\u00e1lez, Concelleira de Cultura.<\/p>\n<p>&nbsp;<\/p>\n<p>\u00abA \u00e1rbore de microrrelatos que plantamos hai m\u00e1is dun sexenio en terras vilalbesas contin\u00faa a medrar con p\u00f3las de vizosa intensidade\u00bb.<br \/>\nMarti\u00f1o Maseda. Administrador de Culturalia GZ.<\/p>\n<p>&nbsp;<\/p>\n<p>Np-GAL_Microrrelatos_23_24<\/p>\n<p>&nbsp;<\/p>\n<p>Ga\u00f1adoras V\u00ba Certame [2023]<\/p>\n<p>Infantil<br \/>\nDuarte Mari\u00f1o Torrado<br \/>\nPaula P\u00e9rez Cend\u00e1n<br \/>\nArwen Fern\u00e1ndez Garc\u00eda<\/p>\n<p>Xuvenil<br \/>\nBerta Comesa\u00f1a Alonso<br \/>\nNoa Dom\u00ednguez Moreda<br \/>\n\u00d3scar Linares Gonz\u00e1lez<\/p>\n<p>Persoas adultas<br \/>\nRaquel Fern\u00e1ndez Fern\u00e1ndez<br \/>\nM\u00aa Isabel V\u00e1zquez Rodr\u00edguez<br \/>\nHenrique Neira Pereira<\/p>\n<p>&nbsp;<\/p>\n<p>Ga\u00f1adoras VI\u00ba Certame [2024]<\/p>\n<p>Infantil<br \/>\nNicol\u00e1s Salgueiro Alonso<br \/>\nDuarte Mari\u00f1o Torrado<\/p>\n<p>Xuvenil<br \/>\nLuc\u00eda Dom\u00ednguez Pereira<br \/>\nPaula P\u00e9rez Cend\u00e1n<br \/>\nMar\u00eda Fern\u00e1ndez Escariz<\/p>\n<p>Persoas adultas<br \/>\nPedro Naveira Pedreira<br \/>\nSonia Mart\u00ednez L\u00f3pez<br \/>\nCarlota Millor Prado<\/p>\n<p>&nbsp;<\/p>\n","protected":false},"featured_media":9657,"comment_status":"closed","ping_status":"closed","template":"","meta":[],"product_brand":[],"product_cat":[106],"product_tag":[],"class_list":{"0":"post-9664","1":"product","2":"type-product","3":"status-publish","4":"has-post-thumbnail","6":"product_cat-libros-do-sarela-es","8":"first","9":"instock","10":"taxable","11":"shipping-taxable","12":"purchasable","13":"product-type-simple"},"yoast_head":"<!-- This site is optimized with the Yoast SEO plugin v27.3 - https:\/\/yoast.com\/product\/yoast-seo-wordpress\/ -->\n<title>Microrrelatos [Premiados en Vilalba en 2023 e 2024] - Alvarellos Editora<\/title>\n<meta name=\"description\" content=\"Microrrelatos [Premiados en Vilalba en 2023 e 2024]. C\u00f3mprao na tenda en li\u00f1a de Alvarellos Editora.\" \/>\n<meta name=\"robots\" content=\"index, follow, max-snippet:-1, max-image-preview:large, max-video-preview:-1\" \/>\n<link rel=\"canonical\" href=\"https:\/\/alvarelloseditora.gal\/es\/libro\/microrrelatos-premiados-en-vilalba-en-2023-e-2024\/\" \/>\n<meta property=\"og:locale\" content=\"es_ES\" \/>\n<meta property=\"og:type\" content=\"article\" \/>\n<meta property=\"og:title\" content=\"Microrrelatos [Premiados en Vilalba en 2023 e 2024] - Alvarellos Editora\" \/>\n<meta property=\"og:description\" content=\"Microrrelatos [Premiados en Vilalba en 2023 e 2024]. C\u00f3mprao na tenda en li\u00f1a de Alvarellos Editora.\" \/>\n<meta property=\"og:url\" content=\"https:\/\/alvarelloseditora.gal\/es\/libro\/microrrelatos-premiados-en-vilalba-en-2023-e-2024\/\" \/>\n<meta property=\"og:site_name\" content=\"Alvarellos Editora\" \/>\n<meta property=\"article:publisher\" content=\"https:\/\/www.facebook.com\/alvarelloseditora\" \/>\n<meta name=\"twitter:card\" content=\"summary_large_image\" \/>\n<meta name=\"twitter:site\" content=\"@alvarellos_ed\" \/>\n<!-- \/ Yoast SEO plugin. -->","yoast_head_json":{"title":"Microrrelatos [Premiados en Vilalba en 2023 e 2024] - Alvarellos Editora","description":"Microrrelatos [Premiados en Vilalba en 2023 e 2024]. C\u00f3mprao na tenda en li\u00f1a de Alvarellos Editora.","robots":{"index":"index","follow":"follow","max-snippet":"max-snippet:-1","max-image-preview":"max-image-preview:large","max-video-preview":"max-video-preview:-1"},"canonical":"https:\/\/alvarelloseditora.gal\/es\/libro\/microrrelatos-premiados-en-vilalba-en-2023-e-2024\/","og_locale":"es_ES","og_type":"article","og_title":"Microrrelatos [Premiados en Vilalba en 2023 e 2024] - Alvarellos Editora","og_description":"Microrrelatos [Premiados en Vilalba en 2023 e 2024]. C\u00f3mprao na tenda en li\u00f1a de Alvarellos Editora.","og_url":"https:\/\/alvarelloseditora.gal\/es\/libro\/microrrelatos-premiados-en-vilalba-en-2023-e-2024\/","og_site_name":"Alvarellos Editora","article_publisher":"https:\/\/www.facebook.com\/alvarelloseditora","twitter_card":"summary_large_image","twitter_site":"@alvarellos_ed","schema":{"@context":"https:\/\/schema.org","@graph":[{"@type":["WebPage","ItemPage"],"@id":"https:\/\/alvarelloseditora.gal\/es\/libro\/microrrelatos-premiados-en-vilalba-en-2023-e-2024\/","url":"https:\/\/alvarelloseditora.gal\/es\/libro\/microrrelatos-premiados-en-vilalba-en-2023-e-2024\/","name":"Microrrelatos [Premiados en Vilalba en 2023 e 2024] - Alvarellos Editora","isPartOf":{"@id":"https:\/\/alvarelloseditora.gal\/#website"},"primaryImageOfPage":{"@id":"https:\/\/alvarelloseditora.gal\/es\/libro\/microrrelatos-premiados-en-vilalba-en-2023-e-2024\/#primaryimage"},"image":{"@id":"https:\/\/alvarelloseditora.gal\/es\/libro\/microrrelatos-premiados-en-vilalba-en-2023-e-2024\/#primaryimage"},"thumbnailUrl":"https:\/\/alvarelloseditora.gal\/wp-content\/uploads\/2025\/03\/Microrrelatos_2023_2024.jpg","datePublished":"2025-03-28T13:13:00+00:00","description":"Microrrelatos [Premiados en Vilalba en 2023 e 2024]. C\u00f3mprao na tenda en li\u00f1a de Alvarellos Editora.","breadcrumb":{"@id":"https:\/\/alvarelloseditora.gal\/es\/libro\/microrrelatos-premiados-en-vilalba-en-2023-e-2024\/#breadcrumb"},"inLanguage":"es","potentialAction":[{"@type":"ReadAction","target":["https:\/\/alvarelloseditora.gal\/es\/libro\/microrrelatos-premiados-en-vilalba-en-2023-e-2024\/"]}]},{"@type":"ImageObject","inLanguage":"es","@id":"https:\/\/alvarelloseditora.gal\/es\/libro\/microrrelatos-premiados-en-vilalba-en-2023-e-2024\/#primaryimage","url":"https:\/\/alvarelloseditora.gal\/wp-content\/uploads\/2025\/03\/Microrrelatos_2023_2024.jpg","contentUrl":"https:\/\/alvarelloseditora.gal\/wp-content\/uploads\/2025\/03\/Microrrelatos_2023_2024.jpg","width":1632,"height":2524},{"@type":"BreadcrumbList","@id":"https:\/\/alvarelloseditora.gal\/es\/libro\/microrrelatos-premiados-en-vilalba-en-2023-e-2024\/#breadcrumb","itemListElement":[{"@type":"ListItem","position":1,"name":"Portada","item":"https:\/\/alvarelloseditora.gal\/"},{"@type":"ListItem","position":2,"name":"Tienda","item":"https:\/\/alvarelloseditora.gal\/es\/tienda\/"},{"@type":"ListItem","position":3,"name":"Microrrelatos [Premiados en Vilalba en 2023 e 2024]"}]},{"@type":"WebSite","@id":"https:\/\/alvarelloseditora.gal\/#website","url":"https:\/\/alvarelloseditora.gal\/","name":"Alvarellos Editora","description":"Libros para un mundo en tr\u00e1nsito","publisher":{"@id":"https:\/\/alvarelloseditora.gal\/#organization"},"potentialAction":[{"@type":"SearchAction","target":{"@type":"EntryPoint","urlTemplate":"https:\/\/alvarelloseditora.gal\/?s={search_term_string}"},"query-input":{"@type":"PropertyValueSpecification","valueRequired":true,"valueName":"search_term_string"}}],"inLanguage":"es"},{"@type":"Organization","@id":"https:\/\/alvarelloseditora.gal\/#organization","name":"Alvarellos Editora","url":"https:\/\/alvarelloseditora.gal\/","logo":{"@type":"ImageObject","inLanguage":"es","@id":"https:\/\/alvarelloseditora.gal\/#\/schema\/logo\/image\/","url":"https:\/\/alvarelloseditora.gal\/wp-content\/uploads\/2020\/02\/alv-icon.png","contentUrl":"https:\/\/alvarelloseditora.gal\/wp-content\/uploads\/2020\/02\/alv-icon.png","width":177,"height":175,"caption":"Alvarellos Editora"},"image":{"@id":"https:\/\/alvarelloseditora.gal\/#\/schema\/logo\/image\/"},"sameAs":["https:\/\/www.facebook.com\/alvarelloseditora","https:\/\/x.com\/alvarellos_ed"]}]}},"_links":{"self":[{"href":"https:\/\/alvarelloseditora.gal\/es\/wp-json\/wp\/v2\/product\/9664","targetHints":{"allow":["GET"]}}],"collection":[{"href":"https:\/\/alvarelloseditora.gal\/es\/wp-json\/wp\/v2\/product"}],"about":[{"href":"https:\/\/alvarelloseditora.gal\/es\/wp-json\/wp\/v2\/types\/product"}],"replies":[{"embeddable":true,"href":"https:\/\/alvarelloseditora.gal\/es\/wp-json\/wp\/v2\/comments?post=9664"}],"wp:featuredmedia":[{"embeddable":true,"href":"https:\/\/alvarelloseditora.gal\/es\/wp-json\/wp\/v2\/media\/9657"}],"wp:attachment":[{"href":"https:\/\/alvarelloseditora.gal\/es\/wp-json\/wp\/v2\/media?parent=9664"}],"wp:term":[{"taxonomy":"product_brand","embeddable":true,"href":"https:\/\/alvarelloseditora.gal\/es\/wp-json\/wp\/v2\/product_brand?post=9664"},{"taxonomy":"product_cat","embeddable":true,"href":"https:\/\/alvarelloseditora.gal\/es\/wp-json\/wp\/v2\/product_cat?post=9664"},{"taxonomy":"product_tag","embeddable":true,"href":"https:\/\/alvarelloseditora.gal\/es\/wp-json\/wp\/v2\/product_tag?post=9664"}],"curies":[{"name":"wp","href":"https:\/\/api.w.org\/{rel}","templated":true}]}}