{"id":9566,"date":"2025-03-24T11:42:30","date_gmt":"2025-03-24T10:42:30","guid":{"rendered":"https:\/\/alvarelloseditora.gal\/book\/os-medicos-tamen-enferman\/"},"modified":"2025-03-24T12:02:19","modified_gmt":"2025-03-24T11:02:19","slug":"os-medicos-tamen-enferman","status":"publish","type":"product","link":"https:\/\/alvarelloseditora.gal\/es\/libro\/os-medicos-tamen-enferman\/","title":{"rendered":"Os m\u00e9dicos tam\u00e9n enferman"},"content":{"rendered":"<p><a href=\"https:\/\/alvarelloseditora.gal\/wp-content\/uploads\/2025\/03\/Empezar-a-ler-Os-medicos-tamen-enferman.pdf\">Empezar-a-ler-Os-m\u00e9dicos-tam\u00e9n-enferman<\/a><\/p>\n<p><a href=\"https:\/\/alvarelloseditora.gal\/wp-content\/uploads\/2025\/03\/NP_CAST_Os_medicos_tamen_enferman_M_Noriega_Alvarellos_Ed_2025.pdf\">NP_CAST_Os_m\u00e9dicos_tam\u00e9n_enferman_M_Noriega_Alvarellos_Ed_2025<\/a><\/p>\n<p><a href=\"https:\/\/alvarelloseditora.gal\/wp-content\/uploads\/2025\/03\/NP_GAL_Os_medicos_tamen_enferman_M_Noriega_Alvarellos_Ed_2025.pdf\">NP_GAL_Os_m\u00e9dicos_tam\u00e9n_enferman_M_Noriega_Alvarellos_Ed_2025<\/a><\/p>\n","protected":false},"excerpt":{"rendered":"<p>Marti\u00f1o Noriega<br \/>\n&nbsp;<\/p>\n<p>130 pp. 14 x 21 cms.<br \/>\nISBN 978-84-18567-76-6<br \/>\nImpreso en Papel FSC Amigo de los Bosques<br \/>\nIdioma: galego<\/p>\n<p>&nbsp;<\/p>\n<p>NP_CAST_Os_m\u00e9dicos_tam\u00e9n_enferman_M_Noriega_Alvarellos_Ed_2025<\/p>\n<p>NP_GAL_Os_m\u00e9dicos_tam\u00e9n_enferman_M_Noriega_Alvarellos_Ed_2025<\/p>\n<p>&nbsp;<\/p>\n<p>Doce a\u00f1os despu\u00e9s de ejercer como alcalde, primero en el Ayuntamiento de Teo, y luego en el de Santiago de Compostela, Marti\u00f1o Noriega regres\u00f3 a su profesi\u00f3n, la Medicina. Esta primavera de 2025 publica Os m\u00e9dicos tam\u00e9n enferman (Alvarellos Editora), una cr\u00f3nica personal donde Noriega relata su regreso al mundo sanitario en estos a\u00f1os precarios.<\/p>\n<p>&nbsp;<\/p>\n<p>Escrito entre 2021 y 2024, este libro nos permite descubrir directamente los sentimientos de un m\u00e9dico en el duro contexto de la salud p\u00fablica en esta era post-Covid, pero esta obra tambi\u00e9n se inspira en las voces directas de los propios pacientes que escucha cada d\u00eda en su consulta de atenci\u00f3n primaria.<\/p>\n<p>&nbsp;<\/p>\n<p>\u201cVolv\u00ed a la medicina al principio de la pandemia, despu\u00e9s de muchos a\u00f1os de sobreexposici\u00f3n p\u00fablica \u2012afirma en el Pr\u00f3logo\u2012. En la Medicina Familiar he redescubierto en los cuidados la palabra \u201cacompa\u00f1ar\u201d, el ejercicio de la escucha y lo innecesario de tener que dar una opini\u00f3n sobre todo en todo momento. Este conjunto de historias naci\u00f3 precisamente de esa escucha atenta que puede ser parte de la sanaci\u00f3n\u201d.<\/p>\n<p>&nbsp;<\/p>\n<p>Empezar-a-ler-Os-m\u00e9dicos-tam\u00e9n-enferman<\/p>\n","protected":false},"featured_media":9559,"comment_status":"closed","ping_status":"closed","template":"","meta":[],"product_brand":[],"product_cat":[106],"product_tag":[],"class_list":{"0":"post-9566","1":"product","2":"type-product","3":"status-publish","4":"has-post-thumbnail","6":"product_author-martino-noriega-es","7":"product_cat-libros-do-sarela-es","9":"first","10":"instock","11":"taxable","12":"shipping-taxable","13":"purchasable","14":"product-type-simple"},"yoast_head":"<!-- This site is optimized with the Yoast SEO plugin v27.3 - https:\/\/yoast.com\/product\/yoast-seo-wordpress\/ -->\n<title>Os m\u00e9dicos tam\u00e9n enferman - Alvarellos Editora<\/title>\n<meta name=\"description\" content=\"Os m\u00e9dicos tam\u00e9n enferman. C\u00f3mprao na tenda en li\u00f1a de Alvarellos Editora.\" \/>\n<meta name=\"robots\" content=\"index, follow, max-snippet:-1, max-image-preview:large, max-video-preview:-1\" \/>\n<link rel=\"canonical\" href=\"https:\/\/alvarelloseditora.gal\/es\/libro\/os-medicos-tamen-enferman\/\" \/>\n<meta property=\"og:locale\" content=\"es_ES\" \/>\n<meta property=\"og:type\" content=\"article\" \/>\n<meta property=\"og:title\" content=\"Os m\u00e9dicos tam\u00e9n enferman - Alvarellos Editora\" \/>\n<meta property=\"og:description\" content=\"Os m\u00e9dicos tam\u00e9n enferman. C\u00f3mprao na tenda en li\u00f1a de Alvarellos Editora.\" \/>\n<meta property=\"og:url\" content=\"https:\/\/alvarelloseditora.gal\/es\/libro\/os-medicos-tamen-enferman\/\" \/>\n<meta property=\"og:site_name\" content=\"Alvarellos Editora\" \/>\n<meta property=\"article:publisher\" content=\"https:\/\/www.facebook.com\/alvarelloseditora\" \/>\n<meta property=\"article:modified_time\" content=\"2025-03-24T11:02:19+00:00\" \/>\n<meta property=\"og:image\" content=\"https:\/\/alvarelloseditora.gal\/wp-content\/uploads\/2025\/03\/Os-medicos-tamen-enferman-scaled.jpg\" \/>\n\t<meta property=\"og:image:width\" content=\"1732\" \/>\n\t<meta property=\"og:image:height\" content=\"2560\" \/>\n\t<meta property=\"og:image:type\" content=\"image\/jpeg\" \/>\n<meta name=\"twitter:card\" content=\"summary_large_image\" \/>\n<meta name=\"twitter:site\" content=\"@alvarellos_ed\" \/>\n<meta name=\"twitter:label1\" content=\"Tiempo de lectura\" \/>\n\t<meta name=\"twitter:data1\" content=\"1 minuto\" \/>\n<!-- \/ Yoast SEO plugin. -->","yoast_head_json":{"title":"Os m\u00e9dicos tam\u00e9n enferman - Alvarellos Editora","description":"Os m\u00e9dicos tam\u00e9n enferman. C\u00f3mprao na tenda en li\u00f1a de Alvarellos Editora.","robots":{"index":"index","follow":"follow","max-snippet":"max-snippet:-1","max-image-preview":"max-image-preview:large","max-video-preview":"max-video-preview:-1"},"canonical":"https:\/\/alvarelloseditora.gal\/es\/libro\/os-medicos-tamen-enferman\/","og_locale":"es_ES","og_type":"article","og_title":"Os m\u00e9dicos tam\u00e9n enferman - Alvarellos Editora","og_description":"Os m\u00e9dicos tam\u00e9n enferman. C\u00f3mprao na tenda en li\u00f1a de Alvarellos Editora.","og_url":"https:\/\/alvarelloseditora.gal\/es\/libro\/os-medicos-tamen-enferman\/","og_site_name":"Alvarellos Editora","article_publisher":"https:\/\/www.facebook.com\/alvarelloseditora","article_modified_time":"2025-03-24T11:02:19+00:00","og_image":[{"width":1732,"height":2560,"url":"https:\/\/alvarelloseditora.gal\/wp-content\/uploads\/2025\/03\/Os-medicos-tamen-enferman-scaled.jpg","type":"image\/jpeg"}],"twitter_card":"summary_large_image","twitter_site":"@alvarellos_ed","twitter_misc":{"Tiempo de lectura":"1 minuto"},"schema":{"@context":"https:\/\/schema.org","@graph":[{"@type":["WebPage","ItemPage"],"@id":"https:\/\/alvarelloseditora.gal\/es\/libro\/os-medicos-tamen-enferman\/","url":"https:\/\/alvarelloseditora.gal\/es\/libro\/os-medicos-tamen-enferman\/","name":"Os m\u00e9dicos tam\u00e9n enferman - Alvarellos Editora","isPartOf":{"@id":"https:\/\/alvarelloseditora.gal\/#website"},"primaryImageOfPage":{"@id":"https:\/\/alvarelloseditora.gal\/es\/libro\/os-medicos-tamen-enferman\/#primaryimage"},"image":{"@id":"https:\/\/alvarelloseditora.gal\/es\/libro\/os-medicos-tamen-enferman\/#primaryimage"},"thumbnailUrl":"https:\/\/alvarelloseditora.gal\/wp-content\/uploads\/2025\/03\/Os-medicos-tamen-enferman-scaled.jpg","datePublished":"2025-03-24T10:42:30+00:00","dateModified":"2025-03-24T11:02:19+00:00","description":"Os m\u00e9dicos tam\u00e9n enferman. C\u00f3mprao na tenda en li\u00f1a de Alvarellos Editora.","breadcrumb":{"@id":"https:\/\/alvarelloseditora.gal\/es\/libro\/os-medicos-tamen-enferman\/#breadcrumb"},"inLanguage":"es","potentialAction":[{"@type":"ReadAction","target":["https:\/\/alvarelloseditora.gal\/es\/libro\/os-medicos-tamen-enferman\/"]}]},{"@type":"ImageObject","inLanguage":"es","@id":"https:\/\/alvarelloseditora.gal\/es\/libro\/os-medicos-tamen-enferman\/#primaryimage","url":"https:\/\/alvarelloseditora.gal\/wp-content\/uploads\/2025\/03\/Os-medicos-tamen-enferman-scaled.jpg","contentUrl":"https:\/\/alvarelloseditora.gal\/wp-content\/uploads\/2025\/03\/Os-medicos-tamen-enferman-scaled.jpg","width":1732,"height":2560},{"@type":"BreadcrumbList","@id":"https:\/\/alvarelloseditora.gal\/es\/libro\/os-medicos-tamen-enferman\/#breadcrumb","itemListElement":[{"@type":"ListItem","position":1,"name":"Portada","item":"https:\/\/alvarelloseditora.gal\/"},{"@type":"ListItem","position":2,"name":"Tienda","item":"https:\/\/alvarelloseditora.gal\/es\/tienda\/"},{"@type":"ListItem","position":3,"name":"Os m\u00e9dicos tam\u00e9n enferman"}]},{"@type":"WebSite","@id":"https:\/\/alvarelloseditora.gal\/#website","url":"https:\/\/alvarelloseditora.gal\/","name":"Alvarellos Editora","description":"Libros para un mundo en tr\u00e1nsito","publisher":{"@id":"https:\/\/alvarelloseditora.gal\/#organization"},"potentialAction":[{"@type":"SearchAction","target":{"@type":"EntryPoint","urlTemplate":"https:\/\/alvarelloseditora.gal\/?s={search_term_string}"},"query-input":{"@type":"PropertyValueSpecification","valueRequired":true,"valueName":"search_term_string"}}],"inLanguage":"es"},{"@type":"Organization","@id":"https:\/\/alvarelloseditora.gal\/#organization","name":"Alvarellos Editora","url":"https:\/\/alvarelloseditora.gal\/","logo":{"@type":"ImageObject","inLanguage":"es","@id":"https:\/\/alvarelloseditora.gal\/#\/schema\/logo\/image\/","url":"https:\/\/alvarelloseditora.gal\/wp-content\/uploads\/2020\/02\/alv-icon.png","contentUrl":"https:\/\/alvarelloseditora.gal\/wp-content\/uploads\/2020\/02\/alv-icon.png","width":177,"height":175,"caption":"Alvarellos Editora"},"image":{"@id":"https:\/\/alvarelloseditora.gal\/#\/schema\/logo\/image\/"},"sameAs":["https:\/\/www.facebook.com\/alvarelloseditora","https:\/\/x.com\/alvarellos_ed"]}]}},"_links":{"self":[{"href":"https:\/\/alvarelloseditora.gal\/es\/wp-json\/wp\/v2\/product\/9566","targetHints":{"allow":["GET"]}}],"collection":[{"href":"https:\/\/alvarelloseditora.gal\/es\/wp-json\/wp\/v2\/product"}],"about":[{"href":"https:\/\/alvarelloseditora.gal\/es\/wp-json\/wp\/v2\/types\/product"}],"replies":[{"embeddable":true,"href":"https:\/\/alvarelloseditora.gal\/es\/wp-json\/wp\/v2\/comments?post=9566"}],"wp:featuredmedia":[{"embeddable":true,"href":"https:\/\/alvarelloseditora.gal\/es\/wp-json\/wp\/v2\/media\/9559"}],"wp:attachment":[{"href":"https:\/\/alvarelloseditora.gal\/es\/wp-json\/wp\/v2\/media?parent=9566"}],"wp:term":[{"taxonomy":"product_brand","embeddable":true,"href":"https:\/\/alvarelloseditora.gal\/es\/wp-json\/wp\/v2\/product_brand?post=9566"},{"taxonomy":"product_cat","embeddable":true,"href":"https:\/\/alvarelloseditora.gal\/es\/wp-json\/wp\/v2\/product_cat?post=9566"},{"taxonomy":"product_tag","embeddable":true,"href":"https:\/\/alvarelloseditora.gal\/es\/wp-json\/wp\/v2\/product_tag?post=9566"}],"curies":[{"name":"wp","href":"https:\/\/api.w.org\/{rel}","templated":true}]}}