{"id":9535,"date":"2025-03-12T14:24:50","date_gmt":"2025-03-12T13:24:50","guid":{"rendered":"https:\/\/alvarelloseditora.gal\/book\/vigo-capital-atletica\/"},"modified":"2025-03-12T14:44:27","modified_gmt":"2025-03-12T13:44:27","slug":"vigo-capital-atletica","status":"publish","type":"product","link":"https:\/\/alvarelloseditora.gal\/es\/libro\/vigo-capital-atletica\/","title":{"rendered":"Vigo, capital atl\u00e9tica"},"content":{"rendered":"<p><a href=\"https:\/\/alvarelloseditora.gal\/wp-content\/uploads\/2025\/03\/NP_C_Vigo_Capital-Atletica_Alvarellos_Ed_marzo_2025-1.pdf\">NP_C_Vigo_Capital-Atl\u00e9tica_Alvarellos_Ed_marzo_2025<\/a><\/p>\n<p>&nbsp;<\/p>\n","protected":false},"excerpt":{"rendered":"<p>Emilio Navaza<br \/>\n&nbsp;<\/p>\n<p>234 pp . 15 x 23,5 cms.<br \/>\nPapel FSC-Amigo de los Bosques.<br \/>\nISBN 978-84-18567-70-4<br \/>\nIdioma: castellano<\/p>\n<p>&nbsp;<\/p>\n<p>NP_C_Vigo_Capital-Atl\u00e9tica_Alvarellos_Ed_marzo_2025<\/p>\n<p>&nbsp;<\/p>\n<p>La nueva obra del veterano periodista deportivo (y ex-atleta) Emilio Navaza. A lo largo de 16 cap\u00edtulos y m\u00e1s de ochenta fotograf\u00edas hist\u00f3ricas, rinde homenaje a la ciudad que lo ha sido todo en el atletismo gallego, y de la que han surgido nada menos que hasta nueve atletas ol\u00edmpicos.<\/p>\n<p>&nbsp;<\/p>\n<p>Vigo es una ciudad \u00fanica en Galicia por su aportaci\u00f3n al atletismo. Este nuevo libro de Emilio Navaza, Vigo, capital atl\u00e9tica (Alvarellos Editora, 2025) as\u00ed lo demuestra en un volumen centrado en la historia \u00fanica en la ciudad de este deporte ol\u00edmpico.<\/p>\n<p>&nbsp;<\/p>\n<p>Ning\u00fan otro lugar ha hecho tanto por este deporte. En 1913 se organizaron ya las primeras competiciones y en la d\u00e9cada de los 20 se constituye la Federaci\u00f3n Gallega de Atletismo. Poco despu\u00e9s, la ciudad organiza, en Coia, los quintos Campeonatos de Espa\u00f1a de pista (1921).<\/p>\n<p>&nbsp;<\/p>\n<p>Adem\u00e1s, el elenco de ol\u00edmpicos vigueses es impresionante: desde Carlos P\u00e9rez (Roma, 1960; M\u00e9xico, 1968 y M\u00fanich, 1972), al que seguir\u00e1n Rogelio Rivas (Tokio, 1964), Javier \u00c1lvarez Salgado (M\u00e9xico, 1968 y M\u00fanich, 1972), Ram\u00f3n Magari\u00f1os (M\u00e9xico, 1968), Alejandro G\u00f3mez (Se\u00fal, 1988; Barcelona, 1992 y Atlanta, 1996), Jos\u00e9 Carlos Ad\u00e1n (Barcelona, 1992), Estela Est\u00e9vez (Barcelona, 1992), Santiago P\u00e9rez (Atenas, 2004 y Pek\u00edn, 2008) y Ester Navarrete (Par\u00eds, 2024).<\/p>\n<p>&nbsp;<\/p>\n<p>Despu\u00e9s de la publicaci\u00f3n de M\u00e1s all\u00e1 de la meta (Alvarellos Editora, 2022), Emilio Navaza nos deleita de nuevo con sus historias atl\u00e9ticas de Galicia, esta vez, con Vigo como n\u00facleo e inspiraci\u00f3n. Navaza escribe con el sabio pulso narrativo de los mejores periodistas: va al detalle, con rigor, a la cita exacta, y tampoco deja escapar la an\u00e9cdota que atrapa. Su narraci\u00f3n viene enriquecida, adem\u00e1s, con m\u00e1s de ochenta fotograf\u00edas, muchas ya centenarias, y todas ellas, hist\u00f3ricas.<\/p>\n<p>&nbsp;<\/p>\n<p>Esta edici\u00f3n ha contado con la ayuda del Concello de Vigo y de la Secretar\u00eda Xeral para o Deporte de la Xunta de Galicia.<\/p>\n<p>&nbsp;<\/p>\n","protected":false},"featured_media":9522,"comment_status":"closed","ping_status":"closed","template":"","meta":[],"product_brand":[],"product_cat":[105],"product_tag":[],"class_list":{"0":"post-9535","1":"product","2":"type-product","3":"status-publish","4":"has-post-thumbnail","6":"product_author-emilio-navaza-es","7":"product_cat-oeste-es","9":"first","10":"instock","11":"taxable","12":"shipping-taxable","13":"purchasable","14":"product-type-simple"},"yoast_head":"<!-- This site is optimized with the Yoast SEO plugin v27.4 - https:\/\/yoast.com\/product\/yoast-seo-wordpress\/ -->\n<title>Vigo, capital atl\u00e9tica - Alvarellos Editora<\/title>\n<meta name=\"description\" content=\"Vigo, capital atl\u00e9tica. C\u00f3mprao na tenda en li\u00f1a de Alvarellos Editora.\" \/>\n<meta name=\"robots\" content=\"index, follow, max-snippet:-1, max-image-preview:large, max-video-preview:-1\" \/>\n<link rel=\"canonical\" href=\"https:\/\/alvarelloseditora.gal\/es\/libro\/vigo-capital-atletica\/\" \/>\n<meta property=\"og:locale\" content=\"es_ES\" \/>\n<meta property=\"og:type\" content=\"article\" \/>\n<meta property=\"og:title\" content=\"Vigo, capital atl\u00e9tica - Alvarellos Editora\" \/>\n<meta property=\"og:description\" content=\"Vigo, capital atl\u00e9tica. C\u00f3mprao na tenda en li\u00f1a de Alvarellos Editora.\" \/>\n<meta property=\"og:url\" content=\"https:\/\/alvarelloseditora.gal\/es\/libro\/vigo-capital-atletica\/\" \/>\n<meta property=\"og:site_name\" content=\"Alvarellos Editora\" \/>\n<meta property=\"article:publisher\" content=\"https:\/\/www.facebook.com\/alvarelloseditora\" \/>\n<meta property=\"article:modified_time\" content=\"2025-03-12T13:44:27+00:00\" \/>\n<meta property=\"og:image\" content=\"https:\/\/alvarelloseditora.gal\/wp-content\/uploads\/2025\/03\/Vigo-capital-atletica-E-Navaza-alvarellos-ed-marzo-2025.jpg\" \/>\n\t<meta property=\"og:image:width\" content=\"904\" \/>\n\t<meta property=\"og:image:height\" content=\"1388\" \/>\n\t<meta property=\"og:image:type\" content=\"image\/jpeg\" \/>\n<meta name=\"twitter:card\" content=\"summary_large_image\" \/>\n<meta name=\"twitter:site\" content=\"@alvarellos_ed\" \/>\n<meta name=\"twitter:label1\" content=\"Tiempo de lectura\" \/>\n\t<meta name=\"twitter:data1\" content=\"1 minuto\" \/>\n<!-- \/ Yoast SEO plugin. -->","yoast_head_json":{"title":"Vigo, capital atl\u00e9tica - Alvarellos Editora","description":"Vigo, capital atl\u00e9tica. C\u00f3mprao na tenda en li\u00f1a de Alvarellos Editora.","robots":{"index":"index","follow":"follow","max-snippet":"max-snippet:-1","max-image-preview":"max-image-preview:large","max-video-preview":"max-video-preview:-1"},"canonical":"https:\/\/alvarelloseditora.gal\/es\/libro\/vigo-capital-atletica\/","og_locale":"es_ES","og_type":"article","og_title":"Vigo, capital atl\u00e9tica - Alvarellos Editora","og_description":"Vigo, capital atl\u00e9tica. C\u00f3mprao na tenda en li\u00f1a de Alvarellos Editora.","og_url":"https:\/\/alvarelloseditora.gal\/es\/libro\/vigo-capital-atletica\/","og_site_name":"Alvarellos Editora","article_publisher":"https:\/\/www.facebook.com\/alvarelloseditora","article_modified_time":"2025-03-12T13:44:27+00:00","og_image":[{"width":904,"height":1388,"url":"https:\/\/alvarelloseditora.gal\/wp-content\/uploads\/2025\/03\/Vigo-capital-atletica-E-Navaza-alvarellos-ed-marzo-2025.jpg","type":"image\/jpeg"}],"twitter_card":"summary_large_image","twitter_site":"@alvarellos_ed","twitter_misc":{"Tiempo de lectura":"1 minuto"},"schema":{"@context":"https:\/\/schema.org","@graph":[{"@type":["WebPage","ItemPage"],"@id":"https:\/\/alvarelloseditora.gal\/es\/libro\/vigo-capital-atletica\/","url":"https:\/\/alvarelloseditora.gal\/es\/libro\/vigo-capital-atletica\/","name":"Vigo, capital atl\u00e9tica - Alvarellos Editora","isPartOf":{"@id":"https:\/\/alvarelloseditora.gal\/#website"},"primaryImageOfPage":{"@id":"https:\/\/alvarelloseditora.gal\/es\/libro\/vigo-capital-atletica\/#primaryimage"},"image":{"@id":"https:\/\/alvarelloseditora.gal\/es\/libro\/vigo-capital-atletica\/#primaryimage"},"thumbnailUrl":"https:\/\/alvarelloseditora.gal\/wp-content\/uploads\/2025\/03\/Vigo-capital-atletica-E-Navaza-alvarellos-ed-marzo-2025.jpg","datePublished":"2025-03-12T13:24:50+00:00","dateModified":"2025-03-12T13:44:27+00:00","description":"Vigo, capital atl\u00e9tica. C\u00f3mprao na tenda en li\u00f1a de Alvarellos Editora.","breadcrumb":{"@id":"https:\/\/alvarelloseditora.gal\/es\/libro\/vigo-capital-atletica\/#breadcrumb"},"inLanguage":"es","potentialAction":[{"@type":"ReadAction","target":["https:\/\/alvarelloseditora.gal\/es\/libro\/vigo-capital-atletica\/"]}]},{"@type":"ImageObject","inLanguage":"es","@id":"https:\/\/alvarelloseditora.gal\/es\/libro\/vigo-capital-atletica\/#primaryimage","url":"https:\/\/alvarelloseditora.gal\/wp-content\/uploads\/2025\/03\/Vigo-capital-atletica-E-Navaza-alvarellos-ed-marzo-2025.jpg","contentUrl":"https:\/\/alvarelloseditora.gal\/wp-content\/uploads\/2025\/03\/Vigo-capital-atletica-E-Navaza-alvarellos-ed-marzo-2025.jpg","width":904,"height":1388},{"@type":"BreadcrumbList","@id":"https:\/\/alvarelloseditora.gal\/es\/libro\/vigo-capital-atletica\/#breadcrumb","itemListElement":[{"@type":"ListItem","position":1,"name":"Portada","item":"https:\/\/alvarelloseditora.gal\/"},{"@type":"ListItem","position":2,"name":"Tienda","item":"https:\/\/alvarelloseditora.gal\/es\/tienda\/"},{"@type":"ListItem","position":3,"name":"Vigo, capital atl\u00e9tica"}]},{"@type":"WebSite","@id":"https:\/\/alvarelloseditora.gal\/#website","url":"https:\/\/alvarelloseditora.gal\/","name":"Alvarellos Editora","description":"Libros para un mundo en tr\u00e1nsito","publisher":{"@id":"https:\/\/alvarelloseditora.gal\/#organization"},"potentialAction":[{"@type":"SearchAction","target":{"@type":"EntryPoint","urlTemplate":"https:\/\/alvarelloseditora.gal\/?s={search_term_string}"},"query-input":{"@type":"PropertyValueSpecification","valueRequired":true,"valueName":"search_term_string"}}],"inLanguage":"es"},{"@type":"Organization","@id":"https:\/\/alvarelloseditora.gal\/#organization","name":"Alvarellos Editora","url":"https:\/\/alvarelloseditora.gal\/","logo":{"@type":"ImageObject","inLanguage":"es","@id":"https:\/\/alvarelloseditora.gal\/#\/schema\/logo\/image\/","url":"https:\/\/alvarelloseditora.gal\/wp-content\/uploads\/2020\/02\/alv-icon.png","contentUrl":"https:\/\/alvarelloseditora.gal\/wp-content\/uploads\/2020\/02\/alv-icon.png","width":177,"height":175,"caption":"Alvarellos Editora"},"image":{"@id":"https:\/\/alvarelloseditora.gal\/#\/schema\/logo\/image\/"},"sameAs":["https:\/\/www.facebook.com\/alvarelloseditora","https:\/\/x.com\/alvarellos_ed"]}]}},"_links":{"self":[{"href":"https:\/\/alvarelloseditora.gal\/es\/wp-json\/wp\/v2\/product\/9535","targetHints":{"allow":["GET"]}}],"collection":[{"href":"https:\/\/alvarelloseditora.gal\/es\/wp-json\/wp\/v2\/product"}],"about":[{"href":"https:\/\/alvarelloseditora.gal\/es\/wp-json\/wp\/v2\/types\/product"}],"replies":[{"embeddable":true,"href":"https:\/\/alvarelloseditora.gal\/es\/wp-json\/wp\/v2\/comments?post=9535"}],"wp:featuredmedia":[{"embeddable":true,"href":"https:\/\/alvarelloseditora.gal\/es\/wp-json\/wp\/v2\/media\/9522"}],"wp:attachment":[{"href":"https:\/\/alvarelloseditora.gal\/es\/wp-json\/wp\/v2\/media?parent=9535"}],"wp:term":[{"taxonomy":"product_brand","embeddable":true,"href":"https:\/\/alvarelloseditora.gal\/es\/wp-json\/wp\/v2\/product_brand?post=9535"},{"taxonomy":"product_cat","embeddable":true,"href":"https:\/\/alvarelloseditora.gal\/es\/wp-json\/wp\/v2\/product_cat?post=9535"},{"taxonomy":"product_tag","embeddable":true,"href":"https:\/\/alvarelloseditora.gal\/es\/wp-json\/wp\/v2\/product_tag?post=9535"}],"curies":[{"name":"wp","href":"https:\/\/api.w.org\/{rel}","templated":true}]}}