{"id":9486,"date":"2025-02-27T14:10:01","date_gmt":"2025-02-27T13:10:01","guid":{"rendered":"https:\/\/alvarelloseditora.gal\/book\/a-pes-descalzos\/"},"modified":"2025-03-03T10:11:22","modified_gmt":"2025-03-03T09:11:22","slug":"a-pes-descalzos","status":"publish","type":"product","link":"https:\/\/alvarelloseditora.gal\/es\/libro\/a-pes-descalzos\/","title":{"rendered":"A p\u00e9s descalzos"},"content":{"rendered":"<p><a href=\"https:\/\/alvarelloseditora.gal\/wp-content\/uploads\/2025\/02\/Ficha-GAL-A-PES-DESCALZOS-2025-1.pdf\">Ficha-GAL-A-P\u00c9S-DESCALZOS-2025<\/a><\/p>\n<p><img loading=\"lazy\" decoding=\"async\" class=\"alignnone size-medium wp-image-9478\" src=\"https:\/\/alvarelloseditora.gal\/wp-content\/uploads\/2025\/02\/A-PES-DESCALZOS-mostra-6-900x563.jpg\" alt=\"\" width=\"900\" height=\"563\" srcset=\"https:\/\/alvarelloseditora.gal\/wp-content\/uploads\/2025\/02\/A-PES-DESCALZOS-mostra-6-900x563.jpg 900w, https:\/\/alvarelloseditora.gal\/wp-content\/uploads\/2025\/02\/A-PES-DESCALZOS-mostra-6-160x100.jpg 160w, https:\/\/alvarelloseditora.gal\/wp-content\/uploads\/2025\/02\/A-PES-DESCALZOS-mostra-6-768x480.jpg 768w, https:\/\/alvarelloseditora.gal\/wp-content\/uploads\/2025\/02\/A-PES-DESCALZOS-mostra-6-1536x961.jpg 1536w, https:\/\/alvarelloseditora.gal\/wp-content\/uploads\/2025\/02\/A-PES-DESCALZOS-mostra-6-2048x1281.jpg 2048w, https:\/\/alvarelloseditora.gal\/wp-content\/uploads\/2025\/02\/A-PES-DESCALZOS-mostra-6-330x206.jpg 330w, https:\/\/alvarelloseditora.gal\/wp-content\/uploads\/2025\/02\/A-PES-DESCALZOS-mostra-6-600x375.jpg 600w\" sizes=\"auto, (max-width: 900px) 100vw, 900px\" \/><\/p>\n<p><img loading=\"lazy\" decoding=\"async\" class=\"alignnone size-medium wp-image-9475\" src=\"https:\/\/alvarelloseditora.gal\/wp-content\/uploads\/2025\/02\/A-PES-DESCALZOS-mostra-13-900x563.jpg\" alt=\"\" width=\"900\" height=\"563\" srcset=\"https:\/\/alvarelloseditora.gal\/wp-content\/uploads\/2025\/02\/A-PES-DESCALZOS-mostra-13-900x563.jpg 900w, https:\/\/alvarelloseditora.gal\/wp-content\/uploads\/2025\/02\/A-PES-DESCALZOS-mostra-13-160x100.jpg 160w, https:\/\/alvarelloseditora.gal\/wp-content\/uploads\/2025\/02\/A-PES-DESCALZOS-mostra-13-768x480.jpg 768w, https:\/\/alvarelloseditora.gal\/wp-content\/uploads\/2025\/02\/A-PES-DESCALZOS-mostra-13-1536x961.jpg 1536w, https:\/\/alvarelloseditora.gal\/wp-content\/uploads\/2025\/02\/A-PES-DESCALZOS-mostra-13-2048x1281.jpg 2048w, https:\/\/alvarelloseditora.gal\/wp-content\/uploads\/2025\/02\/A-PES-DESCALZOS-mostra-13-330x206.jpg 330w, https:\/\/alvarelloseditora.gal\/wp-content\/uploads\/2025\/02\/A-PES-DESCALZOS-mostra-13-600x375.jpg 600w\" sizes=\"auto, (max-width: 900px) 100vw, 900px\" \/><\/p>\n<p><img loading=\"lazy\" decoding=\"async\" class=\"alignnone size-medium wp-image-9472\" src=\"https:\/\/alvarelloseditora.gal\/wp-content\/uploads\/2025\/02\/A-PES-DESCALZOS-mostra-8-900x563.jpg\" alt=\"\" width=\"900\" height=\"563\" srcset=\"https:\/\/alvarelloseditora.gal\/wp-content\/uploads\/2025\/02\/A-PES-DESCALZOS-mostra-8-900x563.jpg 900w, https:\/\/alvarelloseditora.gal\/wp-content\/uploads\/2025\/02\/A-PES-DESCALZOS-mostra-8-160x100.jpg 160w, https:\/\/alvarelloseditora.gal\/wp-content\/uploads\/2025\/02\/A-PES-DESCALZOS-mostra-8-768x480.jpg 768w, https:\/\/alvarelloseditora.gal\/wp-content\/uploads\/2025\/02\/A-PES-DESCALZOS-mostra-8-1536x961.jpg 1536w, https:\/\/alvarelloseditora.gal\/wp-content\/uploads\/2025\/02\/A-PES-DESCALZOS-mostra-8-2048x1281.jpg 2048w, https:\/\/alvarelloseditora.gal\/wp-content\/uploads\/2025\/02\/A-PES-DESCALZOS-mostra-8-330x206.jpg 330w, https:\/\/alvarelloseditora.gal\/wp-content\/uploads\/2025\/02\/A-PES-DESCALZOS-mostra-8-600x375.jpg 600w\" sizes=\"auto, (max-width: 900px) 100vw, 900px\" \/><\/p>\n","protected":false},"excerpt":{"rendered":"<p>Katarzyna Samosiej<br \/>\n&nbsp;<\/p>\n<p>40 pp. Formato: 20 x 25,5 cm.<br \/>\nISBN: 978-84-18567-72-8<br \/>\nCapa dura. Cosido con f\u00edo vexetal.<br \/>\nImpreso en papel amigo dos bosques.<\/p>\n<p>&nbsp;<\/p>\n<p>&nbsp;<\/p>\n<p>Un \u00e1lbum ilustrado que axuda a comprender \u00e1s persoas que senten todo con alta intensidade. A autora \u00e9 a artista e terapeuta polaca Katarzyna Samosiej. Foi traducido do polaco ao galego por Ana Garrido e revisado por Mar\u00eda Reim\u00f3ndez.<\/p>\n<p>&nbsp;<\/p>\n<p>IDADE DE INTERESE: + 6<br \/>\nNIVEL DE LECTURA: +6<\/p>\n<p>&nbsp;<\/p>\n<p>Ficha-GAL-A-P\u00c9S-DESCALZOS-2025<\/p>\n<p>&nbsp;<\/p>\n<p>TEXTO DE CONTRACAPA<br \/>\nOs seres humanos tam\u00e9n temos as nosas antenas. Isto \u00e9 o que denominamos \u00absensibilidade\u00bb. \u00c9 o que fai que nos sintamos parte do mundo e que reaccionemos ante el. G\u00fastanos sentir! Pr\u00e9stannos as apertas, os aloumi\u00f1os. E tam\u00e9n o contacto directo coa natureza.<br \/>\nSer sensibles \u00e9 experimentar emoci\u00f3ns. Hai persoas que senten todo con alta intensidade. E disto trata este libro. Persoas que contan cunha imaxinaci\u00f3n formidable, que son creativas, emp\u00e1ticas, preocupadas polas demais.<br \/>\nA sensibilidade \u00e9 un agasallo. Sentir \u00e9 existir!<br \/>\nAndar \u00abA p\u00e9s descalzos\u00bb \u00e9 un conto fascinante e cheo de beleza. An\u00edmaste a dar o primeiro paso&#8230; a p\u00e9s descalzos?<\/p>\n<p>&nbsp;<\/p>\n<p>CLAVES PARA A LECTURA<br \/>\nComprender a riqueza da alta sensibilidade. Ser capaz de entender que cada persoa \u00e9 singular e diferente, e diversa, e que hai moitas persoas que senten todo profundamente, e isto non ten nada de negativo.<br \/>\nO conto tam\u00e9n ensina a sentir a natureza dun xeito especial, directo. Probar a cami\u00f1ar a p\u00e9s descalzos e notar a textura das diferentes superficies&#8230;<br \/>\nAs ilustraci\u00f3ns son poderosas, cheas de cromatismo e forza visual para ir desfrutando p\u00e1xina a p\u00e1xina.<br \/>\nEste volume incorpora unha explicaci\u00f3n did\u00e1ctica moi \u00fatil para entender \u00e1s persoas PAS (Persoas con Alta Sensibilidade).<\/p>\n","protected":false},"featured_media":9468,"comment_status":"closed","ping_status":"closed","template":"","meta":[],"product_brand":[],"product_cat":[110],"product_tag":[],"class_list":{"0":"post-9486","1":"product","2":"type-product","3":"status-publish","4":"has-post-thumbnail","6":"product_author-katarzyna-samosiej-es","7":"product_cat-verdemar-es","9":"first","10":"instock","11":"taxable","12":"shipping-taxable","13":"purchasable","14":"product-type-simple"},"yoast_head":"<!-- This site is optimized with the Yoast SEO plugin v27.3 - https:\/\/yoast.com\/product\/yoast-seo-wordpress\/ -->\n<title>A p\u00e9s descalzos - Alvarellos Editora<\/title>\n<meta name=\"description\" content=\"A p\u00e9s descalzos. C\u00f3mprao na tenda en li\u00f1a de Alvarellos Editora.\" \/>\n<meta name=\"robots\" content=\"index, follow, max-snippet:-1, max-image-preview:large, max-video-preview:-1\" \/>\n<link rel=\"canonical\" href=\"https:\/\/alvarelloseditora.gal\/es\/libro\/a-pes-descalzos\/\" \/>\n<meta property=\"og:locale\" content=\"es_ES\" \/>\n<meta property=\"og:type\" content=\"article\" \/>\n<meta property=\"og:title\" content=\"A p\u00e9s descalzos - Alvarellos Editora\" \/>\n<meta property=\"og:description\" content=\"A p\u00e9s descalzos. C\u00f3mprao na tenda en li\u00f1a de Alvarellos Editora.\" \/>\n<meta property=\"og:url\" content=\"https:\/\/alvarelloseditora.gal\/es\/libro\/a-pes-descalzos\/\" \/>\n<meta property=\"og:site_name\" content=\"Alvarellos Editora\" \/>\n<meta property=\"article:publisher\" content=\"https:\/\/www.facebook.com\/alvarelloseditora\" \/>\n<meta property=\"article:modified_time\" content=\"2025-03-03T09:11:22+00:00\" \/>\n<meta property=\"og:image\" content=\"https:\/\/alvarelloseditora.gal\/wp-content\/uploads\/2025\/02\/A-pes-descalzos.jpg\" \/>\n\t<meta property=\"og:image:width\" content=\"1792\" \/>\n\t<meta property=\"og:image:height\" content=\"2228\" \/>\n\t<meta property=\"og:image:type\" content=\"image\/jpeg\" \/>\n<meta name=\"twitter:card\" content=\"summary_large_image\" \/>\n<meta name=\"twitter:site\" content=\"@alvarellos_ed\" \/>\n<meta name=\"twitter:label1\" content=\"Tiempo de lectura\" \/>\n\t<meta name=\"twitter:data1\" content=\"1 minuto\" \/>\n<!-- \/ Yoast SEO plugin. -->","yoast_head_json":{"title":"A p\u00e9s descalzos - Alvarellos Editora","description":"A p\u00e9s descalzos. C\u00f3mprao na tenda en li\u00f1a de Alvarellos Editora.","robots":{"index":"index","follow":"follow","max-snippet":"max-snippet:-1","max-image-preview":"max-image-preview:large","max-video-preview":"max-video-preview:-1"},"canonical":"https:\/\/alvarelloseditora.gal\/es\/libro\/a-pes-descalzos\/","og_locale":"es_ES","og_type":"article","og_title":"A p\u00e9s descalzos - Alvarellos Editora","og_description":"A p\u00e9s descalzos. C\u00f3mprao na tenda en li\u00f1a de Alvarellos Editora.","og_url":"https:\/\/alvarelloseditora.gal\/es\/libro\/a-pes-descalzos\/","og_site_name":"Alvarellos Editora","article_publisher":"https:\/\/www.facebook.com\/alvarelloseditora","article_modified_time":"2025-03-03T09:11:22+00:00","og_image":[{"width":1792,"height":2228,"url":"https:\/\/alvarelloseditora.gal\/wp-content\/uploads\/2025\/02\/A-pes-descalzos.jpg","type":"image\/jpeg"}],"twitter_card":"summary_large_image","twitter_site":"@alvarellos_ed","twitter_misc":{"Tiempo de lectura":"1 minuto"},"schema":{"@context":"https:\/\/schema.org","@graph":[{"@type":["WebPage","ItemPage"],"@id":"https:\/\/alvarelloseditora.gal\/es\/libro\/a-pes-descalzos\/","url":"https:\/\/alvarelloseditora.gal\/es\/libro\/a-pes-descalzos\/","name":"A p\u00e9s descalzos - Alvarellos Editora","isPartOf":{"@id":"https:\/\/alvarelloseditora.gal\/#website"},"primaryImageOfPage":{"@id":"https:\/\/alvarelloseditora.gal\/es\/libro\/a-pes-descalzos\/#primaryimage"},"image":{"@id":"https:\/\/alvarelloseditora.gal\/es\/libro\/a-pes-descalzos\/#primaryimage"},"thumbnailUrl":"https:\/\/alvarelloseditora.gal\/wp-content\/uploads\/2025\/02\/A-pes-descalzos.jpg","datePublished":"2025-02-27T13:10:01+00:00","dateModified":"2025-03-03T09:11:22+00:00","description":"A p\u00e9s descalzos. C\u00f3mprao na tenda en li\u00f1a de Alvarellos Editora.","breadcrumb":{"@id":"https:\/\/alvarelloseditora.gal\/es\/libro\/a-pes-descalzos\/#breadcrumb"},"inLanguage":"es","potentialAction":[{"@type":"ReadAction","target":["https:\/\/alvarelloseditora.gal\/es\/libro\/a-pes-descalzos\/"]}]},{"@type":"ImageObject","inLanguage":"es","@id":"https:\/\/alvarelloseditora.gal\/es\/libro\/a-pes-descalzos\/#primaryimage","url":"https:\/\/alvarelloseditora.gal\/wp-content\/uploads\/2025\/02\/A-pes-descalzos.jpg","contentUrl":"https:\/\/alvarelloseditora.gal\/wp-content\/uploads\/2025\/02\/A-pes-descalzos.jpg","width":1792,"height":2228,"caption":"Screenshot"},{"@type":"BreadcrumbList","@id":"https:\/\/alvarelloseditora.gal\/es\/libro\/a-pes-descalzos\/#breadcrumb","itemListElement":[{"@type":"ListItem","position":1,"name":"Portada","item":"https:\/\/alvarelloseditora.gal\/"},{"@type":"ListItem","position":2,"name":"Tienda","item":"https:\/\/alvarelloseditora.gal\/es\/tienda\/"},{"@type":"ListItem","position":3,"name":"A p\u00e9s descalzos"}]},{"@type":"WebSite","@id":"https:\/\/alvarelloseditora.gal\/#website","url":"https:\/\/alvarelloseditora.gal\/","name":"Alvarellos Editora","description":"Libros para un mundo en tr\u00e1nsito","publisher":{"@id":"https:\/\/alvarelloseditora.gal\/#organization"},"potentialAction":[{"@type":"SearchAction","target":{"@type":"EntryPoint","urlTemplate":"https:\/\/alvarelloseditora.gal\/?s={search_term_string}"},"query-input":{"@type":"PropertyValueSpecification","valueRequired":true,"valueName":"search_term_string"}}],"inLanguage":"es"},{"@type":"Organization","@id":"https:\/\/alvarelloseditora.gal\/#organization","name":"Alvarellos Editora","url":"https:\/\/alvarelloseditora.gal\/","logo":{"@type":"ImageObject","inLanguage":"es","@id":"https:\/\/alvarelloseditora.gal\/#\/schema\/logo\/image\/","url":"https:\/\/alvarelloseditora.gal\/wp-content\/uploads\/2020\/02\/alv-icon.png","contentUrl":"https:\/\/alvarelloseditora.gal\/wp-content\/uploads\/2020\/02\/alv-icon.png","width":177,"height":175,"caption":"Alvarellos Editora"},"image":{"@id":"https:\/\/alvarelloseditora.gal\/#\/schema\/logo\/image\/"},"sameAs":["https:\/\/www.facebook.com\/alvarelloseditora","https:\/\/x.com\/alvarellos_ed"]}]}},"_links":{"self":[{"href":"https:\/\/alvarelloseditora.gal\/es\/wp-json\/wp\/v2\/product\/9486","targetHints":{"allow":["GET"]}}],"collection":[{"href":"https:\/\/alvarelloseditora.gal\/es\/wp-json\/wp\/v2\/product"}],"about":[{"href":"https:\/\/alvarelloseditora.gal\/es\/wp-json\/wp\/v2\/types\/product"}],"replies":[{"embeddable":true,"href":"https:\/\/alvarelloseditora.gal\/es\/wp-json\/wp\/v2\/comments?post=9486"}],"wp:featuredmedia":[{"embeddable":true,"href":"https:\/\/alvarelloseditora.gal\/es\/wp-json\/wp\/v2\/media\/9468"}],"wp:attachment":[{"href":"https:\/\/alvarelloseditora.gal\/es\/wp-json\/wp\/v2\/media?parent=9486"}],"wp:term":[{"taxonomy":"product_brand","embeddable":true,"href":"https:\/\/alvarelloseditora.gal\/es\/wp-json\/wp\/v2\/product_brand?post=9486"},{"taxonomy":"product_cat","embeddable":true,"href":"https:\/\/alvarelloseditora.gal\/es\/wp-json\/wp\/v2\/product_cat?post=9486"},{"taxonomy":"product_tag","embeddable":true,"href":"https:\/\/alvarelloseditora.gal\/es\/wp-json\/wp\/v2\/product_tag?post=9486"}],"curies":[{"name":"wp","href":"https:\/\/api.w.org\/{rel}","templated":true}]}}