{"id":9411,"date":"2025-02-07T13:21:11","date_gmt":"2025-02-07T12:21:11","guid":{"rendered":"https:\/\/alvarelloseditora.gal\/book\/rosalia-en-familia\/"},"modified":"2025-02-10T09:54:26","modified_gmt":"2025-02-10T08:54:26","slug":"rosalia-en-familia","status":"publish","type":"product","link":"https:\/\/alvarelloseditora.gal\/es\/libro\/rosalia-en-familia\/","title":{"rendered":"Rosal\u00eda en familia"},"content":{"rendered":"<p><a href=\"https:\/\/alvarelloseditora.gal\/wp-content\/uploads\/2025\/02\/NP_G_Rosalia-en-familia-Mendez-Ferrin-2025-1.pdf\">NP_G_Rosal\u00eda-en-familia-M\u00e9ndez-Ferr\u00edn-2025<\/a><\/p>\n<p><a href=\"https:\/\/alvarelloseditora.gal\/wp-content\/uploads\/2025\/02\/NP_C_Rosalia-en-familia-Mendez-Ferrin-2025-1.pdf\">NP_C_Rosal\u00eda-en-familia-M\u00e9ndez-Ferr\u00edn-2025<\/a><\/p>\n<p>&nbsp;<\/p>\n<p><a href=\"https:\/\/alvarelloseditora.gal\/wp-content\/uploads\/2025\/02\/Mostra-ROSALIA-EN-FAMILIA-febr-2025-1.pdf\">Empezar-a-ler-ROSAL\u00cdA-EN-FAMILIA<\/a><\/p>\n","protected":false},"excerpt":{"rendered":"<p>X. L. M\u00e9ndez Ferr\u00edn<br \/>\n&nbsp;<\/p>\n<p>154 pp . 12 x 19 cms.<br \/>\nISBN 978-84-18567-71-1<br \/>\nPAPEL FSC Amigo de los Bosques<\/p>\n<p>&nbsp;<\/p>\n<p>A LA VENTA A PARTIR DEL 20 FEBRERO DE 2025<\/p>\n<p>&nbsp;<\/p>\n<p>Rosal\u00eda de Castro en familia, en su hogar. En primer lugar, madre, padre, pareja, hijas e hijo. Una Rosal\u00eda revelada, inmensa. X. L. M\u00e9ndez Ferr\u00edn re\u00fane en este volumen ensayos breves y poemas en los que reflexiona sobre la vida de la escritora fundadora del Rexurdimento.<\/p>\n<p>&nbsp;<\/p>\n<p>Rosal\u00eda de Castro en familia, en su hogar. En primer lugar, madre, padre, pareja, hijas e hijo. Una Rosal\u00eda revelada, inmensa. La miramos desde la convicci\u00f3n de su verdad, de su palabra y de su cantar. La originalidad de este libro \u2014una edici\u00f3n al cuidado de Fernando Ramallo, de la Universidade de Vigo\u2014 se encuentra en la reflexi\u00f3n sobre su vida que nos propone M\u00e9ndez Ferr\u00edn. Desde el nacimiento hasta la muerte. Una Rosal\u00eda familiar, una mujer fuerte e inconfundible.<\/p>\n<p>&nbsp;<\/p>\n<p>Ferr\u00edn re\u00fane en Rosal\u00eda en familia 23 ensayos breves (algunos de ellos ilustrados con fotograf\u00edas hist\u00f3ricas) y poemas sobre la vida de la escritora fundadora de nuestro Rexurdimento.<\/p>\n<p>&nbsp;<\/p>\n<p>El volumen forma parte de la colecci\u00f3n de pensamiento de Alvarellos Editora, Oeste 12&#215;19, donde en 2024 publicamos Castelao \u00e9 noso y\u00a0Primeiro foi Galicia.<\/p>\n<p>&nbsp;<\/p>\n","protected":false},"featured_media":9451,"comment_status":"closed","ping_status":"closed","template":"","meta":[],"product_brand":[],"product_cat":[1872],"product_tag":[],"class_list":{"0":"post-9411","1":"product","2":"type-product","3":"status-publish","4":"has-post-thumbnail","6":"product_author-xose-luis-mendez-ferrin-es","7":"product_cat-oeste-12x19-es","9":"first","10":"instock","11":"taxable","12":"shipping-taxable","13":"purchasable","14":"product-type-simple"},"yoast_head":"<!-- This site is optimized with the Yoast SEO plugin v27.3 - https:\/\/yoast.com\/product\/yoast-seo-wordpress\/ -->\n<title>Rosal\u00eda en familia - Alvarellos Editora<\/title>\n<meta name=\"description\" content=\"Rosal\u00eda en familia. C\u00f3mprao na tenda en li\u00f1a de Alvarellos Editora.\" \/>\n<meta name=\"robots\" content=\"index, follow, max-snippet:-1, max-image-preview:large, max-video-preview:-1\" \/>\n<link rel=\"canonical\" href=\"https:\/\/alvarelloseditora.gal\/es\/libro\/rosalia-en-familia\/\" \/>\n<meta property=\"og:locale\" content=\"es_ES\" \/>\n<meta property=\"og:type\" content=\"article\" \/>\n<meta property=\"og:title\" content=\"Rosal\u00eda en familia - Alvarellos Editora\" \/>\n<meta property=\"og:description\" content=\"Rosal\u00eda en familia. C\u00f3mprao na tenda en li\u00f1a de Alvarellos Editora.\" \/>\n<meta property=\"og:url\" content=\"https:\/\/alvarelloseditora.gal\/es\/libro\/rosalia-en-familia\/\" \/>\n<meta property=\"og:site_name\" content=\"Alvarellos Editora\" \/>\n<meta property=\"article:publisher\" content=\"https:\/\/www.facebook.com\/alvarelloseditora\" \/>\n<meta property=\"article:modified_time\" content=\"2025-02-10T08:54:26+00:00\" \/>\n<meta property=\"og:image\" content=\"https:\/\/alvarelloseditora.gal\/wp-content\/uploads\/2025\/02\/Rosalia-en-familia.jpg\" \/>\n\t<meta property=\"og:image:width\" content=\"873\" \/>\n\t<meta property=\"og:image:height\" content=\"1489\" \/>\n\t<meta property=\"og:image:type\" content=\"image\/jpeg\" \/>\n<meta name=\"twitter:card\" content=\"summary_large_image\" \/>\n<meta name=\"twitter:site\" content=\"@alvarellos_ed\" \/>\n<meta name=\"twitter:label1\" content=\"Tiempo de lectura\" \/>\n\t<meta name=\"twitter:data1\" content=\"1 minuto\" \/>\n<!-- \/ Yoast SEO plugin. -->","yoast_head_json":{"title":"Rosal\u00eda en familia - Alvarellos Editora","description":"Rosal\u00eda en familia. C\u00f3mprao na tenda en li\u00f1a de Alvarellos Editora.","robots":{"index":"index","follow":"follow","max-snippet":"max-snippet:-1","max-image-preview":"max-image-preview:large","max-video-preview":"max-video-preview:-1"},"canonical":"https:\/\/alvarelloseditora.gal\/es\/libro\/rosalia-en-familia\/","og_locale":"es_ES","og_type":"article","og_title":"Rosal\u00eda en familia - Alvarellos Editora","og_description":"Rosal\u00eda en familia. C\u00f3mprao na tenda en li\u00f1a de Alvarellos Editora.","og_url":"https:\/\/alvarelloseditora.gal\/es\/libro\/rosalia-en-familia\/","og_site_name":"Alvarellos Editora","article_publisher":"https:\/\/www.facebook.com\/alvarelloseditora","article_modified_time":"2025-02-10T08:54:26+00:00","og_image":[{"width":873,"height":1489,"url":"https:\/\/alvarelloseditora.gal\/wp-content\/uploads\/2025\/02\/Rosalia-en-familia.jpg","type":"image\/jpeg"}],"twitter_card":"summary_large_image","twitter_site":"@alvarellos_ed","twitter_misc":{"Tiempo de lectura":"1 minuto"},"schema":{"@context":"https:\/\/schema.org","@graph":[{"@type":["WebPage","ItemPage"],"@id":"https:\/\/alvarelloseditora.gal\/es\/libro\/rosalia-en-familia\/","url":"https:\/\/alvarelloseditora.gal\/es\/libro\/rosalia-en-familia\/","name":"Rosal\u00eda en familia - Alvarellos Editora","isPartOf":{"@id":"https:\/\/alvarelloseditora.gal\/#website"},"primaryImageOfPage":{"@id":"https:\/\/alvarelloseditora.gal\/es\/libro\/rosalia-en-familia\/#primaryimage"},"image":{"@id":"https:\/\/alvarelloseditora.gal\/es\/libro\/rosalia-en-familia\/#primaryimage"},"thumbnailUrl":"https:\/\/alvarelloseditora.gal\/wp-content\/uploads\/2025\/02\/Rosalia-en-familia-1.jpg","datePublished":"2025-02-07T12:21:11+00:00","dateModified":"2025-02-10T08:54:26+00:00","description":"Rosal\u00eda en familia. C\u00f3mprao na tenda en li\u00f1a de Alvarellos Editora.","breadcrumb":{"@id":"https:\/\/alvarelloseditora.gal\/es\/libro\/rosalia-en-familia\/#breadcrumb"},"inLanguage":"es","potentialAction":[{"@type":"ReadAction","target":["https:\/\/alvarelloseditora.gal\/es\/libro\/rosalia-en-familia\/"]}]},{"@type":"ImageObject","inLanguage":"es","@id":"https:\/\/alvarelloseditora.gal\/es\/libro\/rosalia-en-familia\/#primaryimage","url":"https:\/\/alvarelloseditora.gal\/wp-content\/uploads\/2025\/02\/Rosalia-en-familia-1.jpg","contentUrl":"https:\/\/alvarelloseditora.gal\/wp-content\/uploads\/2025\/02\/Rosalia-en-familia-1.jpg","width":873,"height":1433},{"@type":"BreadcrumbList","@id":"https:\/\/alvarelloseditora.gal\/es\/libro\/rosalia-en-familia\/#breadcrumb","itemListElement":[{"@type":"ListItem","position":1,"name":"Portada","item":"https:\/\/alvarelloseditora.gal\/"},{"@type":"ListItem","position":2,"name":"Tienda","item":"https:\/\/alvarelloseditora.gal\/es\/tienda\/"},{"@type":"ListItem","position":3,"name":"Rosal\u00eda en familia"}]},{"@type":"WebSite","@id":"https:\/\/alvarelloseditora.gal\/#website","url":"https:\/\/alvarelloseditora.gal\/","name":"Alvarellos Editora","description":"Libros para un mundo en tr\u00e1nsito","publisher":{"@id":"https:\/\/alvarelloseditora.gal\/#organization"},"potentialAction":[{"@type":"SearchAction","target":{"@type":"EntryPoint","urlTemplate":"https:\/\/alvarelloseditora.gal\/?s={search_term_string}"},"query-input":{"@type":"PropertyValueSpecification","valueRequired":true,"valueName":"search_term_string"}}],"inLanguage":"es"},{"@type":"Organization","@id":"https:\/\/alvarelloseditora.gal\/#organization","name":"Alvarellos Editora","url":"https:\/\/alvarelloseditora.gal\/","logo":{"@type":"ImageObject","inLanguage":"es","@id":"https:\/\/alvarelloseditora.gal\/#\/schema\/logo\/image\/","url":"https:\/\/alvarelloseditora.gal\/wp-content\/uploads\/2020\/02\/alv-icon.png","contentUrl":"https:\/\/alvarelloseditora.gal\/wp-content\/uploads\/2020\/02\/alv-icon.png","width":177,"height":175,"caption":"Alvarellos Editora"},"image":{"@id":"https:\/\/alvarelloseditora.gal\/#\/schema\/logo\/image\/"},"sameAs":["https:\/\/www.facebook.com\/alvarelloseditora","https:\/\/x.com\/alvarellos_ed"]}]}},"_links":{"self":[{"href":"https:\/\/alvarelloseditora.gal\/es\/wp-json\/wp\/v2\/product\/9411","targetHints":{"allow":["GET"]}}],"collection":[{"href":"https:\/\/alvarelloseditora.gal\/es\/wp-json\/wp\/v2\/product"}],"about":[{"href":"https:\/\/alvarelloseditora.gal\/es\/wp-json\/wp\/v2\/types\/product"}],"replies":[{"embeddable":true,"href":"https:\/\/alvarelloseditora.gal\/es\/wp-json\/wp\/v2\/comments?post=9411"}],"wp:featuredmedia":[{"embeddable":true,"href":"https:\/\/alvarelloseditora.gal\/es\/wp-json\/wp\/v2\/media\/9451"}],"wp:attachment":[{"href":"https:\/\/alvarelloseditora.gal\/es\/wp-json\/wp\/v2\/media?parent=9411"}],"wp:term":[{"taxonomy":"product_brand","embeddable":true,"href":"https:\/\/alvarelloseditora.gal\/es\/wp-json\/wp\/v2\/product_brand?post=9411"},{"taxonomy":"product_cat","embeddable":true,"href":"https:\/\/alvarelloseditora.gal\/es\/wp-json\/wp\/v2\/product_cat?post=9411"},{"taxonomy":"product_tag","embeddable":true,"href":"https:\/\/alvarelloseditora.gal\/es\/wp-json\/wp\/v2\/product_tag?post=9411"}],"curies":[{"name":"wp","href":"https:\/\/api.w.org\/{rel}","templated":true}]}}