{"id":9389,"date":"2025-02-07T12:43:45","date_gmt":"2025-02-07T11:43:45","guid":{"rendered":"https:\/\/alvarelloseditora.gal\/book\/que-habera-na-barriga-de-mama\/"},"modified":"2025-02-07T13:01:05","modified_gmt":"2025-02-07T12:01:05","slug":"que-habera-na-barriga-de-mama","status":"publish","type":"product","link":"https:\/\/alvarelloseditora.gal\/es\/libro\/que-habera-na-barriga-de-mama\/","title":{"rendered":"Que haber\u00e1 na barriga de mam\u00e1?"},"content":{"rendered":"<p><a href=\"https:\/\/alvarelloseditora.gal\/wp-content\/uploads\/2025\/02\/Ficha-GAL-BARRIGA-MAMA_2025-1.pdf\">Ficha-GAL-BARRIGA-MAMA_2025<\/a><\/p>\n<p><strong>Mostra de interior:<\/strong><\/p>\n<p><img loading=\"lazy\" decoding=\"async\" class=\"alignnone size-medium wp-image-9386\" src=\"https:\/\/alvarelloseditora.gal\/wp-content\/uploads\/2025\/02\/Interior-2-900x434.jpg\" alt=\"\" width=\"900\" height=\"434\" srcset=\"https:\/\/alvarelloseditora.gal\/wp-content\/uploads\/2025\/02\/Interior-2-900x434.jpg 900w, https:\/\/alvarelloseditora.gal\/wp-content\/uploads\/2025\/02\/Interior-2-160x77.jpg 160w, https:\/\/alvarelloseditora.gal\/wp-content\/uploads\/2025\/02\/Interior-2-768x371.jpg 768w, https:\/\/alvarelloseditora.gal\/wp-content\/uploads\/2025\/02\/Interior-2-1536x741.jpg 1536w, https:\/\/alvarelloseditora.gal\/wp-content\/uploads\/2025\/02\/Interior-2-330x159.jpg 330w, https:\/\/alvarelloseditora.gal\/wp-content\/uploads\/2025\/02\/Interior-2-600x289.jpg 600w, https:\/\/alvarelloseditora.gal\/wp-content\/uploads\/2025\/02\/Interior-2.jpg 1737w\" sizes=\"auto, (max-width: 900px) 100vw, 900px\" \/><\/p>\n<p><img loading=\"lazy\" decoding=\"async\" class=\"alignnone size-medium wp-image-9383\" src=\"https:\/\/alvarelloseditora.gal\/wp-content\/uploads\/2025\/02\/Interior-1-900x444.jpg\" alt=\"\" width=\"900\" height=\"444\" srcset=\"https:\/\/alvarelloseditora.gal\/wp-content\/uploads\/2025\/02\/Interior-1-900x444.jpg 900w, https:\/\/alvarelloseditora.gal\/wp-content\/uploads\/2025\/02\/Interior-1-160x79.jpg 160w, https:\/\/alvarelloseditora.gal\/wp-content\/uploads\/2025\/02\/Interior-1-768x379.jpg 768w, https:\/\/alvarelloseditora.gal\/wp-content\/uploads\/2025\/02\/Interior-1-1536x757.jpg 1536w, https:\/\/alvarelloseditora.gal\/wp-content\/uploads\/2025\/02\/Interior-1-330x163.jpg 330w, https:\/\/alvarelloseditora.gal\/wp-content\/uploads\/2025\/02\/Interior-1-600x296.jpg 600w, https:\/\/alvarelloseditora.gal\/wp-content\/uploads\/2025\/02\/Interior-1.jpg 1714w\" sizes=\"auto, (max-width: 900px) 100vw, 900px\" \/><\/p>\n","protected":false},"excerpt":{"rendered":"<p>Ana L\u00f3pez Quintela<br \/>\n&nbsp;<\/p>\n<p>32 pp. 22,5 x 21,5 cm<br \/>\nISBN: 978-84-18567-69-8<br \/>\nCapa dura. Cosido con f\u00edo vexetal<br \/>\nImpreso en papel ecol\u00f3xico.<\/p>\n<p>&nbsp;<\/p>\n<p>Segundo \u00e1lbum ilustrado creado por Ana L\u00f3pez Quintela, educadora infantil, despois de Na busca de Ant\u00f3n. Nesta historia co\u00f1eceremos unha familia. A protagonista, June, ten d\u00faas mam\u00e1s, e ter\u00e1 que descubrir que nace dentro da barriga da s\u00faa nai m\u00e1is cantareira&#8230;<\/p>\n<p>&nbsp;<\/p>\n<p>Idade de interese: + 3<br \/>\nNivel de lectura: +5<\/p>\n<p>&nbsp;<\/p>\n<p>Ficha-GAL-BARRIGA-MAMA_2025<\/p>\n<p>&nbsp;<\/p>\n<p>TEXTO CONTRACAPA<\/p>\n<p>Eu te\u00f1o d\u00faas mam\u00e1s, ben distintas por dentro e por f\u00f3ra.<br \/>\nHoxe ve\u00f1o contarvos unha historia moi divertida, sobre o que ti\u00f1a mi\u00f1a nai dentro da s\u00faa barriga.<\/p>\n<p>&nbsp;<\/p>\n<p>ARGUMENTO<\/p>\n<p>June, a protagonista deste marabilloso conto, ten d\u00faas mam\u00e1s. Ben diferentes entre elas. Un d\u00eda foron ao hospital e agora algo est\u00e1 a medrar no ventre da nai m\u00e1is cantareira, pero June non sabe o que \u00e9. Escoita \u00e1s mam\u00e1s falar da semente que est\u00e1 a medrar dentro, e ela ent\u00f3n pensa se ser\u00e1 un arando&#8230; unha cereixa&#8230; unha ameixa&#8230; un lim\u00f3n&#8230; un aguacate&#8230; ou unha manga. Ata que un d\u00eda descobre que \u00e9 o seu irm\u00e1n Teo a quen gardaba a s\u00faa mam\u00e1 na barriga, e con quen axi\u00f1a poder\u00e1 xogar.<\/p>\n<p>&nbsp;<\/p>\n<p>CLAVES PARA A LECTURA<\/p>\n<p> \tAs familias son diversas. Son n\u00facleos de afecto profundo e non te\u00f1en por que seguir modelos predeterminados. Nesta familia, d\u00faas son as mam\u00e1s da protagonista. Unha historia verdadeira que nace con June, a propia sobri\u00f1a de autora.<br \/>\n \tUn conto que nos mostra o desbordante que pode chegar a ser a imaxinaci\u00f3n na infancia.<br \/>\n \tContaxia a alegr\u00eda na descuberta da vida.<br \/>\n \tO \u00e1lbum, escrito en verso, seduce tam\u00e9n pola sinxeleza e inspiraci\u00f3n das s\u00faas orixinais ilustraci\u00f3ns.<\/p>\n<p>&nbsp;<\/p>\n<p>&nbsp;<\/p>\n<p>&nbsp;<\/p>\n","protected":false},"featured_media":9382,"comment_status":"closed","ping_status":"closed","template":"","meta":[],"product_brand":[],"product_cat":[110],"product_tag":[],"class_list":{"0":"post-9389","1":"product","2":"type-product","3":"status-publish","4":"has-post-thumbnail","6":"product_author-ana-lopez-quintela-es","7":"product_cat-verdemar-es","9":"first","10":"instock","11":"taxable","12":"shipping-taxable","13":"purchasable","14":"product-type-simple"},"yoast_head":"<!-- This site is optimized with the Yoast SEO plugin v27.3 - https:\/\/yoast.com\/product\/yoast-seo-wordpress\/ -->\n<title>Que haber\u00e1 na barriga de mam\u00e1? - Alvarellos Editora<\/title>\n<meta name=\"description\" content=\"Que haber\u00e1 na barriga de mam\u00e1?. C\u00f3mprao na tenda en li\u00f1a de Alvarellos Editora.\" \/>\n<meta name=\"robots\" content=\"index, follow, max-snippet:-1, max-image-preview:large, max-video-preview:-1\" \/>\n<link rel=\"canonical\" href=\"https:\/\/alvarelloseditora.gal\/es\/libro\/que-habera-na-barriga-de-mama\/\" \/>\n<meta property=\"og:locale\" content=\"es_ES\" \/>\n<meta property=\"og:type\" content=\"article\" \/>\n<meta property=\"og:title\" content=\"Que haber\u00e1 na barriga de mam\u00e1? - Alvarellos Editora\" \/>\n<meta property=\"og:description\" content=\"Que haber\u00e1 na barriga de mam\u00e1?. C\u00f3mprao na tenda en li\u00f1a de Alvarellos Editora.\" \/>\n<meta property=\"og:url\" content=\"https:\/\/alvarelloseditora.gal\/es\/libro\/que-habera-na-barriga-de-mama\/\" \/>\n<meta property=\"og:site_name\" content=\"Alvarellos Editora\" \/>\n<meta property=\"article:publisher\" content=\"https:\/\/www.facebook.com\/alvarelloseditora\" \/>\n<meta property=\"article:modified_time\" content=\"2025-02-07T12:01:05+00:00\" \/>\n<meta property=\"og:image\" content=\"https:\/\/alvarelloseditora.gal\/wp-content\/uploads\/2025\/02\/Que-habera-barriga-mama-scaled.jpg\" \/>\n\t<meta property=\"og:image:width\" content=\"2560\" \/>\n\t<meta property=\"og:image:height\" content=\"2386\" \/>\n\t<meta property=\"og:image:type\" content=\"image\/jpeg\" \/>\n<meta name=\"twitter:card\" content=\"summary_large_image\" \/>\n<meta name=\"twitter:site\" content=\"@alvarellos_ed\" \/>\n<meta name=\"twitter:label1\" content=\"Tiempo de lectura\" \/>\n\t<meta name=\"twitter:data1\" content=\"1 minuto\" \/>\n<!-- \/ Yoast SEO plugin. -->","yoast_head_json":{"title":"Que haber\u00e1 na barriga de mam\u00e1? - Alvarellos Editora","description":"Que haber\u00e1 na barriga de mam\u00e1?. C\u00f3mprao na tenda en li\u00f1a de Alvarellos Editora.","robots":{"index":"index","follow":"follow","max-snippet":"max-snippet:-1","max-image-preview":"max-image-preview:large","max-video-preview":"max-video-preview:-1"},"canonical":"https:\/\/alvarelloseditora.gal\/es\/libro\/que-habera-na-barriga-de-mama\/","og_locale":"es_ES","og_type":"article","og_title":"Que haber\u00e1 na barriga de mam\u00e1? - Alvarellos Editora","og_description":"Que haber\u00e1 na barriga de mam\u00e1?. C\u00f3mprao na tenda en li\u00f1a de Alvarellos Editora.","og_url":"https:\/\/alvarelloseditora.gal\/es\/libro\/que-habera-na-barriga-de-mama\/","og_site_name":"Alvarellos Editora","article_publisher":"https:\/\/www.facebook.com\/alvarelloseditora","article_modified_time":"2025-02-07T12:01:05+00:00","og_image":[{"width":2560,"height":2386,"url":"https:\/\/alvarelloseditora.gal\/wp-content\/uploads\/2025\/02\/Que-habera-barriga-mama-scaled.jpg","type":"image\/jpeg"}],"twitter_card":"summary_large_image","twitter_site":"@alvarellos_ed","twitter_misc":{"Tiempo de lectura":"1 minuto"},"schema":{"@context":"https:\/\/schema.org","@graph":[{"@type":["WebPage","ItemPage"],"@id":"https:\/\/alvarelloseditora.gal\/es\/libro\/que-habera-na-barriga-de-mama\/","url":"https:\/\/alvarelloseditora.gal\/es\/libro\/que-habera-na-barriga-de-mama\/","name":"Que haber\u00e1 na barriga de mam\u00e1? - Alvarellos Editora","isPartOf":{"@id":"https:\/\/alvarelloseditora.gal\/#website"},"primaryImageOfPage":{"@id":"https:\/\/alvarelloseditora.gal\/es\/libro\/que-habera-na-barriga-de-mama\/#primaryimage"},"image":{"@id":"https:\/\/alvarelloseditora.gal\/es\/libro\/que-habera-na-barriga-de-mama\/#primaryimage"},"thumbnailUrl":"https:\/\/alvarelloseditora.gal\/wp-content\/uploads\/2025\/02\/Que-habera-barriga-mama-scaled.jpg","datePublished":"2025-02-07T11:43:45+00:00","dateModified":"2025-02-07T12:01:05+00:00","description":"Que haber\u00e1 na barriga de mam\u00e1?. C\u00f3mprao na tenda en li\u00f1a de Alvarellos Editora.","breadcrumb":{"@id":"https:\/\/alvarelloseditora.gal\/es\/libro\/que-habera-na-barriga-de-mama\/#breadcrumb"},"inLanguage":"es","potentialAction":[{"@type":"ReadAction","target":["https:\/\/alvarelloseditora.gal\/es\/libro\/que-habera-na-barriga-de-mama\/"]}]},{"@type":"ImageObject","inLanguage":"es","@id":"https:\/\/alvarelloseditora.gal\/es\/libro\/que-habera-na-barriga-de-mama\/#primaryimage","url":"https:\/\/alvarelloseditora.gal\/wp-content\/uploads\/2025\/02\/Que-habera-barriga-mama-scaled.jpg","contentUrl":"https:\/\/alvarelloseditora.gal\/wp-content\/uploads\/2025\/02\/Que-habera-barriga-mama-scaled.jpg","width":2560,"height":2386},{"@type":"BreadcrumbList","@id":"https:\/\/alvarelloseditora.gal\/es\/libro\/que-habera-na-barriga-de-mama\/#breadcrumb","itemListElement":[{"@type":"ListItem","position":1,"name":"Portada","item":"https:\/\/alvarelloseditora.gal\/"},{"@type":"ListItem","position":2,"name":"Tienda","item":"https:\/\/alvarelloseditora.gal\/es\/tienda\/"},{"@type":"ListItem","position":3,"name":"Que haber\u00e1 na barriga de mam\u00e1?"}]},{"@type":"WebSite","@id":"https:\/\/alvarelloseditora.gal\/#website","url":"https:\/\/alvarelloseditora.gal\/","name":"Alvarellos Editora","description":"Libros para un mundo en tr\u00e1nsito","publisher":{"@id":"https:\/\/alvarelloseditora.gal\/#organization"},"potentialAction":[{"@type":"SearchAction","target":{"@type":"EntryPoint","urlTemplate":"https:\/\/alvarelloseditora.gal\/?s={search_term_string}"},"query-input":{"@type":"PropertyValueSpecification","valueRequired":true,"valueName":"search_term_string"}}],"inLanguage":"es"},{"@type":"Organization","@id":"https:\/\/alvarelloseditora.gal\/#organization","name":"Alvarellos Editora","url":"https:\/\/alvarelloseditora.gal\/","logo":{"@type":"ImageObject","inLanguage":"es","@id":"https:\/\/alvarelloseditora.gal\/#\/schema\/logo\/image\/","url":"https:\/\/alvarelloseditora.gal\/wp-content\/uploads\/2020\/02\/alv-icon.png","contentUrl":"https:\/\/alvarelloseditora.gal\/wp-content\/uploads\/2020\/02\/alv-icon.png","width":177,"height":175,"caption":"Alvarellos Editora"},"image":{"@id":"https:\/\/alvarelloseditora.gal\/#\/schema\/logo\/image\/"},"sameAs":["https:\/\/www.facebook.com\/alvarelloseditora","https:\/\/x.com\/alvarellos_ed"]}]}},"_links":{"self":[{"href":"https:\/\/alvarelloseditora.gal\/es\/wp-json\/wp\/v2\/product\/9389","targetHints":{"allow":["GET"]}}],"collection":[{"href":"https:\/\/alvarelloseditora.gal\/es\/wp-json\/wp\/v2\/product"}],"about":[{"href":"https:\/\/alvarelloseditora.gal\/es\/wp-json\/wp\/v2\/types\/product"}],"replies":[{"embeddable":true,"href":"https:\/\/alvarelloseditora.gal\/es\/wp-json\/wp\/v2\/comments?post=9389"}],"wp:featuredmedia":[{"embeddable":true,"href":"https:\/\/alvarelloseditora.gal\/es\/wp-json\/wp\/v2\/media\/9382"}],"wp:attachment":[{"href":"https:\/\/alvarelloseditora.gal\/es\/wp-json\/wp\/v2\/media?parent=9389"}],"wp:term":[{"taxonomy":"product_brand","embeddable":true,"href":"https:\/\/alvarelloseditora.gal\/es\/wp-json\/wp\/v2\/product_brand?post=9389"},{"taxonomy":"product_cat","embeddable":true,"href":"https:\/\/alvarelloseditora.gal\/es\/wp-json\/wp\/v2\/product_cat?post=9389"},{"taxonomy":"product_tag","embeddable":true,"href":"https:\/\/alvarelloseditora.gal\/es\/wp-json\/wp\/v2\/product_tag?post=9389"}],"curies":[{"name":"wp","href":"https:\/\/api.w.org\/{rel}","templated":true}]}}