{"id":9363,"date":"2025-02-07T10:19:38","date_gmt":"2025-02-07T09:19:38","guid":{"rendered":"https:\/\/alvarelloseditora.gal\/book\/cereixas-roubadas\/"},"modified":"2025-02-07T12:30:47","modified_gmt":"2025-02-07T11:30:47","slug":"cereixas-roubadas","status":"publish","type":"product","link":"https:\/\/alvarelloseditora.gal\/es\/libro\/cereixas-roubadas\/","title":{"rendered":"Cereixas roubadas"},"content":{"rendered":"<p><a href=\"https:\/\/alvarelloseditora.gal\/wp-content\/uploads\/2025\/02\/NP_C_CEREIXAS-ROUBADAS-XAN-2025.pdf\">NP_C_CEREIXAS-ROUBADAS-XAN-2025<\/a><\/p>\n<p><img loading=\"lazy\" decoding=\"async\" class=\"alignnone size-medium wp-image-9360\" src=\"https:\/\/alvarelloseditora.gal\/wp-content\/uploads\/2025\/02\/Comadres-das-Letras-2024-Foto-de-Eduardo-Navarro-2-900x675.jpg\" alt=\"\" width=\"900\" height=\"675\" srcset=\"https:\/\/alvarelloseditora.gal\/wp-content\/uploads\/2025\/02\/Comadres-das-Letras-2024-Foto-de-Eduardo-Navarro-2-900x675.jpg 900w, https:\/\/alvarelloseditora.gal\/wp-content\/uploads\/2025\/02\/Comadres-das-Letras-2024-Foto-de-Eduardo-Navarro-2-160x120.jpg 160w, https:\/\/alvarelloseditora.gal\/wp-content\/uploads\/2025\/02\/Comadres-das-Letras-2024-Foto-de-Eduardo-Navarro-2-768x576.jpg 768w, https:\/\/alvarelloseditora.gal\/wp-content\/uploads\/2025\/02\/Comadres-das-Letras-2024-Foto-de-Eduardo-Navarro-2-1536x1152.jpg 1536w, https:\/\/alvarelloseditora.gal\/wp-content\/uploads\/2025\/02\/Comadres-das-Letras-2024-Foto-de-Eduardo-Navarro-2-2048x1536.jpg 2048w, https:\/\/alvarelloseditora.gal\/wp-content\/uploads\/2025\/02\/Comadres-das-Letras-2024-Foto-de-Eduardo-Navarro-2-330x248.jpg 330w, https:\/\/alvarelloseditora.gal\/wp-content\/uploads\/2025\/02\/Comadres-das-Letras-2024-Foto-de-Eduardo-Navarro-2-600x450.jpg 600w\" sizes=\"auto, (max-width: 900px) 100vw, 900px\" \/><\/p>\n<p>Fotograf\u00eda de Eduardo Navarro.<\/p>\n<p>&nbsp;<\/p>\n<p><a href=\"https:\/\/alvarelloseditora.gal\/wp-content\/uploads\/2025\/02\/Caligrama-Barco-no-mar-CARMEN-VILLAR-libro-Cereixas-Roubadas-Alvarellos-ed-2025-1.pdf\">Caligrama-Barco-no-mar-CARMEN-VILLAR-libro-Cereixas-Roubadas-Alvarellos-ed-2025<\/a><\/p>\n<p>&nbsp;<\/p>\n<p><a href=\"https:\/\/alvarelloseditora.gal\/wp-content\/uploads\/2025\/02\/Caligrama-Papaventos-Carmen-Villar-libro-CEREIXAS-ROUBADAS-Alvarellos-Ed-2025.pdf\">Caligrama-Papaventos-Carmen-Villar-libro-CEREIXAS-ROUBADAS-Alvarellos-Ed-2025<\/a><\/p>\n","protected":false},"excerpt":{"rendered":"<p>Comadres das Letras<br \/>\n&nbsp;<\/p>\n<p>176 pp . 21 alto x 14 ancho<br \/>\nISBN 978-84-18567-68-1<br \/>\nPAPEL FSC Amigo de los Bosques<\/p>\n<p>&nbsp;<\/p>\n<p>El colectivo de escritura feminista Comadres das Letras regresa con una nueva y sugerente propuesta literaria. Trece voces firman sus creaciones en un homenaje, en verso y prosa, a la poeta Lu\u00edsa Villalta (A Coru\u00f1a, 1957-2004). La escritora y profesora Marga do Val firma el pr\u00f3logo.<\/p>\n<p>&nbsp;<\/p>\n<p>Las Comadres das Letras regresan con una nueva y sugerente propuesta literaria. Tras la publicaci\u00f3n de Cont\u00e1rmonos (Alvarellos Editora, 2023), en estas Cereixas roubadas, el colectivo de escritura feminista (formado al amparo de dos talleres literarios dirigidos por Eli R\u00edos y organizados por la AELG en colaboraci\u00f3n con el Concello de Santiago de Compostela) rinde homenaje a la autora Lu\u00edsa Villalta (A Coru\u00f1a, 1964-2004).<\/p>\n<p>&nbsp;<\/p>\n<p>Trece voces firman sus creaciones en textos que van del verso a la prosa, de los textos teatrales a los caligramas. Creaciones individuales y tambi\u00e9n colectivas, en una original propuesta que contin\u00faa la inspirada senda en com\u00fan trazada por las Comadres en el a\u00f1o 2023.<\/p>\n<p>&nbsp;<\/p>\n<p>Con pr\u00f3logo de Marga do Val.<\/p>\n<p>&nbsp;<\/p>\n<p>&nbsp;<\/p>\n<p>LAS AUTORAS<\/p>\n<p>Carmen Villar Alonso<br \/>\nIsabel Cribeiro<br \/>\nChus Prol<br \/>\nXulia Crego<br \/>\nM. C. Garc\u00eda<br \/>\nEva Teixeiro<br \/>\nNela Valado<br \/>\nMarisa de Corme<br \/>\nAna Barja<br \/>\nMar\u00eda \u00c1lvarez Landesa<br \/>\nMarta Abal Vaquero<br \/>\nFlora Miranda<br \/>\nMarga C. Castro<\/p>\n<p>&nbsp;<\/p>\n<p>&nbsp;<\/p>\n<p>&nbsp;<\/p>\n<p>&nbsp;<\/p>\n","protected":false},"featured_media":9359,"comment_status":"closed","ping_status":"closed","template":"","meta":[],"product_brand":[],"product_cat":[106],"product_tag":[],"class_list":{"0":"post-9363","1":"product","2":"type-product","3":"status-publish","4":"has-post-thumbnail","6":"product_cat-libros-do-sarela-es","8":"first","9":"instock","10":"taxable","11":"shipping-taxable","12":"purchasable","13":"product-type-simple"},"yoast_head":"<!-- This site is optimized with the Yoast SEO plugin v27.3 - https:\/\/yoast.com\/product\/yoast-seo-wordpress\/ -->\n<title>Cereixas roubadas - Alvarellos Editora<\/title>\n<meta name=\"description\" content=\"Cereixas roubadas. C\u00f3mprao na tenda en li\u00f1a de Alvarellos Editora.\" \/>\n<meta name=\"robots\" content=\"index, follow, max-snippet:-1, max-image-preview:large, max-video-preview:-1\" \/>\n<link rel=\"canonical\" href=\"https:\/\/alvarelloseditora.gal\/es\/libro\/cereixas-roubadas\/\" \/>\n<meta property=\"og:locale\" content=\"es_ES\" \/>\n<meta property=\"og:type\" content=\"article\" \/>\n<meta property=\"og:title\" content=\"Cereixas roubadas - Alvarellos Editora\" \/>\n<meta property=\"og:description\" content=\"Cereixas roubadas. C\u00f3mprao na tenda en li\u00f1a de Alvarellos Editora.\" \/>\n<meta property=\"og:url\" content=\"https:\/\/alvarelloseditora.gal\/es\/libro\/cereixas-roubadas\/\" \/>\n<meta property=\"og:site_name\" content=\"Alvarellos Editora\" \/>\n<meta property=\"article:publisher\" content=\"https:\/\/www.facebook.com\/alvarelloseditora\" \/>\n<meta property=\"article:modified_time\" content=\"2025-02-07T11:30:47+00:00\" \/>\n<meta property=\"og:image\" content=\"https:\/\/alvarelloseditora.gal\/wp-content\/uploads\/2025\/02\/Cereixas-roubadas-xan-2025.jpg\" \/>\n\t<meta property=\"og:image:width\" content=\"1734\" \/>\n\t<meta property=\"og:image:height\" content=\"2517\" \/>\n\t<meta property=\"og:image:type\" content=\"image\/jpeg\" \/>\n<meta name=\"twitter:card\" content=\"summary_large_image\" \/>\n<meta name=\"twitter:site\" content=\"@alvarellos_ed\" \/>\n<meta name=\"twitter:label1\" content=\"Tiempo de lectura\" \/>\n\t<meta name=\"twitter:data1\" content=\"1 minuto\" \/>\n<!-- \/ Yoast SEO plugin. -->","yoast_head_json":{"title":"Cereixas roubadas - Alvarellos Editora","description":"Cereixas roubadas. C\u00f3mprao na tenda en li\u00f1a de Alvarellos Editora.","robots":{"index":"index","follow":"follow","max-snippet":"max-snippet:-1","max-image-preview":"max-image-preview:large","max-video-preview":"max-video-preview:-1"},"canonical":"https:\/\/alvarelloseditora.gal\/es\/libro\/cereixas-roubadas\/","og_locale":"es_ES","og_type":"article","og_title":"Cereixas roubadas - Alvarellos Editora","og_description":"Cereixas roubadas. C\u00f3mprao na tenda en li\u00f1a de Alvarellos Editora.","og_url":"https:\/\/alvarelloseditora.gal\/es\/libro\/cereixas-roubadas\/","og_site_name":"Alvarellos Editora","article_publisher":"https:\/\/www.facebook.com\/alvarelloseditora","article_modified_time":"2025-02-07T11:30:47+00:00","og_image":[{"width":1734,"height":2517,"url":"https:\/\/alvarelloseditora.gal\/wp-content\/uploads\/2025\/02\/Cereixas-roubadas-xan-2025.jpg","type":"image\/jpeg"}],"twitter_card":"summary_large_image","twitter_site":"@alvarellos_ed","twitter_misc":{"Tiempo de lectura":"1 minuto"},"schema":{"@context":"https:\/\/schema.org","@graph":[{"@type":["WebPage","ItemPage"],"@id":"https:\/\/alvarelloseditora.gal\/es\/libro\/cereixas-roubadas\/","url":"https:\/\/alvarelloseditora.gal\/es\/libro\/cereixas-roubadas\/","name":"Cereixas roubadas - Alvarellos Editora","isPartOf":{"@id":"https:\/\/alvarelloseditora.gal\/#website"},"primaryImageOfPage":{"@id":"https:\/\/alvarelloseditora.gal\/es\/libro\/cereixas-roubadas\/#primaryimage"},"image":{"@id":"https:\/\/alvarelloseditora.gal\/es\/libro\/cereixas-roubadas\/#primaryimage"},"thumbnailUrl":"https:\/\/alvarelloseditora.gal\/wp-content\/uploads\/2025\/02\/Cereixas-roubadas-xan-2025.jpg","datePublished":"2025-02-07T09:19:38+00:00","dateModified":"2025-02-07T11:30:47+00:00","description":"Cereixas roubadas. C\u00f3mprao na tenda en li\u00f1a de Alvarellos Editora.","breadcrumb":{"@id":"https:\/\/alvarelloseditora.gal\/es\/libro\/cereixas-roubadas\/#breadcrumb"},"inLanguage":"es","potentialAction":[{"@type":"ReadAction","target":["https:\/\/alvarelloseditora.gal\/es\/libro\/cereixas-roubadas\/"]}]},{"@type":"ImageObject","inLanguage":"es","@id":"https:\/\/alvarelloseditora.gal\/es\/libro\/cereixas-roubadas\/#primaryimage","url":"https:\/\/alvarelloseditora.gal\/wp-content\/uploads\/2025\/02\/Cereixas-roubadas-xan-2025.jpg","contentUrl":"https:\/\/alvarelloseditora.gal\/wp-content\/uploads\/2025\/02\/Cereixas-roubadas-xan-2025.jpg","width":1734,"height":2517},{"@type":"BreadcrumbList","@id":"https:\/\/alvarelloseditora.gal\/es\/libro\/cereixas-roubadas\/#breadcrumb","itemListElement":[{"@type":"ListItem","position":1,"name":"Portada","item":"https:\/\/alvarelloseditora.gal\/"},{"@type":"ListItem","position":2,"name":"Tienda","item":"https:\/\/alvarelloseditora.gal\/es\/tienda\/"},{"@type":"ListItem","position":3,"name":"Cereixas roubadas"}]},{"@type":"WebSite","@id":"https:\/\/alvarelloseditora.gal\/#website","url":"https:\/\/alvarelloseditora.gal\/","name":"Alvarellos Editora","description":"Libros para un mundo en tr\u00e1nsito","publisher":{"@id":"https:\/\/alvarelloseditora.gal\/#organization"},"potentialAction":[{"@type":"SearchAction","target":{"@type":"EntryPoint","urlTemplate":"https:\/\/alvarelloseditora.gal\/?s={search_term_string}"},"query-input":{"@type":"PropertyValueSpecification","valueRequired":true,"valueName":"search_term_string"}}],"inLanguage":"es"},{"@type":"Organization","@id":"https:\/\/alvarelloseditora.gal\/#organization","name":"Alvarellos Editora","url":"https:\/\/alvarelloseditora.gal\/","logo":{"@type":"ImageObject","inLanguage":"es","@id":"https:\/\/alvarelloseditora.gal\/#\/schema\/logo\/image\/","url":"https:\/\/alvarelloseditora.gal\/wp-content\/uploads\/2020\/02\/alv-icon.png","contentUrl":"https:\/\/alvarelloseditora.gal\/wp-content\/uploads\/2020\/02\/alv-icon.png","width":177,"height":175,"caption":"Alvarellos Editora"},"image":{"@id":"https:\/\/alvarelloseditora.gal\/#\/schema\/logo\/image\/"},"sameAs":["https:\/\/www.facebook.com\/alvarelloseditora","https:\/\/x.com\/alvarellos_ed"]}]}},"_links":{"self":[{"href":"https:\/\/alvarelloseditora.gal\/es\/wp-json\/wp\/v2\/product\/9363","targetHints":{"allow":["GET"]}}],"collection":[{"href":"https:\/\/alvarelloseditora.gal\/es\/wp-json\/wp\/v2\/product"}],"about":[{"href":"https:\/\/alvarelloseditora.gal\/es\/wp-json\/wp\/v2\/types\/product"}],"replies":[{"embeddable":true,"href":"https:\/\/alvarelloseditora.gal\/es\/wp-json\/wp\/v2\/comments?post=9363"}],"wp:featuredmedia":[{"embeddable":true,"href":"https:\/\/alvarelloseditora.gal\/es\/wp-json\/wp\/v2\/media\/9359"}],"wp:attachment":[{"href":"https:\/\/alvarelloseditora.gal\/es\/wp-json\/wp\/v2\/media?parent=9363"}],"wp:term":[{"taxonomy":"product_brand","embeddable":true,"href":"https:\/\/alvarelloseditora.gal\/es\/wp-json\/wp\/v2\/product_brand?post=9363"},{"taxonomy":"product_cat","embeddable":true,"href":"https:\/\/alvarelloseditora.gal\/es\/wp-json\/wp\/v2\/product_cat?post=9363"},{"taxonomy":"product_tag","embeddable":true,"href":"https:\/\/alvarelloseditora.gal\/es\/wp-json\/wp\/v2\/product_tag?post=9363"}],"curies":[{"name":"wp","href":"https:\/\/api.w.org\/{rel}","templated":true}]}}