{"id":9274,"date":"2024-11-22T11:09:18","date_gmt":"2024-11-22T10:09:18","guid":{"rendered":"https:\/\/alvarelloseditora.gal\/book\/piueiro-caderno-da-tripulacion\/"},"modified":"2024-11-22T11:35:43","modified_gmt":"2024-11-22T10:35:43","slug":"piueiro-caderno-da-tripulacion","status":"publish","type":"product","link":"https:\/\/alvarelloseditora.gal\/es\/libro\/piueiro-caderno-da-tripulacion\/","title":{"rendered":"Piueiro. Caderno da Tripulaci\u00f3n"},"content":{"rendered":"<p><a href=\"https:\/\/alvarelloseditora.gal\/wp-content\/uploads\/2024\/11\/NP_GAL_PIUEIRO_Alvarellos_ed_2024-1.pdf\">NP_GAL_PIUEIRO_Alvarellos_ed_2024<\/a><\/p>\n<p><a href=\"https:\/\/alvarelloseditora.gal\/wp-content\/uploads\/2024\/11\/NP_ESP_PIUEIRO_Alvarellos_ed_2024-1.pdf\">NP_ESP_PIUEIRO_Alvarellos_ed_2024<\/a><\/p>\n<p><strong>Ver muestra interior:<\/strong><\/p>\n<p>&nbsp;<\/p>\n<p><img loading=\"lazy\" decoding=\"async\" class=\"alignnone size-medium wp-image-9252\" src=\"https:\/\/alvarelloseditora.gal\/wp-content\/uploads\/2024\/11\/1-900x530.jpg\" alt=\"\" width=\"900\" height=\"530\" srcset=\"https:\/\/alvarelloseditora.gal\/wp-content\/uploads\/2024\/11\/1-900x530.jpg 900w, https:\/\/alvarelloseditora.gal\/wp-content\/uploads\/2024\/11\/1-160x94.jpg 160w, https:\/\/alvarelloseditora.gal\/wp-content\/uploads\/2024\/11\/1-768x452.jpg 768w, https:\/\/alvarelloseditora.gal\/wp-content\/uploads\/2024\/11\/1-330x194.jpg 330w, https:\/\/alvarelloseditora.gal\/wp-content\/uploads\/2024\/11\/1-600x353.jpg 600w, https:\/\/alvarelloseditora.gal\/wp-content\/uploads\/2024\/11\/1.jpg 1492w\" sizes=\"auto, (max-width: 900px) 100vw, 900px\" \/> <img loading=\"lazy\" decoding=\"async\" class=\"alignnone size-medium wp-image-9255\" src=\"https:\/\/alvarelloseditora.gal\/wp-content\/uploads\/2024\/11\/2-900x528.jpg\" alt=\"\" width=\"900\" height=\"528\" srcset=\"https:\/\/alvarelloseditora.gal\/wp-content\/uploads\/2024\/11\/2-900x528.jpg 900w, https:\/\/alvarelloseditora.gal\/wp-content\/uploads\/2024\/11\/2-160x94.jpg 160w, https:\/\/alvarelloseditora.gal\/wp-content\/uploads\/2024\/11\/2-768x450.jpg 768w, https:\/\/alvarelloseditora.gal\/wp-content\/uploads\/2024\/11\/2-330x193.jpg 330w, https:\/\/alvarelloseditora.gal\/wp-content\/uploads\/2024\/11\/2-600x352.jpg 600w, https:\/\/alvarelloseditora.gal\/wp-content\/uploads\/2024\/11\/2.jpg 1486w\" sizes=\"auto, (max-width: 900px) 100vw, 900px\" \/><img loading=\"lazy\" decoding=\"async\" class=\"alignnone size-medium wp-image-9258\" src=\"https:\/\/alvarelloseditora.gal\/wp-content\/uploads\/2024\/11\/3-900x534.jpg\" alt=\"\" width=\"900\" height=\"534\" srcset=\"https:\/\/alvarelloseditora.gal\/wp-content\/uploads\/2024\/11\/3-900x534.jpg 900w, https:\/\/alvarelloseditora.gal\/wp-content\/uploads\/2024\/11\/3-160x95.jpg 160w, https:\/\/alvarelloseditora.gal\/wp-content\/uploads\/2024\/11\/3-768x455.jpg 768w, https:\/\/alvarelloseditora.gal\/wp-content\/uploads\/2024\/11\/3-330x196.jpg 330w, https:\/\/alvarelloseditora.gal\/wp-content\/uploads\/2024\/11\/3-600x356.jpg 600w, https:\/\/alvarelloseditora.gal\/wp-content\/uploads\/2024\/11\/3.jpg 1477w\" sizes=\"auto, (max-width: 900px) 100vw, 900px\" \/><\/p>\n<p>&nbsp;<\/p>\n<p><strong>Manuel \u00c1lvarez y Marta Dacosta (fotograf\u00edas de Manuel \u00c1lvarez)<\/strong><\/p>\n<p><img loading=\"lazy\" decoding=\"async\" class=\"alignnone size-full wp-image-9251\" src=\"https:\/\/alvarelloseditora.gal\/wp-content\/uploads\/2024\/11\/Manuel-Alvarez-e-Marta-Dacosta.jpg\" alt=\"\" width=\"844\" height=\"609\" srcset=\"https:\/\/alvarelloseditora.gal\/wp-content\/uploads\/2024\/11\/Manuel-Alvarez-e-Marta-Dacosta.jpg 844w, https:\/\/alvarelloseditora.gal\/wp-content\/uploads\/2024\/11\/Manuel-Alvarez-e-Marta-Dacosta-160x115.jpg 160w, https:\/\/alvarelloseditora.gal\/wp-content\/uploads\/2024\/11\/Manuel-Alvarez-e-Marta-Dacosta-768x554.jpg 768w, https:\/\/alvarelloseditora.gal\/wp-content\/uploads\/2024\/11\/Manuel-Alvarez-e-Marta-Dacosta-330x238.jpg 330w, https:\/\/alvarelloseditora.gal\/wp-content\/uploads\/2024\/11\/Manuel-Alvarez-e-Marta-Dacosta-600x433.jpg 600w\" sizes=\"auto, (max-width: 844px) 100vw, 844px\" \/><\/p>\n","protected":false},"excerpt":{"rendered":"<p>Manuel \u00c1lvarez<br \/>\nMarta Dacosta<br \/>\n&nbsp;<\/p>\n<p>64 pp . 22 x 27 cms.<br \/>\nISBN 978-84-18567-67-4<br \/>\nImpreso en papel amigo de los bosques<br \/>\nCosido con hilo vegetal<br \/>\nEntapado con sobrecubierta<\/p>\n<p>&nbsp;<\/p>\n<p>Impactante y cuidadosamente ilustrado volumen que rinde homenaje, a trav\u00e9s de veinte retratos del fot\u00f3grafo Manuel \u00c1lvarez y de los versos de Marta Dacosta, al mundo marinero de A Guarda. Un proyecto gr\u00e1fico y de memoria impulsado por la \u00a0Asociaci\u00f3n Piueiro.<\/p>\n<p>&nbsp;<\/p>\n<p>Piueiro. Caderno da Tripulaci\u00f3n (Alvarellos Editora) es una obra muy singular, un proyecto que nace de la imaginaci\u00f3n del fot\u00f3grafo Manuel \u00c1lvarez \u00c1lvarez (A Guarda, 1954) y que cuenta con los inspirados y rotundos versos de Marta Dacosta (Vigo, 1966).<\/p>\n<p>&nbsp;<\/p>\n<p>Se trata de un libro gr\u00e1fico, en una edici\u00f3n muy cuidada, que re\u00fane los rostros de 20 personajes conocidos del mundo del mar de A Guarda. El fot\u00f3grafo Manuel \u00c1lvarez rescata estos rostros como un ejercicio de resistencia, una lucha contra el olvido y contra todo el patrimonio perdido. Son veinte im\u00e1genes que retratan a marineros conocidos y actuales de A Guarda. Junto a ellos, los poemas de Marta Dacosta. Y, adem\u00e1s, este volumen cuenta con la colaboraci\u00f3n del historiador Joaqu\u00edn Miguel Villa \u00c1lvarez y de uno de los retratados, el patr\u00f3n de pesca Xaqu\u00edn Cadilla.<\/p>\n<p>&nbsp;<\/p>\n<p>El historiador Villa \u00c1lvarez afirma sobre los protagonistas fotografiados: \u201cCualquiera de ellos pudo ser Jos\u00e9 Cadilla Bochechudo, Bartolom\u00e9 Pacheco Pedepunta o Jos\u00e9 da Lomba Reichiquito, marineros de Guarda en 1753 (&#8230;). Todos ellos han sentido y sienten rabia por la dureza de su trabajo, las inclemencias del tiempo o la inseguridad que provoca la pesca como forma de vida. Una ira muchas veces contenida en el interior, que forja un car\u00e1cter duro, seco, parco en las palabras\u201d.<\/p>\n<p>&nbsp;<\/p>\n<p>El fot\u00f3grafo y art\u00edfice de la obra, Manuel \u00c1lvarez, la imagina como un Cuaderno de la Tripulaci\u00f3n, unas notas que se han salvado de un hundimiento: \u201cDe este pecio imaginario sobreviven en cierta medida en el cuaderno de la tripulaci\u00f3n algunos componentes reencarnados. En esta ficci\u00f3n del cuaderno de bit\u00e1cora, con anotaciones al margen, se detallan los nombres de quienes, como Jon\u00e1s, quedaron dentro del vientre de la ballena\u201d.<\/p>\n<p>&nbsp;<\/p>\n<p>Para la poeta Marta Dacosta \u201ccrear textos po\u00e9ticos para las im\u00e1genes de Manuel \u00c1lvarez ha sido un desaf\u00edo que todav\u00eda me produce v\u00e9rtigo. Pero el di\u00e1logo constante que tuvimos ayud\u00f3 a que la palabra aterrizara en ese ejercicio de contenci\u00f3n, de sonoridad, de juego y tambi\u00e9n de dise\u00f1o del espacio que ocupa el verso. Debo agradecerle la confianza que me mostr\u00f3 y que, con su propuesta, me haya llevado a pensar e investigar hasta darle forma a este mallante\u00bb.<\/p>\n<p>&nbsp;<\/p>\n<p>HOMENAJE P\u00d3STUMO A MINXOS<br \/>\nEl volumen rinde homenaje p\u00f3stumo a Domingo Carrero \u00c1lvarez, Minxos, maestro carpintero de ribera del Baixo Mi\u00f1o, gracias a \u00e9l fue posible construir la embarcaci\u00f3n Piueiro en 2019. Con m\u00e1s de 92 a\u00f1os, era memoria viva, heredada de su padre y abuelo, para recuperar un barco emblem\u00e1tico de este municipio.<\/p>\n<p>&nbsp;<\/p>\n<p>&nbsp;<\/p>\n<p>&nbsp;<\/p>\n","protected":false},"featured_media":9266,"comment_status":"closed","ping_status":"closed","template":"","meta":[],"product_brand":[],"product_cat":[104],"product_tag":[],"class_list":{"0":"post-9274","1":"product","2":"type-product","3":"status-publish","4":"has-post-thumbnail","6":"product_cat-ilustrada-es","8":"first","9":"instock","10":"taxable","11":"shipping-taxable","12":"purchasable","13":"product-type-simple"},"yoast_head":"<!-- This site is optimized with the Yoast SEO plugin v27.4 - https:\/\/yoast.com\/product\/yoast-seo-wordpress\/ -->\n<title>Piueiro. Caderno da Tripulaci\u00f3n - Alvarellos Editora<\/title>\n<meta name=\"description\" content=\"Piueiro. Caderno da Tripulaci\u00f3n. C\u00f3mprao na tenda en li\u00f1a de Alvarellos Editora.\" \/>\n<meta name=\"robots\" content=\"index, follow, max-snippet:-1, max-image-preview:large, max-video-preview:-1\" \/>\n<link rel=\"canonical\" href=\"https:\/\/alvarelloseditora.gal\/es\/libro\/piueiro-caderno-da-tripulacion\/\" \/>\n<meta property=\"og:locale\" content=\"es_ES\" \/>\n<meta property=\"og:type\" content=\"article\" \/>\n<meta property=\"og:title\" content=\"Piueiro. Caderno da Tripulaci\u00f3n - Alvarellos Editora\" \/>\n<meta property=\"og:description\" content=\"Piueiro. Caderno da Tripulaci\u00f3n. C\u00f3mprao na tenda en li\u00f1a de Alvarellos Editora.\" \/>\n<meta property=\"og:url\" content=\"https:\/\/alvarelloseditora.gal\/es\/libro\/piueiro-caderno-da-tripulacion\/\" \/>\n<meta property=\"og:site_name\" content=\"Alvarellos Editora\" \/>\n<meta property=\"article:publisher\" content=\"https:\/\/www.facebook.com\/alvarelloseditora\" \/>\n<meta property=\"article:modified_time\" content=\"2024-11-22T10:35:43+00:00\" \/>\n<meta property=\"og:image\" content=\"https:\/\/alvarelloseditora.gal\/wp-content\/uploads\/2024\/11\/Piueiro-Caderno-da-Tripulacion-alvarellos-ed-2024-scaled.jpg\" \/>\n\t<meta property=\"og:image:width\" content=\"2029\" \/>\n\t<meta property=\"og:image:height\" content=\"2560\" \/>\n\t<meta property=\"og:image:type\" content=\"image\/jpeg\" \/>\n<meta name=\"twitter:card\" content=\"summary_large_image\" \/>\n<meta name=\"twitter:site\" content=\"@alvarellos_ed\" \/>\n<meta name=\"twitter:label1\" content=\"Tiempo de lectura\" \/>\n\t<meta name=\"twitter:data1\" content=\"2 minutos\" \/>\n<!-- \/ Yoast SEO plugin. -->","yoast_head_json":{"title":"Piueiro. Caderno da Tripulaci\u00f3n - Alvarellos Editora","description":"Piueiro. Caderno da Tripulaci\u00f3n. C\u00f3mprao na tenda en li\u00f1a de Alvarellos Editora.","robots":{"index":"index","follow":"follow","max-snippet":"max-snippet:-1","max-image-preview":"max-image-preview:large","max-video-preview":"max-video-preview:-1"},"canonical":"https:\/\/alvarelloseditora.gal\/es\/libro\/piueiro-caderno-da-tripulacion\/","og_locale":"es_ES","og_type":"article","og_title":"Piueiro. Caderno da Tripulaci\u00f3n - Alvarellos Editora","og_description":"Piueiro. Caderno da Tripulaci\u00f3n. C\u00f3mprao na tenda en li\u00f1a de Alvarellos Editora.","og_url":"https:\/\/alvarelloseditora.gal\/es\/libro\/piueiro-caderno-da-tripulacion\/","og_site_name":"Alvarellos Editora","article_publisher":"https:\/\/www.facebook.com\/alvarelloseditora","article_modified_time":"2024-11-22T10:35:43+00:00","og_image":[{"width":2029,"height":2560,"url":"https:\/\/alvarelloseditora.gal\/wp-content\/uploads\/2024\/11\/Piueiro-Caderno-da-Tripulacion-alvarellos-ed-2024-scaled.jpg","type":"image\/jpeg"}],"twitter_card":"summary_large_image","twitter_site":"@alvarellos_ed","twitter_misc":{"Tiempo de lectura":"2 minutos"},"schema":{"@context":"https:\/\/schema.org","@graph":[{"@type":["WebPage","ItemPage"],"@id":"https:\/\/alvarelloseditora.gal\/es\/libro\/piueiro-caderno-da-tripulacion\/","url":"https:\/\/alvarelloseditora.gal\/es\/libro\/piueiro-caderno-da-tripulacion\/","name":"Piueiro. Caderno da Tripulaci\u00f3n - Alvarellos Editora","isPartOf":{"@id":"https:\/\/alvarelloseditora.gal\/#website"},"primaryImageOfPage":{"@id":"https:\/\/alvarelloseditora.gal\/es\/libro\/piueiro-caderno-da-tripulacion\/#primaryimage"},"image":{"@id":"https:\/\/alvarelloseditora.gal\/es\/libro\/piueiro-caderno-da-tripulacion\/#primaryimage"},"thumbnailUrl":"https:\/\/alvarelloseditora.gal\/wp-content\/uploads\/2024\/11\/Piueiro-Caderno-da-Tripulacion-alvarellos-ed-2024-scaled.jpg","datePublished":"2024-11-22T10:09:18+00:00","dateModified":"2024-11-22T10:35:43+00:00","description":"Piueiro. Caderno da Tripulaci\u00f3n. C\u00f3mprao na tenda en li\u00f1a de Alvarellos Editora.","breadcrumb":{"@id":"https:\/\/alvarelloseditora.gal\/es\/libro\/piueiro-caderno-da-tripulacion\/#breadcrumb"},"inLanguage":"es","potentialAction":[{"@type":"ReadAction","target":["https:\/\/alvarelloseditora.gal\/es\/libro\/piueiro-caderno-da-tripulacion\/"]}]},{"@type":"ImageObject","inLanguage":"es","@id":"https:\/\/alvarelloseditora.gal\/es\/libro\/piueiro-caderno-da-tripulacion\/#primaryimage","url":"https:\/\/alvarelloseditora.gal\/wp-content\/uploads\/2024\/11\/Piueiro-Caderno-da-Tripulacion-alvarellos-ed-2024-scaled.jpg","contentUrl":"https:\/\/alvarelloseditora.gal\/wp-content\/uploads\/2024\/11\/Piueiro-Caderno-da-Tripulacion-alvarellos-ed-2024-scaled.jpg","width":2029,"height":2560},{"@type":"BreadcrumbList","@id":"https:\/\/alvarelloseditora.gal\/es\/libro\/piueiro-caderno-da-tripulacion\/#breadcrumb","itemListElement":[{"@type":"ListItem","position":1,"name":"Portada","item":"https:\/\/alvarelloseditora.gal\/"},{"@type":"ListItem","position":2,"name":"Tienda","item":"https:\/\/alvarelloseditora.gal\/es\/tienda\/"},{"@type":"ListItem","position":3,"name":"Piueiro. Caderno da Tripulaci\u00f3n"}]},{"@type":"WebSite","@id":"https:\/\/alvarelloseditora.gal\/#website","url":"https:\/\/alvarelloseditora.gal\/","name":"Alvarellos Editora","description":"Libros para un mundo en tr\u00e1nsito","publisher":{"@id":"https:\/\/alvarelloseditora.gal\/#organization"},"potentialAction":[{"@type":"SearchAction","target":{"@type":"EntryPoint","urlTemplate":"https:\/\/alvarelloseditora.gal\/?s={search_term_string}"},"query-input":{"@type":"PropertyValueSpecification","valueRequired":true,"valueName":"search_term_string"}}],"inLanguage":"es"},{"@type":"Organization","@id":"https:\/\/alvarelloseditora.gal\/#organization","name":"Alvarellos Editora","url":"https:\/\/alvarelloseditora.gal\/","logo":{"@type":"ImageObject","inLanguage":"es","@id":"https:\/\/alvarelloseditora.gal\/#\/schema\/logo\/image\/","url":"https:\/\/alvarelloseditora.gal\/wp-content\/uploads\/2020\/02\/alv-icon.png","contentUrl":"https:\/\/alvarelloseditora.gal\/wp-content\/uploads\/2020\/02\/alv-icon.png","width":177,"height":175,"caption":"Alvarellos Editora"},"image":{"@id":"https:\/\/alvarelloseditora.gal\/#\/schema\/logo\/image\/"},"sameAs":["https:\/\/www.facebook.com\/alvarelloseditora","https:\/\/x.com\/alvarellos_ed"]}]}},"_links":{"self":[{"href":"https:\/\/alvarelloseditora.gal\/es\/wp-json\/wp\/v2\/product\/9274","targetHints":{"allow":["GET"]}}],"collection":[{"href":"https:\/\/alvarelloseditora.gal\/es\/wp-json\/wp\/v2\/product"}],"about":[{"href":"https:\/\/alvarelloseditora.gal\/es\/wp-json\/wp\/v2\/types\/product"}],"replies":[{"embeddable":true,"href":"https:\/\/alvarelloseditora.gal\/es\/wp-json\/wp\/v2\/comments?post=9274"}],"wp:featuredmedia":[{"embeddable":true,"href":"https:\/\/alvarelloseditora.gal\/es\/wp-json\/wp\/v2\/media\/9266"}],"wp:attachment":[{"href":"https:\/\/alvarelloseditora.gal\/es\/wp-json\/wp\/v2\/media?parent=9274"}],"wp:term":[{"taxonomy":"product_brand","embeddable":true,"href":"https:\/\/alvarelloseditora.gal\/es\/wp-json\/wp\/v2\/product_brand?post=9274"},{"taxonomy":"product_cat","embeddable":true,"href":"https:\/\/alvarelloseditora.gal\/es\/wp-json\/wp\/v2\/product_cat?post=9274"},{"taxonomy":"product_tag","embeddable":true,"href":"https:\/\/alvarelloseditora.gal\/es\/wp-json\/wp\/v2\/product_tag?post=9274"}],"curies":[{"name":"wp","href":"https:\/\/api.w.org\/{rel}","templated":true}]}}