{"id":9205,"date":"2024-10-22T10:50:36","date_gmt":"2024-10-22T08:50:36","guid":{"rendered":"https:\/\/alvarelloseditora.gal\/book\/primeiro-foi-galicia\/"},"modified":"2024-10-31T12:35:48","modified_gmt":"2024-10-31T11:35:48","slug":"primeiro-foi-galicia","status":"publish","type":"product","link":"https:\/\/alvarelloseditora.gal\/es\/libro\/primeiro-foi-galicia\/","title":{"rendered":"Primeiro foi Galicia"},"content":{"rendered":"<p><a href=\"https:\/\/alvarelloseditora.gal\/wp-content\/uploads\/2024\/09\/NP_G_Primeiro-Foi-Galicia-Mendez-Ferrin-out-2024-1.pdf\">NP_G_Primeiro-Foi-Galicia-M\u00e9ndez-Ferr\u00edn-out-2024<\/a><\/p>\n","protected":false},"excerpt":{"rendered":"<p>X. L. M\u00e9ndez Ferr\u00edn<br \/>\n&nbsp;<\/p>\n<p>106 pp . 12 x 19 cms.<br \/>\nISBN 978-84-18567-62-9<br \/>\nPAPEL FSC Amigo dos Bosques<\/p>\n<p>&nbsp;<\/p>\n<p>Despois da publicaci\u00f3n do volume Castelao \u00e9 noso, presentamos Primeiro foi Galicia, unha nova reuni\u00f3n de textos ensa\u00edsticos de X. L. M\u00e9ndez Ferr\u00edn onde o gran escritor e pensador reflexiona sobre as hist\u00f3ricas relaci\u00f3ns (e silencios) entre Galicia e Portugal, e sobre a importancia do reino Suevo na Gallaecia.<\/p>\n<p>&nbsp;<\/p>\n<p>Despois da publicaci\u00f3n do volume Castelao \u00e9 noso (Alvarellos Editora, ver\u00e1n 2024), rescatamos desta volta Primeiro foi Galicia, unha nova serie de magn\u00edficos artigos \u2013ou pequenos ensaios\u2013 de X. L. M\u00e9ndez Ferr\u00edn. Tr\u00e1tase, tam\u00e9n, dunha reuni\u00f3n de textos que tiveran unha primeira vida como publicaci\u00f3ns semanais no Faro de Vigo na c\u00e9lebre serie denominada No Fondo dos Espellos (que o gran autor mantivo activa entre 2007 e 2020) e unha segunda existencia, xa en formato de opera omnia, baixo a edici\u00f3n da Universidade de Vigo, en tres volumes sa\u00eddos do prelo entre 2020 e 2022, nunha edici\u00f3n ao coidado do profesor e investigador Fernando Ramallo, catedr\u00e1tico de Ling\u00fc\u00edstica Xeral da Universidade de Vigo.<\/p>\n<p>&nbsp;<\/p>\n<p>Se ben na anterior ocasi\u00f3n Ferr\u00edn centr\u00e1base na manipulaci\u00f3n \u00e1 que foi sometida a figura e o pensamento pol\u00edticos de Daniel Castelao ao longo do s\u00e9culo XX e XXI, agora son obxecto destas p\u00e1xinas, por unha banda, as relaci\u00f3ns hist\u00f3ricas (e silencios) entre Galicia e Portugal, e viceversa, textos reunidos baixo o significativo ep\u00edgrafe \u00abLonxe de n\u00f3s e dentro: Portugal\u00bb; e un segundo apartado, titulado \u00abGallaecia suevica\u00bb, no que o autor aborda a relevancia do estado que, no s\u00e9culo V, ergueron na Gallaecia os suevos, con capital en Bracara Augusta, actual Braga. O primeiro reino da Europa despois da desaparici\u00f3n do Imperio romano.<\/p>\n<p>&nbsp;<\/p>\n<p>Todos os textos foron revisados de novo polo autor, nunha edici\u00f3n que volve estar ao coidado de Fernando Ramallo.<\/p>\n<p>&nbsp;<\/p>\n<p>Estamos convencidos de que este Primeiro foi Galicia ped\u00eda unha edici\u00f3n propia e nova. A s\u00faa calidade e orixinalidade, e o xeito en que estes textos axitan o noso pensamento cr\u00edtico, ha seducir unha vez m\u00e1is o p\u00fablico lector.<\/p>\n<p>&nbsp;<\/p>\n<p>NP_G_Primeiro-Foi-Galicia-M\u00e9ndez-Ferr\u00edn-out-2024<\/p>\n<p>&nbsp;<\/p>\n","protected":false},"featured_media":9165,"comment_status":"closed","ping_status":"closed","template":"","meta":[],"product_brand":[],"product_cat":[1872],"product_tag":[],"class_list":{"0":"post-9205","1":"product","2":"type-product","3":"status-publish","4":"has-post-thumbnail","6":"product_author-xose-luis-mendez-ferrin-es","7":"product_cat-oeste-12x19-es","9":"first","10":"instock","11":"taxable","12":"shipping-taxable","13":"purchasable","14":"product-type-simple"},"yoast_head":"<!-- This site is optimized with the Yoast SEO plugin v27.3 - https:\/\/yoast.com\/product\/yoast-seo-wordpress\/ -->\n<title>Primeiro foi Galicia - Alvarellos Editora<\/title>\n<meta name=\"description\" content=\"Primeiro foi Galicia. C\u00f3mprao na tenda en li\u00f1a de Alvarellos Editora.\" \/>\n<meta name=\"robots\" content=\"index, follow, max-snippet:-1, max-image-preview:large, max-video-preview:-1\" \/>\n<link rel=\"canonical\" href=\"https:\/\/alvarelloseditora.gal\/es\/libro\/primeiro-foi-galicia\/\" \/>\n<meta property=\"og:locale\" content=\"es_ES\" \/>\n<meta property=\"og:type\" content=\"article\" \/>\n<meta property=\"og:title\" content=\"Primeiro foi Galicia - Alvarellos Editora\" \/>\n<meta property=\"og:description\" content=\"Primeiro foi Galicia. C\u00f3mprao na tenda en li\u00f1a de Alvarellos Editora.\" \/>\n<meta property=\"og:url\" content=\"https:\/\/alvarelloseditora.gal\/es\/libro\/primeiro-foi-galicia\/\" \/>\n<meta property=\"og:site_name\" content=\"Alvarellos Editora\" \/>\n<meta property=\"article:publisher\" content=\"https:\/\/www.facebook.com\/alvarelloseditora\" \/>\n<meta property=\"article:modified_time\" content=\"2024-10-31T11:35:48+00:00\" \/>\n<meta property=\"og:image\" content=\"https:\/\/alvarelloseditora.gal\/wp-content\/uploads\/2024\/09\/Primeiro-foi-Galicia-alvarellos-ed-2024-scaled.jpg\" \/>\n\t<meta property=\"og:image:width\" content=\"1565\" \/>\n\t<meta property=\"og:image:height\" content=\"2560\" \/>\n\t<meta property=\"og:image:type\" content=\"image\/jpeg\" \/>\n<meta name=\"twitter:card\" content=\"summary_large_image\" \/>\n<meta name=\"twitter:site\" content=\"@alvarellos_ed\" \/>\n<meta name=\"twitter:label1\" content=\"Tiempo de lectura\" \/>\n\t<meta name=\"twitter:data1\" content=\"1 minuto\" \/>\n<!-- \/ Yoast SEO plugin. -->","yoast_head_json":{"title":"Primeiro foi Galicia - Alvarellos Editora","description":"Primeiro foi Galicia. C\u00f3mprao na tenda en li\u00f1a de Alvarellos Editora.","robots":{"index":"index","follow":"follow","max-snippet":"max-snippet:-1","max-image-preview":"max-image-preview:large","max-video-preview":"max-video-preview:-1"},"canonical":"https:\/\/alvarelloseditora.gal\/es\/libro\/primeiro-foi-galicia\/","og_locale":"es_ES","og_type":"article","og_title":"Primeiro foi Galicia - Alvarellos Editora","og_description":"Primeiro foi Galicia. C\u00f3mprao na tenda en li\u00f1a de Alvarellos Editora.","og_url":"https:\/\/alvarelloseditora.gal\/es\/libro\/primeiro-foi-galicia\/","og_site_name":"Alvarellos Editora","article_publisher":"https:\/\/www.facebook.com\/alvarelloseditora","article_modified_time":"2024-10-31T11:35:48+00:00","og_image":[{"width":1565,"height":2560,"url":"https:\/\/alvarelloseditora.gal\/wp-content\/uploads\/2024\/09\/Primeiro-foi-Galicia-alvarellos-ed-2024-scaled.jpg","type":"image\/jpeg"}],"twitter_card":"summary_large_image","twitter_site":"@alvarellos_ed","twitter_misc":{"Tiempo de lectura":"1 minuto"},"schema":{"@context":"https:\/\/schema.org","@graph":[{"@type":["WebPage","ItemPage"],"@id":"https:\/\/alvarelloseditora.gal\/es\/libro\/primeiro-foi-galicia\/","url":"https:\/\/alvarelloseditora.gal\/es\/libro\/primeiro-foi-galicia\/","name":"Primeiro foi Galicia - Alvarellos Editora","isPartOf":{"@id":"https:\/\/alvarelloseditora.gal\/#website"},"primaryImageOfPage":{"@id":"https:\/\/alvarelloseditora.gal\/es\/libro\/primeiro-foi-galicia\/#primaryimage"},"image":{"@id":"https:\/\/alvarelloseditora.gal\/es\/libro\/primeiro-foi-galicia\/#primaryimage"},"thumbnailUrl":"https:\/\/alvarelloseditora.gal\/wp-content\/uploads\/2024\/09\/Primeiro-foi-Galicia-alvarellos-ed-2024-scaled.jpg","datePublished":"2024-10-22T08:50:36+00:00","dateModified":"2024-10-31T11:35:48+00:00","description":"Primeiro foi Galicia. C\u00f3mprao na tenda en li\u00f1a de Alvarellos Editora.","breadcrumb":{"@id":"https:\/\/alvarelloseditora.gal\/es\/libro\/primeiro-foi-galicia\/#breadcrumb"},"inLanguage":"es","potentialAction":[{"@type":"ReadAction","target":["https:\/\/alvarelloseditora.gal\/es\/libro\/primeiro-foi-galicia\/"]}]},{"@type":"ImageObject","inLanguage":"es","@id":"https:\/\/alvarelloseditora.gal\/es\/libro\/primeiro-foi-galicia\/#primaryimage","url":"https:\/\/alvarelloseditora.gal\/wp-content\/uploads\/2024\/09\/Primeiro-foi-Galicia-alvarellos-ed-2024-scaled.jpg","contentUrl":"https:\/\/alvarelloseditora.gal\/wp-content\/uploads\/2024\/09\/Primeiro-foi-Galicia-alvarellos-ed-2024-scaled.jpg","width":1565,"height":2560},{"@type":"BreadcrumbList","@id":"https:\/\/alvarelloseditora.gal\/es\/libro\/primeiro-foi-galicia\/#breadcrumb","itemListElement":[{"@type":"ListItem","position":1,"name":"Portada","item":"https:\/\/alvarelloseditora.gal\/"},{"@type":"ListItem","position":2,"name":"Tienda","item":"https:\/\/alvarelloseditora.gal\/es\/tienda\/"},{"@type":"ListItem","position":3,"name":"Primeiro foi Galicia"}]},{"@type":"WebSite","@id":"https:\/\/alvarelloseditora.gal\/#website","url":"https:\/\/alvarelloseditora.gal\/","name":"Alvarellos Editora","description":"Libros para un mundo en tr\u00e1nsito","publisher":{"@id":"https:\/\/alvarelloseditora.gal\/#organization"},"potentialAction":[{"@type":"SearchAction","target":{"@type":"EntryPoint","urlTemplate":"https:\/\/alvarelloseditora.gal\/?s={search_term_string}"},"query-input":{"@type":"PropertyValueSpecification","valueRequired":true,"valueName":"search_term_string"}}],"inLanguage":"es"},{"@type":"Organization","@id":"https:\/\/alvarelloseditora.gal\/#organization","name":"Alvarellos Editora","url":"https:\/\/alvarelloseditora.gal\/","logo":{"@type":"ImageObject","inLanguage":"es","@id":"https:\/\/alvarelloseditora.gal\/#\/schema\/logo\/image\/","url":"https:\/\/alvarelloseditora.gal\/wp-content\/uploads\/2020\/02\/alv-icon.png","contentUrl":"https:\/\/alvarelloseditora.gal\/wp-content\/uploads\/2020\/02\/alv-icon.png","width":177,"height":175,"caption":"Alvarellos Editora"},"image":{"@id":"https:\/\/alvarelloseditora.gal\/#\/schema\/logo\/image\/"},"sameAs":["https:\/\/www.facebook.com\/alvarelloseditora","https:\/\/x.com\/alvarellos_ed"]}]}},"_links":{"self":[{"href":"https:\/\/alvarelloseditora.gal\/es\/wp-json\/wp\/v2\/product\/9205","targetHints":{"allow":["GET"]}}],"collection":[{"href":"https:\/\/alvarelloseditora.gal\/es\/wp-json\/wp\/v2\/product"}],"about":[{"href":"https:\/\/alvarelloseditora.gal\/es\/wp-json\/wp\/v2\/types\/product"}],"replies":[{"embeddable":true,"href":"https:\/\/alvarelloseditora.gal\/es\/wp-json\/wp\/v2\/comments?post=9205"}],"wp:featuredmedia":[{"embeddable":true,"href":"https:\/\/alvarelloseditora.gal\/es\/wp-json\/wp\/v2\/media\/9165"}],"wp:attachment":[{"href":"https:\/\/alvarelloseditora.gal\/es\/wp-json\/wp\/v2\/media?parent=9205"}],"wp:term":[{"taxonomy":"product_brand","embeddable":true,"href":"https:\/\/alvarelloseditora.gal\/es\/wp-json\/wp\/v2\/product_brand?post=9205"},{"taxonomy":"product_cat","embeddable":true,"href":"https:\/\/alvarelloseditora.gal\/es\/wp-json\/wp\/v2\/product_cat?post=9205"},{"taxonomy":"product_tag","embeddable":true,"href":"https:\/\/alvarelloseditora.gal\/es\/wp-json\/wp\/v2\/product_tag?post=9205"}],"curies":[{"name":"wp","href":"https:\/\/api.w.org\/{rel}","templated":true}]}}