{"id":9178,"date":"2024-10-24T12:05:41","date_gmt":"2024-10-24T10:05:41","guid":{"rendered":"https:\/\/alvarelloseditora.gal\/book\/entremurallas\/"},"modified":"2024-12-09T10:58:27","modified_gmt":"2024-12-09T09:58:27","slug":"entremurallas","status":"publish","type":"product","link":"https:\/\/alvarelloseditora.gal\/es\/libro\/entremurallas\/","title":{"rendered":"Entremurallas (Lugo. Patrimonio y Arte)"},"content":{"rendered":"<p><a href=\"https:\/\/alvarelloseditora.gal\/wp-content\/uploads\/2024\/10\/NP_ESP_ENTREMURALLAS_Alvarellos_Ed_2024-1.pdf\">NP_ESP_ENTREMURALLAS_Alvarellos_Ed_2024<\/a><\/p>\n","protected":false},"excerpt":{"rendered":"<p>&nbsp;<br \/>\nMar\u00eda Elena Cort\u00e9s L\u00f3pez (coord.)<br \/>\n[Obra colectiva]<br \/>\n&nbsp;<\/p>\n<p>388 pp . 15 x 23 cms.<br \/>\nISBN 978-84-18567-60-5.<br \/>\nPAPEL FSC Amigo de los Bosques<\/p>\n<p>&nbsp;<\/p>\n<p>Este traballo colectivo ha sido promovido por el Grupo Iacobus de la Universidade de Santiago de Compostela y re\u00fane los trabajos de catorce especialistas alrededor del patrimonio y el arte de la ciudad de Lugo.<\/p>\n<p>&nbsp;<\/p>\n<p>Bajo el t\u00edtulo de Entremurallas (Lugo. Patrimonio y arte) se estudian, entre otros, espacios emblem\u00e1ticos de la ciudad como la Muralla romana, el convento de San Francisco, sede del Museo provincial, al lado de otros estudios alrededor del terremoto de 1751, la pintura de Julia Minguill\u00f3n o la imagen de Lugo en la prensa ilustrada del siglo XIX.<\/p>\n<p>&nbsp;<\/p>\n<p>El objetivo de estas p\u00e1ginas, ilustradas con m\u00e1s de cien fotograf\u00edas, no es otro que reforzar el valor cultural del patrimonio art\u00edstico de la ciudad y concienciar sobre la necesidad de su imprescindible protecci\u00f3n.<\/p>\n<p>&nbsp;<\/p>\n<p>Entremurallas ha sido coordinado por la historiadora del Arte Miriam Elena Cort\u00e9s L\u00f3pez y rinde homenaje p\u00f3stumo a una de las coautoras, la profesora Ana Goy Diz (1966-2022), integrante del Grupo de Investigaci\u00f3n Iacobus y del Departamento de Historia da Arte.<\/p>\n<p>&nbsp;<\/p>\n<p>NP_ESP_ENTREMURALLAS_Alvarellos_Ed_2024<\/p>\n<p>&nbsp;<\/p>\n<p>AUTOR\u00cdA POR ORDEN DE APARICI\u00d3N<\/p>\n<p>&nbsp;<\/p>\n<p>Ana E. Goy Diz<br \/>\nMar\u00eda Pilar Coto Orge<br \/>\nJos\u00e9 Manuel Garc\u00eda Iglesias<br \/>\nLeopoldo Fern\u00e1ndez Gasalla<br \/>\nMar\u00eda Dolores Barral Rivadulla<br \/>\nDiana Duo Ramila<br \/>\nAna P\u00e9rez Varela<br \/>\nJuan Manuel Monterroso Montero<br \/>\nMiriam Elena Cort\u00e9s L\u00f3pez<br \/>\nBego\u00f1a Fern\u00e1ndez Rodr\u00edguez<br \/>\nMar\u00eda Rivo V\u00e1zquez<br \/>\nAlicia M. Gonz\u00e1lez Bouza<br \/>\nM\u00f3nica Rey Cabezudo<br \/>\nPatricia Cupeiro L\u00f3pez<\/p>\n<p>&nbsp;<\/p>\n<p>&nbsp;<\/p>\n<p>&nbsp;<\/p>\n","protected":false},"featured_media":9177,"comment_status":"closed","ping_status":"closed","template":"","meta":[],"product_brand":[],"product_cat":[104],"product_tag":[],"class_list":{"0":"post-9178","1":"product","2":"type-product","3":"status-publish","4":"has-post-thumbnail","6":"product_cat-ilustrada-es","8":"first","9":"instock","10":"taxable","11":"shipping-taxable","12":"purchasable","13":"product-type-simple"},"yoast_head":"<!-- This site is optimized with the Yoast SEO plugin v27.4 - https:\/\/yoast.com\/product\/yoast-seo-wordpress\/ -->\n<title>Entremurallas (Lugo. Patrimonio y Arte) - Alvarellos Editora<\/title>\n<meta name=\"description\" content=\"Entremurallas (Lugo. Patrimonio y Arte). C\u00f3mprao na tenda en li\u00f1a de Alvarellos Editora.\" \/>\n<meta name=\"robots\" content=\"index, follow, max-snippet:-1, max-image-preview:large, max-video-preview:-1\" \/>\n<link rel=\"canonical\" href=\"https:\/\/alvarelloseditora.gal\/es\/libro\/entremurallas\/\" \/>\n<meta property=\"og:locale\" content=\"es_ES\" \/>\n<meta property=\"og:type\" content=\"article\" \/>\n<meta property=\"og:title\" content=\"Entremurallas (Lugo. Patrimonio y Arte) - Alvarellos Editora\" \/>\n<meta property=\"og:description\" content=\"Entremurallas (Lugo. Patrimonio y Arte). C\u00f3mprao na tenda en li\u00f1a de Alvarellos Editora.\" \/>\n<meta property=\"og:url\" content=\"https:\/\/alvarelloseditora.gal\/es\/libro\/entremurallas\/\" \/>\n<meta property=\"og:site_name\" content=\"Alvarellos Editora\" \/>\n<meta property=\"article:publisher\" content=\"https:\/\/www.facebook.com\/alvarelloseditora\" \/>\n<meta property=\"article:modified_time\" content=\"2024-12-09T09:58:27+00:00\" \/>\n<meta property=\"og:image\" content=\"https:\/\/alvarelloseditora.gal\/wp-content\/uploads\/2024\/10\/Entremurallas-2024.jpg\" \/>\n\t<meta property=\"og:image:width\" content=\"897\" \/>\n\t<meta property=\"og:image:height\" content=\"1358\" \/>\n\t<meta property=\"og:image:type\" content=\"image\/jpeg\" \/>\n<meta name=\"twitter:card\" content=\"summary_large_image\" \/>\n<meta name=\"twitter:site\" content=\"@alvarellos_ed\" \/>\n<meta name=\"twitter:label1\" content=\"Tiempo de lectura\" \/>\n\t<meta name=\"twitter:data1\" content=\"1 minuto\" \/>\n<!-- \/ Yoast SEO plugin. -->","yoast_head_json":{"title":"Entremurallas (Lugo. Patrimonio y Arte) - Alvarellos Editora","description":"Entremurallas (Lugo. Patrimonio y Arte). C\u00f3mprao na tenda en li\u00f1a de Alvarellos Editora.","robots":{"index":"index","follow":"follow","max-snippet":"max-snippet:-1","max-image-preview":"max-image-preview:large","max-video-preview":"max-video-preview:-1"},"canonical":"https:\/\/alvarelloseditora.gal\/es\/libro\/entremurallas\/","og_locale":"es_ES","og_type":"article","og_title":"Entremurallas (Lugo. Patrimonio y Arte) - Alvarellos Editora","og_description":"Entremurallas (Lugo. Patrimonio y Arte). C\u00f3mprao na tenda en li\u00f1a de Alvarellos Editora.","og_url":"https:\/\/alvarelloseditora.gal\/es\/libro\/entremurallas\/","og_site_name":"Alvarellos Editora","article_publisher":"https:\/\/www.facebook.com\/alvarelloseditora","article_modified_time":"2024-12-09T09:58:27+00:00","og_image":[{"width":897,"height":1358,"url":"https:\/\/alvarelloseditora.gal\/wp-content\/uploads\/2024\/10\/Entremurallas-2024.jpg","type":"image\/jpeg"}],"twitter_card":"summary_large_image","twitter_site":"@alvarellos_ed","twitter_misc":{"Tiempo de lectura":"1 minuto"},"schema":{"@context":"https:\/\/schema.org","@graph":[{"@type":["WebPage","ItemPage"],"@id":"https:\/\/alvarelloseditora.gal\/es\/libro\/entremurallas\/","url":"https:\/\/alvarelloseditora.gal\/es\/libro\/entremurallas\/","name":"Entremurallas (Lugo. Patrimonio y Arte) - Alvarellos Editora","isPartOf":{"@id":"https:\/\/alvarelloseditora.gal\/#website"},"primaryImageOfPage":{"@id":"https:\/\/alvarelloseditora.gal\/es\/libro\/entremurallas\/#primaryimage"},"image":{"@id":"https:\/\/alvarelloseditora.gal\/es\/libro\/entremurallas\/#primaryimage"},"thumbnailUrl":"https:\/\/alvarelloseditora.gal\/wp-content\/uploads\/2024\/10\/Entremurallas-2024.jpg","datePublished":"2024-10-24T10:05:41+00:00","dateModified":"2024-12-09T09:58:27+00:00","description":"Entremurallas (Lugo. Patrimonio y Arte). C\u00f3mprao na tenda en li\u00f1a de Alvarellos Editora.","breadcrumb":{"@id":"https:\/\/alvarelloseditora.gal\/es\/libro\/entremurallas\/#breadcrumb"},"inLanguage":"es","potentialAction":[{"@type":"ReadAction","target":["https:\/\/alvarelloseditora.gal\/es\/libro\/entremurallas\/"]}]},{"@type":"ImageObject","inLanguage":"es","@id":"https:\/\/alvarelloseditora.gal\/es\/libro\/entremurallas\/#primaryimage","url":"https:\/\/alvarelloseditora.gal\/wp-content\/uploads\/2024\/10\/Entremurallas-2024.jpg","contentUrl":"https:\/\/alvarelloseditora.gal\/wp-content\/uploads\/2024\/10\/Entremurallas-2024.jpg","width":897,"height":1358},{"@type":"BreadcrumbList","@id":"https:\/\/alvarelloseditora.gal\/es\/libro\/entremurallas\/#breadcrumb","itemListElement":[{"@type":"ListItem","position":1,"name":"Portada","item":"https:\/\/alvarelloseditora.gal\/"},{"@type":"ListItem","position":2,"name":"Tienda","item":"https:\/\/alvarelloseditora.gal\/es\/tienda\/"},{"@type":"ListItem","position":3,"name":"Entremurallas (Lugo. Patrimonio y Arte)"}]},{"@type":"WebSite","@id":"https:\/\/alvarelloseditora.gal\/#website","url":"https:\/\/alvarelloseditora.gal\/","name":"Alvarellos Editora","description":"Libros para un mundo en tr\u00e1nsito","publisher":{"@id":"https:\/\/alvarelloseditora.gal\/#organization"},"potentialAction":[{"@type":"SearchAction","target":{"@type":"EntryPoint","urlTemplate":"https:\/\/alvarelloseditora.gal\/?s={search_term_string}"},"query-input":{"@type":"PropertyValueSpecification","valueRequired":true,"valueName":"search_term_string"}}],"inLanguage":"es"},{"@type":"Organization","@id":"https:\/\/alvarelloseditora.gal\/#organization","name":"Alvarellos Editora","url":"https:\/\/alvarelloseditora.gal\/","logo":{"@type":"ImageObject","inLanguage":"es","@id":"https:\/\/alvarelloseditora.gal\/#\/schema\/logo\/image\/","url":"https:\/\/alvarelloseditora.gal\/wp-content\/uploads\/2020\/02\/alv-icon.png","contentUrl":"https:\/\/alvarelloseditora.gal\/wp-content\/uploads\/2020\/02\/alv-icon.png","width":177,"height":175,"caption":"Alvarellos Editora"},"image":{"@id":"https:\/\/alvarelloseditora.gal\/#\/schema\/logo\/image\/"},"sameAs":["https:\/\/www.facebook.com\/alvarelloseditora","https:\/\/x.com\/alvarellos_ed"]}]}},"_links":{"self":[{"href":"https:\/\/alvarelloseditora.gal\/es\/wp-json\/wp\/v2\/product\/9178","targetHints":{"allow":["GET"]}}],"collection":[{"href":"https:\/\/alvarelloseditora.gal\/es\/wp-json\/wp\/v2\/product"}],"about":[{"href":"https:\/\/alvarelloseditora.gal\/es\/wp-json\/wp\/v2\/types\/product"}],"replies":[{"embeddable":true,"href":"https:\/\/alvarelloseditora.gal\/es\/wp-json\/wp\/v2\/comments?post=9178"}],"wp:featuredmedia":[{"embeddable":true,"href":"https:\/\/alvarelloseditora.gal\/es\/wp-json\/wp\/v2\/media\/9177"}],"wp:attachment":[{"href":"https:\/\/alvarelloseditora.gal\/es\/wp-json\/wp\/v2\/media?parent=9178"}],"wp:term":[{"taxonomy":"product_brand","embeddable":true,"href":"https:\/\/alvarelloseditora.gal\/es\/wp-json\/wp\/v2\/product_brand?post=9178"},{"taxonomy":"product_cat","embeddable":true,"href":"https:\/\/alvarelloseditora.gal\/es\/wp-json\/wp\/v2\/product_cat?post=9178"},{"taxonomy":"product_tag","embeddable":true,"href":"https:\/\/alvarelloseditora.gal\/es\/wp-json\/wp\/v2\/product_tag?post=9178"}],"curies":[{"name":"wp","href":"https:\/\/api.w.org\/{rel}","templated":true}]}}