{"id":9146,"date":"2025-04-25T12:22:45","date_gmt":"2025-04-25T10:22:45","guid":{"rendered":"https:\/\/alvarelloseditora.gal\/?post_type=product&#038;p=9146"},"modified":"2025-04-30T10:50:09","modified_gmt":"2025-04-30T08:50:09","slug":"os-pozos-elegantes-das-claviculas","status":"publish","type":"product","link":"https:\/\/alvarelloseditora.gal\/es\/libro\/os-pozos-elegantes-das-claviculas\/","title":{"rendered":"Os pozos elegantes das clav\u00edculas"},"content":{"rendered":"<p><a href=\"https:\/\/alvarelloseditora.gal\/wp-content\/uploads\/2024\/09\/NP_GAL_Os_pozos_elegantes_das_claviculas_Alvarellos_Ed_2024.pdf\">NP_GAL_Os_pozos_elegantes_das_clav\u00edculas_Alvarellos_Ed_2024<\/a><\/p>\n<p><a href=\"https:\/\/alvarelloseditora.gal\/wp-content\/uploads\/2024\/09\/NP_CAST_Os_pozos_elegantes_das_claviculas_Alvarellos_Ed_2024-1.pdf\">NP_CAST_Os_pozos_elegantes_das_clav\u00edculas_Alvarellos_Ed_2024<\/a><\/p>\n<p>&nbsp;<\/p>\n<p>ACCEDE AQU\u00cd A LOS POEMAS RECITADOS POR LA AUTORA:<\/p>\n<audio class=\"wp-audio-shortcode\" id=\"audio-9146-1\" preload=\"none\" style=\"width: 100%;\" controls=\"controls\"><source type=\"audio\/mpeg\" src=\"https:\/\/alvarelloseditora.gal\/wp-content\/uploads\/2024\/09\/Maria-Alvarez-Landesa-recita-poemas-de-OS-POZOS-ELEGANTES-DAS-CLAVICULAS-Alvarellos-Editora-2024.mp3?_=1\" \/><a href=\"https:\/\/alvarelloseditora.gal\/wp-content\/uploads\/2024\/09\/Maria-Alvarez-Landesa-recita-poemas-de-OS-POZOS-ELEGANTES-DAS-CLAVICULAS-Alvarellos-Editora-2024.mp3\">https:\/\/alvarelloseditora.gal\/wp-content\/uploads\/2024\/09\/Maria-Alvarez-Landesa-recita-poemas-de-OS-POZOS-ELEGANTES-DAS-CLAVICULAS-Alvarellos-Editora-2024.mp3<\/a><\/audio>\n","protected":false},"excerpt":{"rendered":"<p>Mar\u00eda \u00c1lvarez Landesa<br \/>\n&nbsp;<\/p>\n<p>66 pp . 14 x 21 cms.<br \/>\nISBN 978-84-18567-63-6<br \/>\nPAPEL FSC Amigo de los Bosques<br \/>\nIncluye c\u00f3digo QR con poemas recitados por la autora.<\/p>\n<p>&nbsp;<\/p>\n<p>\u00abLa voz inmaculada de una mujer hu\u00e9rfana que sabe que ha perdido su condici\u00f3n de hija\u00bb. As\u00ed define los nuevos versos de Mar\u00eda \u00c1lvarez Landesa la tambi\u00e9n poeta M\u00edriam Ferrad\u00e1ns, en el Pr\u00f3logo de esta obra, Os pozos elegantes das clav\u00edculas, en la que la autora rinde homenaje a su madre. El libro incluye un c\u00f3digo QR donde podr\u00e1s escuchar a la autora recitando algunos de sus poemas.<\/p>\n<p>&nbsp;<\/p>\n<p>ESCUCHA LOS POEMAS RECITADOS POR LA AUTORA<\/p>\n[audio mp3=\"https:\/\/alvarelloseditora.gal\/wp-content\/uploads\/2024\/09\/Maria-Alvarez-Landesa-recita-poemas-de-OS-POZOS-ELEGANTES-DAS-CLAVICULAS-Alvarellos-Editora-2024.mp3\"][\/audio]\n<p>&nbsp;<\/p>\n<p>El nuevo libro de poemas de Mar\u00eda \u00c1lvarez Landesa, titulado Os pozos elegantes das clav\u00edculas (Alvarellos Editora, 2024), nos ofrece, en palabras de la autora del Pr\u00f3logo M\u00edriam Ferrad\u00e1ns, \u00abla voz inmaculada de una mujer hu\u00e9rfana que sabe que ha perdido su condici\u00f3n de hija.<\/p>\n<p>&nbsp;<\/p>\n<p>\u00bbA trav\u00e9s de una retrospectiva tierna, madura y, en cierto modo, irreverente, viajamos a una infancia en primera persona, a una po\u00e9tica continua de la apelaci\u00f3n al Nosotros.<\/p>\n<p>&nbsp;<\/p>\n<p>\u00bbIndefensa, la poeta atraviesa diferentes per\u00edodos de la vida a la intemperie. Su voz coloniza un libro lleno de una dulzura suave pero firme como \u00fanica herramienta posible.<\/p>\n<p>&nbsp;<\/p>\n<p>\u00bbTe invito a disfrutar de este paisaje. Permitirnos el deleite de la tristeza que nos ofrecen Os pozos elegantes das clav\u00edculas es una pausa necesaria\u00bb.<\/p>\n<p>&nbsp;<\/p>\n<p>&nbsp;<\/p>\n<p>POEMAS RECITADOS POR LA AUTORA<\/p>\n<p>&nbsp;<\/p>\n<p>El libro incluye un c\u00f3digo QR donde podr\u00e1s escuchar a la autora recitando algunos de estos poemas, sobre las bases musicales de Paco Dicenta.<\/p>\n<p>&nbsp;<\/p>\n<p>&nbsp;<\/p>\n<p>NP_GAL_Os_pozos_elegantes_das_clav\u00edculas_Alvarellos_Ed_2024<\/p>\n<p>NP_CAST_Os_pozos_elegantes_das_clav\u00edculas_Alvarellos_Ed_2024<\/p>\n<p>&nbsp;<\/p>\n","protected":false},"featured_media":9763,"comment_status":"closed","ping_status":"closed","template":"","meta":[],"product_brand":[],"product_cat":[106],"product_tag":[],"class_list":{"0":"post-9146","1":"product","2":"type-product","3":"status-publish","4":"has-post-thumbnail","6":"product_author-maria-alvarez-landesa-es","7":"product_cat-libros-do-sarela-es","9":"first","10":"instock","11":"taxable","12":"shipping-taxable","13":"purchasable","14":"product-type-simple"},"yoast_head":"<!-- This site is optimized with the Yoast SEO plugin v27.3 - https:\/\/yoast.com\/product\/yoast-seo-wordpress\/ -->\n<title>Os pozos elegantes das clav\u00edculas - Alvarellos Editora<\/title>\n<meta name=\"description\" content=\"Os pozos elegantes das clav\u00edculas. C\u00f3mprao na tenda en li\u00f1a de Alvarellos Editora.\" \/>\n<meta name=\"robots\" content=\"index, follow, max-snippet:-1, max-image-preview:large, max-video-preview:-1\" \/>\n<link rel=\"canonical\" href=\"https:\/\/alvarelloseditora.gal\/es\/libro\/os-pozos-elegantes-das-claviculas\/\" \/>\n<meta property=\"og:locale\" content=\"es_ES\" \/>\n<meta property=\"og:type\" content=\"article\" \/>\n<meta property=\"og:title\" content=\"Os pozos elegantes das clav\u00edculas - Alvarellos Editora\" \/>\n<meta property=\"og:description\" content=\"Os pozos elegantes das clav\u00edculas. C\u00f3mprao na tenda en li\u00f1a de Alvarellos Editora.\" \/>\n<meta property=\"og:url\" content=\"https:\/\/alvarelloseditora.gal\/es\/libro\/os-pozos-elegantes-das-claviculas\/\" \/>\n<meta property=\"og:site_name\" content=\"Alvarellos Editora\" \/>\n<meta property=\"article:publisher\" content=\"https:\/\/www.facebook.com\/alvarelloseditora\" \/>\n<meta property=\"article:modified_time\" content=\"2025-04-30T08:50:09+00:00\" \/>\n<meta property=\"og:image\" content=\"https:\/\/alvarelloseditora.gal\/wp-content\/uploads\/2025\/04\/Os-pozos-elegantes-Premio-Follas-Novas-capa-con-etiqueta.jpg\" \/>\n\t<meta property=\"og:image:width\" content=\"1643\" \/>\n\t<meta property=\"og:image:height\" content=\"2475\" \/>\n\t<meta property=\"og:image:type\" content=\"image\/jpeg\" \/>\n<meta name=\"twitter:card\" content=\"summary_large_image\" \/>\n<meta name=\"twitter:site\" content=\"@alvarellos_ed\" \/>\n<meta name=\"twitter:label1\" content=\"Tiempo de lectura\" \/>\n\t<meta name=\"twitter:data1\" content=\"1 minuto\" \/>\n<!-- \/ Yoast SEO plugin. -->","yoast_head_json":{"title":"Os pozos elegantes das clav\u00edculas - Alvarellos Editora","description":"Os pozos elegantes das clav\u00edculas. C\u00f3mprao na tenda en li\u00f1a de Alvarellos Editora.","robots":{"index":"index","follow":"follow","max-snippet":"max-snippet:-1","max-image-preview":"max-image-preview:large","max-video-preview":"max-video-preview:-1"},"canonical":"https:\/\/alvarelloseditora.gal\/es\/libro\/os-pozos-elegantes-das-claviculas\/","og_locale":"es_ES","og_type":"article","og_title":"Os pozos elegantes das clav\u00edculas - Alvarellos Editora","og_description":"Os pozos elegantes das clav\u00edculas. C\u00f3mprao na tenda en li\u00f1a de Alvarellos Editora.","og_url":"https:\/\/alvarelloseditora.gal\/es\/libro\/os-pozos-elegantes-das-claviculas\/","og_site_name":"Alvarellos Editora","article_publisher":"https:\/\/www.facebook.com\/alvarelloseditora","article_modified_time":"2025-04-30T08:50:09+00:00","og_image":[{"width":1643,"height":2475,"url":"https:\/\/alvarelloseditora.gal\/wp-content\/uploads\/2025\/04\/Os-pozos-elegantes-Premio-Follas-Novas-capa-con-etiqueta.jpg","type":"image\/jpeg"}],"twitter_card":"summary_large_image","twitter_site":"@alvarellos_ed","twitter_misc":{"Tiempo de lectura":"1 minuto"},"schema":{"@context":"https:\/\/schema.org","@graph":[{"@type":["WebPage","ItemPage"],"@id":"https:\/\/alvarelloseditora.gal\/es\/libro\/os-pozos-elegantes-das-claviculas\/","url":"https:\/\/alvarelloseditora.gal\/es\/libro\/os-pozos-elegantes-das-claviculas\/","name":"Os pozos elegantes das clav\u00edculas - Alvarellos Editora","isPartOf":{"@id":"https:\/\/alvarelloseditora.gal\/#website"},"primaryImageOfPage":{"@id":"https:\/\/alvarelloseditora.gal\/es\/libro\/os-pozos-elegantes-das-claviculas\/#primaryimage"},"image":{"@id":"https:\/\/alvarelloseditora.gal\/es\/libro\/os-pozos-elegantes-das-claviculas\/#primaryimage"},"thumbnailUrl":"https:\/\/alvarelloseditora.gal\/wp-content\/uploads\/2025\/04\/Os-pozos-elegantes-Premio-Follas-Novas-capa-con-etiqueta.jpg","datePublished":"2025-04-25T10:22:45+00:00","dateModified":"2025-04-30T08:50:09+00:00","description":"Os pozos elegantes das clav\u00edculas. C\u00f3mprao na tenda en li\u00f1a de Alvarellos Editora.","breadcrumb":{"@id":"https:\/\/alvarelloseditora.gal\/es\/libro\/os-pozos-elegantes-das-claviculas\/#breadcrumb"},"inLanguage":"es","potentialAction":[{"@type":"ReadAction","target":["https:\/\/alvarelloseditora.gal\/es\/libro\/os-pozos-elegantes-das-claviculas\/"]}]},{"@type":"ImageObject","inLanguage":"es","@id":"https:\/\/alvarelloseditora.gal\/es\/libro\/os-pozos-elegantes-das-claviculas\/#primaryimage","url":"https:\/\/alvarelloseditora.gal\/wp-content\/uploads\/2025\/04\/Os-pozos-elegantes-Premio-Follas-Novas-capa-con-etiqueta.jpg","contentUrl":"https:\/\/alvarelloseditora.gal\/wp-content\/uploads\/2025\/04\/Os-pozos-elegantes-Premio-Follas-Novas-capa-con-etiqueta.jpg","width":1643,"height":2475},{"@type":"BreadcrumbList","@id":"https:\/\/alvarelloseditora.gal\/es\/libro\/os-pozos-elegantes-das-claviculas\/#breadcrumb","itemListElement":[{"@type":"ListItem","position":1,"name":"Portada","item":"https:\/\/alvarelloseditora.gal\/"},{"@type":"ListItem","position":2,"name":"Tienda","item":"https:\/\/alvarelloseditora.gal\/es\/tienda\/"},{"@type":"ListItem","position":3,"name":"Os pozos elegantes das clav\u00edculas"}]},{"@type":"WebSite","@id":"https:\/\/alvarelloseditora.gal\/#website","url":"https:\/\/alvarelloseditora.gal\/","name":"Alvarellos Editora","description":"Libros para un mundo en tr\u00e1nsito","publisher":{"@id":"https:\/\/alvarelloseditora.gal\/#organization"},"potentialAction":[{"@type":"SearchAction","target":{"@type":"EntryPoint","urlTemplate":"https:\/\/alvarelloseditora.gal\/?s={search_term_string}"},"query-input":{"@type":"PropertyValueSpecification","valueRequired":true,"valueName":"search_term_string"}}],"inLanguage":"es"},{"@type":"Organization","@id":"https:\/\/alvarelloseditora.gal\/#organization","name":"Alvarellos Editora","url":"https:\/\/alvarelloseditora.gal\/","logo":{"@type":"ImageObject","inLanguage":"es","@id":"https:\/\/alvarelloseditora.gal\/#\/schema\/logo\/image\/","url":"https:\/\/alvarelloseditora.gal\/wp-content\/uploads\/2020\/02\/alv-icon.png","contentUrl":"https:\/\/alvarelloseditora.gal\/wp-content\/uploads\/2020\/02\/alv-icon.png","width":177,"height":175,"caption":"Alvarellos Editora"},"image":{"@id":"https:\/\/alvarelloseditora.gal\/#\/schema\/logo\/image\/"},"sameAs":["https:\/\/www.facebook.com\/alvarelloseditora","https:\/\/x.com\/alvarellos_ed"]}]}},"_links":{"self":[{"href":"https:\/\/alvarelloseditora.gal\/es\/wp-json\/wp\/v2\/product\/9146","targetHints":{"allow":["GET"]}}],"collection":[{"href":"https:\/\/alvarelloseditora.gal\/es\/wp-json\/wp\/v2\/product"}],"about":[{"href":"https:\/\/alvarelloseditora.gal\/es\/wp-json\/wp\/v2\/types\/product"}],"replies":[{"embeddable":true,"href":"https:\/\/alvarelloseditora.gal\/es\/wp-json\/wp\/v2\/comments?post=9146"}],"wp:featuredmedia":[{"embeddable":true,"href":"https:\/\/alvarelloseditora.gal\/es\/wp-json\/wp\/v2\/media\/9763"}],"wp:attachment":[{"href":"https:\/\/alvarelloseditora.gal\/es\/wp-json\/wp\/v2\/media?parent=9146"}],"wp:term":[{"taxonomy":"product_brand","embeddable":true,"href":"https:\/\/alvarelloseditora.gal\/es\/wp-json\/wp\/v2\/product_brand?post=9146"},{"taxonomy":"product_cat","embeddable":true,"href":"https:\/\/alvarelloseditora.gal\/es\/wp-json\/wp\/v2\/product_cat?post=9146"},{"taxonomy":"product_tag","embeddable":true,"href":"https:\/\/alvarelloseditora.gal\/es\/wp-json\/wp\/v2\/product_tag?post=9146"}],"curies":[{"name":"wp","href":"https:\/\/api.w.org\/{rel}","templated":true}]}}