{"id":9020,"date":"2024-07-24T12:52:22","date_gmt":"2024-07-24T10:52:22","guid":{"rendered":"https:\/\/alvarelloseditora.gal\/book\/castelao-e-noso\/"},"modified":"2024-07-29T10:07:45","modified_gmt":"2024-07-29T08:07:45","slug":"castelao-e-noso","status":"publish","type":"product","link":"https:\/\/alvarelloseditora.gal\/es\/libro\/castelao-e-noso\/","title":{"rendered":"Castelao \u00e9 noso"},"content":{"rendered":"<p><a href=\"https:\/\/alvarelloseditora.gal\/wp-content\/uploads\/2024\/07\/NP_CAST_Castelao-e-noso-Mendez-Ferrin-2024.pdf\">NP_CAST_Castelao-\u00e9-noso-M\u00e9ndez-Ferr\u00edn-2024<\/a><\/p>\n<p><a href=\"https:\/\/alvarelloseditora.gal\/wp-content\/uploads\/2024\/07\/NP_G_Castelao-e-noso-Mendez-Ferrin-2024.pdf\">NP_G_Castelao-\u00e9-noso-M\u00e9ndez-Ferr\u00edn-2024<\/a><\/p>\n<p><a href=\"https:\/\/alvarelloseditora.gal\/wp-content\/uploads\/2024\/07\/Ler-as-primeiras-paxinas-de-Castelao-e-noso.pdf\">Ler-as-primeiras-p\u00e1xinas-de-Castelao-\u00e9-noso<\/a><\/p>\n","protected":false},"excerpt":{"rendered":"<p>A LA VENTA A PARTIR DEL 1 DE AGOSTO DE 2024<br \/>\n&nbsp;<br \/>\nX. L. M\u00e9ndez Ferr\u00edn<br \/>\n&nbsp;<\/p>\n<p>92 pp . 12 x 19 cms.<br \/>\nISBN 978-84-18567-61-2<br \/>\nPapel FSC Amigo de los Bosques<\/p>\n<p>&nbsp;<\/p>\n<p> Castelao \u00e9 noso re\u00fane los ensayos que Xos\u00e9 Lu\u00eds M\u00e9ndez Ferr\u00edn dedic\u00f3 a la figura pol\u00edtica de Castelao dentro de su conocida serie de art\u00edculos \u201cNo Fondo dos Espellos\u201d(publicada en el Faro de Vigo entre 2007 y 2020). En total, trece textos aparecidos entre 2014 y 2019. Entre ellos, la serie completa (en siete entregas) de los que titul\u00f3 como \u201cCastelao \u00e9 noso\u201d, recogiendo as\u00ed un verso de un conocido poema de Celso Emilio Ferreiro.<\/p>\n<p>&nbsp;<\/p>\n<p>La presente edici\u00f3n, supervisada por el propio autor, est\u00e1 al cuidado del catedr\u00e1tico de Ling\u00fc\u00edstica Xeral de la Universidade de Vigo Fernando Ramallo, quien afirma en el pr\u00f3logo: \u201cLa clarividencia con la que Ferr\u00edn reflexiona sobre la actividad pol\u00edtica de Castelao permite acercarnos a una mejor comprensi\u00f3n de los acontecimientos que singularizaron la lucha por la libertad de una etapa fundamental de nuestra historia reciente\u201d.<\/p>\n<p>&nbsp;<\/p>\n<p>En la obra, en la que Ferr\u00edn critica la apropiaci\u00f3n de la figura de Castelao por quien act\u00faa en contradicci\u00f3n con lo que \u00e9l hizo y dej\u00f3 escrito, viaja por su memoria personal y activismo pol\u00edtico desde 1953 hasta la actualidad. \u201cCastelao es de los dem\u00f3cratas, de los nacionalistas y de los antifascistas. Es de los republicanos. Sobre todo, es de los que mantienen la memoria de los que sufrieron y de los que perdieron en la Guerra Civil, como \u00e9l. Castelao es de los que resistieron el oprobio a lo largo de m\u00e1s de cuarenta a\u00f1os\u201d, escribe Ferr\u00edn.<\/p>\n<p>&nbsp;<\/p>\n<p>Ler-as-primeiras-p\u00e1xinas-de-Castelao-\u00e9-noso<\/p>\n<p>&nbsp;<\/p>\n","protected":false},"featured_media":8992,"comment_status":"closed","ping_status":"closed","template":"","meta":[],"product_brand":[],"product_cat":[1872],"product_tag":[],"class_list":{"0":"post-9020","1":"product","2":"type-product","3":"status-publish","4":"has-post-thumbnail","6":"product_author-xose-luis-mendez-ferrin-es","7":"product_cat-oeste-12x19-es","9":"first","10":"instock","11":"taxable","12":"shipping-taxable","13":"purchasable","14":"product-type-simple"},"yoast_head":"<!-- This site is optimized with the Yoast SEO plugin v27.3 - https:\/\/yoast.com\/product\/yoast-seo-wordpress\/ -->\n<title>Castelao \u00e9 noso - Alvarellos Editora<\/title>\n<meta name=\"description\" content=\"Castelao \u00e9 noso. C\u00f3mprao na tenda en li\u00f1a de Alvarellos Editora.\" \/>\n<meta name=\"robots\" content=\"index, follow, max-snippet:-1, max-image-preview:large, max-video-preview:-1\" \/>\n<link rel=\"canonical\" href=\"https:\/\/alvarelloseditora.gal\/es\/libro\/castelao-e-noso\/\" \/>\n<meta property=\"og:locale\" content=\"es_ES\" \/>\n<meta property=\"og:type\" content=\"article\" \/>\n<meta property=\"og:title\" content=\"Castelao \u00e9 noso - Alvarellos Editora\" \/>\n<meta property=\"og:description\" content=\"Castelao \u00e9 noso. C\u00f3mprao na tenda en li\u00f1a de Alvarellos Editora.\" \/>\n<meta property=\"og:url\" content=\"https:\/\/alvarelloseditora.gal\/es\/libro\/castelao-e-noso\/\" \/>\n<meta property=\"og:site_name\" content=\"Alvarellos Editora\" \/>\n<meta property=\"article:publisher\" content=\"https:\/\/www.facebook.com\/alvarelloseditora\" \/>\n<meta property=\"article:modified_time\" content=\"2024-07-29T08:07:45+00:00\" \/>\n<meta property=\"og:image\" content=\"https:\/\/alvarelloseditora.gal\/wp-content\/uploads\/2024\/07\/Castelao-e-noso-ALTA-scaled.jpg\" \/>\n\t<meta property=\"og:image:width\" content=\"1582\" \/>\n\t<meta property=\"og:image:height\" content=\"2560\" \/>\n\t<meta property=\"og:image:type\" content=\"image\/jpeg\" \/>\n<meta name=\"twitter:card\" content=\"summary_large_image\" \/>\n<meta name=\"twitter:site\" content=\"@alvarellos_ed\" \/>\n<meta name=\"twitter:label1\" content=\"Tiempo de lectura\" \/>\n\t<meta name=\"twitter:data1\" content=\"1 minuto\" \/>\n<!-- \/ Yoast SEO plugin. -->","yoast_head_json":{"title":"Castelao \u00e9 noso - Alvarellos Editora","description":"Castelao \u00e9 noso. C\u00f3mprao na tenda en li\u00f1a de Alvarellos Editora.","robots":{"index":"index","follow":"follow","max-snippet":"max-snippet:-1","max-image-preview":"max-image-preview:large","max-video-preview":"max-video-preview:-1"},"canonical":"https:\/\/alvarelloseditora.gal\/es\/libro\/castelao-e-noso\/","og_locale":"es_ES","og_type":"article","og_title":"Castelao \u00e9 noso - Alvarellos Editora","og_description":"Castelao \u00e9 noso. C\u00f3mprao na tenda en li\u00f1a de Alvarellos Editora.","og_url":"https:\/\/alvarelloseditora.gal\/es\/libro\/castelao-e-noso\/","og_site_name":"Alvarellos Editora","article_publisher":"https:\/\/www.facebook.com\/alvarelloseditora","article_modified_time":"2024-07-29T08:07:45+00:00","og_image":[{"width":1582,"height":2560,"url":"https:\/\/alvarelloseditora.gal\/wp-content\/uploads\/2024\/07\/Castelao-e-noso-ALTA-scaled.jpg","type":"image\/jpeg"}],"twitter_card":"summary_large_image","twitter_site":"@alvarellos_ed","twitter_misc":{"Tiempo de lectura":"1 minuto"},"schema":{"@context":"https:\/\/schema.org","@graph":[{"@type":["WebPage","ItemPage"],"@id":"https:\/\/alvarelloseditora.gal\/es\/libro\/castelao-e-noso\/","url":"https:\/\/alvarelloseditora.gal\/es\/libro\/castelao-e-noso\/","name":"Castelao \u00e9 noso - Alvarellos Editora","isPartOf":{"@id":"https:\/\/alvarelloseditora.gal\/#website"},"primaryImageOfPage":{"@id":"https:\/\/alvarelloseditora.gal\/es\/libro\/castelao-e-noso\/#primaryimage"},"image":{"@id":"https:\/\/alvarelloseditora.gal\/es\/libro\/castelao-e-noso\/#primaryimage"},"thumbnailUrl":"https:\/\/alvarelloseditora.gal\/wp-content\/uploads\/2024\/07\/Castelao-e-noso-ALTA-scaled.jpg","datePublished":"2024-07-24T10:52:22+00:00","dateModified":"2024-07-29T08:07:45+00:00","description":"Castelao \u00e9 noso. C\u00f3mprao na tenda en li\u00f1a de Alvarellos Editora.","breadcrumb":{"@id":"https:\/\/alvarelloseditora.gal\/es\/libro\/castelao-e-noso\/#breadcrumb"},"inLanguage":"es","potentialAction":[{"@type":"ReadAction","target":["https:\/\/alvarelloseditora.gal\/es\/libro\/castelao-e-noso\/"]}]},{"@type":"ImageObject","inLanguage":"es","@id":"https:\/\/alvarelloseditora.gal\/es\/libro\/castelao-e-noso\/#primaryimage","url":"https:\/\/alvarelloseditora.gal\/wp-content\/uploads\/2024\/07\/Castelao-e-noso-ALTA-scaled.jpg","contentUrl":"https:\/\/alvarelloseditora.gal\/wp-content\/uploads\/2024\/07\/Castelao-e-noso-ALTA-scaled.jpg","width":1582,"height":2560},{"@type":"BreadcrumbList","@id":"https:\/\/alvarelloseditora.gal\/es\/libro\/castelao-e-noso\/#breadcrumb","itemListElement":[{"@type":"ListItem","position":1,"name":"Portada","item":"https:\/\/alvarelloseditora.gal\/"},{"@type":"ListItem","position":2,"name":"Tienda","item":"https:\/\/alvarelloseditora.gal\/es\/tienda\/"},{"@type":"ListItem","position":3,"name":"Castelao \u00e9 noso"}]},{"@type":"WebSite","@id":"https:\/\/alvarelloseditora.gal\/#website","url":"https:\/\/alvarelloseditora.gal\/","name":"Alvarellos Editora","description":"Libros para un mundo en tr\u00e1nsito","publisher":{"@id":"https:\/\/alvarelloseditora.gal\/#organization"},"potentialAction":[{"@type":"SearchAction","target":{"@type":"EntryPoint","urlTemplate":"https:\/\/alvarelloseditora.gal\/?s={search_term_string}"},"query-input":{"@type":"PropertyValueSpecification","valueRequired":true,"valueName":"search_term_string"}}],"inLanguage":"es"},{"@type":"Organization","@id":"https:\/\/alvarelloseditora.gal\/#organization","name":"Alvarellos Editora","url":"https:\/\/alvarelloseditora.gal\/","logo":{"@type":"ImageObject","inLanguage":"es","@id":"https:\/\/alvarelloseditora.gal\/#\/schema\/logo\/image\/","url":"https:\/\/alvarelloseditora.gal\/wp-content\/uploads\/2020\/02\/alv-icon.png","contentUrl":"https:\/\/alvarelloseditora.gal\/wp-content\/uploads\/2020\/02\/alv-icon.png","width":177,"height":175,"caption":"Alvarellos Editora"},"image":{"@id":"https:\/\/alvarelloseditora.gal\/#\/schema\/logo\/image\/"},"sameAs":["https:\/\/www.facebook.com\/alvarelloseditora","https:\/\/x.com\/alvarellos_ed"]}]}},"_links":{"self":[{"href":"https:\/\/alvarelloseditora.gal\/es\/wp-json\/wp\/v2\/product\/9020","targetHints":{"allow":["GET"]}}],"collection":[{"href":"https:\/\/alvarelloseditora.gal\/es\/wp-json\/wp\/v2\/product"}],"about":[{"href":"https:\/\/alvarelloseditora.gal\/es\/wp-json\/wp\/v2\/types\/product"}],"replies":[{"embeddable":true,"href":"https:\/\/alvarelloseditora.gal\/es\/wp-json\/wp\/v2\/comments?post=9020"}],"wp:featuredmedia":[{"embeddable":true,"href":"https:\/\/alvarelloseditora.gal\/es\/wp-json\/wp\/v2\/media\/8992"}],"wp:attachment":[{"href":"https:\/\/alvarelloseditora.gal\/es\/wp-json\/wp\/v2\/media?parent=9020"}],"wp:term":[{"taxonomy":"product_brand","embeddable":true,"href":"https:\/\/alvarelloseditora.gal\/es\/wp-json\/wp\/v2\/product_brand?post=9020"},{"taxonomy":"product_cat","embeddable":true,"href":"https:\/\/alvarelloseditora.gal\/es\/wp-json\/wp\/v2\/product_cat?post=9020"},{"taxonomy":"product_tag","embeddable":true,"href":"https:\/\/alvarelloseditora.gal\/es\/wp-json\/wp\/v2\/product_tag?post=9020"}],"curies":[{"name":"wp","href":"https:\/\/api.w.org\/{rel}","templated":true}]}}