{"id":8999,"date":"2024-07-24T11:55:55","date_gmt":"2024-07-24T09:55:55","guid":{"rendered":"https:\/\/alvarelloseditora.gal\/book\/palabras-para-o-noso-tempo\/"},"modified":"2024-09-24T12:31:05","modified_gmt":"2024-09-24T10:31:05","slug":"palabras-para-o-noso-tempo","status":"publish","type":"product","link":"https:\/\/alvarelloseditora.gal\/es\/libro\/palabras-para-o-noso-tempo\/","title":{"rendered":"Palabras para o noso tempo. Catorce discursos orais (2014-2023)"},"content":{"rendered":"<p><a href=\"https:\/\/alvarelloseditora.gal\/wp-content\/uploads\/2024\/07\/NP_CAST_Palabras-para-o-noso-tempo-XAM-2024.pdf\">NP_CAST_Palabras-para-o-noso-tempo-XAM-2024<\/a><\/p>\n<p>&nbsp;<\/p>\n<p><a href=\"https:\/\/tv.udc.gal\/video\/66aa221a11cad16d618b4606\">V\u00eddeo de una de las conferencias del autor: \u00abA oratoria en galego despois da guerra civil\u00bb. Facultade de Filolox\u00eda de la Universidade da Coru\u00f1a, 2007<\/a><\/p>\n","protected":false},"excerpt":{"rendered":"<p>A LA VENTA A PARTIR DEL 5 DE AGOSTO DE 2024<br \/>\n&nbsp;<br \/>\nXes\u00fas Alonso Montero<br \/>\n&nbsp;<br \/>\nEdici\u00f3n al cuidado de Olivia Rodr\u00edguez Gonz\u00e1lez<br \/>\nGrabaci\u00f3n y transcripci\u00f3n de Carmen Blanco Ramos<br \/>\n&nbsp;<\/p>\n<p>&nbsp;<\/p>\n<p>356 pp . 13 x 23 cms.<br \/>\nISBN 978-84-18567-59-9.<br \/>\nPapel FSC Amigo de los Bosques<\/p>\n<p>&nbsp;<\/p>\n<p>Este volumen es quiz\u00e1s una de las obras m\u00e1s singulares en la extensa producci\u00f3n literaria de Xes\u00fas Alonso Montero. Palabras para o noso tempo (Alvarellos Editora, 2024) re\u00fane una m\u00ednima pero brillante selecci\u00f3n de sus discursos, manteniendo, en la traducci\u00f3n, el esp\u00edritu fiel de su oratoria original. Es un trabajo que parte de numerosas horas de grabaci\u00f3n y transcripci\u00f3n a cargo de Carmen Blanco Ramos, y del cuidado de la edici\u00f3n de Olivia Rodr\u00edguez Gonz\u00e1lez. El autor afirma haber pronunciado, a lo largo de su dilatada vida profesional, m\u00e1s de 5.000 discursos ante p\u00fablicos muy variados.<\/p>\n<p>&nbsp;<\/p>\n<p>Aqu\u00ed presentamos catorce destacadas intervenciones p\u00fablicas. Por ellas pasan nombres inolvidables de nuestra historia y de las Letras como Rosal\u00eda de Castro, Isaac D\u00edaz Pardo, Emilia Pardo Baz\u00e1n, Francisco Fern\u00e1ndez del Riego, Borob\u00f3, Ram\u00f3n Pi\u00f1eiro o Xos\u00e9 Neira Vilas. Y tambi\u00e9n hay espacio destacado para el exilio, el antifranquismo, la defensa de las clases populares y la historia del comunismo europeo.<\/p>\n<p>&nbsp;<\/p>\n<p>Como afirma la profesora Olivia Rodr\u00edguez en su pr\u00f3logo, \u201cesta obra es una revalorizaci\u00f3n del pensamiento creativo de la palabra y de su conexi\u00f3n con el pensar, sentir e imaginar (&#8230;). El principal objetivo de su oratoria es la transmisi\u00f3n de conocimiento para combatir el silencio y el olvido, impuestos en el pasado y banalizados en el presente\u201d.<\/p>\n<p>&nbsp;<\/p>\n<p>[Este libro es el resultado del proyecto de I+D+i \u00abIntersecci\u00f3ns post-humanas en las literaturas irlandesa y gallega\u00bb PID2022-136251NB-I00,<br \/>\nfinanciado por MICIU\/AEI\/10.13039\/501100011033\/ y \u00abFEDER Una forma de hacer Europa\u00bb, \u00abFEDER\/UE\u00bb].<\/p>\n<p>&nbsp;<\/p>\n<p>V\u00eddeo de una de las conferencias del autor: \u00abA oratoria en galego despois da guerra civil\u00bb. Facultade de Filolox\u00eda de la Universidade da Coru\u00f1a, 2007<\/p>\n<p>&nbsp;<\/p>\n","protected":false},"featured_media":8989,"comment_status":"closed","ping_status":"closed","template":"","meta":[],"product_brand":[],"product_cat":[105],"product_tag":[],"class_list":{"0":"post-8999","1":"product","2":"type-product","3":"status-publish","4":"has-post-thumbnail","6":"product_author-xesus-alonso-montero-es","7":"product_cat-oeste-es","9":"first","10":"instock","11":"taxable","12":"shipping-taxable","13":"purchasable","14":"product-type-simple"},"yoast_head":"<!-- This site is optimized with the Yoast SEO plugin v27.3 - https:\/\/yoast.com\/product\/yoast-seo-wordpress\/ -->\n<title>Palabras para o noso tempo. Catorce discursos orais (2014-2023) - Alvarellos Editora<\/title>\n<meta name=\"description\" content=\"Palabras para o noso tempo. Catorce discursos orais (2014-2023). C\u00f3mprao na tenda en li\u00f1a de Alvarellos Editora.\" \/>\n<meta name=\"robots\" content=\"index, follow, max-snippet:-1, max-image-preview:large, max-video-preview:-1\" \/>\n<link rel=\"canonical\" href=\"https:\/\/alvarelloseditora.gal\/es\/libro\/palabras-para-o-noso-tempo\/\" \/>\n<meta property=\"og:locale\" content=\"es_ES\" \/>\n<meta property=\"og:type\" content=\"article\" \/>\n<meta property=\"og:title\" content=\"Palabras para o noso tempo. Catorce discursos orais (2014-2023) - Alvarellos Editora\" \/>\n<meta property=\"og:description\" content=\"Palabras para o noso tempo. Catorce discursos orais (2014-2023). C\u00f3mprao na tenda en li\u00f1a de Alvarellos Editora.\" \/>\n<meta property=\"og:url\" content=\"https:\/\/alvarelloseditora.gal\/es\/libro\/palabras-para-o-noso-tempo\/\" \/>\n<meta property=\"og:site_name\" content=\"Alvarellos Editora\" \/>\n<meta property=\"article:publisher\" content=\"https:\/\/www.facebook.com\/alvarelloseditora\" \/>\n<meta property=\"article:modified_time\" content=\"2024-09-24T10:31:05+00:00\" \/>\n<meta property=\"og:image\" content=\"https:\/\/alvarelloseditora.gal\/wp-content\/uploads\/2024\/07\/Palabras-para-o-noso-tempo-ALTA-scaled.jpg\" \/>\n\t<meta property=\"og:image:width\" content=\"1446\" \/>\n\t<meta property=\"og:image:height\" content=\"2560\" \/>\n\t<meta property=\"og:image:type\" content=\"image\/jpeg\" \/>\n<meta name=\"twitter:card\" content=\"summary_large_image\" \/>\n<meta name=\"twitter:site\" content=\"@alvarellos_ed\" \/>\n<meta name=\"twitter:label1\" content=\"Tiempo de lectura\" \/>\n\t<meta name=\"twitter:data1\" content=\"1 minuto\" \/>\n<!-- \/ Yoast SEO plugin. -->","yoast_head_json":{"title":"Palabras para o noso tempo. Catorce discursos orais (2014-2023) - Alvarellos Editora","description":"Palabras para o noso tempo. Catorce discursos orais (2014-2023). C\u00f3mprao na tenda en li\u00f1a de Alvarellos Editora.","robots":{"index":"index","follow":"follow","max-snippet":"max-snippet:-1","max-image-preview":"max-image-preview:large","max-video-preview":"max-video-preview:-1"},"canonical":"https:\/\/alvarelloseditora.gal\/es\/libro\/palabras-para-o-noso-tempo\/","og_locale":"es_ES","og_type":"article","og_title":"Palabras para o noso tempo. Catorce discursos orais (2014-2023) - Alvarellos Editora","og_description":"Palabras para o noso tempo. Catorce discursos orais (2014-2023). C\u00f3mprao na tenda en li\u00f1a de Alvarellos Editora.","og_url":"https:\/\/alvarelloseditora.gal\/es\/libro\/palabras-para-o-noso-tempo\/","og_site_name":"Alvarellos Editora","article_publisher":"https:\/\/www.facebook.com\/alvarelloseditora","article_modified_time":"2024-09-24T10:31:05+00:00","og_image":[{"width":1446,"height":2560,"url":"https:\/\/alvarelloseditora.gal\/wp-content\/uploads\/2024\/07\/Palabras-para-o-noso-tempo-ALTA-scaled.jpg","type":"image\/jpeg"}],"twitter_card":"summary_large_image","twitter_site":"@alvarellos_ed","twitter_misc":{"Tiempo de lectura":"1 minuto"},"schema":{"@context":"https:\/\/schema.org","@graph":[{"@type":["WebPage","ItemPage"],"@id":"https:\/\/alvarelloseditora.gal\/es\/libro\/palabras-para-o-noso-tempo\/","url":"https:\/\/alvarelloseditora.gal\/es\/libro\/palabras-para-o-noso-tempo\/","name":"Palabras para o noso tempo. Catorce discursos orais (2014-2023) - Alvarellos Editora","isPartOf":{"@id":"https:\/\/alvarelloseditora.gal\/#website"},"primaryImageOfPage":{"@id":"https:\/\/alvarelloseditora.gal\/es\/libro\/palabras-para-o-noso-tempo\/#primaryimage"},"image":{"@id":"https:\/\/alvarelloseditora.gal\/es\/libro\/palabras-para-o-noso-tempo\/#primaryimage"},"thumbnailUrl":"https:\/\/alvarelloseditora.gal\/wp-content\/uploads\/2024\/07\/Palabras-para-o-noso-tempo-ALTA-scaled.jpg","datePublished":"2024-07-24T09:55:55+00:00","dateModified":"2024-09-24T10:31:05+00:00","description":"Palabras para o noso tempo. Catorce discursos orais (2014-2023). C\u00f3mprao na tenda en li\u00f1a de Alvarellos Editora.","breadcrumb":{"@id":"https:\/\/alvarelloseditora.gal\/es\/libro\/palabras-para-o-noso-tempo\/#breadcrumb"},"inLanguage":"es","potentialAction":[{"@type":"ReadAction","target":["https:\/\/alvarelloseditora.gal\/es\/libro\/palabras-para-o-noso-tempo\/"]}]},{"@type":"ImageObject","inLanguage":"es","@id":"https:\/\/alvarelloseditora.gal\/es\/libro\/palabras-para-o-noso-tempo\/#primaryimage","url":"https:\/\/alvarelloseditora.gal\/wp-content\/uploads\/2024\/07\/Palabras-para-o-noso-tempo-ALTA-scaled.jpg","contentUrl":"https:\/\/alvarelloseditora.gal\/wp-content\/uploads\/2024\/07\/Palabras-para-o-noso-tempo-ALTA-scaled.jpg","width":1446,"height":2560},{"@type":"BreadcrumbList","@id":"https:\/\/alvarelloseditora.gal\/es\/libro\/palabras-para-o-noso-tempo\/#breadcrumb","itemListElement":[{"@type":"ListItem","position":1,"name":"Portada","item":"https:\/\/alvarelloseditora.gal\/"},{"@type":"ListItem","position":2,"name":"Tienda","item":"https:\/\/alvarelloseditora.gal\/es\/tienda\/"},{"@type":"ListItem","position":3,"name":"Palabras para o noso tempo. Catorce discursos orais (2014-2023)"}]},{"@type":"WebSite","@id":"https:\/\/alvarelloseditora.gal\/#website","url":"https:\/\/alvarelloseditora.gal\/","name":"Alvarellos Editora","description":"Libros para un mundo en tr\u00e1nsito","publisher":{"@id":"https:\/\/alvarelloseditora.gal\/#organization"},"potentialAction":[{"@type":"SearchAction","target":{"@type":"EntryPoint","urlTemplate":"https:\/\/alvarelloseditora.gal\/?s={search_term_string}"},"query-input":{"@type":"PropertyValueSpecification","valueRequired":true,"valueName":"search_term_string"}}],"inLanguage":"es"},{"@type":"Organization","@id":"https:\/\/alvarelloseditora.gal\/#organization","name":"Alvarellos Editora","url":"https:\/\/alvarelloseditora.gal\/","logo":{"@type":"ImageObject","inLanguage":"es","@id":"https:\/\/alvarelloseditora.gal\/#\/schema\/logo\/image\/","url":"https:\/\/alvarelloseditora.gal\/wp-content\/uploads\/2020\/02\/alv-icon.png","contentUrl":"https:\/\/alvarelloseditora.gal\/wp-content\/uploads\/2020\/02\/alv-icon.png","width":177,"height":175,"caption":"Alvarellos Editora"},"image":{"@id":"https:\/\/alvarelloseditora.gal\/#\/schema\/logo\/image\/"},"sameAs":["https:\/\/www.facebook.com\/alvarelloseditora","https:\/\/x.com\/alvarellos_ed"]}]}},"_links":{"self":[{"href":"https:\/\/alvarelloseditora.gal\/es\/wp-json\/wp\/v2\/product\/8999","targetHints":{"allow":["GET"]}}],"collection":[{"href":"https:\/\/alvarelloseditora.gal\/es\/wp-json\/wp\/v2\/product"}],"about":[{"href":"https:\/\/alvarelloseditora.gal\/es\/wp-json\/wp\/v2\/types\/product"}],"replies":[{"embeddable":true,"href":"https:\/\/alvarelloseditora.gal\/es\/wp-json\/wp\/v2\/comments?post=8999"}],"wp:featuredmedia":[{"embeddable":true,"href":"https:\/\/alvarelloseditora.gal\/es\/wp-json\/wp\/v2\/media\/8989"}],"wp:attachment":[{"href":"https:\/\/alvarelloseditora.gal\/es\/wp-json\/wp\/v2\/media?parent=8999"}],"wp:term":[{"taxonomy":"product_brand","embeddable":true,"href":"https:\/\/alvarelloseditora.gal\/es\/wp-json\/wp\/v2\/product_brand?post=8999"},{"taxonomy":"product_cat","embeddable":true,"href":"https:\/\/alvarelloseditora.gal\/es\/wp-json\/wp\/v2\/product_cat?post=8999"},{"taxonomy":"product_tag","embeddable":true,"href":"https:\/\/alvarelloseditora.gal\/es\/wp-json\/wp\/v2\/product_tag?post=8999"}],"curies":[{"name":"wp","href":"https:\/\/api.w.org\/{rel}","templated":true}]}}