{"id":8939,"date":"2024-05-23T14:09:51","date_gmt":"2024-05-23T12:09:51","guid":{"rendered":"https:\/\/alvarelloseditora.gal\/book\/el-camino-de-santiago-el-libro-olvidado-de-1965\/"},"modified":"2024-06-05T11:35:03","modified_gmt":"2024-06-05T09:35:03","slug":"el-camino-de-santiago-el-libro-olvidado-de-1965","status":"publish","type":"product","link":"https:\/\/alvarelloseditora.gal\/es\/libro\/el-camino-de-santiago-el-libro-olvidado-de-1965\/","title":{"rendered":"El Camino de Santiago. El libro olvidado de 1965"},"content":{"rendered":"<p><a href=\"https:\/\/alvarelloseditora.gal\/wp-content\/uploads\/2024\/05\/NP_CAST_El_Camino_de_Santiago_Alvaro_Cunqueiro_2024.pdf\">NP_CAST_El_Camino_de_Santiago_\u00c1lvaro_Cunqueiro_2024<\/a><\/p>\n<p>&nbsp;<\/p>\n<p>DOSIER DE PRENSA<br \/>\n(Junio 2024)<\/p>\n<div><\/div>\n<div class=\"gmail_default\"><a href=\"https:\/\/www.lavozdegalicia.es\/noticia\/cultura\/2024\/06\/05\/legua-peregrino-posada-mesa-pan\/0003_202406G5P31991.htm\" target=\"_blank\" rel=\"noopener\" data-saferedirecturl=\"https:\/\/www.google.com\/url?q=https:\/\/www.lavozdegalicia.es\/noticia\/cultura\/2024\/06\/05\/legua-peregrino-posada-mesa-pan\/0003_202406G5P31991.htm&amp;source=gmail&amp;ust=1717662401090000&amp;usg=AOvVaw27pkxdl31DzfBT-h1Gg_tD\">La Voz de Galicia<\/a><\/div>\n<div class=\"gmail_default\"><a href=\"https:\/\/www.elcorreogallego.es\/sociedad\/2024\/06\/05\/editorial-alvarellos-rescata-libro-alvaro-103347571.html\" target=\"_blank\" rel=\"noopener\" data-saferedirecturl=\"https:\/\/www.google.com\/url?q=https:\/\/www.elcorreogallego.es\/sociedad\/2024\/06\/05\/editorial-alvarellos-rescata-libro-alvaro-103347571.html&amp;source=gmail&amp;ust=1717662401090000&amp;usg=AOvVaw3IB7mneNp4LBMhGvzBEjLu\">El Correo Gallego<\/a><\/div>\n<div class=\"gmail_default\"><a href=\"https:\/\/www.farodevigo.es\/sociedad\/2024\/06\/05\/editorial-alvarellos-rescata-libro-alvaro-cunqueiro-camino-santiago-103359418.html\" target=\"_blank\" rel=\"noopener\" data-saferedirecturl=\"https:\/\/www.google.com\/url?q=https:\/\/www.farodevigo.es\/sociedad\/2024\/06\/05\/editorial-alvarellos-rescata-libro-alvaro-cunqueiro-camino-santiago-103359418.html&amp;source=gmail&amp;ust=1717662401090000&amp;usg=AOvVaw0w2BhCZPeqp26ZLNya8X0D\">Faro de Vigo<\/a><\/div>\n<div class=\"gmail_default\"><a href=\"https:\/\/xornaldevigo.gal\/cultura\/121166-reeditan-o-libro-o-camino-de-santiago-de-alvaro-cunqueiro\/\" target=\"_blank\" rel=\"noopener\" data-saferedirecturl=\"https:\/\/www.google.com\/url?q=https:\/\/xornaldevigo.gal\/cultura\/121166-reeditan-o-libro-o-camino-de-santiago-de-alvaro-cunqueiro\/&amp;source=gmail&amp;ust=1717662401090000&amp;usg=AOvVaw2CyCNIfBPzQ2lPXkqPu0M9\">Xornal de Vigo<\/a><\/div>\n<div class=\"gmail_default\"><a href=\"https:\/\/www.lavanguardia.com\/cultura\/20240604\/9705668\/reeditan-camino-santiago-obra-olvidada-cunqueiro-publico-vigo-1965-ep-agenciaslv20240604.html\" target=\"_blank\" rel=\"noopener\" data-saferedirecturl=\"https:\/\/www.google.com\/url?q=https:\/\/www.lavanguardia.com\/cultura\/20240604\/9705668\/reeditan-camino-santiago-obra-olvidada-cunqueiro-publico-vigo-1965-ep-agenciaslv20240604.html&amp;source=gmail&amp;ust=1717662401090000&amp;usg=AOvVaw0WFb9HxgxO4Fv7BvzTKjS8\">La Vanguardia<\/a><\/div>\n<div class=\"gmail_default\"><a href=\"https:\/\/www.elespanol.com\/treintayseis\/cultura\/20240605\/reeditan-libro-cunqueiro-estreno-vigo-no-volvio-publicar\/860663950_0.html\" target=\"_blank\" rel=\"noopener\" data-saferedirecturl=\"https:\/\/www.google.com\/url?q=https:\/\/www.elespanol.com\/treintayseis\/cultura\/20240605\/reeditan-libro-cunqueiro-estreno-vigo-no-volvio-publicar\/860663950_0.html&amp;source=gmail&amp;ust=1717662401090000&amp;usg=AOvVaw1pRajq2jThNagEB2bwqMMz\">Europa Press<\/a><\/div>\n<div class=\"gmail_default\"><a href=\"https:\/\/www.elespanol.com\/treintayseis\/cultura\/20240605\/reeditan-libro-cunqueiro-estreno-vigo-no-volvio-publicar\/860663950_0.html\" target=\"_blank\" rel=\"noopener\" data-saferedirecturl=\"https:\/\/www.google.com\/url?q=https:\/\/www.elespanol.com\/treintayseis\/cultura\/20240605\/reeditan-libro-cunqueiro-estreno-vigo-no-volvio-publicar\/860663950_0.html&amp;source=gmail&amp;ust=1717662401090000&amp;usg=AOvVaw1pRajq2jThNagEB2bwqMMz\">El Espa\u00f1ol<\/a><\/div>\n<p>&nbsp;<\/p>\n","protected":false},"excerpt":{"rendered":"<p>\u00c1lvaro Cunqueiro<br \/>\n&nbsp;<\/p>\n<p>140 pp . 14 x 21 cms<br \/>\nISBN 978-84-18567-58-2<br \/>\nTapa dura. Con marcap\u00e1ginas en tela<br \/>\nPapel FSC Amigo de los Bosques<\/p>\n<p>&nbsp;<\/p>\n<p>Alvarellos Editora rescata un libro olvidado del gran \u00c1lvaro Cunqueiro: El Camino de Santiago. Publicado en 1965 y nunca m\u00e1s vuelto a editar hasta ahora. Un cuidado volumen en el que colabora el hijo del autor, C\u00e9sar Cunqueiro, y la especialista Mar\u00eda Xes\u00fas Nogueira.<\/p>\n<p>&nbsp;<\/p>\n<p>Cunqueiro es todo un placer para los sentidos. Y si adem\u00e1s es una gu\u00eda del Camino de Santiago, tan especial, tan personal, tan llena de \u00absombras apasionantes\u00bb y de \u00abnombres gigantes\u00bb, como esta, el resultado es toda una experiencia lectora\u2026 y viajera.<\/p>\n<p>&nbsp;<\/p>\n<p>\u00c1lvaro Cunqueiro se consideraba el \u00faltimo peregrino medieval. \u00abEl viaje es para m\u00ed una experiencia po\u00e9tica\u00bb, afirmaba. Peregrinaci\u00f3n y poes\u00eda. Estamos ante un texto breve pero de desbordante caudal narrativo, donde cada p\u00e1rrafo se recrea en un suceso, sea real o imaginario, o una combinaci\u00f3n de ambos.<\/p>\n<p>&nbsp;<\/p>\n<p>Lo hemos denominado \u00abel libro olvidado\u00bb, porque as\u00ed ha permanecido durante todos estos a\u00f1os. Desde que en 1965 fuese publicado por primera y \u2014hasta ahora\u2014 \u00fanica vez.<\/p>\n<p>&nbsp;<\/p>\n<p>Presentamos una cuidada edici\u00f3n anotada, dentro de nuestra premiada Colecci\u00f3n Rescate. Incorpora un pr\u00f3logo del escritor e hijo del autor, C\u00e9sar Cunqueiro y un estudio de la especialista Mar\u00eda Xes\u00fas Nogueira.<\/p>\n<p>&nbsp;<\/p>\n<p>Viajemos con la prosa \u00fanica de Cunqueiro por este milenario Camino de Santiago con el que tanto se identificar\u00eda el autor.<\/p>\n<p>&nbsp;<\/p>\n<p>DOSIER DE PRENSA<br \/>\n(Junio 2024)<\/p>\n<p>La Voz de Galicia<br \/>\nEl Correo Gallego<br \/>\nFaro de Vigo<br \/>\nXornal de Vigo<br \/>\nLa Vanguardia<br \/>\nEuropa Press<br \/>\nEl Espa\u00f1ol<br \/>\n&nbsp;<\/p>\n<p>&nbsp;<\/p>\n<p>&nbsp;<\/p>\n<p>&nbsp;<\/p>\n<p>&nbsp;<\/p>\n","protected":false},"featured_media":8937,"comment_status":"closed","ping_status":"closed","template":"","meta":[],"product_brand":[],"product_cat":[111],"product_tag":[1887,1888,1889,1092],"class_list":{"0":"post-8939","1":"product","2":"type-product","3":"status-publish","4":"has-post-thumbnail","6":"product_author-alvaro-cunqueiro-es","7":"product_cat-coleccion-rescate-es","8":"product_tag-camino-de-santiago-es","9":"product_tag-compostela-es","10":"product_tag-jacobeo-es","11":"product_tag-santiago-es","13":"first","14":"instock","15":"taxable","16":"shipping-taxable","17":"purchasable","18":"product-type-simple"},"yoast_head":"<!-- This site is optimized with the Yoast SEO plugin v27.3 - https:\/\/yoast.com\/product\/yoast-seo-wordpress\/ -->\n<title>El Camino de Santiago. El libro olvidado de 1965 - Alvarellos Editora<\/title>\n<meta name=\"description\" content=\"El Camino de Santiago. El libro olvidado de 1965. C\u00f3mprao na tenda en li\u00f1a de Alvarellos Editora.\" \/>\n<meta name=\"robots\" content=\"index, follow, max-snippet:-1, max-image-preview:large, max-video-preview:-1\" \/>\n<link rel=\"canonical\" href=\"https:\/\/alvarelloseditora.gal\/es\/libro\/el-camino-de-santiago-el-libro-olvidado-de-1965\/\" \/>\n<meta property=\"og:locale\" content=\"es_ES\" \/>\n<meta property=\"og:type\" content=\"article\" \/>\n<meta property=\"og:title\" content=\"El Camino de Santiago. El libro olvidado de 1965 - Alvarellos Editora\" \/>\n<meta property=\"og:description\" content=\"El Camino de Santiago. El libro olvidado de 1965. C\u00f3mprao na tenda en li\u00f1a de Alvarellos Editora.\" \/>\n<meta property=\"og:url\" content=\"https:\/\/alvarelloseditora.gal\/es\/libro\/el-camino-de-santiago-el-libro-olvidado-de-1965\/\" \/>\n<meta property=\"og:site_name\" content=\"Alvarellos Editora\" \/>\n<meta property=\"article:publisher\" content=\"https:\/\/www.facebook.com\/alvarelloseditora\" \/>\n<meta property=\"article:modified_time\" content=\"2024-06-05T09:35:03+00:00\" \/>\n<meta property=\"og:image\" content=\"https:\/\/alvarelloseditora.gal\/wp-content\/uploads\/2024\/05\/Capa-1-El-Camino-de-Santiago-Cunqueiro.jpg\" \/>\n\t<meta property=\"og:image:width\" content=\"806\" \/>\n\t<meta property=\"og:image:height\" content=\"1210\" \/>\n\t<meta property=\"og:image:type\" content=\"image\/jpeg\" \/>\n<meta name=\"twitter:card\" content=\"summary_large_image\" \/>\n<meta name=\"twitter:site\" content=\"@alvarellos_ed\" \/>\n<meta name=\"twitter:label1\" content=\"Tiempo de lectura\" \/>\n\t<meta name=\"twitter:data1\" content=\"1 minuto\" \/>\n<!-- \/ Yoast SEO plugin. -->","yoast_head_json":{"title":"El Camino de Santiago. El libro olvidado de 1965 - Alvarellos Editora","description":"El Camino de Santiago. El libro olvidado de 1965. C\u00f3mprao na tenda en li\u00f1a de Alvarellos Editora.","robots":{"index":"index","follow":"follow","max-snippet":"max-snippet:-1","max-image-preview":"max-image-preview:large","max-video-preview":"max-video-preview:-1"},"canonical":"https:\/\/alvarelloseditora.gal\/es\/libro\/el-camino-de-santiago-el-libro-olvidado-de-1965\/","og_locale":"es_ES","og_type":"article","og_title":"El Camino de Santiago. El libro olvidado de 1965 - Alvarellos Editora","og_description":"El Camino de Santiago. El libro olvidado de 1965. C\u00f3mprao na tenda en li\u00f1a de Alvarellos Editora.","og_url":"https:\/\/alvarelloseditora.gal\/es\/libro\/el-camino-de-santiago-el-libro-olvidado-de-1965\/","og_site_name":"Alvarellos Editora","article_publisher":"https:\/\/www.facebook.com\/alvarelloseditora","article_modified_time":"2024-06-05T09:35:03+00:00","og_image":[{"width":806,"height":1210,"url":"https:\/\/alvarelloseditora.gal\/wp-content\/uploads\/2024\/05\/Capa-1-El-Camino-de-Santiago-Cunqueiro.jpg","type":"image\/jpeg"}],"twitter_card":"summary_large_image","twitter_site":"@alvarellos_ed","twitter_misc":{"Tiempo de lectura":"1 minuto"},"schema":{"@context":"https:\/\/schema.org","@graph":[{"@type":["WebPage","ItemPage"],"@id":"https:\/\/alvarelloseditora.gal\/es\/libro\/el-camino-de-santiago-el-libro-olvidado-de-1965\/","url":"https:\/\/alvarelloseditora.gal\/es\/libro\/el-camino-de-santiago-el-libro-olvidado-de-1965\/","name":"El Camino de Santiago. El libro olvidado de 1965 - Alvarellos Editora","isPartOf":{"@id":"https:\/\/alvarelloseditora.gal\/#website"},"primaryImageOfPage":{"@id":"https:\/\/alvarelloseditora.gal\/es\/libro\/el-camino-de-santiago-el-libro-olvidado-de-1965\/#primaryimage"},"image":{"@id":"https:\/\/alvarelloseditora.gal\/es\/libro\/el-camino-de-santiago-el-libro-olvidado-de-1965\/#primaryimage"},"thumbnailUrl":"https:\/\/alvarelloseditora.gal\/wp-content\/uploads\/2024\/05\/Capa-1-El-Camino-de-Santiago-Cunqueiro.jpg","datePublished":"2024-05-23T12:09:51+00:00","dateModified":"2024-06-05T09:35:03+00:00","description":"El Camino de Santiago. El libro olvidado de 1965. C\u00f3mprao na tenda en li\u00f1a de Alvarellos Editora.","breadcrumb":{"@id":"https:\/\/alvarelloseditora.gal\/es\/libro\/el-camino-de-santiago-el-libro-olvidado-de-1965\/#breadcrumb"},"inLanguage":"es","potentialAction":[{"@type":"ReadAction","target":["https:\/\/alvarelloseditora.gal\/es\/libro\/el-camino-de-santiago-el-libro-olvidado-de-1965\/"]}]},{"@type":"ImageObject","inLanguage":"es","@id":"https:\/\/alvarelloseditora.gal\/es\/libro\/el-camino-de-santiago-el-libro-olvidado-de-1965\/#primaryimage","url":"https:\/\/alvarelloseditora.gal\/wp-content\/uploads\/2024\/05\/Capa-1-El-Camino-de-Santiago-Cunqueiro.jpg","contentUrl":"https:\/\/alvarelloseditora.gal\/wp-content\/uploads\/2024\/05\/Capa-1-El-Camino-de-Santiago-Cunqueiro.jpg","width":806,"height":1210},{"@type":"BreadcrumbList","@id":"https:\/\/alvarelloseditora.gal\/es\/libro\/el-camino-de-santiago-el-libro-olvidado-de-1965\/#breadcrumb","itemListElement":[{"@type":"ListItem","position":1,"name":"Portada","item":"https:\/\/alvarelloseditora.gal\/"},{"@type":"ListItem","position":2,"name":"Tienda","item":"https:\/\/alvarelloseditora.gal\/es\/tienda\/"},{"@type":"ListItem","position":3,"name":"El Camino de Santiago. El libro olvidado de 1965"}]},{"@type":"WebSite","@id":"https:\/\/alvarelloseditora.gal\/#website","url":"https:\/\/alvarelloseditora.gal\/","name":"Alvarellos Editora","description":"Libros para un mundo en tr\u00e1nsito","publisher":{"@id":"https:\/\/alvarelloseditora.gal\/#organization"},"potentialAction":[{"@type":"SearchAction","target":{"@type":"EntryPoint","urlTemplate":"https:\/\/alvarelloseditora.gal\/?s={search_term_string}"},"query-input":{"@type":"PropertyValueSpecification","valueRequired":true,"valueName":"search_term_string"}}],"inLanguage":"es"},{"@type":"Organization","@id":"https:\/\/alvarelloseditora.gal\/#organization","name":"Alvarellos Editora","url":"https:\/\/alvarelloseditora.gal\/","logo":{"@type":"ImageObject","inLanguage":"es","@id":"https:\/\/alvarelloseditora.gal\/#\/schema\/logo\/image\/","url":"https:\/\/alvarelloseditora.gal\/wp-content\/uploads\/2020\/02\/alv-icon.png","contentUrl":"https:\/\/alvarelloseditora.gal\/wp-content\/uploads\/2020\/02\/alv-icon.png","width":177,"height":175,"caption":"Alvarellos Editora"},"image":{"@id":"https:\/\/alvarelloseditora.gal\/#\/schema\/logo\/image\/"},"sameAs":["https:\/\/www.facebook.com\/alvarelloseditora","https:\/\/x.com\/alvarellos_ed"]}]}},"_links":{"self":[{"href":"https:\/\/alvarelloseditora.gal\/es\/wp-json\/wp\/v2\/product\/8939","targetHints":{"allow":["GET"]}}],"collection":[{"href":"https:\/\/alvarelloseditora.gal\/es\/wp-json\/wp\/v2\/product"}],"about":[{"href":"https:\/\/alvarelloseditora.gal\/es\/wp-json\/wp\/v2\/types\/product"}],"replies":[{"embeddable":true,"href":"https:\/\/alvarelloseditora.gal\/es\/wp-json\/wp\/v2\/comments?post=8939"}],"wp:featuredmedia":[{"embeddable":true,"href":"https:\/\/alvarelloseditora.gal\/es\/wp-json\/wp\/v2\/media\/8937"}],"wp:attachment":[{"href":"https:\/\/alvarelloseditora.gal\/es\/wp-json\/wp\/v2\/media?parent=8939"}],"wp:term":[{"taxonomy":"product_brand","embeddable":true,"href":"https:\/\/alvarelloseditora.gal\/es\/wp-json\/wp\/v2\/product_brand?post=8939"},{"taxonomy":"product_cat","embeddable":true,"href":"https:\/\/alvarelloseditora.gal\/es\/wp-json\/wp\/v2\/product_cat?post=8939"},{"taxonomy":"product_tag","embeddable":true,"href":"https:\/\/alvarelloseditora.gal\/es\/wp-json\/wp\/v2\/product_tag?post=8939"}],"curies":[{"name":"wp","href":"https:\/\/api.w.org\/{rel}","templated":true}]}}