{"id":8900,"date":"2024-04-03T13:22:33","date_gmt":"2024-04-03T11:22:33","guid":{"rendered":"https:\/\/alvarelloseditora.gal\/book\/cartas-de-conxo-o-legado-das-tavora\/"},"modified":"2024-04-03T18:19:09","modified_gmt":"2024-04-03T16:19:09","slug":"cartas-de-conxo-o-legado-das-tavora","status":"publish","type":"product","link":"https:\/\/alvarelloseditora.gal\/es\/libro\/cartas-de-conxo-o-legado-das-tavora\/","title":{"rendered":"Cartas de Conxo (O legado das T\u00e1vora)"},"content":{"rendered":"<p><a href=\"https:\/\/alvarelloseditora.gal\/wp-content\/uploads\/2024\/04\/NP_CAST_Cartas-de-Conxo-PREMIO-VILALBA-Alvarellos-Ed-2024.pdf\">NP_CAST_Cartas-de-Conxo-PREMIO-VILALBA-Alvarellos-Ed-2024<\/a><\/p>\n","protected":false},"excerpt":{"rendered":"<p>Xurxo Alonso<br \/>\n&nbsp;<br \/>\nXLIX Premio de Poes\u00eda del Concello de Vilalba (2023)<br \/>\n&nbsp;<\/p>\n<p>103 pp . 14 x 21 cms.<br \/>\nISBN: 978-84-18567-57-5<br \/>\nPapel FSC Amigo de los Bosques<br \/>\nIlustrado<\/p>\n<p>&nbsp;<\/p>\n<p>Cartas de Conxo (O legado das T\u00e1vora) es la obra ganadora de la edici\u00f3n n\u00ba 49 del Certamen Literario del Concello de Vilalba (Lugo). En este poemario, el autor, Xurxo Alonso, poeta y pintor, juega con los hilos de lo que sucedi\u00f3 en los primeros d\u00edas de la Guerra Civil, mezclando rumores y testimonios, para crear una realidad que podr\u00eda haber acontecido en cualquier lugar de la Galicia.<\/p>\n<p>&nbsp;<\/p>\n<p>Dos hermanas, las T\u00e1vora, env\u00edan cartas contando lo que est\u00e1 sucediendo a su alrededor. Uno de estos escritos es interceptado por la Guardia Civil y ellas acaban ingresadas en el Manicomio de Conxo (el actual Sanatorio Psiqui\u00e1trico, en Santiago de Compostela). Desde este lugar, siguen enviando misivas, pero ya no llegar\u00e1n a su destino, porque de esto se encargar\u00e1 una de las monjas.<\/p>\n<p>&nbsp;<\/p>\n<p>A partir de estos acontecimientos, Xurxo Alonso construye una obra que se sumerge, empleando el verso largo y libre, y potentes ilustraciones, en aquellos d\u00edas terribles, en aquel tiempo de asesinatos, huidos, clandestinidad y venganzas.<\/p>\n","protected":false},"featured_media":8899,"comment_status":"closed","ping_status":"closed","template":"","meta":[],"product_brand":[],"product_cat":[106],"product_tag":[],"class_list":{"0":"post-8900","1":"product","2":"type-product","3":"status-publish","4":"has-post-thumbnail","6":"product_author-xurxo-alonso-es","7":"product_cat-libros-do-sarela-es","9":"first","10":"instock","11":"taxable","12":"shipping-taxable","13":"purchasable","14":"product-type-simple"},"yoast_head":"<!-- This site is optimized with the Yoast SEO plugin v27.3 - https:\/\/yoast.com\/product\/yoast-seo-wordpress\/ -->\n<title>Cartas de Conxo (O legado das T\u00e1vora) - Alvarellos Editora<\/title>\n<meta name=\"description\" content=\"Cartas de Conxo (O legado das T\u00e1vora). C\u00f3mprao na tenda en li\u00f1a de Alvarellos Editora.\" \/>\n<meta name=\"robots\" content=\"index, follow, max-snippet:-1, max-image-preview:large, max-video-preview:-1\" \/>\n<link rel=\"canonical\" href=\"https:\/\/alvarelloseditora.gal\/es\/libro\/cartas-de-conxo-o-legado-das-tavora\/\" \/>\n<meta property=\"og:locale\" content=\"es_ES\" \/>\n<meta property=\"og:type\" content=\"article\" \/>\n<meta property=\"og:title\" content=\"Cartas de Conxo (O legado das T\u00e1vora) - Alvarellos Editora\" \/>\n<meta property=\"og:description\" content=\"Cartas de Conxo (O legado das T\u00e1vora). C\u00f3mprao na tenda en li\u00f1a de Alvarellos Editora.\" \/>\n<meta property=\"og:url\" content=\"https:\/\/alvarelloseditora.gal\/es\/libro\/cartas-de-conxo-o-legado-das-tavora\/\" \/>\n<meta property=\"og:site_name\" content=\"Alvarellos Editora\" \/>\n<meta property=\"article:publisher\" content=\"https:\/\/www.facebook.com\/alvarelloseditora\" \/>\n<meta property=\"article:modified_time\" content=\"2024-04-03T16:19:09+00:00\" \/>\n<meta property=\"og:image\" content=\"https:\/\/alvarelloseditora.gal\/wp-content\/uploads\/2024\/04\/Cartas-de-Conxo-2024-3-scaled.jpg\" \/>\n\t<meta property=\"og:image:width\" content=\"1702\" \/>\n\t<meta property=\"og:image:height\" content=\"2560\" \/>\n\t<meta property=\"og:image:type\" content=\"image\/jpeg\" \/>\n<meta name=\"twitter:card\" content=\"summary_large_image\" \/>\n<meta name=\"twitter:site\" content=\"@alvarellos_ed\" \/>\n<meta name=\"twitter:label1\" content=\"Tiempo de lectura\" \/>\n\t<meta name=\"twitter:data1\" content=\"1 minuto\" \/>\n<!-- \/ Yoast SEO plugin. -->","yoast_head_json":{"title":"Cartas de Conxo (O legado das T\u00e1vora) - Alvarellos Editora","description":"Cartas de Conxo (O legado das T\u00e1vora). C\u00f3mprao na tenda en li\u00f1a de Alvarellos Editora.","robots":{"index":"index","follow":"follow","max-snippet":"max-snippet:-1","max-image-preview":"max-image-preview:large","max-video-preview":"max-video-preview:-1"},"canonical":"https:\/\/alvarelloseditora.gal\/es\/libro\/cartas-de-conxo-o-legado-das-tavora\/","og_locale":"es_ES","og_type":"article","og_title":"Cartas de Conxo (O legado das T\u00e1vora) - Alvarellos Editora","og_description":"Cartas de Conxo (O legado das T\u00e1vora). C\u00f3mprao na tenda en li\u00f1a de Alvarellos Editora.","og_url":"https:\/\/alvarelloseditora.gal\/es\/libro\/cartas-de-conxo-o-legado-das-tavora\/","og_site_name":"Alvarellos Editora","article_publisher":"https:\/\/www.facebook.com\/alvarelloseditora","article_modified_time":"2024-04-03T16:19:09+00:00","og_image":[{"width":1702,"height":2560,"url":"https:\/\/alvarelloseditora.gal\/wp-content\/uploads\/2024\/04\/Cartas-de-Conxo-2024-3-scaled.jpg","type":"image\/jpeg"}],"twitter_card":"summary_large_image","twitter_site":"@alvarellos_ed","twitter_misc":{"Tiempo de lectura":"1 minuto"},"schema":{"@context":"https:\/\/schema.org","@graph":[{"@type":["WebPage","ItemPage"],"@id":"https:\/\/alvarelloseditora.gal\/es\/libro\/cartas-de-conxo-o-legado-das-tavora\/","url":"https:\/\/alvarelloseditora.gal\/es\/libro\/cartas-de-conxo-o-legado-das-tavora\/","name":"Cartas de Conxo (O legado das T\u00e1vora) - Alvarellos Editora","isPartOf":{"@id":"https:\/\/alvarelloseditora.gal\/#website"},"primaryImageOfPage":{"@id":"https:\/\/alvarelloseditora.gal\/es\/libro\/cartas-de-conxo-o-legado-das-tavora\/#primaryimage"},"image":{"@id":"https:\/\/alvarelloseditora.gal\/es\/libro\/cartas-de-conxo-o-legado-das-tavora\/#primaryimage"},"thumbnailUrl":"https:\/\/alvarelloseditora.gal\/wp-content\/uploads\/2024\/04\/Cartas-de-Conxo-2024-3-scaled.jpg","datePublished":"2024-04-03T11:22:33+00:00","dateModified":"2024-04-03T16:19:09+00:00","description":"Cartas de Conxo (O legado das T\u00e1vora). C\u00f3mprao na tenda en li\u00f1a de Alvarellos Editora.","breadcrumb":{"@id":"https:\/\/alvarelloseditora.gal\/es\/libro\/cartas-de-conxo-o-legado-das-tavora\/#breadcrumb"},"inLanguage":"es","potentialAction":[{"@type":"ReadAction","target":["https:\/\/alvarelloseditora.gal\/es\/libro\/cartas-de-conxo-o-legado-das-tavora\/"]}]},{"@type":"ImageObject","inLanguage":"es","@id":"https:\/\/alvarelloseditora.gal\/es\/libro\/cartas-de-conxo-o-legado-das-tavora\/#primaryimage","url":"https:\/\/alvarelloseditora.gal\/wp-content\/uploads\/2024\/04\/Cartas-de-Conxo-2024-3-scaled.jpg","contentUrl":"https:\/\/alvarelloseditora.gal\/wp-content\/uploads\/2024\/04\/Cartas-de-Conxo-2024-3-scaled.jpg","width":1702,"height":2560},{"@type":"BreadcrumbList","@id":"https:\/\/alvarelloseditora.gal\/es\/libro\/cartas-de-conxo-o-legado-das-tavora\/#breadcrumb","itemListElement":[{"@type":"ListItem","position":1,"name":"Portada","item":"https:\/\/alvarelloseditora.gal\/"},{"@type":"ListItem","position":2,"name":"Tienda","item":"https:\/\/alvarelloseditora.gal\/es\/tienda\/"},{"@type":"ListItem","position":3,"name":"Cartas de Conxo (O legado das T\u00e1vora)"}]},{"@type":"WebSite","@id":"https:\/\/alvarelloseditora.gal\/#website","url":"https:\/\/alvarelloseditora.gal\/","name":"Alvarellos Editora","description":"Libros para un mundo en tr\u00e1nsito","publisher":{"@id":"https:\/\/alvarelloseditora.gal\/#organization"},"potentialAction":[{"@type":"SearchAction","target":{"@type":"EntryPoint","urlTemplate":"https:\/\/alvarelloseditora.gal\/?s={search_term_string}"},"query-input":{"@type":"PropertyValueSpecification","valueRequired":true,"valueName":"search_term_string"}}],"inLanguage":"es"},{"@type":"Organization","@id":"https:\/\/alvarelloseditora.gal\/#organization","name":"Alvarellos Editora","url":"https:\/\/alvarelloseditora.gal\/","logo":{"@type":"ImageObject","inLanguage":"es","@id":"https:\/\/alvarelloseditora.gal\/#\/schema\/logo\/image\/","url":"https:\/\/alvarelloseditora.gal\/wp-content\/uploads\/2020\/02\/alv-icon.png","contentUrl":"https:\/\/alvarelloseditora.gal\/wp-content\/uploads\/2020\/02\/alv-icon.png","width":177,"height":175,"caption":"Alvarellos Editora"},"image":{"@id":"https:\/\/alvarelloseditora.gal\/#\/schema\/logo\/image\/"},"sameAs":["https:\/\/www.facebook.com\/alvarelloseditora","https:\/\/x.com\/alvarellos_ed"]}]}},"_links":{"self":[{"href":"https:\/\/alvarelloseditora.gal\/es\/wp-json\/wp\/v2\/product\/8900","targetHints":{"allow":["GET"]}}],"collection":[{"href":"https:\/\/alvarelloseditora.gal\/es\/wp-json\/wp\/v2\/product"}],"about":[{"href":"https:\/\/alvarelloseditora.gal\/es\/wp-json\/wp\/v2\/types\/product"}],"replies":[{"embeddable":true,"href":"https:\/\/alvarelloseditora.gal\/es\/wp-json\/wp\/v2\/comments?post=8900"}],"wp:featuredmedia":[{"embeddable":true,"href":"https:\/\/alvarelloseditora.gal\/es\/wp-json\/wp\/v2\/media\/8899"}],"wp:attachment":[{"href":"https:\/\/alvarelloseditora.gal\/es\/wp-json\/wp\/v2\/media?parent=8900"}],"wp:term":[{"taxonomy":"product_brand","embeddable":true,"href":"https:\/\/alvarelloseditora.gal\/es\/wp-json\/wp\/v2\/product_brand?post=8900"},{"taxonomy":"product_cat","embeddable":true,"href":"https:\/\/alvarelloseditora.gal\/es\/wp-json\/wp\/v2\/product_cat?post=8900"},{"taxonomy":"product_tag","embeddable":true,"href":"https:\/\/alvarelloseditora.gal\/es\/wp-json\/wp\/v2\/product_tag?post=8900"}],"curies":[{"name":"wp","href":"https:\/\/api.w.org\/{rel}","templated":true}]}}