{"id":8873,"date":"2019-12-27T13:41:09","date_gmt":"2019-12-27T13:41:09","guid":{"rendered":"https:\/\/alvarelloseditora.gal\/book\/secretos-de-catedral\/"},"modified":"2024-03-07T17:06:01","modified_gmt":"2024-03-07T16:06:01","slug":"secretos-de-catedral","status":"publish","type":"product","link":"https:\/\/alvarelloseditora.gal\/es\/libro\/secretos-de-catedral\/","title":{"rendered":"Secretos de Catedral"},"content":{"rendered":"<p>08-12-14<strong> El Correo Gallego<\/strong> <a href=\"http:\/\/www.elcorreogallego.es\/opinion\/ecg\/marcelino-agis-villaverde-secretos-catedral\/idEdicion-2014-12-08\/idNoticia-904857\/\">Opini\u00f3n de Marcelino Ag\u00eds Villaverde<\/a><\/p>\n<p>06-12-14 <strong>ABC<\/strong> Edici\u00f3n Galicia A la Catedral de Santiago a\u00fan le quedan secretos<\/p>\n<p>04-12-14 <strong>La Voz de Galicia<\/strong> <a href=\"http:\/\/www.lavozdegalicia.es\/noticia\/ocioycultura\/2014\/12\/04\/garcia-iglesias-presenta-libro-ortodoxo-sobre-catedral-santiago\/0003_201412G4P43992.htm\">Garc\u00eda Iglesias presenta su libro \u00abmenos ortodoxo\u00bb sobre la catedral de Santiago<\/a><\/p>\n<p>03-12-14 <strong>La Informaci\u00f3n.com<\/strong> Secretos de Catedral, otra manera de ver el templo de la Plaza del Obradoiro<\/p>\n<p>02-12-14 <strong>El Correo Gallego<\/strong>\u00a0<a href=\"http:\/\/www.elcorreogallego.es\/santiago\/ecg\/secretos-arte-catedral-salen-descubierto-nueva-publicacion\/idEdicion-2014-12-02\/idNoticia-903709\/\">Los \u2018secretos\u2019 del arte de la Catedral salen al descubierto en una nueva publicaci\u00f3n<\/a><\/p>\n<hr \/>\n<hr \/>\n","protected":false},"excerpt":{"rendered":"<p>La bas\u00edlica de Santiago de Compostela a trav\u00e9s de sus tiempos y espacios<br \/>\n&nbsp;<\/p>\n<p>ISBN: 978-84-89323-51-3<br \/>\nPp. 412 pp. Formato: 15,5 x 23 cms.<br \/>\nIlustrado<\/p>\n<p>&nbsp;<\/p>\n<p>El paso de los a\u00f1os ha acumulado \u00absecretos\u00bb -o interpretaciones discutibles- en torno al arte y la monumentalidad de la gran bas\u00edlica compostelana. Jos\u00e9 Manuel Garc\u00eda Iglesias, profundo conocedor de un templo al que ha dedicado muchos a\u00f1os de estudio, desvela en esta obra los resultados de sus \u00faltimas investigaciones.<\/p>\n<p>&nbsp;<\/p>\n<p>A trav\u00e9s de un enfoque original y una narrativa fluida acompa\u00f1ada por m\u00e1s de sesenta fotograf\u00edas de Julio Gil, este historiador del arte pretende desentra\u00f1ar algo de \u00ablo escondido, lo ignorado, lo silenciado, lo silencioso&#8230;\u00bb en torno al mayor monumento jacobeo.<\/p>\n","protected":false},"featured_media":4123,"comment_status":"closed","ping_status":"closed","template":"","meta":[],"product_brand":[],"product_cat":[105],"product_tag":[1045],"class_list":{"0":"post-8873","1":"product","2":"type-product","3":"status-publish","4":"has-post-thumbnail","6":"product_author-jose-manuel-garcia-iglesias-es","7":"product_cat-oeste-es","8":"product_tag-santiago-de-compostela-y-el-camino","10":"first","11":"outofstock","12":"taxable","13":"shipping-taxable","14":"purchasable","15":"product-type-simple"},"yoast_head":"<!-- This site is optimized with the Yoast SEO plugin v27.3 - https:\/\/yoast.com\/product\/yoast-seo-wordpress\/ -->\n<title>Secretos de Catedral - Alvarellos Editora<\/title>\n<meta name=\"description\" content=\"Secretos de Catedral. C\u00f3mprao na tenda en li\u00f1a de Alvarellos Editora.\" \/>\n<meta name=\"robots\" content=\"index, follow, max-snippet:-1, max-image-preview:large, max-video-preview:-1\" \/>\n<link rel=\"canonical\" href=\"https:\/\/alvarelloseditora.gal\/es\/libro\/secretos-de-catedral\/\" \/>\n<meta property=\"og:locale\" content=\"es_ES\" \/>\n<meta property=\"og:type\" content=\"article\" \/>\n<meta property=\"og:title\" content=\"Secretos de Catedral - Alvarellos Editora\" \/>\n<meta property=\"og:description\" content=\"Secretos de Catedral. C\u00f3mprao na tenda en li\u00f1a de Alvarellos Editora.\" \/>\n<meta property=\"og:url\" content=\"https:\/\/alvarelloseditora.gal\/es\/libro\/secretos-de-catedral\/\" \/>\n<meta property=\"og:site_name\" content=\"Alvarellos Editora\" \/>\n<meta property=\"article:publisher\" content=\"https:\/\/www.facebook.com\/alvarelloseditora\" \/>\n<meta property=\"article:modified_time\" content=\"2024-03-07T16:06:01+00:00\" \/>\n<meta property=\"og:image\" content=\"https:\/\/alvarelloseditora.gal\/wp-content\/uploads\/2019\/12\/secretos_de_catedral.jpg\" \/>\n\t<meta property=\"og:image:width\" content=\"1548\" \/>\n\t<meta property=\"og:image:height\" content=\"2400\" \/>\n\t<meta property=\"og:image:type\" content=\"image\/jpeg\" \/>\n<meta name=\"twitter:card\" content=\"summary_large_image\" \/>\n<meta name=\"twitter:site\" content=\"@alvarellos_ed\" \/>\n<meta name=\"twitter:label1\" content=\"Tiempo de lectura\" \/>\n\t<meta name=\"twitter:data1\" content=\"1 minuto\" \/>\n<!-- \/ Yoast SEO plugin. -->","yoast_head_json":{"title":"Secretos de Catedral - Alvarellos Editora","description":"Secretos de Catedral. C\u00f3mprao na tenda en li\u00f1a de Alvarellos Editora.","robots":{"index":"index","follow":"follow","max-snippet":"max-snippet:-1","max-image-preview":"max-image-preview:large","max-video-preview":"max-video-preview:-1"},"canonical":"https:\/\/alvarelloseditora.gal\/es\/libro\/secretos-de-catedral\/","og_locale":"es_ES","og_type":"article","og_title":"Secretos de Catedral - Alvarellos Editora","og_description":"Secretos de Catedral. C\u00f3mprao na tenda en li\u00f1a de Alvarellos Editora.","og_url":"https:\/\/alvarelloseditora.gal\/es\/libro\/secretos-de-catedral\/","og_site_name":"Alvarellos Editora","article_publisher":"https:\/\/www.facebook.com\/alvarelloseditora","article_modified_time":"2024-03-07T16:06:01+00:00","og_image":[{"width":1548,"height":2400,"url":"https:\/\/alvarelloseditora.gal\/wp-content\/uploads\/2019\/12\/secretos_de_catedral.jpg","type":"image\/jpeg"}],"twitter_card":"summary_large_image","twitter_site":"@alvarellos_ed","twitter_misc":{"Tiempo de lectura":"1 minuto"},"schema":{"@context":"https:\/\/schema.org","@graph":[{"@type":["WebPage","ItemPage"],"@id":"https:\/\/alvarelloseditora.gal\/es\/libro\/secretos-de-catedral\/","url":"https:\/\/alvarelloseditora.gal\/es\/libro\/secretos-de-catedral\/","name":"Secretos de Catedral - Alvarellos Editora","isPartOf":{"@id":"https:\/\/alvarelloseditora.gal\/#website"},"primaryImageOfPage":{"@id":"https:\/\/alvarelloseditora.gal\/es\/libro\/secretos-de-catedral\/#primaryimage"},"image":{"@id":"https:\/\/alvarelloseditora.gal\/es\/libro\/secretos-de-catedral\/#primaryimage"},"thumbnailUrl":"https:\/\/alvarelloseditora.gal\/wp-content\/uploads\/2019\/12\/secretos_de_catedral.jpg","datePublished":"2019-12-27T13:41:09+00:00","dateModified":"2024-03-07T16:06:01+00:00","description":"Secretos de Catedral. C\u00f3mprao na tenda en li\u00f1a de Alvarellos Editora.","breadcrumb":{"@id":"https:\/\/alvarelloseditora.gal\/es\/libro\/secretos-de-catedral\/#breadcrumb"},"inLanguage":"es","potentialAction":[{"@type":"ReadAction","target":["https:\/\/alvarelloseditora.gal\/es\/libro\/secretos-de-catedral\/"]}]},{"@type":"ImageObject","inLanguage":"es","@id":"https:\/\/alvarelloseditora.gal\/es\/libro\/secretos-de-catedral\/#primaryimage","url":"https:\/\/alvarelloseditora.gal\/wp-content\/uploads\/2019\/12\/secretos_de_catedral.jpg","contentUrl":"https:\/\/alvarelloseditora.gal\/wp-content\/uploads\/2019\/12\/secretos_de_catedral.jpg","width":1548,"height":2400},{"@type":"BreadcrumbList","@id":"https:\/\/alvarelloseditora.gal\/es\/libro\/secretos-de-catedral\/#breadcrumb","itemListElement":[{"@type":"ListItem","position":1,"name":"Portada","item":"https:\/\/alvarelloseditora.gal\/"},{"@type":"ListItem","position":2,"name":"Tienda","item":"https:\/\/alvarelloseditora.gal\/es\/tienda\/"},{"@type":"ListItem","position":3,"name":"Secretos de Catedral"}]},{"@type":"WebSite","@id":"https:\/\/alvarelloseditora.gal\/#website","url":"https:\/\/alvarelloseditora.gal\/","name":"Alvarellos Editora","description":"Libros para un mundo en tr\u00e1nsito","publisher":{"@id":"https:\/\/alvarelloseditora.gal\/#organization"},"potentialAction":[{"@type":"SearchAction","target":{"@type":"EntryPoint","urlTemplate":"https:\/\/alvarelloseditora.gal\/?s={search_term_string}"},"query-input":{"@type":"PropertyValueSpecification","valueRequired":true,"valueName":"search_term_string"}}],"inLanguage":"es"},{"@type":"Organization","@id":"https:\/\/alvarelloseditora.gal\/#organization","name":"Alvarellos Editora","url":"https:\/\/alvarelloseditora.gal\/","logo":{"@type":"ImageObject","inLanguage":"es","@id":"https:\/\/alvarelloseditora.gal\/#\/schema\/logo\/image\/","url":"https:\/\/alvarelloseditora.gal\/wp-content\/uploads\/2020\/02\/alv-icon.png","contentUrl":"https:\/\/alvarelloseditora.gal\/wp-content\/uploads\/2020\/02\/alv-icon.png","width":177,"height":175,"caption":"Alvarellos Editora"},"image":{"@id":"https:\/\/alvarelloseditora.gal\/#\/schema\/logo\/image\/"},"sameAs":["https:\/\/www.facebook.com\/alvarelloseditora","https:\/\/x.com\/alvarellos_ed"]}]}},"_links":{"self":[{"href":"https:\/\/alvarelloseditora.gal\/es\/wp-json\/wp\/v2\/product\/8873","targetHints":{"allow":["GET"]}}],"collection":[{"href":"https:\/\/alvarelloseditora.gal\/es\/wp-json\/wp\/v2\/product"}],"about":[{"href":"https:\/\/alvarelloseditora.gal\/es\/wp-json\/wp\/v2\/types\/product"}],"replies":[{"embeddable":true,"href":"https:\/\/alvarelloseditora.gal\/es\/wp-json\/wp\/v2\/comments?post=8873"}],"wp:featuredmedia":[{"embeddable":true,"href":"https:\/\/alvarelloseditora.gal\/es\/wp-json\/wp\/v2\/media\/4123"}],"wp:attachment":[{"href":"https:\/\/alvarelloseditora.gal\/es\/wp-json\/wp\/v2\/media?parent=8873"}],"wp:term":[{"taxonomy":"product_brand","embeddable":true,"href":"https:\/\/alvarelloseditora.gal\/es\/wp-json\/wp\/v2\/product_brand?post=8873"},{"taxonomy":"product_cat","embeddable":true,"href":"https:\/\/alvarelloseditora.gal\/es\/wp-json\/wp\/v2\/product_cat?post=8873"},{"taxonomy":"product_tag","embeddable":true,"href":"https:\/\/alvarelloseditora.gal\/es\/wp-json\/wp\/v2\/product_tag?post=8873"}],"curies":[{"name":"wp","href":"https:\/\/api.w.org\/{rel}","templated":true}]}}