{"id":8816,"date":"2024-02-28T12:33:00","date_gmt":"2024-02-28T11:33:00","guid":{"rendered":"https:\/\/alvarelloseditora.gal\/book\/la-bondad-es-el-punto-mas-elevado-de-la-inteligencia\/"},"modified":"2024-02-28T12:39:20","modified_gmt":"2024-02-28T11:39:20","slug":"la-bondad-es-el-punto-mas-elevado-de-la-inteligencia","status":"publish","type":"product","link":"https:\/\/alvarelloseditora.gal\/es\/libro\/la-bondad-es-el-punto-mas-elevado-de-la-inteligencia\/","title":{"rendered":"La bondad es el punto m\u00e1s elevado de la inteligencia"},"content":{"rendered":"<p><a href=\"https:\/\/alvarelloseditora.gal\/wp-content\/uploads\/2024\/02\/NP_CAST_La_bondad_es_el_punto_mas_elevado_2024.pdf\">NP_CAST_La_bondad_es_el_punto_mas_elevado_2024<\/a><\/p>\n","protected":false},"excerpt":{"rendered":"<p>Jos\u00e9 Miguel Valle<br \/>\n&nbsp;<\/p>\n<p>Pp: 132 Formato: 12 x 19 cms.<br \/>\nISBN 978-84-18567-56-8<br \/>\nImpreso en papel amigo de los bosques<\/p>\n<p>&nbsp;<\/p>\n<p>Despu\u00e9s de Leer para sentir mejor (Alvarellos Editora, 2022 \u2013en edici\u00f3n tetraling\u00fce\u2013 y ampliada en castellano en 2024), su ensayo sobre el poder de la lectura, ahora, el fil\u00f3sofo Jos\u00e9 Miguel Valle aborda la \u00e9tica de la bondad.<\/p>\n<p>&nbsp;<\/p>\n<p>Esta nueva obra lleva por t\u00edtulo La bondad es el punto m\u00e1s elevado de la inteligencia (Alvarellos Editora, 2024), y en ella Valle pone en di\u00e1logo la bondad con los cuidados, la \u00e9tica, la pol\u00edtica, la justicia, el conocimiento, la dignidad, la agencia, los afectos o el amor.<\/p>\n<p>&nbsp;<\/p>\n<p>\u201cLa bondad es ayudar a que el bienestar y el bienser puedan comparecer en la vida del otro\u201d, escribe. \u201cLa bondad es el mayor ejercicio malabar que practica la inteligencia cuando se evade de los enanos confines del yo y accede a las vastedad del Nosotros. La contrapongo a la crueldad, a la maldad, a la perversidad y la malicia\u201d. Un breve, inspirado y original en ensayo.<\/p>\n<p>&nbsp;<\/p>\n","protected":false},"featured_media":8805,"comment_status":"closed","ping_status":"closed","template":"","meta":[],"product_brand":[],"product_cat":[1872],"product_tag":[],"class_list":{"0":"post-8816","1":"product","2":"type-product","3":"status-publish","4":"has-post-thumbnail","6":"product_author-jose-miguel-valle-es","7":"product_cat-oeste-12x19-es","9":"first","10":"instock","11":"taxable","12":"shipping-taxable","13":"purchasable","14":"product-type-simple"},"yoast_head":"<!-- This site is optimized with the Yoast SEO plugin v27.3 - https:\/\/yoast.com\/product\/yoast-seo-wordpress\/ -->\n<title>La bondad es el punto m\u00e1s elevado de la inteligencia - Alvarellos Editora<\/title>\n<meta name=\"description\" content=\"La bondad es el punto m\u00e1s elevado de la inteligencia. C\u00f3mprao na tenda en li\u00f1a de Alvarellos Editora.\" \/>\n<meta name=\"robots\" content=\"index, follow, max-snippet:-1, max-image-preview:large, max-video-preview:-1\" \/>\n<link rel=\"canonical\" href=\"https:\/\/alvarelloseditora.gal\/es\/libro\/la-bondad-es-el-punto-mas-elevado-de-la-inteligencia\/\" \/>\n<meta property=\"og:locale\" content=\"es_ES\" \/>\n<meta property=\"og:type\" content=\"article\" \/>\n<meta property=\"og:title\" content=\"La bondad es el punto m\u00e1s elevado de la inteligencia - Alvarellos Editora\" \/>\n<meta property=\"og:description\" content=\"La bondad es el punto m\u00e1s elevado de la inteligencia. C\u00f3mprao na tenda en li\u00f1a de Alvarellos Editora.\" \/>\n<meta property=\"og:url\" content=\"https:\/\/alvarelloseditora.gal\/es\/libro\/la-bondad-es-el-punto-mas-elevado-de-la-inteligencia\/\" \/>\n<meta property=\"og:site_name\" content=\"Alvarellos Editora\" \/>\n<meta property=\"article:publisher\" content=\"https:\/\/www.facebook.com\/alvarelloseditora\" \/>\n<meta property=\"article:modified_time\" content=\"2024-02-28T11:39:20+00:00\" \/>\n<meta property=\"og:image\" content=\"https:\/\/alvarelloseditora.gal\/wp-content\/uploads\/2024\/02\/9788418567568La-bondad-es-el-punto-mas-elevado-2024-2-scaled.jpg\" \/>\n\t<meta property=\"og:image:width\" content=\"1590\" \/>\n\t<meta property=\"og:image:height\" content=\"2560\" \/>\n\t<meta property=\"og:image:type\" content=\"image\/jpeg\" \/>\n<meta name=\"twitter:card\" content=\"summary_large_image\" \/>\n<meta name=\"twitter:site\" content=\"@alvarellos_ed\" \/>\n<meta name=\"twitter:label1\" content=\"Tiempo de lectura\" \/>\n\t<meta name=\"twitter:data1\" content=\"1 minuto\" \/>\n<!-- \/ Yoast SEO plugin. -->","yoast_head_json":{"title":"La bondad es el punto m\u00e1s elevado de la inteligencia - Alvarellos Editora","description":"La bondad es el punto m\u00e1s elevado de la inteligencia. C\u00f3mprao na tenda en li\u00f1a de Alvarellos Editora.","robots":{"index":"index","follow":"follow","max-snippet":"max-snippet:-1","max-image-preview":"max-image-preview:large","max-video-preview":"max-video-preview:-1"},"canonical":"https:\/\/alvarelloseditora.gal\/es\/libro\/la-bondad-es-el-punto-mas-elevado-de-la-inteligencia\/","og_locale":"es_ES","og_type":"article","og_title":"La bondad es el punto m\u00e1s elevado de la inteligencia - Alvarellos Editora","og_description":"La bondad es el punto m\u00e1s elevado de la inteligencia. C\u00f3mprao na tenda en li\u00f1a de Alvarellos Editora.","og_url":"https:\/\/alvarelloseditora.gal\/es\/libro\/la-bondad-es-el-punto-mas-elevado-de-la-inteligencia\/","og_site_name":"Alvarellos Editora","article_publisher":"https:\/\/www.facebook.com\/alvarelloseditora","article_modified_time":"2024-02-28T11:39:20+00:00","og_image":[{"width":1590,"height":2560,"url":"https:\/\/alvarelloseditora.gal\/wp-content\/uploads\/2024\/02\/9788418567568La-bondad-es-el-punto-mas-elevado-2024-2-scaled.jpg","type":"image\/jpeg"}],"twitter_card":"summary_large_image","twitter_site":"@alvarellos_ed","twitter_misc":{"Tiempo de lectura":"1 minuto"},"schema":{"@context":"https:\/\/schema.org","@graph":[{"@type":["WebPage","ItemPage"],"@id":"https:\/\/alvarelloseditora.gal\/es\/libro\/la-bondad-es-el-punto-mas-elevado-de-la-inteligencia\/","url":"https:\/\/alvarelloseditora.gal\/es\/libro\/la-bondad-es-el-punto-mas-elevado-de-la-inteligencia\/","name":"La bondad es el punto m\u00e1s elevado de la inteligencia - Alvarellos Editora","isPartOf":{"@id":"https:\/\/alvarelloseditora.gal\/#website"},"primaryImageOfPage":{"@id":"https:\/\/alvarelloseditora.gal\/es\/libro\/la-bondad-es-el-punto-mas-elevado-de-la-inteligencia\/#primaryimage"},"image":{"@id":"https:\/\/alvarelloseditora.gal\/es\/libro\/la-bondad-es-el-punto-mas-elevado-de-la-inteligencia\/#primaryimage"},"thumbnailUrl":"https:\/\/alvarelloseditora.gal\/wp-content\/uploads\/2024\/02\/9788418567568La-bondad-es-el-punto-mas-elevado-2024-2-scaled.jpg","datePublished":"2024-02-28T11:33:00+00:00","dateModified":"2024-02-28T11:39:20+00:00","description":"La bondad es el punto m\u00e1s elevado de la inteligencia. C\u00f3mprao na tenda en li\u00f1a de Alvarellos Editora.","breadcrumb":{"@id":"https:\/\/alvarelloseditora.gal\/es\/libro\/la-bondad-es-el-punto-mas-elevado-de-la-inteligencia\/#breadcrumb"},"inLanguage":"es","potentialAction":[{"@type":"ReadAction","target":["https:\/\/alvarelloseditora.gal\/es\/libro\/la-bondad-es-el-punto-mas-elevado-de-la-inteligencia\/"]}]},{"@type":"ImageObject","inLanguage":"es","@id":"https:\/\/alvarelloseditora.gal\/es\/libro\/la-bondad-es-el-punto-mas-elevado-de-la-inteligencia\/#primaryimage","url":"https:\/\/alvarelloseditora.gal\/wp-content\/uploads\/2024\/02\/9788418567568La-bondad-es-el-punto-mas-elevado-2024-2-scaled.jpg","contentUrl":"https:\/\/alvarelloseditora.gal\/wp-content\/uploads\/2024\/02\/9788418567568La-bondad-es-el-punto-mas-elevado-2024-2-scaled.jpg","width":1590,"height":2560},{"@type":"BreadcrumbList","@id":"https:\/\/alvarelloseditora.gal\/es\/libro\/la-bondad-es-el-punto-mas-elevado-de-la-inteligencia\/#breadcrumb","itemListElement":[{"@type":"ListItem","position":1,"name":"Portada","item":"https:\/\/alvarelloseditora.gal\/"},{"@type":"ListItem","position":2,"name":"Tienda","item":"https:\/\/alvarelloseditora.gal\/es\/tienda\/"},{"@type":"ListItem","position":3,"name":"La bondad es el punto m\u00e1s elevado de la inteligencia"}]},{"@type":"WebSite","@id":"https:\/\/alvarelloseditora.gal\/#website","url":"https:\/\/alvarelloseditora.gal\/","name":"Alvarellos Editora","description":"Libros para un mundo en tr\u00e1nsito","publisher":{"@id":"https:\/\/alvarelloseditora.gal\/#organization"},"potentialAction":[{"@type":"SearchAction","target":{"@type":"EntryPoint","urlTemplate":"https:\/\/alvarelloseditora.gal\/?s={search_term_string}"},"query-input":{"@type":"PropertyValueSpecification","valueRequired":true,"valueName":"search_term_string"}}],"inLanguage":"es"},{"@type":"Organization","@id":"https:\/\/alvarelloseditora.gal\/#organization","name":"Alvarellos Editora","url":"https:\/\/alvarelloseditora.gal\/","logo":{"@type":"ImageObject","inLanguage":"es","@id":"https:\/\/alvarelloseditora.gal\/#\/schema\/logo\/image\/","url":"https:\/\/alvarelloseditora.gal\/wp-content\/uploads\/2020\/02\/alv-icon.png","contentUrl":"https:\/\/alvarelloseditora.gal\/wp-content\/uploads\/2020\/02\/alv-icon.png","width":177,"height":175,"caption":"Alvarellos Editora"},"image":{"@id":"https:\/\/alvarelloseditora.gal\/#\/schema\/logo\/image\/"},"sameAs":["https:\/\/www.facebook.com\/alvarelloseditora","https:\/\/x.com\/alvarellos_ed"]}]}},"_links":{"self":[{"href":"https:\/\/alvarelloseditora.gal\/es\/wp-json\/wp\/v2\/product\/8816","targetHints":{"allow":["GET"]}}],"collection":[{"href":"https:\/\/alvarelloseditora.gal\/es\/wp-json\/wp\/v2\/product"}],"about":[{"href":"https:\/\/alvarelloseditora.gal\/es\/wp-json\/wp\/v2\/types\/product"}],"replies":[{"embeddable":true,"href":"https:\/\/alvarelloseditora.gal\/es\/wp-json\/wp\/v2\/comments?post=8816"}],"wp:featuredmedia":[{"embeddable":true,"href":"https:\/\/alvarelloseditora.gal\/es\/wp-json\/wp\/v2\/media\/8805"}],"wp:attachment":[{"href":"https:\/\/alvarelloseditora.gal\/es\/wp-json\/wp\/v2\/media?parent=8816"}],"wp:term":[{"taxonomy":"product_brand","embeddable":true,"href":"https:\/\/alvarelloseditora.gal\/es\/wp-json\/wp\/v2\/product_brand?post=8816"},{"taxonomy":"product_cat","embeddable":true,"href":"https:\/\/alvarelloseditora.gal\/es\/wp-json\/wp\/v2\/product_cat?post=8816"},{"taxonomy":"product_tag","embeddable":true,"href":"https:\/\/alvarelloseditora.gal\/es\/wp-json\/wp\/v2\/product_tag?post=8816"}],"curies":[{"name":"wp","href":"https:\/\/api.w.org\/{rel}","templated":true}]}}