{"id":8806,"date":"2024-02-28T09:39:15","date_gmt":"2024-02-28T08:39:15","guid":{"rendered":"https:\/\/alvarelloseditora.gal\/book\/leer-para-sentir-mejor-edicion-ampliada\/"},"modified":"2024-02-28T12:36:28","modified_gmt":"2024-02-28T11:36:28","slug":"leer-para-sentir-mejor-edicion-ampliada","status":"publish","type":"product","link":"https:\/\/alvarelloseditora.gal\/es\/libro\/leer-para-sentir-mejor-edicion-ampliada\/","title":{"rendered":"Leer para sentir mejor [Edici\u00f3n ampliada]"},"content":{"rendered":"<p><a href=\"https:\/\/alvarelloseditora.gal\/wp-content\/uploads\/2024\/02\/NP_CAST_Leer_para_sentir_mejor_2024.pdf\">NP_CAST_Leer_para_sentir_mejor_2024<\/a><\/p>\n","protected":false},"excerpt":{"rendered":"<p>Jos\u00e9 Miguel Valle<br \/>\n&nbsp;<\/p>\n<p>Pp: 110. Formato: 12 x 19 cms.<br \/>\nISBN 978-84-18567-55-1<br \/>\nImpreso en papel amigo de los bosques<\/p>\n<p>&nbsp;<\/p>\n<p>La lectura como placer. La lectura como constructora de mundos. Leer como pr\u00e1ctica imaginativa. Leer tambi\u00e9n como pr\u00e1ctica disidente. Leer para reconectar, no para desconectar. Leer para dudar. Leer para reconocernos y reconocer a los dem\u00e1s. La lectura asimismo como pr\u00e1ctica defensiva contra todo dogmatismo. Leer, en fin, por la tolerancia, por la comprensi\u00f3n de la diversidad. Leer para sentir la vida. Leer para sentir mejor.<\/p>\n<p>&nbsp;<\/p>\n<p>Estas son algunas de las reflexiones que aborda el fil\u00f3sofo Jos\u00e9 Miguel Valle en este breve, revelador y original\u00edsimo ensayo.<\/p>\n<p>&nbsp;<\/p>\n<p>La presente edici\u00f3n es una versi\u00f3n ampliada de la obra que, en 2022, hemos publicado en versi\u00f3n tetraling\u00fce (gallego, castellano, vasco y catal\u00e1n).<\/p>\n<p>&nbsp;<\/p>\n<p>&nbsp;<\/p>\n<p>&nbsp;<\/p>\n","protected":false},"featured_media":8821,"comment_status":"closed","ping_status":"closed","template":"","meta":[],"product_brand":[],"product_cat":[1872],"product_tag":[],"class_list":{"0":"post-8806","1":"product","2":"type-product","3":"status-publish","4":"has-post-thumbnail","6":"product_author-jose-miguel-valle-es","7":"product_cat-oeste-12x19-es","9":"first","10":"instock","11":"taxable","12":"shipping-taxable","13":"purchasable","14":"product-type-simple"},"yoast_head":"<!-- This site is optimized with the Yoast SEO plugin v27.3 - https:\/\/yoast.com\/product\/yoast-seo-wordpress\/ -->\n<title>Leer para sentir mejor [Edici\u00f3n ampliada] - Alvarellos Editora<\/title>\n<meta name=\"description\" content=\"Leer para sentir mejor [Edici\u00f3n ampliada]. C\u00f3mprao na tenda en li\u00f1a de Alvarellos Editora.\" \/>\n<meta name=\"robots\" content=\"index, follow, max-snippet:-1, max-image-preview:large, max-video-preview:-1\" \/>\n<link rel=\"canonical\" href=\"https:\/\/alvarelloseditora.gal\/es\/libro\/leer-para-sentir-mejor-edicion-ampliada\/\" \/>\n<meta property=\"og:locale\" content=\"es_ES\" \/>\n<meta property=\"og:type\" content=\"article\" \/>\n<meta property=\"og:title\" content=\"Leer para sentir mejor [Edici\u00f3n ampliada] - Alvarellos Editora\" \/>\n<meta property=\"og:description\" content=\"Leer para sentir mejor [Edici\u00f3n ampliada]. C\u00f3mprao na tenda en li\u00f1a de Alvarellos Editora.\" \/>\n<meta property=\"og:url\" content=\"https:\/\/alvarelloseditora.gal\/es\/libro\/leer-para-sentir-mejor-edicion-ampliada\/\" \/>\n<meta property=\"og:site_name\" content=\"Alvarellos Editora\" \/>\n<meta property=\"article:publisher\" content=\"https:\/\/www.facebook.com\/alvarelloseditora\" \/>\n<meta property=\"article:modified_time\" content=\"2024-02-28T11:36:28+00:00\" \/>\n<meta property=\"og:image\" content=\"https:\/\/alvarelloseditora.gal\/wp-content\/uploads\/2024\/02\/9788418567551Leer-para-sentir-mejor-2024-1.jpg\" \/>\n\t<meta property=\"og:image:width\" content=\"1448\" \/>\n\t<meta property=\"og:image:height\" content=\"2253\" \/>\n\t<meta property=\"og:image:type\" content=\"image\/jpeg\" \/>\n<meta name=\"twitter:card\" content=\"summary_large_image\" \/>\n<meta name=\"twitter:site\" content=\"@alvarellos_ed\" \/>\n<meta name=\"twitter:label1\" content=\"Tiempo de lectura\" \/>\n\t<meta name=\"twitter:data1\" content=\"1 minuto\" \/>\n<!-- \/ Yoast SEO plugin. -->","yoast_head_json":{"title":"Leer para sentir mejor [Edici\u00f3n ampliada] - Alvarellos Editora","description":"Leer para sentir mejor [Edici\u00f3n ampliada]. C\u00f3mprao na tenda en li\u00f1a de Alvarellos Editora.","robots":{"index":"index","follow":"follow","max-snippet":"max-snippet:-1","max-image-preview":"max-image-preview:large","max-video-preview":"max-video-preview:-1"},"canonical":"https:\/\/alvarelloseditora.gal\/es\/libro\/leer-para-sentir-mejor-edicion-ampliada\/","og_locale":"es_ES","og_type":"article","og_title":"Leer para sentir mejor [Edici\u00f3n ampliada] - Alvarellos Editora","og_description":"Leer para sentir mejor [Edici\u00f3n ampliada]. C\u00f3mprao na tenda en li\u00f1a de Alvarellos Editora.","og_url":"https:\/\/alvarelloseditora.gal\/es\/libro\/leer-para-sentir-mejor-edicion-ampliada\/","og_site_name":"Alvarellos Editora","article_publisher":"https:\/\/www.facebook.com\/alvarelloseditora","article_modified_time":"2024-02-28T11:36:28+00:00","og_image":[{"width":1448,"height":2253,"url":"https:\/\/alvarelloseditora.gal\/wp-content\/uploads\/2024\/02\/9788418567551Leer-para-sentir-mejor-2024-1.jpg","type":"image\/jpeg"}],"twitter_card":"summary_large_image","twitter_site":"@alvarellos_ed","twitter_misc":{"Tiempo de lectura":"1 minuto"},"schema":{"@context":"https:\/\/schema.org","@graph":[{"@type":["WebPage","ItemPage"],"@id":"https:\/\/alvarelloseditora.gal\/es\/libro\/leer-para-sentir-mejor-edicion-ampliada\/","url":"https:\/\/alvarelloseditora.gal\/es\/libro\/leer-para-sentir-mejor-edicion-ampliada\/","name":"Leer para sentir mejor [Edici\u00f3n ampliada] - Alvarellos Editora","isPartOf":{"@id":"https:\/\/alvarelloseditora.gal\/#website"},"primaryImageOfPage":{"@id":"https:\/\/alvarelloseditora.gal\/es\/libro\/leer-para-sentir-mejor-edicion-ampliada\/#primaryimage"},"image":{"@id":"https:\/\/alvarelloseditora.gal\/es\/libro\/leer-para-sentir-mejor-edicion-ampliada\/#primaryimage"},"thumbnailUrl":"https:\/\/alvarelloseditora.gal\/wp-content\/uploads\/2024\/02\/Capa-Leer-2024-para-web-alvarellos-ed.jpg","datePublished":"2024-02-28T08:39:15+00:00","dateModified":"2024-02-28T11:36:28+00:00","description":"Leer para sentir mejor [Edici\u00f3n ampliada]. C\u00f3mprao na tenda en li\u00f1a de Alvarellos Editora.","breadcrumb":{"@id":"https:\/\/alvarelloseditora.gal\/es\/libro\/leer-para-sentir-mejor-edicion-ampliada\/#breadcrumb"},"inLanguage":"es","potentialAction":[{"@type":"ReadAction","target":["https:\/\/alvarelloseditora.gal\/es\/libro\/leer-para-sentir-mejor-edicion-ampliada\/"]}]},{"@type":"ImageObject","inLanguage":"es","@id":"https:\/\/alvarelloseditora.gal\/es\/libro\/leer-para-sentir-mejor-edicion-ampliada\/#primaryimage","url":"https:\/\/alvarelloseditora.gal\/wp-content\/uploads\/2024\/02\/Capa-Leer-2024-para-web-alvarellos-ed.jpg","contentUrl":"https:\/\/alvarelloseditora.gal\/wp-content\/uploads\/2024\/02\/Capa-Leer-2024-para-web-alvarellos-ed.jpg","width":1394,"height":2244},{"@type":"BreadcrumbList","@id":"https:\/\/alvarelloseditora.gal\/es\/libro\/leer-para-sentir-mejor-edicion-ampliada\/#breadcrumb","itemListElement":[{"@type":"ListItem","position":1,"name":"Portada","item":"https:\/\/alvarelloseditora.gal\/"},{"@type":"ListItem","position":2,"name":"Tienda","item":"https:\/\/alvarelloseditora.gal\/es\/tienda\/"},{"@type":"ListItem","position":3,"name":"Leer para sentir mejor [Edici\u00f3n ampliada]"}]},{"@type":"WebSite","@id":"https:\/\/alvarelloseditora.gal\/#website","url":"https:\/\/alvarelloseditora.gal\/","name":"Alvarellos Editora","description":"Libros para un mundo en tr\u00e1nsito","publisher":{"@id":"https:\/\/alvarelloseditora.gal\/#organization"},"potentialAction":[{"@type":"SearchAction","target":{"@type":"EntryPoint","urlTemplate":"https:\/\/alvarelloseditora.gal\/?s={search_term_string}"},"query-input":{"@type":"PropertyValueSpecification","valueRequired":true,"valueName":"search_term_string"}}],"inLanguage":"es"},{"@type":"Organization","@id":"https:\/\/alvarelloseditora.gal\/#organization","name":"Alvarellos Editora","url":"https:\/\/alvarelloseditora.gal\/","logo":{"@type":"ImageObject","inLanguage":"es","@id":"https:\/\/alvarelloseditora.gal\/#\/schema\/logo\/image\/","url":"https:\/\/alvarelloseditora.gal\/wp-content\/uploads\/2020\/02\/alv-icon.png","contentUrl":"https:\/\/alvarelloseditora.gal\/wp-content\/uploads\/2020\/02\/alv-icon.png","width":177,"height":175,"caption":"Alvarellos Editora"},"image":{"@id":"https:\/\/alvarelloseditora.gal\/#\/schema\/logo\/image\/"},"sameAs":["https:\/\/www.facebook.com\/alvarelloseditora","https:\/\/x.com\/alvarellos_ed"]}]}},"_links":{"self":[{"href":"https:\/\/alvarelloseditora.gal\/es\/wp-json\/wp\/v2\/product\/8806","targetHints":{"allow":["GET"]}}],"collection":[{"href":"https:\/\/alvarelloseditora.gal\/es\/wp-json\/wp\/v2\/product"}],"about":[{"href":"https:\/\/alvarelloseditora.gal\/es\/wp-json\/wp\/v2\/types\/product"}],"replies":[{"embeddable":true,"href":"https:\/\/alvarelloseditora.gal\/es\/wp-json\/wp\/v2\/comments?post=8806"}],"wp:featuredmedia":[{"embeddable":true,"href":"https:\/\/alvarelloseditora.gal\/es\/wp-json\/wp\/v2\/media\/8821"}],"wp:attachment":[{"href":"https:\/\/alvarelloseditora.gal\/es\/wp-json\/wp\/v2\/media?parent=8806"}],"wp:term":[{"taxonomy":"product_brand","embeddable":true,"href":"https:\/\/alvarelloseditora.gal\/es\/wp-json\/wp\/v2\/product_brand?post=8806"},{"taxonomy":"product_cat","embeddable":true,"href":"https:\/\/alvarelloseditora.gal\/es\/wp-json\/wp\/v2\/product_cat?post=8806"},{"taxonomy":"product_tag","embeddable":true,"href":"https:\/\/alvarelloseditora.gal\/es\/wp-json\/wp\/v2\/product_tag?post=8806"}],"curies":[{"name":"wp","href":"https:\/\/api.w.org\/{rel}","templated":true}]}}