{"id":8742,"date":"2023-11-10T12:14:51","date_gmt":"2023-12-10T11:14:51","guid":{"rendered":"https:\/\/alvarelloseditora.gal\/book\/conflictos-y-resistencias-en-la-edad-moderna-de-los-hechos-a-las-palabras\/"},"modified":"2023-12-26T12:29:53","modified_gmt":"2023-12-26T11:29:53","slug":"conflictos-y-resistencias-en-la-edad-moderna-de-los-hechos-a-las-palabras","status":"publish","type":"product","link":"https:\/\/alvarelloseditora.gal\/es\/libro\/conflictos-y-resistencias-en-la-edad-moderna-de-los-hechos-a-las-palabras\/","title":{"rendered":"Conflictos y resistencias en la Edad Moderna (De los hechos a las palabras)"},"content":{"rendered":"<p>Ficha t\u00e9cnica y nota de prensa:<\/p>\n<p><a href=\"https:\/\/alvarelloseditora.gal\/wp-content\/uploads\/2023\/12\/NP_C_Conflictos_y_resistencias_alvarellos_ed_2023.pdf\">NP_C_Conflictos_y_resistencias_alvarellos_ed_2023<\/a><\/p>\n","protected":false},"excerpt":{"rendered":"<p>448 pp. 15,5 x 23 cms.<br \/>\nISBN 978-84-18567-52-0<\/p>\n<p>&nbsp;<br \/>\nOfelia Rey Castelao, coord.<br \/>\n&nbsp;<\/p>\n<p>Coordinado pola historiadora da Universidade de Santiago e Premio Nacional de Historia 2022, Ofelia Rey Castelao, doce especialistas abordan, neste volume colectivo, os conflitos sociais e as situaci\u00f3ns de resistencia durante o per\u00edodo que co\u00f1ecemos como Idade Moderna.<\/p>\n<p>&nbsp;<\/p>\n<p>Este libro, que leva por t\u00edtulo Conflictos y resistencias en la Edad Moderna. De los hechos a las palabras (Alvarellos Editora), coordinado pola historiadora da Universidade de Santiago, Ofelia Rey Castelao (Premio Nacional de Historia 2022), forma parte dun amplo proxecto de investigaci\u00f3n no que se estudan os conflitos e as resistencias sociais neste per\u00edodo hist\u00f3rico que abrangue desde finais do s\u00e9culo XV a comezos do XIX.<\/p>\n<p>&nbsp;<\/p>\n<p>En doce cap\u00edtulos ab\u00f3rdanse tres bloques tem\u00e1ticos: \u201cconflictos en la sombra: mujeres, contrabando y falsedad\u201d, cun enfoque de x\u00e9nero; \u201ccrisis y conflicto en el \u00e1mbito urbano y portuario\u201d, co espazo como determinante, e \u201creligiosidad y clero: transgresi\u00f3n, conflicto y formas de control\u201d, cunha mirada cr\u00edtica aos comportamentos relixiosos. O f\u00edo condutor \u00e9 a importancia outorgada \u00e1s palabras e expresi\u00f3ns empregadas na documentaci\u00f3n (xudicial e notarial na s\u00faa maior parte) na que quedaron reflectidas moi diferentes situaci\u00f3ns de tensi\u00f3n ou de estalido social aberto.<\/p>\n<p>&nbsp;<\/p>\n<p>Entre estas situaci\u00f3ns, neste volume est\u00fadase, por exemplo, a folga de cavadores de Betanzos de 1591, a terrible crise de 1768-1772 na cidade de Ferrol ou a portuaria de Vigo durante a invasi\u00f3n napole\u00f3nica, a principios do XIX, ademais doutras como a conflitividade relacionada coas festas e romar\u00edas, o ambiente cr\u00edtico con respecto \u00e1 riqueza e o poder dos relixiosos, ou a profanaci\u00f3n de tumbas na Galicia rural.<\/p>\n<p>&nbsp;<\/p>\n<p>Seis foron as persoas que coidaron a edici\u00f3n: Anxo Rodr\u00edguez Lemos, Pablo, V\u00e1zquez Bello, Daniel Mena Acevedo, \u00c1lex Valledor Ar\u00f3stegui, Antonio Gonz\u00e1lez L\u00f3pez, Iago Castro T\u00e1boas, Mario Sixto Puente, Ofelia Rey Castelao.<\/p>\n<p>&nbsp;<\/p>\n<p>AUTOR\u00cdA COLECTIVA<\/p>\n<p>&nbsp;<\/p>\n<p>OFELIA REY CASTELAO, MANUEL REYES GARC\u00cdA HURTADO, MIGUEL \u00c1NGEL MEL\u00d3N JIM\u00c9NEZ, CELIA ENR\u00cdQUEZ RUBAL, DANIEL MENA ACEVEDO, ALBERTO LAGO RODR\u00cdGUEZ, ALEX VALLEDOR AR\u00d3STEGUI, ANTONIO GONZ\u00c1LEZ L\u00d3PEZ, TOM\u00c1S MANSO FRAGA, IAGO CASTRO T\u00c1BOAS, ANXO RODR\u00cdGUEZ LEMOS PABLO V\u00c1ZQUEZ BELLO, MARIO SIXTO.<\/p>\n<p>&nbsp;<\/p>\n<p>&nbsp;<\/p>\n<p>&nbsp;<\/p>\n","protected":false},"featured_media":8741,"comment_status":"closed","ping_status":"closed","template":"","meta":[],"product_brand":[],"product_cat":[105],"product_tag":[],"class_list":{"0":"post-8742","1":"product","2":"type-product","3":"status-publish","4":"has-post-thumbnail","6":"product_cat-oeste-es","8":"first","9":"instock","10":"taxable","11":"shipping-taxable","12":"purchasable","13":"product-type-simple"},"yoast_head":"<!-- This site is optimized with the Yoast SEO plugin v27.3 - https:\/\/yoast.com\/product\/yoast-seo-wordpress\/ -->\n<title>Conflictos y resistencias en la Edad Moderna (De los hechos a las palabras) - Alvarellos Editora<\/title>\n<meta name=\"description\" content=\"Conflictos y resistencias en la Edad Moderna (De los hechos a las palabras). C\u00f3mprao na tenda en li\u00f1a de Alvarellos Editora.\" \/>\n<meta name=\"robots\" content=\"index, follow, max-snippet:-1, max-image-preview:large, max-video-preview:-1\" \/>\n<link rel=\"canonical\" href=\"https:\/\/alvarelloseditora.gal\/es\/libro\/conflictos-y-resistencias-en-la-edad-moderna-de-los-hechos-a-las-palabras\/\" \/>\n<meta property=\"og:locale\" content=\"es_ES\" \/>\n<meta property=\"og:type\" content=\"article\" \/>\n<meta property=\"og:title\" content=\"Conflictos y resistencias en la Edad Moderna (De los hechos a las palabras) - Alvarellos Editora\" \/>\n<meta property=\"og:description\" content=\"Conflictos y resistencias en la Edad Moderna (De los hechos a las palabras). C\u00f3mprao na tenda en li\u00f1a de Alvarellos Editora.\" \/>\n<meta property=\"og:url\" content=\"https:\/\/alvarelloseditora.gal\/es\/libro\/conflictos-y-resistencias-en-la-edad-moderna-de-los-hechos-a-las-palabras\/\" \/>\n<meta property=\"og:site_name\" content=\"Alvarellos Editora\" \/>\n<meta property=\"article:publisher\" content=\"https:\/\/www.facebook.com\/alvarelloseditora\" \/>\n<meta property=\"article:modified_time\" content=\"2023-12-26T11:29:53+00:00\" \/>\n<meta property=\"og:image\" content=\"https:\/\/alvarelloseditora.gal\/wp-content\/uploads\/2023\/12\/9788418567520Conflictos-y-resistencias-scaled.jpg\" \/>\n\t<meta property=\"og:image:width\" content=\"1729\" \/>\n\t<meta property=\"og:image:height\" content=\"2560\" \/>\n\t<meta property=\"og:image:type\" content=\"image\/jpeg\" \/>\n<meta name=\"twitter:card\" content=\"summary_large_image\" \/>\n<meta name=\"twitter:site\" content=\"@alvarellos_ed\" \/>\n<meta name=\"twitter:label1\" content=\"Tiempo de lectura\" \/>\n\t<meta name=\"twitter:data1\" content=\"1 minuto\" \/>\n<!-- \/ Yoast SEO plugin. -->","yoast_head_json":{"title":"Conflictos y resistencias en la Edad Moderna (De los hechos a las palabras) - Alvarellos Editora","description":"Conflictos y resistencias en la Edad Moderna (De los hechos a las palabras). C\u00f3mprao na tenda en li\u00f1a de Alvarellos Editora.","robots":{"index":"index","follow":"follow","max-snippet":"max-snippet:-1","max-image-preview":"max-image-preview:large","max-video-preview":"max-video-preview:-1"},"canonical":"https:\/\/alvarelloseditora.gal\/es\/libro\/conflictos-y-resistencias-en-la-edad-moderna-de-los-hechos-a-las-palabras\/","og_locale":"es_ES","og_type":"article","og_title":"Conflictos y resistencias en la Edad Moderna (De los hechos a las palabras) - Alvarellos Editora","og_description":"Conflictos y resistencias en la Edad Moderna (De los hechos a las palabras). C\u00f3mprao na tenda en li\u00f1a de Alvarellos Editora.","og_url":"https:\/\/alvarelloseditora.gal\/es\/libro\/conflictos-y-resistencias-en-la-edad-moderna-de-los-hechos-a-las-palabras\/","og_site_name":"Alvarellos Editora","article_publisher":"https:\/\/www.facebook.com\/alvarelloseditora","article_modified_time":"2023-12-26T11:29:53+00:00","og_image":[{"width":1729,"height":2560,"url":"https:\/\/alvarelloseditora.gal\/wp-content\/uploads\/2023\/12\/9788418567520Conflictos-y-resistencias-scaled.jpg","type":"image\/jpeg"}],"twitter_card":"summary_large_image","twitter_site":"@alvarellos_ed","twitter_misc":{"Tiempo de lectura":"1 minuto"},"schema":{"@context":"https:\/\/schema.org","@graph":[{"@type":["WebPage","ItemPage"],"@id":"https:\/\/alvarelloseditora.gal\/es\/libro\/conflictos-y-resistencias-en-la-edad-moderna-de-los-hechos-a-las-palabras\/","url":"https:\/\/alvarelloseditora.gal\/es\/libro\/conflictos-y-resistencias-en-la-edad-moderna-de-los-hechos-a-las-palabras\/","name":"Conflictos y resistencias en la Edad Moderna (De los hechos a las palabras) - Alvarellos Editora","isPartOf":{"@id":"https:\/\/alvarelloseditora.gal\/#website"},"primaryImageOfPage":{"@id":"https:\/\/alvarelloseditora.gal\/es\/libro\/conflictos-y-resistencias-en-la-edad-moderna-de-los-hechos-a-las-palabras\/#primaryimage"},"image":{"@id":"https:\/\/alvarelloseditora.gal\/es\/libro\/conflictos-y-resistencias-en-la-edad-moderna-de-los-hechos-a-las-palabras\/#primaryimage"},"thumbnailUrl":"https:\/\/alvarelloseditora.gal\/wp-content\/uploads\/2023\/12\/9788418567520Conflictos-y-resistencias-scaled.jpg","datePublished":"2023-12-10T11:14:51+00:00","dateModified":"2023-12-26T11:29:53+00:00","description":"Conflictos y resistencias en la Edad Moderna (De los hechos a las palabras). C\u00f3mprao na tenda en li\u00f1a de Alvarellos Editora.","breadcrumb":{"@id":"https:\/\/alvarelloseditora.gal\/es\/libro\/conflictos-y-resistencias-en-la-edad-moderna-de-los-hechos-a-las-palabras\/#breadcrumb"},"inLanguage":"es","potentialAction":[{"@type":"ReadAction","target":["https:\/\/alvarelloseditora.gal\/es\/libro\/conflictos-y-resistencias-en-la-edad-moderna-de-los-hechos-a-las-palabras\/"]}]},{"@type":"ImageObject","inLanguage":"es","@id":"https:\/\/alvarelloseditora.gal\/es\/libro\/conflictos-y-resistencias-en-la-edad-moderna-de-los-hechos-a-las-palabras\/#primaryimage","url":"https:\/\/alvarelloseditora.gal\/wp-content\/uploads\/2023\/12\/9788418567520Conflictos-y-resistencias-scaled.jpg","contentUrl":"https:\/\/alvarelloseditora.gal\/wp-content\/uploads\/2023\/12\/9788418567520Conflictos-y-resistencias-scaled.jpg","width":1729,"height":2560},{"@type":"BreadcrumbList","@id":"https:\/\/alvarelloseditora.gal\/es\/libro\/conflictos-y-resistencias-en-la-edad-moderna-de-los-hechos-a-las-palabras\/#breadcrumb","itemListElement":[{"@type":"ListItem","position":1,"name":"Portada","item":"https:\/\/alvarelloseditora.gal\/"},{"@type":"ListItem","position":2,"name":"Tienda","item":"https:\/\/alvarelloseditora.gal\/es\/tienda\/"},{"@type":"ListItem","position":3,"name":"Conflictos y resistencias en la Edad Moderna (De los hechos a las palabras)"}]},{"@type":"WebSite","@id":"https:\/\/alvarelloseditora.gal\/#website","url":"https:\/\/alvarelloseditora.gal\/","name":"Alvarellos Editora","description":"Libros para un mundo en tr\u00e1nsito","publisher":{"@id":"https:\/\/alvarelloseditora.gal\/#organization"},"potentialAction":[{"@type":"SearchAction","target":{"@type":"EntryPoint","urlTemplate":"https:\/\/alvarelloseditora.gal\/?s={search_term_string}"},"query-input":{"@type":"PropertyValueSpecification","valueRequired":true,"valueName":"search_term_string"}}],"inLanguage":"es"},{"@type":"Organization","@id":"https:\/\/alvarelloseditora.gal\/#organization","name":"Alvarellos Editora","url":"https:\/\/alvarelloseditora.gal\/","logo":{"@type":"ImageObject","inLanguage":"es","@id":"https:\/\/alvarelloseditora.gal\/#\/schema\/logo\/image\/","url":"https:\/\/alvarelloseditora.gal\/wp-content\/uploads\/2020\/02\/alv-icon.png","contentUrl":"https:\/\/alvarelloseditora.gal\/wp-content\/uploads\/2020\/02\/alv-icon.png","width":177,"height":175,"caption":"Alvarellos Editora"},"image":{"@id":"https:\/\/alvarelloseditora.gal\/#\/schema\/logo\/image\/"},"sameAs":["https:\/\/www.facebook.com\/alvarelloseditora","https:\/\/x.com\/alvarellos_ed"]}]}},"_links":{"self":[{"href":"https:\/\/alvarelloseditora.gal\/es\/wp-json\/wp\/v2\/product\/8742","targetHints":{"allow":["GET"]}}],"collection":[{"href":"https:\/\/alvarelloseditora.gal\/es\/wp-json\/wp\/v2\/product"}],"about":[{"href":"https:\/\/alvarelloseditora.gal\/es\/wp-json\/wp\/v2\/types\/product"}],"replies":[{"embeddable":true,"href":"https:\/\/alvarelloseditora.gal\/es\/wp-json\/wp\/v2\/comments?post=8742"}],"wp:featuredmedia":[{"embeddable":true,"href":"https:\/\/alvarelloseditora.gal\/es\/wp-json\/wp\/v2\/media\/8741"}],"wp:attachment":[{"href":"https:\/\/alvarelloseditora.gal\/es\/wp-json\/wp\/v2\/media?parent=8742"}],"wp:term":[{"taxonomy":"product_brand","embeddable":true,"href":"https:\/\/alvarelloseditora.gal\/es\/wp-json\/wp\/v2\/product_brand?post=8742"},{"taxonomy":"product_cat","embeddable":true,"href":"https:\/\/alvarelloseditora.gal\/es\/wp-json\/wp\/v2\/product_cat?post=8742"},{"taxonomy":"product_tag","embeddable":true,"href":"https:\/\/alvarelloseditora.gal\/es\/wp-json\/wp\/v2\/product_tag?post=8742"}],"curies":[{"name":"wp","href":"https:\/\/api.w.org\/{rel}","templated":true}]}}