{"id":8704,"date":"2024-05-13T11:20:48","date_gmt":"2023-12-13T10:20:48","guid":{"rendered":"https:\/\/alvarelloseditora.gal\/book\/flor-de-santidad-historia-milenaria\/"},"modified":"2024-05-21T10:52:58","modified_gmt":"2024-05-21T08:52:58","slug":"flor-de-santidad-historia-milenaria","status":"publish","type":"product","link":"https:\/\/alvarelloseditora.gal\/es\/libro\/flor-de-santidad-historia-milenaria\/","title":{"rendered":"Flor de santidad. Historia milenaria [Ed. facs\u00edmil]"},"content":{"rendered":"<p>Nota de prensa y ficha t\u00e9cnica:<\/p>\n<p><a href=\"https:\/\/alvarelloseditora.gal\/wp-content\/uploads\/2023\/12\/NP_C_FLOR_DE_SANTIDAD_Alvarellos_Editora__DEC_2023.pdf\">NP_C_FLOR_DE_SANTIDAD_Alvarellos_Editora__DEC_2023<\/a><\/p>\n<p>MUESTRAS DE INTERIOR<\/p>\n<p><img loading=\"lazy\" decoding=\"async\" class=\"alignnone size-medium wp-image-8692\" src=\"https:\/\/alvarelloseditora.gal\/wp-content\/uploads\/2023\/12\/Flor-santidad-interior-1-900x585.jpg\" alt=\"\" width=\"900\" height=\"585\" srcset=\"https:\/\/alvarelloseditora.gal\/wp-content\/uploads\/2023\/12\/Flor-santidad-interior-1-900x585.jpg 900w, https:\/\/alvarelloseditora.gal\/wp-content\/uploads\/2023\/12\/Flor-santidad-interior-1-330x214.jpg 330w, https:\/\/alvarelloseditora.gal\/wp-content\/uploads\/2023\/12\/Flor-santidad-interior-1-600x390.jpg 600w, https:\/\/alvarelloseditora.gal\/wp-content\/uploads\/2023\/12\/Flor-santidad-interior-1-160x104.jpg 160w, https:\/\/alvarelloseditora.gal\/wp-content\/uploads\/2023\/12\/Flor-santidad-interior-1-768x499.jpg 768w, https:\/\/alvarelloseditora.gal\/wp-content\/uploads\/2023\/12\/Flor-santidad-interior-1.jpg 1324w\" sizes=\"auto, (max-width: 900px) 100vw, 900px\" \/><\/p>\n<p><img loading=\"lazy\" decoding=\"async\" class=\"alignnone size-medium wp-image-8698\" src=\"https:\/\/alvarelloseditora.gal\/wp-content\/uploads\/2023\/12\/Flor-santidad-interior-2-1-900x580.jpg\" alt=\"\" width=\"900\" height=\"580\" \/><\/p>\n<p>&nbsp;<\/p>\n","protected":false},"excerpt":{"rendered":"<p>Ram\u00f3n del Valle-Incl\u00e1n<br \/>\n&nbsp;<\/p>\n<p>2\u00ba PREMIO AL FACS\u00cdMIL MEJOR EDITADO EN ESPA\u00d1A EN 2023 (MINISTERIO DE CULTURA)<\/p>\n<p>&nbsp;<\/p>\n<p>252 pp . 13 x 18 cms.<br \/>\nISBN 978-84-18567-53-7<br \/>\nImpreso en papel amigo de los bosques<\/p>\n<p>La experiencia de leer a Valle-Incl\u00e1n en una cuidada edici\u00f3n facs\u00edmil que rescata la novela de 1920.<br \/>\n&nbsp;<\/p>\n<p>La presente edici\u00f3n facs\u00edmil de Valle-Incl\u00e1n resulta toda una experiencia lectora. Poder disfrutar de una novela de 1920 del gran escritor gallego pasando las p\u00e1ginas de un volumen que recrea, fielmente, la edici\u00f3n original de hace un siglo, maquetada por el propio autor y con las ilustraciones de Moya del Pino. Joaqu\u00edn del Valle-Incl\u00e1n, nieto del autor, y la profesora de la Universidade de A Coru\u00f1a, Olivia Rodr\u00edguez-Tudela colaboran, con sendos trabajos, en este singular rescate.<\/p>\n<p>&nbsp;<\/p>\n<p>Un libro para leer y tambi\u00e9n un libro para contemplar, para mirar. Este es el esp\u00edritu de la presente edici\u00f3n facs\u00edmil de Flor de santidad. Historia milenaria, la inolvidable novela que don Ram\u00f3n del Valle-Incl\u00e1n publicar\u00eda en 1920 como Tomo II de su Opera Omnia, y que rescatamos tal y como fue editada entonces. Maravillosamente ilustrada por el habitual colaborador de Valle, Moya del Pino, y con dise\u00f1o y maqueta ideados por el propio escritor.<\/p>\n<p>&nbsp;<\/p>\n<p>La profesora de la Universidad de A Coru\u00f1a, Olivia Rodr\u00edguez-Tudela, nos descubre las claves tem\u00e1ticas y tambi\u00e9n est\u00e9ticas para disfrutar a fondo de esta singular obra. Una edici\u00f3n que cuenta adem\u00e1s con la colaboraci\u00f3n de Joaqu\u00edn del Valle-Incl\u00e1n, nieto de don Ram\u00f3n.<\/p>\n<p>&nbsp;<\/p>\n<p>AMBIG\u00dcEDAD DIAB\u00d3LICA DE UN PEREGRINO<\/p>\n<p>Aqu\u00ed se narra la historia de \u00c1dega, muchacha virginal e inocente que se entrega a la ambig\u00fcedad diab\u00f3lica de un peregrino en el que se funden Cristo y Satan\u00e1s. Como fondo inspirador, el legendario rito de la fecundidad y su ba\u00f1o en las olas atl\u00e1nticas de la playa de A Lanzada. El propio Valle-Incl\u00e1n llegar\u00eda a calificar este relato como \u00abuna novela que en el estilo, en el ambiente y en el asunto, se diferencia totalmente de la moderna manera de novelar\u00bb.<br \/>\nCon Flor de santidad continuamos la senda abierta en 2018 con la publicaci\u00f3n \u2013tambi\u00e9n facs\u00edmil\u2013 de La l\u00e1mpara maravillosa.<\/p>\n<p>&nbsp;<\/p>\n<p>Sumerj\u00e1monos pues de nuevo en el universo \u00fanico de Valle y en su singular Galicia recreada.<\/p>\n<p>&nbsp;<\/p>\n<p>Esta obra ha recibido una ayuda a la edici\u00f3n del Ministerio de Cultura y Deporte.<\/p>\n<p>&nbsp;<\/p>\n<p>PREMIO AL 2\u00ba MEJOR FACS\u00cdMIL DE 2023<\/p>\n<p>Esta edici\u00f3n ha sido reconocida por el Ministerio de Cultura con el 2\u00ba Premio al Facs\u00edmil Mejor Editado en Espa\u00f1a en 2023. El jurado ha hecho la siguiente valoraci\u00f3n: \u201cGran ejemplar, respetuoso y honesto con el original\u201d.<\/p>\n<p>&nbsp;<\/p>\n<p>&nbsp;<\/p>\n","protected":false},"featured_media":8685,"comment_status":"closed","ping_status":"closed","template":"","meta":[],"product_brand":[],"product_cat":[112],"product_tag":[],"class_list":{"0":"post-8704","1":"product","2":"type-product","3":"status-publish","4":"has-post-thumbnail","6":"product_author-ramon-del-valle-inclan-es","7":"product_cat-facsimiles-es","9":"first","10":"instock","11":"taxable","12":"shipping-taxable","13":"purchasable","14":"product-type-simple"},"yoast_head":"<!-- This site is optimized with the Yoast SEO plugin v27.3 - https:\/\/yoast.com\/product\/yoast-seo-wordpress\/ -->\n<title>Flor de santidad. Historia milenaria [Ed. facs\u00edmil] - Alvarellos Editora<\/title>\n<meta name=\"description\" content=\"Flor de santidad. Historia milenaria [Ed. facs\u00edmil]. C\u00f3mprao na tenda en li\u00f1a de Alvarellos Editora.\" \/>\n<meta name=\"robots\" content=\"index, follow, max-snippet:-1, max-image-preview:large, max-video-preview:-1\" \/>\n<link rel=\"canonical\" href=\"https:\/\/alvarelloseditora.gal\/es\/libro\/flor-de-santidad-historia-milenaria\/\" \/>\n<meta property=\"og:locale\" content=\"es_ES\" \/>\n<meta property=\"og:type\" content=\"article\" \/>\n<meta property=\"og:title\" content=\"Flor de santidad. Historia milenaria [Ed. facs\u00edmil] - Alvarellos Editora\" \/>\n<meta property=\"og:description\" content=\"Flor de santidad. Historia milenaria [Ed. facs\u00edmil]. C\u00f3mprao na tenda en li\u00f1a de Alvarellos Editora.\" \/>\n<meta property=\"og:url\" content=\"https:\/\/alvarelloseditora.gal\/es\/libro\/flor-de-santidad-historia-milenaria\/\" \/>\n<meta property=\"og:site_name\" content=\"Alvarellos Editora\" \/>\n<meta property=\"article:publisher\" content=\"https:\/\/www.facebook.com\/alvarelloseditora\" \/>\n<meta property=\"article:modified_time\" content=\"2024-05-21T08:52:58+00:00\" \/>\n<meta property=\"og:image\" content=\"https:\/\/alvarelloseditora.gal\/wp-content\/uploads\/2023\/12\/9788418567537FLORDESANTIDAD-facsimilar-alvarellos-editora.jpg\" \/>\n\t<meta property=\"og:image:width\" content=\"1030\" \/>\n\t<meta property=\"og:image:height\" content=\"1404\" \/>\n\t<meta property=\"og:image:type\" content=\"image\/jpeg\" \/>\n<meta name=\"twitter:card\" content=\"summary_large_image\" \/>\n<meta name=\"twitter:site\" content=\"@alvarellos_ed\" \/>\n<meta name=\"twitter:label1\" content=\"Tiempo de lectura\" \/>\n\t<meta name=\"twitter:data1\" content=\"1 minuto\" \/>\n<!-- \/ Yoast SEO plugin. -->","yoast_head_json":{"title":"Flor de santidad. Historia milenaria [Ed. facs\u00edmil] - Alvarellos Editora","description":"Flor de santidad. Historia milenaria [Ed. facs\u00edmil]. C\u00f3mprao na tenda en li\u00f1a de Alvarellos Editora.","robots":{"index":"index","follow":"follow","max-snippet":"max-snippet:-1","max-image-preview":"max-image-preview:large","max-video-preview":"max-video-preview:-1"},"canonical":"https:\/\/alvarelloseditora.gal\/es\/libro\/flor-de-santidad-historia-milenaria\/","og_locale":"es_ES","og_type":"article","og_title":"Flor de santidad. Historia milenaria [Ed. facs\u00edmil] - Alvarellos Editora","og_description":"Flor de santidad. Historia milenaria [Ed. facs\u00edmil]. C\u00f3mprao na tenda en li\u00f1a de Alvarellos Editora.","og_url":"https:\/\/alvarelloseditora.gal\/es\/libro\/flor-de-santidad-historia-milenaria\/","og_site_name":"Alvarellos Editora","article_publisher":"https:\/\/www.facebook.com\/alvarelloseditora","article_modified_time":"2024-05-21T08:52:58+00:00","og_image":[{"url":"https:\/\/alvarelloseditora.gal\/wp-content\/uploads\/2023\/12\/9788418567537FLORDESANTIDAD-facsimilar-alvarellos-editora.jpg","width":1030,"height":1404,"type":"image\/jpeg"}],"twitter_card":"summary_large_image","twitter_site":"@alvarellos_ed","twitter_misc":{"Tiempo de lectura":"1 minuto"},"schema":{"@context":"https:\/\/schema.org","@graph":[{"@type":["WebPage","ItemPage"],"@id":"https:\/\/alvarelloseditora.gal\/es\/libro\/flor-de-santidad-historia-milenaria\/","url":"https:\/\/alvarelloseditora.gal\/es\/libro\/flor-de-santidad-historia-milenaria\/","name":"Flor de santidad. Historia milenaria [Ed. facs\u00edmil] - Alvarellos Editora","isPartOf":{"@id":"https:\/\/alvarelloseditora.gal\/#website"},"primaryImageOfPage":{"@id":"https:\/\/alvarelloseditora.gal\/es\/libro\/flor-de-santidad-historia-milenaria\/#primaryimage"},"image":{"@id":"https:\/\/alvarelloseditora.gal\/es\/libro\/flor-de-santidad-historia-milenaria\/#primaryimage"},"thumbnailUrl":"https:\/\/alvarelloseditora.gal\/wp-content\/uploads\/2023\/12\/9788418567537FLORDESANTIDAD-facsimilar-alvarellos-editora.jpg","datePublished":"2023-12-13T10:20:48+00:00","dateModified":"2024-05-21T08:52:58+00:00","description":"Flor de santidad. Historia milenaria [Ed. facs\u00edmil]. C\u00f3mprao na tenda en li\u00f1a de Alvarellos Editora.","breadcrumb":{"@id":"https:\/\/alvarelloseditora.gal\/es\/libro\/flor-de-santidad-historia-milenaria\/#breadcrumb"},"inLanguage":"es","potentialAction":[{"@type":"ReadAction","target":["https:\/\/alvarelloseditora.gal\/es\/libro\/flor-de-santidad-historia-milenaria\/"]}]},{"@type":"ImageObject","inLanguage":"es","@id":"https:\/\/alvarelloseditora.gal\/es\/libro\/flor-de-santidad-historia-milenaria\/#primaryimage","url":"https:\/\/alvarelloseditora.gal\/wp-content\/uploads\/2023\/12\/9788418567537FLORDESANTIDAD-facsimilar-alvarellos-editora.jpg","contentUrl":"https:\/\/alvarelloseditora.gal\/wp-content\/uploads\/2023\/12\/9788418567537FLORDESANTIDAD-facsimilar-alvarellos-editora.jpg","width":1030,"height":1404},{"@type":"BreadcrumbList","@id":"https:\/\/alvarelloseditora.gal\/es\/libro\/flor-de-santidad-historia-milenaria\/#breadcrumb","itemListElement":[{"@type":"ListItem","position":1,"name":"Portada","item":"https:\/\/alvarelloseditora.gal\/"},{"@type":"ListItem","position":2,"name":"Tienda","item":"https:\/\/alvarelloseditora.gal\/es\/tienda\/"},{"@type":"ListItem","position":3,"name":"Flor de santidad. Historia milenaria [Ed. facs\u00edmil]"}]},{"@type":"WebSite","@id":"https:\/\/alvarelloseditora.gal\/#website","url":"https:\/\/alvarelloseditora.gal\/","name":"Alvarellos Editora","description":"Libros para un mundo en tr\u00e1nsito","publisher":{"@id":"https:\/\/alvarelloseditora.gal\/#organization"},"potentialAction":[{"@type":"SearchAction","target":{"@type":"EntryPoint","urlTemplate":"https:\/\/alvarelloseditora.gal\/?s={search_term_string}"},"query-input":{"@type":"PropertyValueSpecification","valueRequired":true,"valueName":"search_term_string"}}],"inLanguage":"es"},{"@type":"Organization","@id":"https:\/\/alvarelloseditora.gal\/#organization","name":"Alvarellos Editora","url":"https:\/\/alvarelloseditora.gal\/","logo":{"@type":"ImageObject","inLanguage":"es","@id":"https:\/\/alvarelloseditora.gal\/#\/schema\/logo\/image\/","url":"https:\/\/alvarelloseditora.gal\/wp-content\/uploads\/2020\/02\/alv-icon.png","contentUrl":"https:\/\/alvarelloseditora.gal\/wp-content\/uploads\/2020\/02\/alv-icon.png","width":177,"height":175,"caption":"Alvarellos Editora"},"image":{"@id":"https:\/\/alvarelloseditora.gal\/#\/schema\/logo\/image\/"},"sameAs":["https:\/\/www.facebook.com\/alvarelloseditora","https:\/\/x.com\/alvarellos_ed"]}]}},"_links":{"self":[{"href":"https:\/\/alvarelloseditora.gal\/es\/wp-json\/wp\/v2\/product\/8704","targetHints":{"allow":["GET"]}}],"collection":[{"href":"https:\/\/alvarelloseditora.gal\/es\/wp-json\/wp\/v2\/product"}],"about":[{"href":"https:\/\/alvarelloseditora.gal\/es\/wp-json\/wp\/v2\/types\/product"}],"replies":[{"embeddable":true,"href":"https:\/\/alvarelloseditora.gal\/es\/wp-json\/wp\/v2\/comments?post=8704"}],"wp:featuredmedia":[{"embeddable":true,"href":"https:\/\/alvarelloseditora.gal\/es\/wp-json\/wp\/v2\/media\/8685"}],"wp:attachment":[{"href":"https:\/\/alvarelloseditora.gal\/es\/wp-json\/wp\/v2\/media?parent=8704"}],"wp:term":[{"taxonomy":"product_brand","embeddable":true,"href":"https:\/\/alvarelloseditora.gal\/es\/wp-json\/wp\/v2\/product_brand?post=8704"},{"taxonomy":"product_cat","embeddable":true,"href":"https:\/\/alvarelloseditora.gal\/es\/wp-json\/wp\/v2\/product_cat?post=8704"},{"taxonomy":"product_tag","embeddable":true,"href":"https:\/\/alvarelloseditora.gal\/es\/wp-json\/wp\/v2\/product_tag?post=8704"}],"curies":[{"name":"wp","href":"https:\/\/api.w.org\/{rel}","templated":true}]}}