{"id":8680,"date":"2023-12-13T10:11:31","date_gmt":"2023-12-13T09:11:31","guid":{"rendered":"https:\/\/alvarelloseditora.gal\/book\/lugo-blues\/"},"modified":"2024-01-02T10:51:34","modified_gmt":"2024-01-02T09:51:34","slug":"lugo-blues","status":"publish","type":"product","link":"https:\/\/alvarelloseditora.gal\/es\/libro\/lugo-blues\/","title":{"rendered":"Lugo Blues"},"content":{"rendered":"<p>Nota de prensa y ficha de la obra:<\/p>\n<p><a href=\"https:\/\/alvarelloseditora.gal\/wp-content\/uploads\/2023\/12\/NP_C_LUGO_BLUES_Alvarellos-Editora-decembro_2023.pdf\">NP_C_LUGO_BLUES_Alvarellos-Editora-decembro_2023<\/a><\/p>\n","protected":false},"excerpt":{"rendered":"<p>Claudio Rodr\u00edguez Fer<br \/>\nIlustrado por Sara Lamas<br \/>\n&nbsp;<\/p>\n<p>86 pp . 14 x 21 cms.<br \/>\nISBN 978-84-18567-54-4<br \/>\nImpreso en papel amigo de los bosques.<\/p>\n<p>&nbsp;<\/p>\n<p>A LA VENTA A PARTIR DEL 5 DE ENERO DE 2024<\/p>\n<p>&nbsp;<\/p>\n<p>El poeta Claudio Rodr\u00edguez Fer regresa, casi cuarenta a\u00f1os despu\u00e9s, a su Lugo Blues, aquel poemario de culto que, en 1987, sorprend\u00eda por su calidad y por la apuesta tem\u00e1tica por la memo-ria, tanto la personal como la hist\u00f3rica de esta ciudad. Una nueva y cuidada edici\u00f3n, ampliada y con las nuevas ilustraciones de Sara Lamas, trae de actualidad esta gran obra.<\/p>\n<p>&nbsp;<\/p>\n<p>Cuando en 1987 apareci\u00f3 la primera edici\u00f3n de Lugo Blues (Concello de Lugo) pronto se convirti\u00f3 en un libro de culto, y sus versos \u2013que recorren la memoria personal del autor pero tambi\u00e9n interpelan nuestra memoria colectiva\u2013 iban pasando de mano en mano descifrando el esp\u00edritu de esta ciudad amurallada.<\/p>\n<p>&nbsp;<\/p>\n<p>Ahora, tantos a\u00f1os despu\u00e9s, casi cuarenta, era el momento de regresar a esta gran creaci\u00f3n de Claudio Rodr\u00edguez Fer, que aqu\u00ed revisa y ampl\u00eda con numerosos poemas, y que incorpora adem\u00e1s el sugestivo trabajo art\u00edstico de Sara Lamas.<\/p>\n<p>&nbsp;<\/p>\n<p>Es un Lugo hondamente emocional y vital, un Lugo sentido como refugio, pero tambi\u00e9n un Lugo desde el que trazar la medida del mundo. Y, por encima de todo, nos aproxima a la memoria hist\u00f3rica de una ciudad donde comparecen Pimentel, Lorca, \u00c1ngel Joh\u00e1n, Juana Capdevielle, Urania Mella, el doctor Vega Barrera o D\u00edaz Bali\u00f1o, entre muchos otros de aquella tribu de los vencidos, pero nunca derrotados.<\/p>\n<p>&nbsp;<\/p>\n<p>&nbsp;<\/p>\n<p>&nbsp;<\/p>\n","protected":false},"featured_media":8679,"comment_status":"closed","ping_status":"closed","template":"","meta":[],"product_brand":[],"product_cat":[106],"product_tag":[],"class_list":{"0":"post-8680","1":"product","2":"type-product","3":"status-publish","4":"has-post-thumbnail","6":"product_author-claudio-rodriguez-fer-es","7":"product_cat-libros-do-sarela-es","9":"first","10":"instock","11":"taxable","12":"shipping-taxable","13":"purchasable","14":"product-type-simple"},"yoast_head":"<!-- This site is optimized with the Yoast SEO plugin v27.3 - https:\/\/yoast.com\/product\/yoast-seo-wordpress\/ -->\n<title>Lugo Blues - Alvarellos Editora<\/title>\n<meta name=\"description\" content=\"Lugo Blues. C\u00f3mprao na tenda en li\u00f1a de Alvarellos Editora.\" \/>\n<meta name=\"robots\" content=\"index, follow, max-snippet:-1, max-image-preview:large, max-video-preview:-1\" \/>\n<link rel=\"canonical\" href=\"https:\/\/alvarelloseditora.gal\/es\/libro\/lugo-blues\/\" \/>\n<meta property=\"og:locale\" content=\"es_ES\" \/>\n<meta property=\"og:type\" content=\"article\" \/>\n<meta property=\"og:title\" content=\"Lugo Blues - Alvarellos Editora\" \/>\n<meta property=\"og:description\" content=\"Lugo Blues. C\u00f3mprao na tenda en li\u00f1a de Alvarellos Editora.\" \/>\n<meta property=\"og:url\" content=\"https:\/\/alvarelloseditora.gal\/es\/libro\/lugo-blues\/\" \/>\n<meta property=\"og:site_name\" content=\"Alvarellos Editora\" \/>\n<meta property=\"article:publisher\" content=\"https:\/\/www.facebook.com\/alvarelloseditora\" \/>\n<meta property=\"article:modified_time\" content=\"2024-01-02T09:51:34+00:00\" \/>\n<meta property=\"og:image\" content=\"https:\/\/alvarelloseditora.gal\/wp-content\/uploads\/2023\/12\/9788418567544Lugo-Blues-Alvarellos-Ed-scaled.jpg\" \/>\n\t<meta property=\"og:image:width\" content=\"1825\" \/>\n\t<meta property=\"og:image:height\" content=\"2560\" \/>\n\t<meta property=\"og:image:type\" content=\"image\/jpeg\" \/>\n<meta name=\"twitter:card\" content=\"summary_large_image\" \/>\n<meta name=\"twitter:site\" content=\"@alvarellos_ed\" \/>\n<meta name=\"twitter:label1\" content=\"Tiempo de lectura\" \/>\n\t<meta name=\"twitter:data1\" content=\"1 minuto\" \/>\n<!-- \/ Yoast SEO plugin. -->","yoast_head_json":{"title":"Lugo Blues - Alvarellos Editora","description":"Lugo Blues. C\u00f3mprao na tenda en li\u00f1a de Alvarellos Editora.","robots":{"index":"index","follow":"follow","max-snippet":"max-snippet:-1","max-image-preview":"max-image-preview:large","max-video-preview":"max-video-preview:-1"},"canonical":"https:\/\/alvarelloseditora.gal\/es\/libro\/lugo-blues\/","og_locale":"es_ES","og_type":"article","og_title":"Lugo Blues - Alvarellos Editora","og_description":"Lugo Blues. C\u00f3mprao na tenda en li\u00f1a de Alvarellos Editora.","og_url":"https:\/\/alvarelloseditora.gal\/es\/libro\/lugo-blues\/","og_site_name":"Alvarellos Editora","article_publisher":"https:\/\/www.facebook.com\/alvarelloseditora","article_modified_time":"2024-01-02T09:51:34+00:00","og_image":[{"width":1825,"height":2560,"url":"https:\/\/alvarelloseditora.gal\/wp-content\/uploads\/2023\/12\/9788418567544Lugo-Blues-Alvarellos-Ed-scaled.jpg","type":"image\/jpeg"}],"twitter_card":"summary_large_image","twitter_site":"@alvarellos_ed","twitter_misc":{"Tiempo de lectura":"1 minuto"},"schema":{"@context":"https:\/\/schema.org","@graph":[{"@type":["WebPage","ItemPage"],"@id":"https:\/\/alvarelloseditora.gal\/es\/libro\/lugo-blues\/","url":"https:\/\/alvarelloseditora.gal\/es\/libro\/lugo-blues\/","name":"Lugo Blues - Alvarellos Editora","isPartOf":{"@id":"https:\/\/alvarelloseditora.gal\/#website"},"primaryImageOfPage":{"@id":"https:\/\/alvarelloseditora.gal\/es\/libro\/lugo-blues\/#primaryimage"},"image":{"@id":"https:\/\/alvarelloseditora.gal\/es\/libro\/lugo-blues\/#primaryimage"},"thumbnailUrl":"https:\/\/alvarelloseditora.gal\/wp-content\/uploads\/2023\/12\/9788418567544Lugo-Blues-Alvarellos-Ed-scaled.jpg","datePublished":"2023-12-13T09:11:31+00:00","dateModified":"2024-01-02T09:51:34+00:00","description":"Lugo Blues. C\u00f3mprao na tenda en li\u00f1a de Alvarellos Editora.","breadcrumb":{"@id":"https:\/\/alvarelloseditora.gal\/es\/libro\/lugo-blues\/#breadcrumb"},"inLanguage":"es","potentialAction":[{"@type":"ReadAction","target":["https:\/\/alvarelloseditora.gal\/es\/libro\/lugo-blues\/"]}]},{"@type":"ImageObject","inLanguage":"es","@id":"https:\/\/alvarelloseditora.gal\/es\/libro\/lugo-blues\/#primaryimage","url":"https:\/\/alvarelloseditora.gal\/wp-content\/uploads\/2023\/12\/9788418567544Lugo-Blues-Alvarellos-Ed-scaled.jpg","contentUrl":"https:\/\/alvarelloseditora.gal\/wp-content\/uploads\/2023\/12\/9788418567544Lugo-Blues-Alvarellos-Ed-scaled.jpg","width":1825,"height":2560},{"@type":"BreadcrumbList","@id":"https:\/\/alvarelloseditora.gal\/es\/libro\/lugo-blues\/#breadcrumb","itemListElement":[{"@type":"ListItem","position":1,"name":"Portada","item":"https:\/\/alvarelloseditora.gal\/"},{"@type":"ListItem","position":2,"name":"Tienda","item":"https:\/\/alvarelloseditora.gal\/es\/tienda\/"},{"@type":"ListItem","position":3,"name":"Lugo Blues"}]},{"@type":"WebSite","@id":"https:\/\/alvarelloseditora.gal\/#website","url":"https:\/\/alvarelloseditora.gal\/","name":"Alvarellos Editora","description":"Libros para un mundo en tr\u00e1nsito","publisher":{"@id":"https:\/\/alvarelloseditora.gal\/#organization"},"potentialAction":[{"@type":"SearchAction","target":{"@type":"EntryPoint","urlTemplate":"https:\/\/alvarelloseditora.gal\/?s={search_term_string}"},"query-input":{"@type":"PropertyValueSpecification","valueRequired":true,"valueName":"search_term_string"}}],"inLanguage":"es"},{"@type":"Organization","@id":"https:\/\/alvarelloseditora.gal\/#organization","name":"Alvarellos Editora","url":"https:\/\/alvarelloseditora.gal\/","logo":{"@type":"ImageObject","inLanguage":"es","@id":"https:\/\/alvarelloseditora.gal\/#\/schema\/logo\/image\/","url":"https:\/\/alvarelloseditora.gal\/wp-content\/uploads\/2020\/02\/alv-icon.png","contentUrl":"https:\/\/alvarelloseditora.gal\/wp-content\/uploads\/2020\/02\/alv-icon.png","width":177,"height":175,"caption":"Alvarellos Editora"},"image":{"@id":"https:\/\/alvarelloseditora.gal\/#\/schema\/logo\/image\/"},"sameAs":["https:\/\/www.facebook.com\/alvarelloseditora","https:\/\/x.com\/alvarellos_ed"]}]}},"_links":{"self":[{"href":"https:\/\/alvarelloseditora.gal\/es\/wp-json\/wp\/v2\/product\/8680","targetHints":{"allow":["GET"]}}],"collection":[{"href":"https:\/\/alvarelloseditora.gal\/es\/wp-json\/wp\/v2\/product"}],"about":[{"href":"https:\/\/alvarelloseditora.gal\/es\/wp-json\/wp\/v2\/types\/product"}],"replies":[{"embeddable":true,"href":"https:\/\/alvarelloseditora.gal\/es\/wp-json\/wp\/v2\/comments?post=8680"}],"wp:featuredmedia":[{"embeddable":true,"href":"https:\/\/alvarelloseditora.gal\/es\/wp-json\/wp\/v2\/media\/8679"}],"wp:attachment":[{"href":"https:\/\/alvarelloseditora.gal\/es\/wp-json\/wp\/v2\/media?parent=8680"}],"wp:term":[{"taxonomy":"product_brand","embeddable":true,"href":"https:\/\/alvarelloseditora.gal\/es\/wp-json\/wp\/v2\/product_brand?post=8680"},{"taxonomy":"product_cat","embeddable":true,"href":"https:\/\/alvarelloseditora.gal\/es\/wp-json\/wp\/v2\/product_cat?post=8680"},{"taxonomy":"product_tag","embeddable":true,"href":"https:\/\/alvarelloseditora.gal\/es\/wp-json\/wp\/v2\/product_tag?post=8680"}],"curies":[{"name":"wp","href":"https:\/\/api.w.org\/{rel}","templated":true}]}}