{"id":8648,"date":"2023-11-22T14:41:56","date_gmt":"2023-11-22T13:41:56","guid":{"rendered":"https:\/\/alvarelloseditora.gal\/book\/dentro-de-este-libro-viven-dos-cocodrilos-ed-en-castellano\/"},"modified":"2023-11-22T18:54:15","modified_gmt":"2023-11-22T17:54:15","slug":"dentro-de-este-libro-viven-dos-cocodrilos-ed-en-castellano","status":"publish","type":"product","link":"https:\/\/alvarelloseditora.gal\/es\/libro\/dentro-de-este-libro-viven-dos-cocodrilos-ed-en-castellano\/","title":{"rendered":"Dentro de este libro viven dos cocodrilos [Ed. en castellano]"},"content":{"rendered":"","protected":false},"excerpt":{"rendered":"<p>Un cuento sobre c\u00f3mo superar los miedos, ilustrado de una manera fascinante<br \/>\n&nbsp;<br \/>\nClaudia Souza<br \/>\nIonit Zilberman<br \/>\n&nbsp;<\/p>\n<p>32 pp. 21 x 25 cm<br \/>\nISBN ESP: 978-84-18567-48-3<br \/>\nCapa dura. Cosido con hilo vegetal.<br \/>\nImpreso en papel ecol\u00f3gico.<br \/>\n+3 A\u00d1OS<\/p>\n<p>&nbsp;<\/p>\n<p>Escrito por la psic\u00f3loga infantil y reconocida autora brasile\u00f1a Claudia Souza e ilustrado maravillosamente por Ionit Zilberman con p\u00e1ginas que parecen cobrar vida.<\/p>\n<p>&nbsp;<\/p>\n<p>TEXTO CONTRAPORTADA<br \/>\nTe dan miedo las cobras? Y los tiburones?\u00a0 Y qu\u00e9 me dices de la oscuridad, o de las alturas, o de los espacios cerrados? Yo no le tengo miedo a ninguna de estas cosas, pero lo que si me aterrorizan son los cocodrilos que viven en este libro. T\u00fa le tienes miedos a los cocodrilos? En este cuento vigilan dos enormes. Son los animales m\u00e1s horripilantes del mundo.<\/p>\n<p>&nbsp;<\/p>\n<p>ARGUMENTO<br \/>\nEl protagonista del cuento tiene miedo a los cocodrilos y dos de ellos, enormes,\u00a0 observan desde dentro del\u00a0 mismo libro. A \u00e9l no la da miedo casi nada, ni la oscuridad, ni los tiburones, ni los sitios cerrados o solitarios&#8230; Solamente teme a los cocodrilos. Pero enseguida descubrir\u00e1 que las personas somos m\u00e1s fuertes y grandes que nuestros\u00a0 temores, y que este miedo que \u00e9l siente, pronto desaparecer\u00e1.<\/p>\n<p>&nbsp;<\/p>\n<p>CLAVES PARA LA LECTURA<br \/>\nEl miedo est\u00e1 presente en la infancia de todas las personas&#8230; Ese miedo que asusta, \u00a0pero que tambi\u00e9n fascina. Una puede tenerle miedo a cualquier cosa. \u00bfA qu\u00e9 le tenemos \u00a0miedo? \u00bfC\u00f3mo enfrentarse a ese miedo? Podemos espantarlo? A trav\u00e9s de las p\u00e1ginas iremos descubriendo que esas cosas que en un principio nos dan miedo, r\u00e1pidamente se convertir\u00e1n en insignificantes. Las ilustraciones, por otra parte, resultan fascinantes: parecen querer huir del papel para convertirse en una fant\u00e1stica pel\u00edcula de animaci\u00f3n.<\/p>\n<p>&nbsp;<\/p>\n","protected":false},"featured_media":8604,"comment_status":"closed","ping_status":"closed","template":"","meta":[],"product_brand":[],"product_cat":[110],"product_tag":[],"class_list":{"0":"post-8648","1":"product","2":"type-product","3":"status-publish","4":"has-post-thumbnail","6":"product_author-claudia-souza-2-es","7":"product_author-ionit-zilberman-es","8":"product_cat-verdemar-es","10":"first","11":"instock","12":"taxable","13":"shipping-taxable","14":"purchasable","15":"product-type-simple"},"yoast_head":"<!-- This site is optimized with the Yoast SEO plugin v27.3 - https:\/\/yoast.com\/product\/yoast-seo-wordpress\/ -->\n<title>Dentro de este libro viven dos cocodrilos [Ed. en castellano] - Alvarellos Editora<\/title>\n<meta name=\"description\" content=\"Dentro de este libro viven dos cocodrilos [Ed. en castellano]. C\u00f3mprao na tenda en li\u00f1a de Alvarellos Editora.\" \/>\n<meta name=\"robots\" content=\"index, follow, max-snippet:-1, max-image-preview:large, max-video-preview:-1\" \/>\n<link rel=\"canonical\" href=\"https:\/\/alvarelloseditora.gal\/es\/libro\/dentro-de-este-libro-viven-dos-cocodrilos-ed-en-castellano\/\" \/>\n<meta property=\"og:locale\" content=\"es_ES\" \/>\n<meta property=\"og:type\" content=\"article\" \/>\n<meta property=\"og:title\" content=\"Dentro de este libro viven dos cocodrilos [Ed. en castellano] - Alvarellos Editora\" \/>\n<meta property=\"og:description\" content=\"Dentro de este libro viven dos cocodrilos [Ed. en castellano]. C\u00f3mprao na tenda en li\u00f1a de Alvarellos Editora.\" \/>\n<meta property=\"og:url\" content=\"https:\/\/alvarelloseditora.gal\/es\/libro\/dentro-de-este-libro-viven-dos-cocodrilos-ed-en-castellano\/\" \/>\n<meta property=\"og:site_name\" content=\"Alvarellos Editora\" \/>\n<meta property=\"article:publisher\" content=\"https:\/\/www.facebook.com\/alvarelloseditora\" \/>\n<meta property=\"article:modified_time\" content=\"2023-11-22T17:54:15+00:00\" \/>\n<meta property=\"og:image\" content=\"https:\/\/alvarelloseditora.gal\/wp-content\/uploads\/2023\/11\/9788418567483Dentro-de-este-libro-viven-dos-cocodrilos-CAST.jpg\" \/>\n\t<meta property=\"og:image:width\" content=\"1239\" \/>\n\t<meta property=\"og:image:height\" content=\"1489\" \/>\n\t<meta property=\"og:image:type\" content=\"image\/jpeg\" \/>\n<meta name=\"twitter:card\" content=\"summary_large_image\" \/>\n<meta name=\"twitter:site\" content=\"@alvarellos_ed\" \/>\n<!-- \/ Yoast SEO plugin. -->","yoast_head_json":{"title":"Dentro de este libro viven dos cocodrilos [Ed. en castellano] - Alvarellos Editora","description":"Dentro de este libro viven dos cocodrilos [Ed. en castellano]. C\u00f3mprao na tenda en li\u00f1a de Alvarellos Editora.","robots":{"index":"index","follow":"follow","max-snippet":"max-snippet:-1","max-image-preview":"max-image-preview:large","max-video-preview":"max-video-preview:-1"},"canonical":"https:\/\/alvarelloseditora.gal\/es\/libro\/dentro-de-este-libro-viven-dos-cocodrilos-ed-en-castellano\/","og_locale":"es_ES","og_type":"article","og_title":"Dentro de este libro viven dos cocodrilos [Ed. en castellano] - Alvarellos Editora","og_description":"Dentro de este libro viven dos cocodrilos [Ed. en castellano]. C\u00f3mprao na tenda en li\u00f1a de Alvarellos Editora.","og_url":"https:\/\/alvarelloseditora.gal\/es\/libro\/dentro-de-este-libro-viven-dos-cocodrilos-ed-en-castellano\/","og_site_name":"Alvarellos Editora","article_publisher":"https:\/\/www.facebook.com\/alvarelloseditora","article_modified_time":"2023-11-22T17:54:15+00:00","og_image":[{"width":1239,"height":1489,"url":"https:\/\/alvarelloseditora.gal\/wp-content\/uploads\/2023\/11\/9788418567483Dentro-de-este-libro-viven-dos-cocodrilos-CAST.jpg","type":"image\/jpeg"}],"twitter_card":"summary_large_image","twitter_site":"@alvarellos_ed","schema":{"@context":"https:\/\/schema.org","@graph":[{"@type":["WebPage","ItemPage"],"@id":"https:\/\/alvarelloseditora.gal\/es\/libro\/dentro-de-este-libro-viven-dos-cocodrilos-ed-en-castellano\/","url":"https:\/\/alvarelloseditora.gal\/es\/libro\/dentro-de-este-libro-viven-dos-cocodrilos-ed-en-castellano\/","name":"Dentro de este libro viven dos cocodrilos [Ed. en castellano] - Alvarellos Editora","isPartOf":{"@id":"https:\/\/alvarelloseditora.gal\/#website"},"primaryImageOfPage":{"@id":"https:\/\/alvarelloseditora.gal\/es\/libro\/dentro-de-este-libro-viven-dos-cocodrilos-ed-en-castellano\/#primaryimage"},"image":{"@id":"https:\/\/alvarelloseditora.gal\/es\/libro\/dentro-de-este-libro-viven-dos-cocodrilos-ed-en-castellano\/#primaryimage"},"thumbnailUrl":"https:\/\/alvarelloseditora.gal\/wp-content\/uploads\/2023\/11\/9788418567483Dentro-de-este-libro-viven-dos-cocodrilos-CAST.jpg","datePublished":"2023-11-22T13:41:56+00:00","dateModified":"2023-11-22T17:54:15+00:00","description":"Dentro de este libro viven dos cocodrilos [Ed. en castellano]. C\u00f3mprao na tenda en li\u00f1a de Alvarellos Editora.","breadcrumb":{"@id":"https:\/\/alvarelloseditora.gal\/es\/libro\/dentro-de-este-libro-viven-dos-cocodrilos-ed-en-castellano\/#breadcrumb"},"inLanguage":"es","potentialAction":[{"@type":"ReadAction","target":["https:\/\/alvarelloseditora.gal\/es\/libro\/dentro-de-este-libro-viven-dos-cocodrilos-ed-en-castellano\/"]}]},{"@type":"ImageObject","inLanguage":"es","@id":"https:\/\/alvarelloseditora.gal\/es\/libro\/dentro-de-este-libro-viven-dos-cocodrilos-ed-en-castellano\/#primaryimage","url":"https:\/\/alvarelloseditora.gal\/wp-content\/uploads\/2023\/11\/9788418567483Dentro-de-este-libro-viven-dos-cocodrilos-CAST.jpg","contentUrl":"https:\/\/alvarelloseditora.gal\/wp-content\/uploads\/2023\/11\/9788418567483Dentro-de-este-libro-viven-dos-cocodrilos-CAST.jpg","width":1239,"height":1489},{"@type":"BreadcrumbList","@id":"https:\/\/alvarelloseditora.gal\/es\/libro\/dentro-de-este-libro-viven-dos-cocodrilos-ed-en-castellano\/#breadcrumb","itemListElement":[{"@type":"ListItem","position":1,"name":"Portada","item":"https:\/\/alvarelloseditora.gal\/"},{"@type":"ListItem","position":2,"name":"Tienda","item":"https:\/\/alvarelloseditora.gal\/es\/tienda\/"},{"@type":"ListItem","position":3,"name":"Dentro de este libro viven dos cocodrilos [Ed. en castellano]"}]},{"@type":"WebSite","@id":"https:\/\/alvarelloseditora.gal\/#website","url":"https:\/\/alvarelloseditora.gal\/","name":"Alvarellos Editora","description":"Libros para un mundo en tr\u00e1nsito","publisher":{"@id":"https:\/\/alvarelloseditora.gal\/#organization"},"potentialAction":[{"@type":"SearchAction","target":{"@type":"EntryPoint","urlTemplate":"https:\/\/alvarelloseditora.gal\/?s={search_term_string}"},"query-input":{"@type":"PropertyValueSpecification","valueRequired":true,"valueName":"search_term_string"}}],"inLanguage":"es"},{"@type":"Organization","@id":"https:\/\/alvarelloseditora.gal\/#organization","name":"Alvarellos Editora","url":"https:\/\/alvarelloseditora.gal\/","logo":{"@type":"ImageObject","inLanguage":"es","@id":"https:\/\/alvarelloseditora.gal\/#\/schema\/logo\/image\/","url":"https:\/\/alvarelloseditora.gal\/wp-content\/uploads\/2020\/02\/alv-icon.png","contentUrl":"https:\/\/alvarelloseditora.gal\/wp-content\/uploads\/2020\/02\/alv-icon.png","width":177,"height":175,"caption":"Alvarellos Editora"},"image":{"@id":"https:\/\/alvarelloseditora.gal\/#\/schema\/logo\/image\/"},"sameAs":["https:\/\/www.facebook.com\/alvarelloseditora","https:\/\/x.com\/alvarellos_ed"]}]}},"_links":{"self":[{"href":"https:\/\/alvarelloseditora.gal\/es\/wp-json\/wp\/v2\/product\/8648","targetHints":{"allow":["GET"]}}],"collection":[{"href":"https:\/\/alvarelloseditora.gal\/es\/wp-json\/wp\/v2\/product"}],"about":[{"href":"https:\/\/alvarelloseditora.gal\/es\/wp-json\/wp\/v2\/types\/product"}],"replies":[{"embeddable":true,"href":"https:\/\/alvarelloseditora.gal\/es\/wp-json\/wp\/v2\/comments?post=8648"}],"wp:featuredmedia":[{"embeddable":true,"href":"https:\/\/alvarelloseditora.gal\/es\/wp-json\/wp\/v2\/media\/8604"}],"wp:attachment":[{"href":"https:\/\/alvarelloseditora.gal\/es\/wp-json\/wp\/v2\/media?parent=8648"}],"wp:term":[{"taxonomy":"product_brand","embeddable":true,"href":"https:\/\/alvarelloseditora.gal\/es\/wp-json\/wp\/v2\/product_brand?post=8648"},{"taxonomy":"product_cat","embeddable":true,"href":"https:\/\/alvarelloseditora.gal\/es\/wp-json\/wp\/v2\/product_cat?post=8648"},{"taxonomy":"product_tag","embeddable":true,"href":"https:\/\/alvarelloseditora.gal\/es\/wp-json\/wp\/v2\/product_tag?post=8648"}],"curies":[{"name":"wp","href":"https:\/\/api.w.org\/{rel}","templated":true}]}}