{"id":8591,"date":"2023-11-22T13:45:00","date_gmt":"2023-11-22T12:45:00","guid":{"rendered":"https:\/\/alvarelloseditora.gal\/book\/dentro-deste-libro-viven-dous-crocodilos\/"},"modified":"2023-11-22T13:57:07","modified_gmt":"2023-11-22T12:57:07","slug":"dentro-deste-libro-viven-dous-crocodilos","status":"publish","type":"product","link":"https:\/\/alvarelloseditora.gal\/es\/libro\/dentro-deste-libro-viven-dous-crocodilos\/","title":{"rendered":"Dentro deste libro viven dous crocodilos"},"content":{"rendered":"<p>Ficha completa deste \u00e1lbum ilustrado:<\/p>\n<p><a href=\"https:\/\/alvarelloseditora.gal\/wp-content\/uploads\/2023\/11\/Ficha-GAL-CROCODILOS_2023.pdf\">Ficha-GAL-CROCODILOS_2023<\/a><\/p>\n","protected":false},"excerpt":{"rendered":"<p>Un conto sobre como superar os medos, ilustrado dun xeito fascinante.<\/p>\n<p>Claudia Souza<br \/>\nIonit Zilberman<br \/>\n&nbsp;<\/p>\n<p>32 pp. 21 x 25 cm. PVP: 16 \u20ac<br \/>\nISBN GAL: 978-84-18567-47-6<br \/>\nISBN ESP: 978-84-18567-48-3<br \/>\nCapa dura. Cosido con f\u00edo vexetal. Impreso en papel ecol\u00f3xico.<\/p>\n<p>&nbsp;<br \/>\nEscrito pola psic\u00f3loga infantil e reco\u00f1ecida autora brasileira Claudia Souza e ilustrado marabillosamente por Ionit Zilberman con p\u00e1xinas que semellan cobrar vida.<br \/>\n&nbsp;<\/p>\n<p>TEXTO CONTRACAPA<\/p>\n<p>P\u00f3\u00f1enche medo as cobras? E os tibur\u00f3ns? E que me dis da escuridade, ou das alturas, ou dos sitios pechados? Eu non lle te\u00f1o medo a ningunha destas cousas, pero o que si me estarrecen son os crocodilos que viven neste libro. Ti teslles medo aos crocodilos? Neste conto asexan dous enormes. Son os animais m\u00e1is arrepiantes do mundo.<\/p>\n<p>&nbsp;<\/p>\n<p>ARGUMENTO<br \/>\nO protagonista do conto ten medo aos crocodilos e dous deles, enormes, asexan dende dentro do mesmo libro. A el non lle pon medo case nada, nin a escuridade, nin os tibur\u00f3ns, nin os sitios pechados ou solitarios&#8230; S\u00f3 teme os crocodilos. Pero axi\u00f1a descubrir\u00e1 que as persoas somos m\u00e1is fortes e meirandes ca os nosos temores, e que este medo que el sente, axi\u00f1a marchar\u00e1.<\/p>\n<p>&nbsp;<\/p>\n<p>CLAVES PARA A LECTURA<br \/>\nO medo est\u00e1 presente na infancia de todas as persoas&#8230; Ese medo que asusta mais tam\u00e9n fascina. Un pode po\u00f1erlle medo a calquera cousa. A que lle temos medo? Como enfrontarse a ese medo? Podemos espantalo? Tam\u00e9n iremos descubrindo que esas cousas que nun principio nos dan medo, axi\u00f1a tornar\u00e1n en insignificantes. As ilustraci\u00f3ns, pola s\u00faa banda, resultan fascinantes: parece que queren fuxir do papel e converterse nunha fant\u00e1stica pel\u00edcula de animaci\u00f3n.<\/p>\n<p>&nbsp;<\/p>\n<p>&nbsp;<\/p>\n<p>&nbsp;<\/p>\n","protected":false},"featured_media":8587,"comment_status":"closed","ping_status":"closed","template":"","meta":[],"product_brand":[],"product_cat":[110],"product_tag":[],"class_list":{"0":"post-8591","1":"product","2":"type-product","3":"status-publish","4":"has-post-thumbnail","6":"product_author-claudia-souza-2-es","7":"product_author-ionit-zilberman-es","8":"product_cat-verdemar-es","10":"first","11":"instock","12":"taxable","13":"shipping-taxable","14":"purchasable","15":"product-type-simple"},"yoast_head":"<!-- This site is optimized with the Yoast SEO plugin v27.3 - https:\/\/yoast.com\/product\/yoast-seo-wordpress\/ -->\n<title>Dentro deste libro viven dous crocodilos - Alvarellos Editora<\/title>\n<meta name=\"description\" content=\"Dentro deste libro viven dous crocodilos. C\u00f3mprao na tenda en li\u00f1a de Alvarellos Editora.\" \/>\n<meta name=\"robots\" content=\"index, follow, max-snippet:-1, max-image-preview:large, max-video-preview:-1\" \/>\n<link rel=\"canonical\" href=\"https:\/\/alvarelloseditora.gal\/es\/libro\/dentro-deste-libro-viven-dous-crocodilos\/\" \/>\n<meta property=\"og:locale\" content=\"es_ES\" \/>\n<meta property=\"og:type\" content=\"article\" \/>\n<meta property=\"og:title\" content=\"Dentro deste libro viven dous crocodilos - Alvarellos Editora\" \/>\n<meta property=\"og:description\" content=\"Dentro deste libro viven dous crocodilos. C\u00f3mprao na tenda en li\u00f1a de Alvarellos Editora.\" \/>\n<meta property=\"og:url\" content=\"https:\/\/alvarelloseditora.gal\/es\/libro\/dentro-deste-libro-viven-dous-crocodilos\/\" \/>\n<meta property=\"og:site_name\" content=\"Alvarellos Editora\" \/>\n<meta property=\"article:publisher\" content=\"https:\/\/www.facebook.com\/alvarelloseditora\" \/>\n<meta property=\"article:modified_time\" content=\"2023-11-22T12:57:07+00:00\" \/>\n<meta property=\"og:image\" content=\"https:\/\/alvarelloseditora.gal\/wp-content\/uploads\/2023\/11\/9788418567476Dentro-deste-libro-viven-dous-crocodilos-GAL.jpg\" \/>\n\t<meta property=\"og:image:width\" content=\"1237\" \/>\n\t<meta property=\"og:image:height\" content=\"1480\" \/>\n\t<meta property=\"og:image:type\" content=\"image\/jpeg\" \/>\n<meta name=\"twitter:card\" content=\"summary_large_image\" \/>\n<meta name=\"twitter:site\" content=\"@alvarellos_ed\" \/>\n<meta name=\"twitter:label1\" content=\"Tiempo de lectura\" \/>\n\t<meta name=\"twitter:data1\" content=\"1 minuto\" \/>\n<!-- \/ Yoast SEO plugin. -->","yoast_head_json":{"title":"Dentro deste libro viven dous crocodilos - Alvarellos Editora","description":"Dentro deste libro viven dous crocodilos. C\u00f3mprao na tenda en li\u00f1a de Alvarellos Editora.","robots":{"index":"index","follow":"follow","max-snippet":"max-snippet:-1","max-image-preview":"max-image-preview:large","max-video-preview":"max-video-preview:-1"},"canonical":"https:\/\/alvarelloseditora.gal\/es\/libro\/dentro-deste-libro-viven-dous-crocodilos\/","og_locale":"es_ES","og_type":"article","og_title":"Dentro deste libro viven dous crocodilos - Alvarellos Editora","og_description":"Dentro deste libro viven dous crocodilos. C\u00f3mprao na tenda en li\u00f1a de Alvarellos Editora.","og_url":"https:\/\/alvarelloseditora.gal\/es\/libro\/dentro-deste-libro-viven-dous-crocodilos\/","og_site_name":"Alvarellos Editora","article_publisher":"https:\/\/www.facebook.com\/alvarelloseditora","article_modified_time":"2023-11-22T12:57:07+00:00","og_image":[{"width":1237,"height":1480,"url":"https:\/\/alvarelloseditora.gal\/wp-content\/uploads\/2023\/11\/9788418567476Dentro-deste-libro-viven-dous-crocodilos-GAL.jpg","type":"image\/jpeg"}],"twitter_card":"summary_large_image","twitter_site":"@alvarellos_ed","twitter_misc":{"Tiempo de lectura":"1 minuto"},"schema":{"@context":"https:\/\/schema.org","@graph":[{"@type":["WebPage","ItemPage"],"@id":"https:\/\/alvarelloseditora.gal\/es\/libro\/dentro-deste-libro-viven-dous-crocodilos\/","url":"https:\/\/alvarelloseditora.gal\/es\/libro\/dentro-deste-libro-viven-dous-crocodilos\/","name":"Dentro deste libro viven dous crocodilos - Alvarellos Editora","isPartOf":{"@id":"https:\/\/alvarelloseditora.gal\/#website"},"primaryImageOfPage":{"@id":"https:\/\/alvarelloseditora.gal\/es\/libro\/dentro-deste-libro-viven-dous-crocodilos\/#primaryimage"},"image":{"@id":"https:\/\/alvarelloseditora.gal\/es\/libro\/dentro-deste-libro-viven-dous-crocodilos\/#primaryimage"},"thumbnailUrl":"https:\/\/alvarelloseditora.gal\/wp-content\/uploads\/2023\/11\/9788418567476Dentro-deste-libro-viven-dous-crocodilos-GAL.jpg","datePublished":"2023-11-22T12:45:00+00:00","dateModified":"2023-11-22T12:57:07+00:00","description":"Dentro deste libro viven dous crocodilos. C\u00f3mprao na tenda en li\u00f1a de Alvarellos Editora.","breadcrumb":{"@id":"https:\/\/alvarelloseditora.gal\/es\/libro\/dentro-deste-libro-viven-dous-crocodilos\/#breadcrumb"},"inLanguage":"es","potentialAction":[{"@type":"ReadAction","target":["https:\/\/alvarelloseditora.gal\/es\/libro\/dentro-deste-libro-viven-dous-crocodilos\/"]}]},{"@type":"ImageObject","inLanguage":"es","@id":"https:\/\/alvarelloseditora.gal\/es\/libro\/dentro-deste-libro-viven-dous-crocodilos\/#primaryimage","url":"https:\/\/alvarelloseditora.gal\/wp-content\/uploads\/2023\/11\/9788418567476Dentro-deste-libro-viven-dous-crocodilos-GAL.jpg","contentUrl":"https:\/\/alvarelloseditora.gal\/wp-content\/uploads\/2023\/11\/9788418567476Dentro-deste-libro-viven-dous-crocodilos-GAL.jpg","width":1237,"height":1480},{"@type":"BreadcrumbList","@id":"https:\/\/alvarelloseditora.gal\/es\/libro\/dentro-deste-libro-viven-dous-crocodilos\/#breadcrumb","itemListElement":[{"@type":"ListItem","position":1,"name":"Portada","item":"https:\/\/alvarelloseditora.gal\/"},{"@type":"ListItem","position":2,"name":"Tienda","item":"https:\/\/alvarelloseditora.gal\/es\/tienda\/"},{"@type":"ListItem","position":3,"name":"Dentro deste libro viven dous crocodilos"}]},{"@type":"WebSite","@id":"https:\/\/alvarelloseditora.gal\/#website","url":"https:\/\/alvarelloseditora.gal\/","name":"Alvarellos Editora","description":"Libros para un mundo en tr\u00e1nsito","publisher":{"@id":"https:\/\/alvarelloseditora.gal\/#organization"},"potentialAction":[{"@type":"SearchAction","target":{"@type":"EntryPoint","urlTemplate":"https:\/\/alvarelloseditora.gal\/?s={search_term_string}"},"query-input":{"@type":"PropertyValueSpecification","valueRequired":true,"valueName":"search_term_string"}}],"inLanguage":"es"},{"@type":"Organization","@id":"https:\/\/alvarelloseditora.gal\/#organization","name":"Alvarellos Editora","url":"https:\/\/alvarelloseditora.gal\/","logo":{"@type":"ImageObject","inLanguage":"es","@id":"https:\/\/alvarelloseditora.gal\/#\/schema\/logo\/image\/","url":"https:\/\/alvarelloseditora.gal\/wp-content\/uploads\/2020\/02\/alv-icon.png","contentUrl":"https:\/\/alvarelloseditora.gal\/wp-content\/uploads\/2020\/02\/alv-icon.png","width":177,"height":175,"caption":"Alvarellos Editora"},"image":{"@id":"https:\/\/alvarelloseditora.gal\/#\/schema\/logo\/image\/"},"sameAs":["https:\/\/www.facebook.com\/alvarelloseditora","https:\/\/x.com\/alvarellos_ed"]}]}},"_links":{"self":[{"href":"https:\/\/alvarelloseditora.gal\/es\/wp-json\/wp\/v2\/product\/8591","targetHints":{"allow":["GET"]}}],"collection":[{"href":"https:\/\/alvarelloseditora.gal\/es\/wp-json\/wp\/v2\/product"}],"about":[{"href":"https:\/\/alvarelloseditora.gal\/es\/wp-json\/wp\/v2\/types\/product"}],"replies":[{"embeddable":true,"href":"https:\/\/alvarelloseditora.gal\/es\/wp-json\/wp\/v2\/comments?post=8591"}],"wp:featuredmedia":[{"embeddable":true,"href":"https:\/\/alvarelloseditora.gal\/es\/wp-json\/wp\/v2\/media\/8587"}],"wp:attachment":[{"href":"https:\/\/alvarelloseditora.gal\/es\/wp-json\/wp\/v2\/media?parent=8591"}],"wp:term":[{"taxonomy":"product_brand","embeddable":true,"href":"https:\/\/alvarelloseditora.gal\/es\/wp-json\/wp\/v2\/product_brand?post=8591"},{"taxonomy":"product_cat","embeddable":true,"href":"https:\/\/alvarelloseditora.gal\/es\/wp-json\/wp\/v2\/product_cat?post=8591"},{"taxonomy":"product_tag","embeddable":true,"href":"https:\/\/alvarelloseditora.gal\/es\/wp-json\/wp\/v2\/product_tag?post=8591"}],"curies":[{"name":"wp","href":"https:\/\/api.w.org\/{rel}","templated":true}]}}