{"id":8466,"date":"2023-12-01T12:01:14","date_gmt":"2023-07-13T10:01:14","guid":{"rendered":"https:\/\/alvarelloseditora.gal\/book\/o-benshi-de-galicia-o-arrebato-cinematografico-de-rey-soto\/"},"modified":"2023-07-14T12:58:11","modified_gmt":"2023-07-14T10:58:11","slug":"o-benshi-de-galicia-o-arrebato-cinematografico-de-rey-soto","status":"publish","type":"product","link":"https:\/\/alvarelloseditora.gal\/es\/libro\/o-benshi-de-galicia-o-arrebato-cinematografico-de-rey-soto\/","title":{"rendered":"O Benshi de Galicia. O arrebato cinematogr\u00e1fico de Rey Soto"},"content":{"rendered":"<p>Nota de Prensa y rese\u00f1a de la obra:<\/p>\n<p><a href=\"https:\/\/alvarelloseditora.gal\/wp-content\/uploads\/2023\/07\/NP_C_BENSHI-ANTONIO-REY-SOTO-2023-XULLO.pdf\">NP_C_BENSHI-ANTONIO-REY-SOTO-2023-XULLO<\/a><\/p>\n","protected":false},"excerpt":{"rendered":"<p>Manolo Gonz\u00e1lez<br \/>\n&nbsp;<\/p>\n<p>232 pp . 13 cms ancho x 23 cms alto<br \/>\nISBN 978-84-18567-44-5.<br \/>\nPapel FSC Amigo de los Bosques<\/p>\n<p>La ins\u00f3lita historia de un cura poeta, bohemio, seductor, sibarita&#8230; e inaudito director de cine: Antonio Rey Soto<br \/>\n&nbsp;<\/p>\n<p>O Benshi de Galicia. O arrebato cinematogr\u00e1fico de Rey Soto (Alvarellos Editora) de Manolo Gonz\u00e1lez, relata la ins\u00f3lita y desconocida historia de un cura que fue tambi\u00e9n poeta, bibli\u00f3filo, bohemio, seductor, visionario, sibarita&#8230; e inaudito director de cine. En los a\u00f1os veinte llegar\u00eda a ser lo que hoy dar\u00edamos en llamar toda una celebrity.<\/p>\n<p>&nbsp;<\/p>\n<p>En 1922 Antonio Rey Soto (Ourense, 1879-Madrid, 1966) emprendi\u00f3 un proyecto muy singular: fundar en Vigo la productora Celta Film y rodar la pel\u00edcula Un viaje a trav\u00e9s de Galicia y Asturias (hoy, perdida). Con ella girar\u00e1 por Am\u00e9rica en 1923.<\/p>\n<p>&nbsp;<\/p>\n<p>Pose\u00eddo de una extraordinaria oratoria, Rey Soto actuar\u00e1, en cada proyecci\u00f3n, narrando al p\u00fablico \u2013de emigrantes gallegos, principalmente\u2013 los contenidos de su film , ejerciendo el papel de un verdadero \u00abbenshi\u00bb, esa figura capital del cine mudo japon\u00e9s, que explicaba la trama a una audiencia muchas veces analfabeta.<\/p>\n<p>O Benshi de Galicia, que est\u00e1 ilustrado con cien fotograf\u00edas y documentos muy desconocidos, nos descubre la peripecia existencial de un hombre cuya vida es realmente la trama de una verdadera pel\u00edcula, en la que por cierto participa buena parte de la intelectualidad gallega de comienzos del siglo XX.<\/p>\n<p>&nbsp;<\/p>\n","protected":false},"featured_media":8459,"comment_status":"closed","ping_status":"closed","template":"","meta":[],"product_brand":[],"product_cat":[105],"product_tag":[],"class_list":{"0":"post-8466","1":"product","2":"type-product","3":"status-publish","4":"has-post-thumbnail","6":"product_author-manolo-gonzalez-es","7":"product_cat-oeste-es","9":"first","10":"instock","11":"taxable","12":"shipping-taxable","13":"purchasable","14":"product-type-simple"},"yoast_head":"<!-- This site is optimized with the Yoast SEO plugin v27.3 - https:\/\/yoast.com\/product\/yoast-seo-wordpress\/ -->\n<title>O Benshi de Galicia. O arrebato cinematogr\u00e1fico de Rey Soto - Alvarellos Editora<\/title>\n<meta name=\"description\" content=\"O Benshi de Galicia. O arrebato cinematogr\u00e1fico de Rey Soto. C\u00f3mprao na tenda en li\u00f1a de Alvarellos Editora.\" \/>\n<meta name=\"robots\" content=\"index, follow, max-snippet:-1, max-image-preview:large, max-video-preview:-1\" \/>\n<link rel=\"canonical\" href=\"https:\/\/alvarelloseditora.gal\/es\/libro\/o-benshi-de-galicia-o-arrebato-cinematografico-de-rey-soto\/\" \/>\n<meta property=\"og:locale\" content=\"es_ES\" \/>\n<meta property=\"og:type\" content=\"article\" \/>\n<meta property=\"og:title\" content=\"O Benshi de Galicia. O arrebato cinematogr\u00e1fico de Rey Soto - Alvarellos Editora\" \/>\n<meta property=\"og:description\" content=\"O Benshi de Galicia. O arrebato cinematogr\u00e1fico de Rey Soto. C\u00f3mprao na tenda en li\u00f1a de Alvarellos Editora.\" \/>\n<meta property=\"og:url\" content=\"https:\/\/alvarelloseditora.gal\/es\/libro\/o-benshi-de-galicia-o-arrebato-cinematografico-de-rey-soto\/\" \/>\n<meta property=\"og:site_name\" content=\"Alvarellos Editora\" \/>\n<meta property=\"article:publisher\" content=\"https:\/\/www.facebook.com\/alvarelloseditora\" \/>\n<meta property=\"article:modified_time\" content=\"2023-07-14T10:58:11+00:00\" \/>\n<meta property=\"og:image\" content=\"https:\/\/alvarelloseditora.gal\/wp-content\/uploads\/2023\/07\/9788418567445O-benshi-de-Galicia-capa-alvarellos-ed-scaled.jpg\" \/>\n\t<meta property=\"og:image:width\" content=\"1438\" \/>\n\t<meta property=\"og:image:height\" content=\"2560\" \/>\n\t<meta property=\"og:image:type\" content=\"image\/jpeg\" \/>\n<meta name=\"twitter:card\" content=\"summary_large_image\" \/>\n<meta name=\"twitter:site\" content=\"@alvarellos_ed\" \/>\n<meta name=\"twitter:label1\" content=\"Tiempo de lectura\" \/>\n\t<meta name=\"twitter:data1\" content=\"1 minuto\" \/>\n<!-- \/ Yoast SEO plugin. -->","yoast_head_json":{"title":"O Benshi de Galicia. O arrebato cinematogr\u00e1fico de Rey Soto - Alvarellos Editora","description":"O Benshi de Galicia. O arrebato cinematogr\u00e1fico de Rey Soto. C\u00f3mprao na tenda en li\u00f1a de Alvarellos Editora.","robots":{"index":"index","follow":"follow","max-snippet":"max-snippet:-1","max-image-preview":"max-image-preview:large","max-video-preview":"max-video-preview:-1"},"canonical":"https:\/\/alvarelloseditora.gal\/es\/libro\/o-benshi-de-galicia-o-arrebato-cinematografico-de-rey-soto\/","og_locale":"es_ES","og_type":"article","og_title":"O Benshi de Galicia. O arrebato cinematogr\u00e1fico de Rey Soto - Alvarellos Editora","og_description":"O Benshi de Galicia. O arrebato cinematogr\u00e1fico de Rey Soto. C\u00f3mprao na tenda en li\u00f1a de Alvarellos Editora.","og_url":"https:\/\/alvarelloseditora.gal\/es\/libro\/o-benshi-de-galicia-o-arrebato-cinematografico-de-rey-soto\/","og_site_name":"Alvarellos Editora","article_publisher":"https:\/\/www.facebook.com\/alvarelloseditora","article_modified_time":"2023-07-14T10:58:11+00:00","og_image":[{"width":1438,"height":2560,"url":"https:\/\/alvarelloseditora.gal\/wp-content\/uploads\/2023\/07\/9788418567445O-benshi-de-Galicia-capa-alvarellos-ed-scaled.jpg","type":"image\/jpeg"}],"twitter_card":"summary_large_image","twitter_site":"@alvarellos_ed","twitter_misc":{"Tiempo de lectura":"1 minuto"},"schema":{"@context":"https:\/\/schema.org","@graph":[{"@type":["WebPage","ItemPage"],"@id":"https:\/\/alvarelloseditora.gal\/es\/libro\/o-benshi-de-galicia-o-arrebato-cinematografico-de-rey-soto\/","url":"https:\/\/alvarelloseditora.gal\/es\/libro\/o-benshi-de-galicia-o-arrebato-cinematografico-de-rey-soto\/","name":"O Benshi de Galicia. O arrebato cinematogr\u00e1fico de Rey Soto - Alvarellos Editora","isPartOf":{"@id":"https:\/\/alvarelloseditora.gal\/#website"},"primaryImageOfPage":{"@id":"https:\/\/alvarelloseditora.gal\/es\/libro\/o-benshi-de-galicia-o-arrebato-cinematografico-de-rey-soto\/#primaryimage"},"image":{"@id":"https:\/\/alvarelloseditora.gal\/es\/libro\/o-benshi-de-galicia-o-arrebato-cinematografico-de-rey-soto\/#primaryimage"},"thumbnailUrl":"https:\/\/alvarelloseditora.gal\/wp-content\/uploads\/2023\/07\/9788418567445O-benshi-de-Galicia-capa-alvarellos-ed-scaled.jpg","datePublished":"2023-07-13T10:01:14+00:00","dateModified":"2023-07-14T10:58:11+00:00","description":"O Benshi de Galicia. O arrebato cinematogr\u00e1fico de Rey Soto. C\u00f3mprao na tenda en li\u00f1a de Alvarellos Editora.","breadcrumb":{"@id":"https:\/\/alvarelloseditora.gal\/es\/libro\/o-benshi-de-galicia-o-arrebato-cinematografico-de-rey-soto\/#breadcrumb"},"inLanguage":"es","potentialAction":[{"@type":"ReadAction","target":["https:\/\/alvarelloseditora.gal\/es\/libro\/o-benshi-de-galicia-o-arrebato-cinematografico-de-rey-soto\/"]}]},{"@type":"ImageObject","inLanguage":"es","@id":"https:\/\/alvarelloseditora.gal\/es\/libro\/o-benshi-de-galicia-o-arrebato-cinematografico-de-rey-soto\/#primaryimage","url":"https:\/\/alvarelloseditora.gal\/wp-content\/uploads\/2023\/07\/9788418567445O-benshi-de-Galicia-capa-alvarellos-ed-scaled.jpg","contentUrl":"https:\/\/alvarelloseditora.gal\/wp-content\/uploads\/2023\/07\/9788418567445O-benshi-de-Galicia-capa-alvarellos-ed-scaled.jpg","width":1438,"height":2560},{"@type":"BreadcrumbList","@id":"https:\/\/alvarelloseditora.gal\/es\/libro\/o-benshi-de-galicia-o-arrebato-cinematografico-de-rey-soto\/#breadcrumb","itemListElement":[{"@type":"ListItem","position":1,"name":"Portada","item":"https:\/\/alvarelloseditora.gal\/"},{"@type":"ListItem","position":2,"name":"Tienda","item":"https:\/\/alvarelloseditora.gal\/es\/tienda\/"},{"@type":"ListItem","position":3,"name":"O Benshi de Galicia. O arrebato cinematogr\u00e1fico de Rey Soto"}]},{"@type":"WebSite","@id":"https:\/\/alvarelloseditora.gal\/#website","url":"https:\/\/alvarelloseditora.gal\/","name":"Alvarellos Editora","description":"Libros para un mundo en tr\u00e1nsito","publisher":{"@id":"https:\/\/alvarelloseditora.gal\/#organization"},"potentialAction":[{"@type":"SearchAction","target":{"@type":"EntryPoint","urlTemplate":"https:\/\/alvarelloseditora.gal\/?s={search_term_string}"},"query-input":{"@type":"PropertyValueSpecification","valueRequired":true,"valueName":"search_term_string"}}],"inLanguage":"es"},{"@type":"Organization","@id":"https:\/\/alvarelloseditora.gal\/#organization","name":"Alvarellos Editora","url":"https:\/\/alvarelloseditora.gal\/","logo":{"@type":"ImageObject","inLanguage":"es","@id":"https:\/\/alvarelloseditora.gal\/#\/schema\/logo\/image\/","url":"https:\/\/alvarelloseditora.gal\/wp-content\/uploads\/2020\/02\/alv-icon.png","contentUrl":"https:\/\/alvarelloseditora.gal\/wp-content\/uploads\/2020\/02\/alv-icon.png","width":177,"height":175,"caption":"Alvarellos Editora"},"image":{"@id":"https:\/\/alvarelloseditora.gal\/#\/schema\/logo\/image\/"},"sameAs":["https:\/\/www.facebook.com\/alvarelloseditora","https:\/\/x.com\/alvarellos_ed"]}]}},"_links":{"self":[{"href":"https:\/\/alvarelloseditora.gal\/es\/wp-json\/wp\/v2\/product\/8466","targetHints":{"allow":["GET"]}}],"collection":[{"href":"https:\/\/alvarelloseditora.gal\/es\/wp-json\/wp\/v2\/product"}],"about":[{"href":"https:\/\/alvarelloseditora.gal\/es\/wp-json\/wp\/v2\/types\/product"}],"replies":[{"embeddable":true,"href":"https:\/\/alvarelloseditora.gal\/es\/wp-json\/wp\/v2\/comments?post=8466"}],"wp:featuredmedia":[{"embeddable":true,"href":"https:\/\/alvarelloseditora.gal\/es\/wp-json\/wp\/v2\/media\/8459"}],"wp:attachment":[{"href":"https:\/\/alvarelloseditora.gal\/es\/wp-json\/wp\/v2\/media?parent=8466"}],"wp:term":[{"taxonomy":"product_brand","embeddable":true,"href":"https:\/\/alvarelloseditora.gal\/es\/wp-json\/wp\/v2\/product_brand?post=8466"},{"taxonomy":"product_cat","embeddable":true,"href":"https:\/\/alvarelloseditora.gal\/es\/wp-json\/wp\/v2\/product_cat?post=8466"},{"taxonomy":"product_tag","embeddable":true,"href":"https:\/\/alvarelloseditora.gal\/es\/wp-json\/wp\/v2\/product_tag?post=8466"}],"curies":[{"name":"wp","href":"https:\/\/api.w.org\/{rel}","templated":true}]}}