{"id":8422,"date":"2023-05-23T18:48:36","date_gmt":"2023-05-23T16:48:36","guid":{"rendered":"https:\/\/alvarelloseditora.gal\/book\/murguia-o-patriarca-a-biografia-inedita-de-1953\/"},"modified":"2023-05-23T18:52:49","modified_gmt":"2023-05-23T16:52:49","slug":"murguia-o-patriarca-a-biografia-inedita-de-1953","status":"publish","type":"product","link":"https:\/\/alvarelloseditora.gal\/es\/libro\/murguia-o-patriarca-a-biografia-inedita-de-1953\/","title":{"rendered":"Murgu\u00eda, o Patriarca. A biograf\u00eda in\u00e9dita de 1953"},"content":{"rendered":"","protected":false},"excerpt":{"rendered":"<p>Lois Carr\u00e9 Alvarellos<br \/>\n&nbsp;<\/p>\n<p>552 pp . 13 x 20 cms.<br \/>\nISBN 978-84-18567-42-1<br \/>\nCapa dura<br \/>\nPapel FSC Amigo de los Bosques<\/p>\n<p>&nbsp;<\/p>\n<p>NP_C_publicaci\u00f3n-MURGUIA-O-PATRIARCA-Lois-carr\u00e9-2023-06-02<\/p>\n<p>&nbsp;<\/p>\n<p>A LA VENTA A PARTIR DE JUNIO DE 2023<\/p>\n<p>&nbsp;<\/p>\n<p>Setenta a\u00f1os despu\u00e9s de su redacci\u00f3n, publicamos esta meticulosa biograf\u00eda de Manuel Murgu\u00eda, Murgu\u00eda, o Patriarca, escrita por Lois Carr\u00e9 Alvarellos (A Coru\u00f1a, 1898-1965) y conservada in\u00e9dita hasta hoy en un mecanoscrito de 370 p\u00e1ginas. Abarca desde el nacimiento del historiador en 1833 hasta el a\u00f1o 1882, poco antes del fallecimiento de su esposa y colega, Rosal\u00eda de Castro.<\/p>\n<p>&nbsp;<\/p>\n<p>A pesar de que no pudo finalizar su trabajo, la edici\u00f3n de este volumen contribuir\u00e1 de manera decisiva a la reconsideraci\u00f3n de la figura de Murgu\u00eda, a qui\u00e9n por cierto Lois Carr\u00e9 conoci\u00f3 y trat\u00f3 personalmente en su infancia y adolescencia.<\/p>\n<p>&nbsp;<\/p>\n<p>Las profesoras Olivia Rodr\u00edguez Gonz\u00e1lez y Esther Garc\u00eda de Lucas destacan en el estudio introductorio (donde se incorporan numerosas fotograf\u00edas desconocidas del autor) la minuciosa bibliograf\u00eda manejada por Lois Carr\u00e9, en un texto que combina desde ciertas dosis de novela hist\u00f3rica hasta extensos apartados \u00abcon ra\u00edces en el Positivismo cient\u00edfico\u00bb donde todo deb\u00eda ser documentado.<\/p>\n<p>&nbsp;<\/p>\n<p>\u00abLois Carr\u00e9 presenta la vida de Murgu\u00eda como ejemplar, dentro del contexto del pasado colectivo vivido desde la ideolog\u00eda nacionalista\u00bb, se\u00f1alan las profesoras.<\/p>\n<p>&nbsp;<\/p>\n<p>La publicaci\u00f3n de este nuevo volumen de la Colecci\u00f3n Rescate coincide con la conmemoraci\u00f3n del centenario de la muerte de qui\u00e9n fue y es considerado el Patriarca de las Letras Gallegas.<\/p>\n","protected":false},"featured_media":8421,"comment_status":"closed","ping_status":"closed","template":"","meta":[],"product_brand":[],"product_cat":[111],"product_tag":[],"class_list":{"0":"post-8422","1":"product","2":"type-product","3":"status-publish","4":"has-post-thumbnail","6":"product_cat-coleccion-rescate-es","8":"first","9":"instock","10":"taxable","11":"shipping-taxable","12":"purchasable","13":"product-type-simple"},"yoast_head":"<!-- This site is optimized with the Yoast SEO plugin v27.3 - https:\/\/yoast.com\/product\/yoast-seo-wordpress\/ -->\n<title>Murgu\u00eda, o Patriarca. A biograf\u00eda in\u00e9dita de 1953 - Alvarellos Editora<\/title>\n<meta name=\"description\" content=\"Murgu\u00eda, o Patriarca. A biograf\u00eda in\u00e9dita de 1953. C\u00f3mprao na tenda en li\u00f1a de Alvarellos Editora.\" \/>\n<meta name=\"robots\" content=\"index, follow, max-snippet:-1, max-image-preview:large, max-video-preview:-1\" \/>\n<link rel=\"canonical\" href=\"https:\/\/alvarelloseditora.gal\/es\/libro\/murguia-o-patriarca-a-biografia-inedita-de-1953\/\" \/>\n<meta property=\"og:locale\" content=\"es_ES\" \/>\n<meta property=\"og:type\" content=\"article\" \/>\n<meta property=\"og:title\" content=\"Murgu\u00eda, o Patriarca. A biograf\u00eda in\u00e9dita de 1953 - Alvarellos Editora\" \/>\n<meta property=\"og:description\" content=\"Murgu\u00eda, o Patriarca. A biograf\u00eda in\u00e9dita de 1953. C\u00f3mprao na tenda en li\u00f1a de Alvarellos Editora.\" \/>\n<meta property=\"og:url\" content=\"https:\/\/alvarelloseditora.gal\/es\/libro\/murguia-o-patriarca-a-biografia-inedita-de-1953\/\" \/>\n<meta property=\"og:site_name\" content=\"Alvarellos Editora\" \/>\n<meta property=\"article:publisher\" content=\"https:\/\/www.facebook.com\/alvarelloseditora\" \/>\n<meta property=\"article:modified_time\" content=\"2023-05-23T16:52:49+00:00\" \/>\n<meta property=\"og:image\" content=\"https:\/\/alvarelloseditora.gal\/wp-content\/uploads\/2023\/05\/Murguia-o-patriarca.jpg\" \/>\n\t<meta property=\"og:image:width\" content=\"1620\" \/>\n\t<meta property=\"og:image:height\" content=\"2438\" \/>\n\t<meta property=\"og:image:type\" content=\"image\/jpeg\" \/>\n<meta name=\"twitter:card\" content=\"summary_large_image\" \/>\n<meta name=\"twitter:site\" content=\"@alvarellos_ed\" \/>\n<!-- \/ Yoast SEO plugin. -->","yoast_head_json":{"title":"Murgu\u00eda, o Patriarca. A biograf\u00eda in\u00e9dita de 1953 - Alvarellos Editora","description":"Murgu\u00eda, o Patriarca. A biograf\u00eda in\u00e9dita de 1953. C\u00f3mprao na tenda en li\u00f1a de Alvarellos Editora.","robots":{"index":"index","follow":"follow","max-snippet":"max-snippet:-1","max-image-preview":"max-image-preview:large","max-video-preview":"max-video-preview:-1"},"canonical":"https:\/\/alvarelloseditora.gal\/es\/libro\/murguia-o-patriarca-a-biografia-inedita-de-1953\/","og_locale":"es_ES","og_type":"article","og_title":"Murgu\u00eda, o Patriarca. A biograf\u00eda in\u00e9dita de 1953 - Alvarellos Editora","og_description":"Murgu\u00eda, o Patriarca. A biograf\u00eda in\u00e9dita de 1953. C\u00f3mprao na tenda en li\u00f1a de Alvarellos Editora.","og_url":"https:\/\/alvarelloseditora.gal\/es\/libro\/murguia-o-patriarca-a-biografia-inedita-de-1953\/","og_site_name":"Alvarellos Editora","article_publisher":"https:\/\/www.facebook.com\/alvarelloseditora","article_modified_time":"2023-05-23T16:52:49+00:00","og_image":[{"width":1620,"height":2438,"url":"https:\/\/alvarelloseditora.gal\/wp-content\/uploads\/2023\/05\/Murguia-o-patriarca.jpg","type":"image\/jpeg"}],"twitter_card":"summary_large_image","twitter_site":"@alvarellos_ed","schema":{"@context":"https:\/\/schema.org","@graph":[{"@type":["WebPage","ItemPage"],"@id":"https:\/\/alvarelloseditora.gal\/es\/libro\/murguia-o-patriarca-a-biografia-inedita-de-1953\/","url":"https:\/\/alvarelloseditora.gal\/es\/libro\/murguia-o-patriarca-a-biografia-inedita-de-1953\/","name":"Murgu\u00eda, o Patriarca. A biograf\u00eda in\u00e9dita de 1953 - Alvarellos Editora","isPartOf":{"@id":"https:\/\/alvarelloseditora.gal\/#website"},"primaryImageOfPage":{"@id":"https:\/\/alvarelloseditora.gal\/es\/libro\/murguia-o-patriarca-a-biografia-inedita-de-1953\/#primaryimage"},"image":{"@id":"https:\/\/alvarelloseditora.gal\/es\/libro\/murguia-o-patriarca-a-biografia-inedita-de-1953\/#primaryimage"},"thumbnailUrl":"https:\/\/alvarelloseditora.gal\/wp-content\/uploads\/2023\/05\/Murguia-o-patriarca.jpg","datePublished":"2023-05-23T16:48:36+00:00","dateModified":"2023-05-23T16:52:49+00:00","description":"Murgu\u00eda, o Patriarca. A biograf\u00eda in\u00e9dita de 1953. C\u00f3mprao na tenda en li\u00f1a de Alvarellos Editora.","breadcrumb":{"@id":"https:\/\/alvarelloseditora.gal\/es\/libro\/murguia-o-patriarca-a-biografia-inedita-de-1953\/#breadcrumb"},"inLanguage":"es","potentialAction":[{"@type":"ReadAction","target":["https:\/\/alvarelloseditora.gal\/es\/libro\/murguia-o-patriarca-a-biografia-inedita-de-1953\/"]}]},{"@type":"ImageObject","inLanguage":"es","@id":"https:\/\/alvarelloseditora.gal\/es\/libro\/murguia-o-patriarca-a-biografia-inedita-de-1953\/#primaryimage","url":"https:\/\/alvarelloseditora.gal\/wp-content\/uploads\/2023\/05\/Murguia-o-patriarca.jpg","contentUrl":"https:\/\/alvarelloseditora.gal\/wp-content\/uploads\/2023\/05\/Murguia-o-patriarca.jpg","width":1620,"height":2438},{"@type":"BreadcrumbList","@id":"https:\/\/alvarelloseditora.gal\/es\/libro\/murguia-o-patriarca-a-biografia-inedita-de-1953\/#breadcrumb","itemListElement":[{"@type":"ListItem","position":1,"name":"Portada","item":"https:\/\/alvarelloseditora.gal\/"},{"@type":"ListItem","position":2,"name":"Tienda","item":"https:\/\/alvarelloseditora.gal\/es\/tienda\/"},{"@type":"ListItem","position":3,"name":"Murgu\u00eda, o Patriarca. A biograf\u00eda in\u00e9dita de 1953"}]},{"@type":"WebSite","@id":"https:\/\/alvarelloseditora.gal\/#website","url":"https:\/\/alvarelloseditora.gal\/","name":"Alvarellos Editora","description":"Libros para un mundo en tr\u00e1nsito","publisher":{"@id":"https:\/\/alvarelloseditora.gal\/#organization"},"potentialAction":[{"@type":"SearchAction","target":{"@type":"EntryPoint","urlTemplate":"https:\/\/alvarelloseditora.gal\/?s={search_term_string}"},"query-input":{"@type":"PropertyValueSpecification","valueRequired":true,"valueName":"search_term_string"}}],"inLanguage":"es"},{"@type":"Organization","@id":"https:\/\/alvarelloseditora.gal\/#organization","name":"Alvarellos Editora","url":"https:\/\/alvarelloseditora.gal\/","logo":{"@type":"ImageObject","inLanguage":"es","@id":"https:\/\/alvarelloseditora.gal\/#\/schema\/logo\/image\/","url":"https:\/\/alvarelloseditora.gal\/wp-content\/uploads\/2020\/02\/alv-icon.png","contentUrl":"https:\/\/alvarelloseditora.gal\/wp-content\/uploads\/2020\/02\/alv-icon.png","width":177,"height":175,"caption":"Alvarellos Editora"},"image":{"@id":"https:\/\/alvarelloseditora.gal\/#\/schema\/logo\/image\/"},"sameAs":["https:\/\/www.facebook.com\/alvarelloseditora","https:\/\/x.com\/alvarellos_ed"]}]}},"_links":{"self":[{"href":"https:\/\/alvarelloseditora.gal\/es\/wp-json\/wp\/v2\/product\/8422","targetHints":{"allow":["GET"]}}],"collection":[{"href":"https:\/\/alvarelloseditora.gal\/es\/wp-json\/wp\/v2\/product"}],"about":[{"href":"https:\/\/alvarelloseditora.gal\/es\/wp-json\/wp\/v2\/types\/product"}],"replies":[{"embeddable":true,"href":"https:\/\/alvarelloseditora.gal\/es\/wp-json\/wp\/v2\/comments?post=8422"}],"wp:featuredmedia":[{"embeddable":true,"href":"https:\/\/alvarelloseditora.gal\/es\/wp-json\/wp\/v2\/media\/8421"}],"wp:attachment":[{"href":"https:\/\/alvarelloseditora.gal\/es\/wp-json\/wp\/v2\/media?parent=8422"}],"wp:term":[{"taxonomy":"product_brand","embeddable":true,"href":"https:\/\/alvarelloseditora.gal\/es\/wp-json\/wp\/v2\/product_brand?post=8422"},{"taxonomy":"product_cat","embeddable":true,"href":"https:\/\/alvarelloseditora.gal\/es\/wp-json\/wp\/v2\/product_cat?post=8422"},{"taxonomy":"product_tag","embeddable":true,"href":"https:\/\/alvarelloseditora.gal\/es\/wp-json\/wp\/v2\/product_tag?post=8422"}],"curies":[{"name":"wp","href":"https:\/\/api.w.org\/{rel}","templated":true}]}}