{"id":8380,"date":"2023-04-24T13:29:16","date_gmt":"2023-04-24T11:29:16","guid":{"rendered":"https:\/\/alvarelloseditora.gal\/book\/abajo-las-armas-donde-esta-el-pacifismo-31-miradas-incomodas\/"},"modified":"2023-05-22T18:14:17","modified_gmt":"2023-05-22T16:14:17","slug":"abajo-las-armas-donde-esta-el-pacifismo-31-miradas-incomodas","status":"publish","type":"product","link":"https:\/\/alvarelloseditora.gal\/es\/libro\/abajo-las-armas-donde-esta-el-pacifismo-31-miradas-incomodas\/","title":{"rendered":"\u00a1Abajo las armas! \u00bfD\u00f3nde est\u00e1 el pacifismo? 32 miradas inc\u00f3modas"},"content":{"rendered":"","protected":false},"excerpt":{"rendered":"<p>Pr\u00f3logo: Federico Mayor Zaragoza<br \/>\nCoordina: Manuel Dios Diz<br \/>\nEscriben 32 de las m\u00e1s solventes voces internacionales<br \/>\n&nbsp;<\/p>\n<p>236 p\u00e1ginas<br \/>\n13 x 23 cms<br \/>\nISBN 978-84-18567-40-7<br \/>\nImpreso en Papel Amigo dos Bosques<\/p>\n<p>&nbsp;<\/p>\n<p>Este ensayo re\u00fane a 32 de las m\u00e1s solventes voces internacionales, expertas en an\u00e1lisis y resoluci\u00f3n de conflictos. Ante la respuesta dada por Occidente a la guerra de Ucrania, se preguntan, un a\u00f1o despu\u00e9s del inicio del conflicto, d\u00f3nde habita el pacifismo. Entre las personas coautoras figuran David Adams, Ingeborg Breines, Adolfo P\u00e9rez Esquivel, Carmen Magall\u00f3n o Boaventura de Sousa Santos.<\/p>\n<p>&nbsp;<\/p>\n<p>NOTA DE PRENSA<br \/>\nNP_ESP_(1)_Abajo_las_armas_alvarellos_ed_2023<\/p>\n<p>&nbsp;<\/p>\n<p>\u00a1Abajo las armas! \u00bfD\u00f3nde est\u00e1 el pacifismo? es el t\u00edtulo de una obra colectiva de profunda reflexi\u00f3n en estos momentos de urgencia al superarse un a\u00f1o desde la invasi\u00f3n de Putin a Ucrania.<\/p>\n<p>&nbsp;<\/p>\n<p>Federico Mayor Zaragoza, exdirector general de la UNESCO, afirma en el pr\u00f3logo:<\/p>\n<p>&nbsp;<\/p>\n<p>\u00abQue las generaciones que llegan a un paso de nosotros no nos acusen de silencio cuando tan acuciante era nuestra voz. En pie de paz, infatigables en la resistencia, a favor de la democracia aut\u00e9ntica. Que nunca puedan decirnos: \u201cEsper\u00e1bamos vuestra voz&#8230; y no lleg\u00f3\u201d. Delito de silencio\u00bb.<\/p>\n<p>&nbsp;<\/p>\n<p>Bajo la coordinaci\u00f3n del educador e hist\u00f3rico activista gallego por la Paz Manuel Dios Diz, este volumen re\u00fane a 32 de las m\u00e1s prestigiosas voces internacionales, expertas en an\u00e1lisis y resoluci\u00f3n de conflictos, que cuestionan la respuesta dada por Occidente a la guerra de Ucrania. Entre ellas figuran David Adams, Ingeborg Breines, Adolfo P\u00e9rez Esquivel, Ana Barrero, Carmen Magall\u00f3n, Boaventura de Sousa Santos, Tica Font o Pere Ortega.<\/p>\n<p>&nbsp;<\/p>\n<p>\u00abSon 32 prestigiosas miradas, todas ellas m\u00e1s o menos inc\u00f3modas, en tiempos en los que manifestar p\u00fablicamente discrepancia, optar por la paz y el entendimiento, por el di\u00e1logo y la soluci\u00f3n pac\u00edfica de los conflictos, no est\u00e1 bien visto, no est\u00e1 de moda o, lo que es mucho peor, significa convivir con el sambenito a la espalda de \u201cbuenista\u201d, \u201cc\u00f3mplice\u201d o incluso de \u201ctraidor\u201d\u00bb, afirma Manuel Dios.<\/p>\n<p>&nbsp;<\/p>\n<p>LAS 32 MIRADAS INC\u00d3MODAS<\/p>\n<p>&nbsp;<\/p>\n<p>David Adams<br \/>\nJordi Armadans<br \/>\nManoel Barbeitos<br \/>\nAna Barrero T\u00edscar<br \/>\nJos\u00e9 A. Binaburo Iturbide<br \/>\nIngeborg Breines<br \/>\nIrene Comins Mingol<br \/>\nManuel Dios Diz<br \/>\nJonan Fern\u00e1ndez Erdozia<br \/>\nLourenzo Fern\u00e1ndez Prieto<br \/>\nTica Font<br \/>\nEmilio Grand\u00edo<br \/>\nRafael Grasa<br \/>\nXo\u00e1n Hermida Gonz\u00e1lez<br \/>\nGarry Jacobs<br \/>\nJo\u00e1m L\u00f3pes Facal<br \/>\nCarmen Magall\u00f3n<br \/>\nKaren Mar\u00f3n<br \/>\nManuela Mesa<br \/>\nMar\u00eda Novo Villaverde<br \/>\nMar\u00eda Oianguren<br \/>\nPere Ortega<br \/>\nNegoslav P. Ostoji\u0107<br \/>\nAdolfo P\u00e9rez Esquivel<br \/>\nVictorino P\u00e9rez Prieto<br \/>\nMontserrat Ponsa Tarr\u00e9s<br \/>\nAnaisabel Prera<br \/>\nJos\u00e9 Manuel Pureza<br \/>\nGervasio S\u00e1nchez<br \/>\nYashmina Shawki<br \/>\nGuillermo Solarte Lindo<br \/>\nBoaventura de Sousa Santos<\/p>\n<p>&nbsp;<\/p>\n<p>&nbsp;<\/p>\n<p>&nbsp;<\/p>\n","protected":false},"featured_media":8401,"comment_status":"closed","ping_status":"closed","template":"","meta":[],"product_brand":[],"product_cat":[105],"product_tag":[],"class_list":{"0":"post-8380","1":"product","2":"type-product","3":"status-publish","4":"has-post-thumbnail","6":"product_cat-oeste-es","8":"first","9":"instock","10":"taxable","11":"shipping-taxable","12":"purchasable","13":"product-type-simple"},"yoast_head":"<!-- This site is optimized with the Yoast SEO plugin v27.4 - https:\/\/yoast.com\/product\/yoast-seo-wordpress\/ -->\n<title>\u00a1Abajo las armas! \u00bfD\u00f3nde est\u00e1 el pacifismo? 32 miradas inc\u00f3modas - Alvarellos Editora<\/title>\n<meta name=\"description\" content=\"\u00a1Abajo las armas! \u00bfD\u00f3nde est\u00e1 el pacifismo? 32 miradas inc\u00f3modas. C\u00f3mprao na tenda en li\u00f1a de Alvarellos Editora.\" \/>\n<meta name=\"robots\" content=\"index, follow, max-snippet:-1, max-image-preview:large, max-video-preview:-1\" \/>\n<link rel=\"canonical\" href=\"https:\/\/alvarelloseditora.gal\/es\/libro\/abajo-las-armas-donde-esta-el-pacifismo-31-miradas-incomodas\/\" \/>\n<meta property=\"og:locale\" content=\"es_ES\" \/>\n<meta property=\"og:type\" content=\"article\" \/>\n<meta property=\"og:title\" content=\"\u00a1Abajo las armas! \u00bfD\u00f3nde est\u00e1 el pacifismo? 32 miradas inc\u00f3modas - Alvarellos Editora\" \/>\n<meta property=\"og:description\" content=\"\u00a1Abajo las armas! \u00bfD\u00f3nde est\u00e1 el pacifismo? 32 miradas inc\u00f3modas. C\u00f3mprao na tenda en li\u00f1a de Alvarellos Editora.\" \/>\n<meta property=\"og:url\" content=\"https:\/\/alvarelloseditora.gal\/es\/libro\/abajo-las-armas-donde-esta-el-pacifismo-31-miradas-incomodas\/\" \/>\n<meta property=\"og:site_name\" content=\"Alvarellos Editora\" \/>\n<meta property=\"article:publisher\" content=\"https:\/\/www.facebook.com\/alvarelloseditora\" \/>\n<meta property=\"article:modified_time\" content=\"2023-05-22T16:14:17+00:00\" \/>\n<meta property=\"og:image\" content=\"https:\/\/alvarelloseditora.gal\/wp-content\/uploads\/2023\/04\/Capa-7-ABAJO-LAS-ARMAS_Pagina_1-scaled.jpg\" \/>\n\t<meta property=\"og:image:width\" content=\"1456\" \/>\n\t<meta property=\"og:image:height\" content=\"2560\" \/>\n\t<meta property=\"og:image:type\" content=\"image\/jpeg\" \/>\n<meta name=\"twitter:card\" content=\"summary_large_image\" \/>\n<meta name=\"twitter:site\" content=\"@alvarellos_ed\" \/>\n<!-- \/ Yoast SEO plugin. -->","yoast_head_json":{"title":"\u00a1Abajo las armas! \u00bfD\u00f3nde est\u00e1 el pacifismo? 32 miradas inc\u00f3modas - Alvarellos Editora","description":"\u00a1Abajo las armas! \u00bfD\u00f3nde est\u00e1 el pacifismo? 32 miradas inc\u00f3modas. C\u00f3mprao na tenda en li\u00f1a de Alvarellos Editora.","robots":{"index":"index","follow":"follow","max-snippet":"max-snippet:-1","max-image-preview":"max-image-preview:large","max-video-preview":"max-video-preview:-1"},"canonical":"https:\/\/alvarelloseditora.gal\/es\/libro\/abajo-las-armas-donde-esta-el-pacifismo-31-miradas-incomodas\/","og_locale":"es_ES","og_type":"article","og_title":"\u00a1Abajo las armas! \u00bfD\u00f3nde est\u00e1 el pacifismo? 32 miradas inc\u00f3modas - Alvarellos Editora","og_description":"\u00a1Abajo las armas! \u00bfD\u00f3nde est\u00e1 el pacifismo? 32 miradas inc\u00f3modas. C\u00f3mprao na tenda en li\u00f1a de Alvarellos Editora.","og_url":"https:\/\/alvarelloseditora.gal\/es\/libro\/abajo-las-armas-donde-esta-el-pacifismo-31-miradas-incomodas\/","og_site_name":"Alvarellos Editora","article_publisher":"https:\/\/www.facebook.com\/alvarelloseditora","article_modified_time":"2023-05-22T16:14:17+00:00","og_image":[{"width":1456,"height":2560,"url":"https:\/\/alvarelloseditora.gal\/wp-content\/uploads\/2023\/04\/Capa-7-ABAJO-LAS-ARMAS_Pagina_1-scaled.jpg","type":"image\/jpeg"}],"twitter_card":"summary_large_image","twitter_site":"@alvarellos_ed","schema":{"@context":"https:\/\/schema.org","@graph":[{"@type":["WebPage","ItemPage"],"@id":"https:\/\/alvarelloseditora.gal\/es\/libro\/abajo-las-armas-donde-esta-el-pacifismo-31-miradas-incomodas\/","url":"https:\/\/alvarelloseditora.gal\/es\/libro\/abajo-las-armas-donde-esta-el-pacifismo-31-miradas-incomodas\/","name":"\u00a1Abajo las armas! \u00bfD\u00f3nde est\u00e1 el pacifismo? 32 miradas inc\u00f3modas - Alvarellos Editora","isPartOf":{"@id":"https:\/\/alvarelloseditora.gal\/#website"},"primaryImageOfPage":{"@id":"https:\/\/alvarelloseditora.gal\/es\/libro\/abajo-las-armas-donde-esta-el-pacifismo-31-miradas-incomodas\/#primaryimage"},"image":{"@id":"https:\/\/alvarelloseditora.gal\/es\/libro\/abajo-las-armas-donde-esta-el-pacifismo-31-miradas-incomodas\/#primaryimage"},"thumbnailUrl":"https:\/\/alvarelloseditora.gal\/wp-content\/uploads\/2023\/04\/Capa-7-ABAJO-LAS-ARMAS_Pagina_1-scaled.jpg","datePublished":"2023-04-24T11:29:16+00:00","dateModified":"2023-05-22T16:14:17+00:00","description":"\u00a1Abajo las armas! \u00bfD\u00f3nde est\u00e1 el pacifismo? 32 miradas inc\u00f3modas. C\u00f3mprao na tenda en li\u00f1a de Alvarellos Editora.","breadcrumb":{"@id":"https:\/\/alvarelloseditora.gal\/es\/libro\/abajo-las-armas-donde-esta-el-pacifismo-31-miradas-incomodas\/#breadcrumb"},"inLanguage":"es","potentialAction":[{"@type":"ReadAction","target":["https:\/\/alvarelloseditora.gal\/es\/libro\/abajo-las-armas-donde-esta-el-pacifismo-31-miradas-incomodas\/"]}]},{"@type":"ImageObject","inLanguage":"es","@id":"https:\/\/alvarelloseditora.gal\/es\/libro\/abajo-las-armas-donde-esta-el-pacifismo-31-miradas-incomodas\/#primaryimage","url":"https:\/\/alvarelloseditora.gal\/wp-content\/uploads\/2023\/04\/Capa-7-ABAJO-LAS-ARMAS_Pagina_1-scaled.jpg","contentUrl":"https:\/\/alvarelloseditora.gal\/wp-content\/uploads\/2023\/04\/Capa-7-ABAJO-LAS-ARMAS_Pagina_1-scaled.jpg","width":1456,"height":2560},{"@type":"BreadcrumbList","@id":"https:\/\/alvarelloseditora.gal\/es\/libro\/abajo-las-armas-donde-esta-el-pacifismo-31-miradas-incomodas\/#breadcrumb","itemListElement":[{"@type":"ListItem","position":1,"name":"Portada","item":"https:\/\/alvarelloseditora.gal\/"},{"@type":"ListItem","position":2,"name":"Tienda","item":"https:\/\/alvarelloseditora.gal\/es\/tienda\/"},{"@type":"ListItem","position":3,"name":"\u00a1Abajo las armas! \u00bfD\u00f3nde est\u00e1 el pacifismo? 32 miradas inc\u00f3modas"}]},{"@type":"WebSite","@id":"https:\/\/alvarelloseditora.gal\/#website","url":"https:\/\/alvarelloseditora.gal\/","name":"Alvarellos Editora","description":"Libros para un mundo en tr\u00e1nsito","publisher":{"@id":"https:\/\/alvarelloseditora.gal\/#organization"},"potentialAction":[{"@type":"SearchAction","target":{"@type":"EntryPoint","urlTemplate":"https:\/\/alvarelloseditora.gal\/?s={search_term_string}"},"query-input":{"@type":"PropertyValueSpecification","valueRequired":true,"valueName":"search_term_string"}}],"inLanguage":"es"},{"@type":"Organization","@id":"https:\/\/alvarelloseditora.gal\/#organization","name":"Alvarellos Editora","url":"https:\/\/alvarelloseditora.gal\/","logo":{"@type":"ImageObject","inLanguage":"es","@id":"https:\/\/alvarelloseditora.gal\/#\/schema\/logo\/image\/","url":"https:\/\/alvarelloseditora.gal\/wp-content\/uploads\/2020\/02\/alv-icon.png","contentUrl":"https:\/\/alvarelloseditora.gal\/wp-content\/uploads\/2020\/02\/alv-icon.png","width":177,"height":175,"caption":"Alvarellos Editora"},"image":{"@id":"https:\/\/alvarelloseditora.gal\/#\/schema\/logo\/image\/"},"sameAs":["https:\/\/www.facebook.com\/alvarelloseditora","https:\/\/x.com\/alvarellos_ed"]}]}},"_links":{"self":[{"href":"https:\/\/alvarelloseditora.gal\/es\/wp-json\/wp\/v2\/product\/8380","targetHints":{"allow":["GET"]}}],"collection":[{"href":"https:\/\/alvarelloseditora.gal\/es\/wp-json\/wp\/v2\/product"}],"about":[{"href":"https:\/\/alvarelloseditora.gal\/es\/wp-json\/wp\/v2\/types\/product"}],"replies":[{"embeddable":true,"href":"https:\/\/alvarelloseditora.gal\/es\/wp-json\/wp\/v2\/comments?post=8380"}],"wp:featuredmedia":[{"embeddable":true,"href":"https:\/\/alvarelloseditora.gal\/es\/wp-json\/wp\/v2\/media\/8401"}],"wp:attachment":[{"href":"https:\/\/alvarelloseditora.gal\/es\/wp-json\/wp\/v2\/media?parent=8380"}],"wp:term":[{"taxonomy":"product_brand","embeddable":true,"href":"https:\/\/alvarelloseditora.gal\/es\/wp-json\/wp\/v2\/product_brand?post=8380"},{"taxonomy":"product_cat","embeddable":true,"href":"https:\/\/alvarelloseditora.gal\/es\/wp-json\/wp\/v2\/product_cat?post=8380"},{"taxonomy":"product_tag","embeddable":true,"href":"https:\/\/alvarelloseditora.gal\/es\/wp-json\/wp\/v2\/product_tag?post=8380"}],"curies":[{"name":"wp","href":"https:\/\/api.w.org\/{rel}","templated":true}]}}