{"id":8339,"date":"2023-04-18T13:19:59","date_gmt":"2023-04-18T11:19:59","guid":{"rendered":"https:\/\/alvarelloseditora.gal\/book\/de-compostela-ao-exilio-interior-francisco-fernandez-del-riego\/"},"modified":"2023-04-19T09:55:22","modified_gmt":"2023-04-19T07:55:22","slug":"de-compostela-ao-exilio-interior-francisco-fernandez-del-riego","status":"publish","type":"product","link":"https:\/\/alvarelloseditora.gal\/es\/libro\/de-compostela-ao-exilio-interior-francisco-fernandez-del-riego\/","title":{"rendered":"De Compostela ao exilio interior: Francisco Fern\u00e1ndez del Riego"},"content":{"rendered":"<div data-url=\"https:\/\/issuu.com\/alvarelloseditora\/docs\/mostra-de-compostela-ao-exilio-interior-paco-del-r\" style=\"width: 1170px; height: 561px;\" class=\"issuuembed\"><\/div>\n<p><script type=\"text\/javascript\" src=\"\/\/e.issuu.com\/embed.js\" async=\"true\"><\/script><\/p>\n<p>Nota de prensa:<\/p>\n<p><a href=\"https:\/\/alvarelloseditora.gal\/wp-content\/uploads\/2023\/04\/NP_C_De_Compostela_ao_exilio_interior_FF_del-Riego_Alvarellos_ed_Consorcio_2023.pdf\">NP_C_De_Compostela_ao_exilio_interior_FF_del-Riego_Alvarellos_ed_Consorcio_2023<\/a><\/p>\n","protected":false},"excerpt":{"rendered":"<p>Ant\u00f3n Mascato<br \/>\n&nbsp;<\/p>\n<p>164 pp . 20 x 19 cms<br \/>\nISBN: 978-84-18567-41-4<br \/>\nPapel FSC Amigo de los Bosques<\/p>\n<p>&nbsp;<\/p>\n<p>Esta obra de Ant\u00f3n Mascato \u2013el primer bi\u00f3grafo de Fern\u00e1ndez del Riego\u2013 recorre, de una manera divulgativa y \u00e1gil, los hitos biogr\u00e1ficos de Fern\u00e1ndez del Riego, apoyada en una amplia fotobiograf\u00eda del protagonista, que incluye m\u00e1s de 200 im\u00e1genes e ilustraciones.<\/p>\n<p>Un cap\u00edtulo principal se detiene en Compostela, pues esta ciudad tuvo en Francisco Fern\u00e1ndez del Riego a uno de sus vecinos m\u00e1s ilustres. Residente en Santiago desde 1931 hasta su exilio interior en 1939, fueron a\u00f1os en los que forja su conocimiento y desarrolla su val\u00eda, en los que muestra su esp\u00edritu audaz y alcanza meritorios objetivos intelectuales y sociales.<\/p>\n<p>&nbsp;<\/p>\n<p>Del Riego fue miembro del Seminario de Estudios Galegos, dirigente estudiantil, secretario del Grupo galeguista de Santiago, fundador del Partido Galeguista, profesor en la Facultad de Derecho, secretario de actas de la Comisi\u00f3n del Estatuto de Autonom\u00eda para Galicia, activista pol\u00edtico, colaborador de prensa, especialista en arte&#8230; y esto s\u00f3lo en la d\u00e9cada fundamental de 1930.<\/p>\n<p>&nbsp;<\/p>\n<p>Luego ser\u00e1 tambi\u00e9n docente y trabajador de revistas relacionadas con el mar, fundador de Editorial Galaxia, refundador del Partido Galeguista, editor, director de la Fundaci\u00f3n Penzol, preso pol\u00edtico, gerente de Artes Gr\u00e1ficas Galicia, acad\u00e9mico y presidente de la Real Academia Galega, ensayista y autor de una extensa obra de divulgaci\u00f3n de la lengua, de la literatura, de la cultura y de la pol\u00edtica gallegas, fundador y secretario del Partido Socialista Galego, bibli\u00f3filo o coleccionista de arte.<\/p>\n<p>Esta obra llega a las librer\u00edas en abril de 2023, en el a\u00f1o en que Galicia homenajea a don Paco con el D\u00eda de las Letras Gallegas, celebraci\u00f3n que precisamente \u00e9l cre\u00f3 en 1963. La ilustraci\u00f3n de la capa es obra de Irene Fra G\u00e1lvez.<\/p>\n<p>&nbsp;<\/p>\n<p>&nbsp;<\/p>\n","protected":false},"featured_media":8335,"comment_status":"closed","ping_status":"closed","template":"","meta":[],"product_brand":[],"product_cat":[104],"product_tag":[1042,1045],"class_list":{"0":"post-8339","1":"product","2":"type-product","3":"status-publish","4":"has-post-thumbnail","6":"product_author-anton-mascato-es","7":"product_cat-ilustrada-es","8":"product_tag-libros-con-memoria-es","9":"product_tag-santiago-de-compostela-y-el-camino","11":"first","12":"instock","13":"taxable","14":"shipping-taxable","15":"purchasable","16":"product-type-simple"},"yoast_head":"<!-- This site is optimized with the Yoast SEO plugin v27.4 - https:\/\/yoast.com\/product\/yoast-seo-wordpress\/ -->\n<title>De Compostela ao exilio interior: Francisco Fern\u00e1ndez del Riego - Alvarellos Editora<\/title>\n<meta name=\"description\" content=\"De Compostela ao exilio interior: Francisco Fern\u00e1ndez del Riego. C\u00f3mprao na tenda en li\u00f1a de Alvarellos Editora.\" \/>\n<meta name=\"robots\" content=\"index, follow, max-snippet:-1, max-image-preview:large, max-video-preview:-1\" \/>\n<link rel=\"canonical\" href=\"https:\/\/alvarelloseditora.gal\/es\/libro\/de-compostela-ao-exilio-interior-francisco-fernandez-del-riego\/\" \/>\n<meta property=\"og:locale\" content=\"es_ES\" \/>\n<meta property=\"og:type\" content=\"article\" \/>\n<meta property=\"og:title\" content=\"De Compostela ao exilio interior: Francisco Fern\u00e1ndez del Riego - Alvarellos Editora\" \/>\n<meta property=\"og:description\" content=\"De Compostela ao exilio interior: Francisco Fern\u00e1ndez del Riego. C\u00f3mprao na tenda en li\u00f1a de Alvarellos Editora.\" \/>\n<meta property=\"og:url\" content=\"https:\/\/alvarelloseditora.gal\/es\/libro\/de-compostela-ao-exilio-interior-francisco-fernandez-del-riego\/\" \/>\n<meta property=\"og:site_name\" content=\"Alvarellos Editora\" \/>\n<meta property=\"article:publisher\" content=\"https:\/\/www.facebook.com\/alvarelloseditora\" \/>\n<meta property=\"article:modified_time\" content=\"2023-04-19T07:55:22+00:00\" \/>\n<meta property=\"og:image\" content=\"https:\/\/alvarelloseditora.gal\/wp-content\/uploads\/2023\/04\/9788418567414de-compostela-ao-exilio-interior-scaled.jpg\" \/>\n\t<meta property=\"og:image:width\" content=\"2560\" \/>\n\t<meta property=\"og:image:height\" content=\"2415\" \/>\n\t<meta property=\"og:image:type\" content=\"image\/jpeg\" \/>\n<meta name=\"twitter:card\" content=\"summary_large_image\" \/>\n<meta name=\"twitter:site\" content=\"@alvarellos_ed\" \/>\n<meta name=\"twitter:label1\" content=\"Tiempo de lectura\" \/>\n\t<meta name=\"twitter:data1\" content=\"1 minuto\" \/>\n<!-- \/ Yoast SEO plugin. -->","yoast_head_json":{"title":"De Compostela ao exilio interior: Francisco Fern\u00e1ndez del Riego - Alvarellos Editora","description":"De Compostela ao exilio interior: Francisco Fern\u00e1ndez del Riego. C\u00f3mprao na tenda en li\u00f1a de Alvarellos Editora.","robots":{"index":"index","follow":"follow","max-snippet":"max-snippet:-1","max-image-preview":"max-image-preview:large","max-video-preview":"max-video-preview:-1"},"canonical":"https:\/\/alvarelloseditora.gal\/es\/libro\/de-compostela-ao-exilio-interior-francisco-fernandez-del-riego\/","og_locale":"es_ES","og_type":"article","og_title":"De Compostela ao exilio interior: Francisco Fern\u00e1ndez del Riego - Alvarellos Editora","og_description":"De Compostela ao exilio interior: Francisco Fern\u00e1ndez del Riego. C\u00f3mprao na tenda en li\u00f1a de Alvarellos Editora.","og_url":"https:\/\/alvarelloseditora.gal\/es\/libro\/de-compostela-ao-exilio-interior-francisco-fernandez-del-riego\/","og_site_name":"Alvarellos Editora","article_publisher":"https:\/\/www.facebook.com\/alvarelloseditora","article_modified_time":"2023-04-19T07:55:22+00:00","og_image":[{"width":2560,"height":2415,"url":"https:\/\/alvarelloseditora.gal\/wp-content\/uploads\/2023\/04\/9788418567414de-compostela-ao-exilio-interior-scaled.jpg","type":"image\/jpeg"}],"twitter_card":"summary_large_image","twitter_site":"@alvarellos_ed","twitter_misc":{"Tiempo de lectura":"1 minuto"},"schema":{"@context":"https:\/\/schema.org","@graph":[{"@type":["WebPage","ItemPage"],"@id":"https:\/\/alvarelloseditora.gal\/es\/libro\/de-compostela-ao-exilio-interior-francisco-fernandez-del-riego\/","url":"https:\/\/alvarelloseditora.gal\/es\/libro\/de-compostela-ao-exilio-interior-francisco-fernandez-del-riego\/","name":"De Compostela ao exilio interior: Francisco Fern\u00e1ndez del Riego - Alvarellos Editora","isPartOf":{"@id":"https:\/\/alvarelloseditora.gal\/#website"},"primaryImageOfPage":{"@id":"https:\/\/alvarelloseditora.gal\/es\/libro\/de-compostela-ao-exilio-interior-francisco-fernandez-del-riego\/#primaryimage"},"image":{"@id":"https:\/\/alvarelloseditora.gal\/es\/libro\/de-compostela-ao-exilio-interior-francisco-fernandez-del-riego\/#primaryimage"},"thumbnailUrl":"https:\/\/alvarelloseditora.gal\/wp-content\/uploads\/2023\/04\/9788418567414de-compostela-ao-exilio-interior-scaled.jpg","datePublished":"2023-04-18T11:19:59+00:00","dateModified":"2023-04-19T07:55:22+00:00","description":"De Compostela ao exilio interior: Francisco Fern\u00e1ndez del Riego. C\u00f3mprao na tenda en li\u00f1a de Alvarellos Editora.","breadcrumb":{"@id":"https:\/\/alvarelloseditora.gal\/es\/libro\/de-compostela-ao-exilio-interior-francisco-fernandez-del-riego\/#breadcrumb"},"inLanguage":"es","potentialAction":[{"@type":"ReadAction","target":["https:\/\/alvarelloseditora.gal\/es\/libro\/de-compostela-ao-exilio-interior-francisco-fernandez-del-riego\/"]}]},{"@type":"ImageObject","inLanguage":"es","@id":"https:\/\/alvarelloseditora.gal\/es\/libro\/de-compostela-ao-exilio-interior-francisco-fernandez-del-riego\/#primaryimage","url":"https:\/\/alvarelloseditora.gal\/wp-content\/uploads\/2023\/04\/9788418567414de-compostela-ao-exilio-interior-scaled.jpg","contentUrl":"https:\/\/alvarelloseditora.gal\/wp-content\/uploads\/2023\/04\/9788418567414de-compostela-ao-exilio-interior-scaled.jpg","width":2560,"height":2415},{"@type":"BreadcrumbList","@id":"https:\/\/alvarelloseditora.gal\/es\/libro\/de-compostela-ao-exilio-interior-francisco-fernandez-del-riego\/#breadcrumb","itemListElement":[{"@type":"ListItem","position":1,"name":"Portada","item":"https:\/\/alvarelloseditora.gal\/"},{"@type":"ListItem","position":2,"name":"Tienda","item":"https:\/\/alvarelloseditora.gal\/es\/tienda\/"},{"@type":"ListItem","position":3,"name":"De Compostela ao exilio interior: Francisco Fern\u00e1ndez del Riego"}]},{"@type":"WebSite","@id":"https:\/\/alvarelloseditora.gal\/#website","url":"https:\/\/alvarelloseditora.gal\/","name":"Alvarellos Editora","description":"Libros para un mundo en tr\u00e1nsito","publisher":{"@id":"https:\/\/alvarelloseditora.gal\/#organization"},"potentialAction":[{"@type":"SearchAction","target":{"@type":"EntryPoint","urlTemplate":"https:\/\/alvarelloseditora.gal\/?s={search_term_string}"},"query-input":{"@type":"PropertyValueSpecification","valueRequired":true,"valueName":"search_term_string"}}],"inLanguage":"es"},{"@type":"Organization","@id":"https:\/\/alvarelloseditora.gal\/#organization","name":"Alvarellos Editora","url":"https:\/\/alvarelloseditora.gal\/","logo":{"@type":"ImageObject","inLanguage":"es","@id":"https:\/\/alvarelloseditora.gal\/#\/schema\/logo\/image\/","url":"https:\/\/alvarelloseditora.gal\/wp-content\/uploads\/2020\/02\/alv-icon.png","contentUrl":"https:\/\/alvarelloseditora.gal\/wp-content\/uploads\/2020\/02\/alv-icon.png","width":177,"height":175,"caption":"Alvarellos Editora"},"image":{"@id":"https:\/\/alvarelloseditora.gal\/#\/schema\/logo\/image\/"},"sameAs":["https:\/\/www.facebook.com\/alvarelloseditora","https:\/\/x.com\/alvarellos_ed"]}]}},"_links":{"self":[{"href":"https:\/\/alvarelloseditora.gal\/es\/wp-json\/wp\/v2\/product\/8339","targetHints":{"allow":["GET"]}}],"collection":[{"href":"https:\/\/alvarelloseditora.gal\/es\/wp-json\/wp\/v2\/product"}],"about":[{"href":"https:\/\/alvarelloseditora.gal\/es\/wp-json\/wp\/v2\/types\/product"}],"replies":[{"embeddable":true,"href":"https:\/\/alvarelloseditora.gal\/es\/wp-json\/wp\/v2\/comments?post=8339"}],"wp:featuredmedia":[{"embeddable":true,"href":"https:\/\/alvarelloseditora.gal\/es\/wp-json\/wp\/v2\/media\/8335"}],"wp:attachment":[{"href":"https:\/\/alvarelloseditora.gal\/es\/wp-json\/wp\/v2\/media?parent=8339"}],"wp:term":[{"taxonomy":"product_brand","embeddable":true,"href":"https:\/\/alvarelloseditora.gal\/es\/wp-json\/wp\/v2\/product_brand?post=8339"},{"taxonomy":"product_cat","embeddable":true,"href":"https:\/\/alvarelloseditora.gal\/es\/wp-json\/wp\/v2\/product_cat?post=8339"},{"taxonomy":"product_tag","embeddable":true,"href":"https:\/\/alvarelloseditora.gal\/es\/wp-json\/wp\/v2\/product_tag?post=8339"}],"curies":[{"name":"wp","href":"https:\/\/api.w.org\/{rel}","templated":true}]}}