{"id":8302,"date":"2022-04-11T14:35:34","date_gmt":"2023-04-11T12:35:34","guid":{"rendered":"https:\/\/alvarelloseditora.gal\/book\/cartel-de-urbano-lugris-1957-alegoria-carnavalesca\/"},"modified":"2023-04-11T16:11:16","modified_gmt":"2023-04-11T14:11:16","slug":"cartel-de-urbano-lugris-1957-alegoria-carnavalesca","status":"publish","type":"product","link":"https:\/\/alvarelloseditora.gal\/es\/libro\/cartel-de-urbano-lugris-1957-alegoria-carnavalesca\/","title":{"rendered":"Cartel de Urbano Lugr\u00eds (1957): \u00abAlegor\u00eda carnavalesca\u00bb"},"content":{"rendered":"<p><a href=\"https:\/\/alvarelloseditora.gal\/wp-content\/uploads\/2023\/03\/NP_G_Carteis_Lugris_primavera_2023.pdf\">NP_G_Carteis_Lugris_primavera_2023<\/a><\/p>\n","protected":false},"excerpt":{"rendered":"<p>Medidas 32\u00d745 cms<br \/>\nImpreso en cartulina estucada semi-mate de 350 gramos<br \/>\nReproducci\u00f3n facsimilar<\/p>\n<p>&nbsp;<\/p>\n<p>Cartel realizado a partir de la portada que Urbano Lugr\u00eds cre\u00f3 en 1957 para el n\u00famero 24 de la popular revista Vida Gallega. En el rinde homenaje al Entroido o carnavales de Galicia. Lleva por t\u00edtulo \u00abAlegor\u00eda carnavalesca\u00bb y en \u00e9l aparece, en primer plano, una recreaci\u00f3n de un peliqueiro de Laza (municipio ourensano donde se mantiene vivo uno de los carnavales m\u00e1s antiguos y genuinos del mundo), rodeado de otros rostros, en una composici\u00f3n plena de color y donde el c\u00e9lebre \u00abazul patinir\u00bb de Lugr\u00eds surge entre la visi\u00f3n del paisaje y la vestimenta de los personajes.<\/p>\n<p>&nbsp;<\/p>\n<p>Para comprar el\u00a0pack\u00a0con los cinco carteles,\u00a0aqu\u00ed.<\/p>\n<p>&nbsp;<\/p>\n<p>Alvarellos Editora conmemora en 2023 el \u201cAno L\u201d, el a\u00f1o del 50 Aniversario del fallecimiento en Vigo de uno de los creadores (artista pl\u00e1stico y escritor) m\u00e1s inspirados, originales y seductores de la historia de Galicia. Desde 2008 esta editorial lleva publicando la obra literaria completa y dispersa de Urbano Lugr\u00eds, en dos vol\u00famenes al cuidado de la profesora de la Universidad de A Coru\u00f1a, Olivia Rodr\u00edguez Gonz\u00e1lez:\u00a0Balada de los mares del norte\u00a0y\u00a0El tesoro de Punta Herminia y otros textos sumergidos.<\/p>\n","protected":false},"featured_media":8317,"comment_status":"closed","ping_status":"closed","template":"","meta":[],"product_brand":[],"product_cat":[1362],"product_tag":[],"class_list":{"0":"post-8302","1":"product","2":"type-product","3":"status-publish","4":"has-post-thumbnail","6":"product_author-urbano-lugris-es","7":"product_cat-carteles-historicos","9":"first","10":"instock","11":"taxable","12":"shipping-taxable","13":"purchasable","14":"product-type-simple"},"yoast_head":"<!-- This site is optimized with the Yoast SEO plugin v27.3 - https:\/\/yoast.com\/product\/yoast-seo-wordpress\/ -->\n<title>Cartel de Urbano Lugr\u00eds (1957): &quot;Alegor\u00eda carnavalesca&quot; - Alvarellos Editora<\/title>\n<meta name=\"description\" content=\"Cartel de Urbano Lugr\u00eds (1957): &quot;Alegor\u00eda carnavalesca&quot;. C\u00f3mprao na tenda en li\u00f1a de Alvarellos Editora.\" \/>\n<meta name=\"robots\" content=\"index, follow, max-snippet:-1, max-image-preview:large, max-video-preview:-1\" \/>\n<link rel=\"canonical\" href=\"https:\/\/alvarelloseditora.gal\/es\/libro\/cartel-de-urbano-lugris-1957-alegoria-carnavalesca\/\" \/>\n<meta property=\"og:locale\" content=\"es_ES\" \/>\n<meta property=\"og:type\" content=\"article\" \/>\n<meta property=\"og:title\" content=\"Cartel de Urbano Lugr\u00eds (1957): &quot;Alegor\u00eda carnavalesca&quot; - Alvarellos Editora\" \/>\n<meta property=\"og:description\" content=\"Cartel de Urbano Lugr\u00eds (1957): &quot;Alegor\u00eda carnavalesca&quot;. C\u00f3mprao na tenda en li\u00f1a de Alvarellos Editora.\" \/>\n<meta property=\"og:url\" content=\"https:\/\/alvarelloseditora.gal\/es\/libro\/cartel-de-urbano-lugris-1957-alegoria-carnavalesca\/\" \/>\n<meta property=\"og:site_name\" content=\"Alvarellos Editora\" \/>\n<meta property=\"article:publisher\" content=\"https:\/\/www.facebook.com\/alvarelloseditora\" \/>\n<meta property=\"article:modified_time\" content=\"2023-04-11T14:11:16+00:00\" \/>\n<meta property=\"og:image\" content=\"https:\/\/alvarelloseditora.gal\/wp-content\/uploads\/2023\/04\/Alegoria-carnavalesca.marz-57-n720-n24-Lugris-Alvarellos-Ed-2023.jpg\" \/>\n\t<meta property=\"og:image:width\" content=\"717\" \/>\n\t<meta property=\"og:image:height\" content=\"1024\" \/>\n\t<meta property=\"og:image:type\" content=\"image\/jpeg\" \/>\n<meta name=\"twitter:card\" content=\"summary_large_image\" \/>\n<meta name=\"twitter:site\" content=\"@alvarellos_ed\" \/>\n<meta name=\"twitter:label1\" content=\"Tiempo de lectura\" \/>\n\t<meta name=\"twitter:data1\" content=\"1 minuto\" \/>\n<!-- \/ Yoast SEO plugin. -->","yoast_head_json":{"title":"Cartel de Urbano Lugr\u00eds (1957): \"Alegor\u00eda carnavalesca\" - Alvarellos Editora","description":"Cartel de Urbano Lugr\u00eds (1957): \"Alegor\u00eda carnavalesca\". C\u00f3mprao na tenda en li\u00f1a de Alvarellos Editora.","robots":{"index":"index","follow":"follow","max-snippet":"max-snippet:-1","max-image-preview":"max-image-preview:large","max-video-preview":"max-video-preview:-1"},"canonical":"https:\/\/alvarelloseditora.gal\/es\/libro\/cartel-de-urbano-lugris-1957-alegoria-carnavalesca\/","og_locale":"es_ES","og_type":"article","og_title":"Cartel de Urbano Lugr\u00eds (1957): \"Alegor\u00eda carnavalesca\" - Alvarellos Editora","og_description":"Cartel de Urbano Lugr\u00eds (1957): \"Alegor\u00eda carnavalesca\". C\u00f3mprao na tenda en li\u00f1a de Alvarellos Editora.","og_url":"https:\/\/alvarelloseditora.gal\/es\/libro\/cartel-de-urbano-lugris-1957-alegoria-carnavalesca\/","og_site_name":"Alvarellos Editora","article_publisher":"https:\/\/www.facebook.com\/alvarelloseditora","article_modified_time":"2023-04-11T14:11:16+00:00","og_image":[{"width":717,"height":1024,"url":"https:\/\/alvarelloseditora.gal\/wp-content\/uploads\/2023\/04\/Alegoria-carnavalesca.marz-57-n720-n24-Lugris-Alvarellos-Ed-2023.jpg","type":"image\/jpeg"}],"twitter_card":"summary_large_image","twitter_site":"@alvarellos_ed","twitter_misc":{"Tiempo de lectura":"1 minuto"},"schema":{"@context":"https:\/\/schema.org","@graph":[{"@type":["WebPage","ItemPage"],"@id":"https:\/\/alvarelloseditora.gal\/es\/libro\/cartel-de-urbano-lugris-1957-alegoria-carnavalesca\/","url":"https:\/\/alvarelloseditora.gal\/es\/libro\/cartel-de-urbano-lugris-1957-alegoria-carnavalesca\/","name":"Cartel de Urbano Lugr\u00eds (1957): \"Alegor\u00eda carnavalesca\" - Alvarellos Editora","isPartOf":{"@id":"https:\/\/alvarelloseditora.gal\/#website"},"primaryImageOfPage":{"@id":"https:\/\/alvarelloseditora.gal\/es\/libro\/cartel-de-urbano-lugris-1957-alegoria-carnavalesca\/#primaryimage"},"image":{"@id":"https:\/\/alvarelloseditora.gal\/es\/libro\/cartel-de-urbano-lugris-1957-alegoria-carnavalesca\/#primaryimage"},"thumbnailUrl":"https:\/\/alvarelloseditora.gal\/wp-content\/uploads\/2023\/04\/Lugris-Vida-Gallega-anos-50-alvarellos-ed_2023-Alegoria-Carnaval.jpg","datePublished":"2023-04-11T12:35:34+00:00","dateModified":"2023-04-11T14:11:16+00:00","description":"Cartel de Urbano Lugr\u00eds (1957): \"Alegor\u00eda carnavalesca\". C\u00f3mprao na tenda en li\u00f1a de Alvarellos Editora.","breadcrumb":{"@id":"https:\/\/alvarelloseditora.gal\/es\/libro\/cartel-de-urbano-lugris-1957-alegoria-carnavalesca\/#breadcrumb"},"inLanguage":"es","potentialAction":[{"@type":"ReadAction","target":["https:\/\/alvarelloseditora.gal\/es\/libro\/cartel-de-urbano-lugris-1957-alegoria-carnavalesca\/"]}]},{"@type":"ImageObject","inLanguage":"es","@id":"https:\/\/alvarelloseditora.gal\/es\/libro\/cartel-de-urbano-lugris-1957-alegoria-carnavalesca\/#primaryimage","url":"https:\/\/alvarelloseditora.gal\/wp-content\/uploads\/2023\/04\/Lugris-Vida-Gallega-anos-50-alvarellos-ed_2023-Alegoria-Carnaval.jpg","contentUrl":"https:\/\/alvarelloseditora.gal\/wp-content\/uploads\/2023\/04\/Lugris-Vida-Gallega-anos-50-alvarellos-ed_2023-Alegoria-Carnaval.jpg","width":945,"height":1314},{"@type":"BreadcrumbList","@id":"https:\/\/alvarelloseditora.gal\/es\/libro\/cartel-de-urbano-lugris-1957-alegoria-carnavalesca\/#breadcrumb","itemListElement":[{"@type":"ListItem","position":1,"name":"Portada","item":"https:\/\/alvarelloseditora.gal\/"},{"@type":"ListItem","position":2,"name":"Tienda","item":"https:\/\/alvarelloseditora.gal\/es\/tienda\/"},{"@type":"ListItem","position":3,"name":"Cartel de Urbano Lugr\u00eds (1957): &#8220;Alegor\u00eda carnavalesca&#8221;"}]},{"@type":"WebSite","@id":"https:\/\/alvarelloseditora.gal\/#website","url":"https:\/\/alvarelloseditora.gal\/","name":"Alvarellos Editora","description":"Libros para un mundo en tr\u00e1nsito","publisher":{"@id":"https:\/\/alvarelloseditora.gal\/#organization"},"potentialAction":[{"@type":"SearchAction","target":{"@type":"EntryPoint","urlTemplate":"https:\/\/alvarelloseditora.gal\/?s={search_term_string}"},"query-input":{"@type":"PropertyValueSpecification","valueRequired":true,"valueName":"search_term_string"}}],"inLanguage":"es"},{"@type":"Organization","@id":"https:\/\/alvarelloseditora.gal\/#organization","name":"Alvarellos Editora","url":"https:\/\/alvarelloseditora.gal\/","logo":{"@type":"ImageObject","inLanguage":"es","@id":"https:\/\/alvarelloseditora.gal\/#\/schema\/logo\/image\/","url":"https:\/\/alvarelloseditora.gal\/wp-content\/uploads\/2020\/02\/alv-icon.png","contentUrl":"https:\/\/alvarelloseditora.gal\/wp-content\/uploads\/2020\/02\/alv-icon.png","width":177,"height":175,"caption":"Alvarellos Editora"},"image":{"@id":"https:\/\/alvarelloseditora.gal\/#\/schema\/logo\/image\/"},"sameAs":["https:\/\/www.facebook.com\/alvarelloseditora","https:\/\/x.com\/alvarellos_ed"]}]}},"_links":{"self":[{"href":"https:\/\/alvarelloseditora.gal\/es\/wp-json\/wp\/v2\/product\/8302","targetHints":{"allow":["GET"]}}],"collection":[{"href":"https:\/\/alvarelloseditora.gal\/es\/wp-json\/wp\/v2\/product"}],"about":[{"href":"https:\/\/alvarelloseditora.gal\/es\/wp-json\/wp\/v2\/types\/product"}],"replies":[{"embeddable":true,"href":"https:\/\/alvarelloseditora.gal\/es\/wp-json\/wp\/v2\/comments?post=8302"}],"wp:featuredmedia":[{"embeddable":true,"href":"https:\/\/alvarelloseditora.gal\/es\/wp-json\/wp\/v2\/media\/8317"}],"wp:attachment":[{"href":"https:\/\/alvarelloseditora.gal\/es\/wp-json\/wp\/v2\/media?parent=8302"}],"wp:term":[{"taxonomy":"product_brand","embeddable":true,"href":"https:\/\/alvarelloseditora.gal\/es\/wp-json\/wp\/v2\/product_brand?post=8302"},{"taxonomy":"product_cat","embeddable":true,"href":"https:\/\/alvarelloseditora.gal\/es\/wp-json\/wp\/v2\/product_cat?post=8302"},{"taxonomy":"product_tag","embeddable":true,"href":"https:\/\/alvarelloseditora.gal\/es\/wp-json\/wp\/v2\/product_tag?post=8302"}],"curies":[{"name":"wp","href":"https:\/\/api.w.org\/{rel}","templated":true}]}}