{"id":8269,"date":"2022-04-11T13:46:00","date_gmt":"2022-04-11T11:46:00","guid":{"rendered":"https:\/\/alvarelloseditora.gal\/?post_type=product&#038;p=8269"},"modified":"2023-07-17T14:12:38","modified_gmt":"2023-07-17T12:12:38","slug":"globo-de-betanzos-por-urbano-lugris-1955","status":"publish","type":"product","link":"https:\/\/alvarelloseditora.gal\/es\/libro\/globo-de-betanzos-por-urbano-lugris-1955\/","title":{"rendered":"Cartel de Urbano Lugr\u00eds (1955): \u00abGlobo de Betanzos\u00bb"},"content":{"rendered":"","protected":false},"excerpt":{"rendered":"<p>Medidas 32\u00d745 cms<br \/>\nImpreso en cartulina estucada semi-mate de 350 gr<br \/>\nReproducci\u00f3n facsimilar<\/p>\n<p>&nbsp;<\/p>\n<p>Cartel realizado a partir de la portada que Urbano Lugr\u00eds cre\u00f3 en 1955 para el n\u00famero 6 de la popular revista Vida Gallega. En \u00e9l rinde homenaje al singular Globo de Betanzos, enorme aerostato de papel no tripulado que se lanza en esta antigua capital del Reino de Galicia cada a\u00f1o en agosto en la festividad de San Roque. Una tradici\u00f3n que, al parecer, naci\u00f3 en 1814, para celebrar la onom\u00e1stica del rey Fernando VII, que hab\u00eda retornado a Espa\u00f1a unos d\u00edas antes.<\/p>\n<p>&nbsp;<\/p>\n<p>Para comprar el pack con los cinco carteles, aqu\u00ed.<\/p>\n<p>&nbsp;<\/p>\n<p>Alvarellos Editora conmemora en 2023 el \u201cAno L\u201d, el a\u00f1o del 50 Aniversario del fallecimiento en Vigo de uno de los creadores (artista pl\u00e1stico y escritor) m\u00e1s inspirados, originales y seductores de la historia de Galicia. Desde 2008 esta editorial lleva publicando la obra literaria completa y dispersa de Urbano Lugr\u00eds, en dos vol\u00famenes al cuidado de la profesora de la Universidad de A Coru\u00f1a, Olivia Rodr\u00edguez Gonz\u00e1lez: Balada de los mares del norte y\u00a0El tesoro de Punta Herminia y otros textos sumergidos.<\/p>\n","protected":false},"featured_media":8311,"comment_status":"closed","ping_status":"closed","template":"","meta":[],"product_brand":[],"product_cat":[1362],"product_tag":[],"class_list":{"0":"post-8269","1":"product","2":"type-product","3":"status-publish","4":"has-post-thumbnail","6":"product_author-urbano-lugris-es","7":"product_cat-carteles-historicos","9":"first","10":"instock","11":"taxable","12":"shipping-taxable","13":"purchasable","14":"product-type-simple"},"yoast_head":"<!-- This site is optimized with the Yoast SEO plugin v27.3 - https:\/\/yoast.com\/product\/yoast-seo-wordpress\/ -->\n<title>Cartel de Urbano Lugr\u00eds (1955): &quot;Globo de Betanzos&quot; - Alvarellos Editora<\/title>\n<meta name=\"description\" content=\"Cartel de Urbano Lugr\u00eds (1955): &quot;Globo de Betanzos&quot;. C\u00f3mprao na tenda en li\u00f1a de Alvarellos Editora.\" \/>\n<meta name=\"robots\" content=\"index, follow, max-snippet:-1, max-image-preview:large, max-video-preview:-1\" \/>\n<link rel=\"canonical\" href=\"https:\/\/alvarelloseditora.gal\/es\/libro\/globo-de-betanzos-por-urbano-lugris-1955\/\" \/>\n<meta property=\"og:locale\" content=\"es_ES\" \/>\n<meta property=\"og:type\" content=\"article\" \/>\n<meta property=\"og:title\" content=\"Cartel de Urbano Lugr\u00eds (1955): &quot;Globo de Betanzos&quot; - Alvarellos Editora\" \/>\n<meta property=\"og:description\" content=\"Cartel de Urbano Lugr\u00eds (1955): &quot;Globo de Betanzos&quot;. C\u00f3mprao na tenda en li\u00f1a de Alvarellos Editora.\" \/>\n<meta property=\"og:url\" content=\"https:\/\/alvarelloseditora.gal\/es\/libro\/globo-de-betanzos-por-urbano-lugris-1955\/\" \/>\n<meta property=\"og:site_name\" content=\"Alvarellos Editora\" \/>\n<meta property=\"article:publisher\" content=\"https:\/\/www.facebook.com\/alvarelloseditora\" \/>\n<meta property=\"article:modified_time\" content=\"2023-07-17T12:12:38+00:00\" \/>\n<meta property=\"og:image\" content=\"https:\/\/alvarelloseditora.gal\/wp-content\/uploads\/2023\/04\/Lugris-Vida-Gallega-anos-50-alvarellos-ed-2023.jpg\" \/>\n\t<meta property=\"og:image:width\" content=\"945\" \/>\n\t<meta property=\"og:image:height\" content=\"1314\" \/>\n\t<meta property=\"og:image:type\" content=\"image\/jpeg\" \/>\n<meta name=\"twitter:card\" content=\"summary_large_image\" \/>\n<meta name=\"twitter:site\" content=\"@alvarellos_ed\" \/>\n<!-- \/ Yoast SEO plugin. -->","yoast_head_json":{"title":"Cartel de Urbano Lugr\u00eds (1955): \"Globo de Betanzos\" - Alvarellos Editora","description":"Cartel de Urbano Lugr\u00eds (1955): \"Globo de Betanzos\". C\u00f3mprao na tenda en li\u00f1a de Alvarellos Editora.","robots":{"index":"index","follow":"follow","max-snippet":"max-snippet:-1","max-image-preview":"max-image-preview:large","max-video-preview":"max-video-preview:-1"},"canonical":"https:\/\/alvarelloseditora.gal\/es\/libro\/globo-de-betanzos-por-urbano-lugris-1955\/","og_locale":"es_ES","og_type":"article","og_title":"Cartel de Urbano Lugr\u00eds (1955): \"Globo de Betanzos\" - Alvarellos Editora","og_description":"Cartel de Urbano Lugr\u00eds (1955): \"Globo de Betanzos\". C\u00f3mprao na tenda en li\u00f1a de Alvarellos Editora.","og_url":"https:\/\/alvarelloseditora.gal\/es\/libro\/globo-de-betanzos-por-urbano-lugris-1955\/","og_site_name":"Alvarellos Editora","article_publisher":"https:\/\/www.facebook.com\/alvarelloseditora","article_modified_time":"2023-07-17T12:12:38+00:00","og_image":[{"width":945,"height":1314,"url":"https:\/\/alvarelloseditora.gal\/wp-content\/uploads\/2023\/04\/Lugris-Vida-Gallega-anos-50-alvarellos-ed-2023.jpg","type":"image\/jpeg"}],"twitter_card":"summary_large_image","twitter_site":"@alvarellos_ed","schema":{"@context":"https:\/\/schema.org","@graph":[{"@type":["WebPage","ItemPage"],"@id":"https:\/\/alvarelloseditora.gal\/es\/libro\/globo-de-betanzos-por-urbano-lugris-1955\/","url":"https:\/\/alvarelloseditora.gal\/es\/libro\/globo-de-betanzos-por-urbano-lugris-1955\/","name":"Cartel de Urbano Lugr\u00eds (1955): \"Globo de Betanzos\" - Alvarellos Editora","isPartOf":{"@id":"https:\/\/alvarelloseditora.gal\/#website"},"primaryImageOfPage":{"@id":"https:\/\/alvarelloseditora.gal\/es\/libro\/globo-de-betanzos-por-urbano-lugris-1955\/#primaryimage"},"image":{"@id":"https:\/\/alvarelloseditora.gal\/es\/libro\/globo-de-betanzos-por-urbano-lugris-1955\/#primaryimage"},"thumbnailUrl":"https:\/\/alvarelloseditora.gal\/wp-content\/uploads\/2023\/04\/Lugris-Vida-Gallega-anos-50-alvarellos-ed-2023.jpg","datePublished":"2022-04-11T11:46:00+00:00","dateModified":"2023-07-17T12:12:38+00:00","description":"Cartel de Urbano Lugr\u00eds (1955): \"Globo de Betanzos\". C\u00f3mprao na tenda en li\u00f1a de Alvarellos Editora.","breadcrumb":{"@id":"https:\/\/alvarelloseditora.gal\/es\/libro\/globo-de-betanzos-por-urbano-lugris-1955\/#breadcrumb"},"inLanguage":"es","potentialAction":[{"@type":"ReadAction","target":["https:\/\/alvarelloseditora.gal\/es\/libro\/globo-de-betanzos-por-urbano-lugris-1955\/"]}]},{"@type":"ImageObject","inLanguage":"es","@id":"https:\/\/alvarelloseditora.gal\/es\/libro\/globo-de-betanzos-por-urbano-lugris-1955\/#primaryimage","url":"https:\/\/alvarelloseditora.gal\/wp-content\/uploads\/2023\/04\/Lugris-Vida-Gallega-anos-50-alvarellos-ed-2023.jpg","contentUrl":"https:\/\/alvarelloseditora.gal\/wp-content\/uploads\/2023\/04\/Lugris-Vida-Gallega-anos-50-alvarellos-ed-2023.jpg","width":945,"height":1314},{"@type":"BreadcrumbList","@id":"https:\/\/alvarelloseditora.gal\/es\/libro\/globo-de-betanzos-por-urbano-lugris-1955\/#breadcrumb","itemListElement":[{"@type":"ListItem","position":1,"name":"Portada","item":"https:\/\/alvarelloseditora.gal\/"},{"@type":"ListItem","position":2,"name":"Tienda","item":"https:\/\/alvarelloseditora.gal\/es\/tienda\/"},{"@type":"ListItem","position":3,"name":"Cartel de Urbano Lugr\u00eds (1955): &#8220;Globo de Betanzos&#8221;"}]},{"@type":"WebSite","@id":"https:\/\/alvarelloseditora.gal\/#website","url":"https:\/\/alvarelloseditora.gal\/","name":"Alvarellos Editora","description":"Libros para un mundo en tr\u00e1nsito","publisher":{"@id":"https:\/\/alvarelloseditora.gal\/#organization"},"potentialAction":[{"@type":"SearchAction","target":{"@type":"EntryPoint","urlTemplate":"https:\/\/alvarelloseditora.gal\/?s={search_term_string}"},"query-input":{"@type":"PropertyValueSpecification","valueRequired":true,"valueName":"search_term_string"}}],"inLanguage":"es"},{"@type":"Organization","@id":"https:\/\/alvarelloseditora.gal\/#organization","name":"Alvarellos Editora","url":"https:\/\/alvarelloseditora.gal\/","logo":{"@type":"ImageObject","inLanguage":"es","@id":"https:\/\/alvarelloseditora.gal\/#\/schema\/logo\/image\/","url":"https:\/\/alvarelloseditora.gal\/wp-content\/uploads\/2020\/02\/alv-icon.png","contentUrl":"https:\/\/alvarelloseditora.gal\/wp-content\/uploads\/2020\/02\/alv-icon.png","width":177,"height":175,"caption":"Alvarellos Editora"},"image":{"@id":"https:\/\/alvarelloseditora.gal\/#\/schema\/logo\/image\/"},"sameAs":["https:\/\/www.facebook.com\/alvarelloseditora","https:\/\/x.com\/alvarellos_ed"]}]}},"_links":{"self":[{"href":"https:\/\/alvarelloseditora.gal\/es\/wp-json\/wp\/v2\/product\/8269","targetHints":{"allow":["GET"]}}],"collection":[{"href":"https:\/\/alvarelloseditora.gal\/es\/wp-json\/wp\/v2\/product"}],"about":[{"href":"https:\/\/alvarelloseditora.gal\/es\/wp-json\/wp\/v2\/types\/product"}],"replies":[{"embeddable":true,"href":"https:\/\/alvarelloseditora.gal\/es\/wp-json\/wp\/v2\/comments?post=8269"}],"wp:featuredmedia":[{"embeddable":true,"href":"https:\/\/alvarelloseditora.gal\/es\/wp-json\/wp\/v2\/media\/8311"}],"wp:attachment":[{"href":"https:\/\/alvarelloseditora.gal\/es\/wp-json\/wp\/v2\/media?parent=8269"}],"wp:term":[{"taxonomy":"product_brand","embeddable":true,"href":"https:\/\/alvarelloseditora.gal\/es\/wp-json\/wp\/v2\/product_brand?post=8269"},{"taxonomy":"product_cat","embeddable":true,"href":"https:\/\/alvarelloseditora.gal\/es\/wp-json\/wp\/v2\/product_cat?post=8269"},{"taxonomy":"product_tag","embeddable":true,"href":"https:\/\/alvarelloseditora.gal\/es\/wp-json\/wp\/v2\/product_tag?post=8269"}],"curies":[{"name":"wp","href":"https:\/\/api.w.org\/{rel}","templated":true}]}}