{"id":8253,"date":"2023-03-30T21:19:02","date_gmt":"2023-03-30T19:19:02","guid":{"rendered":"https:\/\/alvarelloseditora.gal\/book\/urbano-lugris-en-vida-gallega-as-portadas-historicas\/"},"modified":"2023-04-11T13:32:29","modified_gmt":"2023-04-11T11:32:29","slug":"urbano-lugris-en-vida-gallega-as-portadas-historicas","status":"publish","type":"product","link":"https:\/\/alvarelloseditora.gal\/es\/libro\/urbano-lugris-en-vida-gallega-as-portadas-historicas\/","title":{"rendered":"Urbano Lugr\u00eds en \u00abVida Gallega\u00bb: las cinco portadas hist\u00f3ricas"},"content":{"rendered":"<p><a href=\"https:\/\/alvarelloseditora.gal\/wp-content\/uploads\/2023\/03\/NP_C_Carteis_Lugris_primavera_2023.pdf\">NP_C_Carteis_Lugris_primavera_2023<\/a><\/p>\n<p><img loading=\"lazy\" decoding=\"async\" class=\"alignnone size-medium wp-image-8247\" src=\"https:\/\/alvarelloseditora.gal\/wp-content\/uploads\/2023\/03\/Urbano-Lugris-50-aniversario-alvarellos-editora-900x828.jpg\" alt=\"\" width=\"900\" height=\"828\" srcset=\"https:\/\/alvarelloseditora.gal\/wp-content\/uploads\/2023\/03\/Urbano-Lugris-50-aniversario-alvarellos-editora-900x828.jpg 900w, https:\/\/alvarelloseditora.gal\/wp-content\/uploads\/2023\/03\/Urbano-Lugris-50-aniversario-alvarellos-editora-scaled-330x303.jpg 330w, https:\/\/alvarelloseditora.gal\/wp-content\/uploads\/2023\/03\/Urbano-Lugris-50-aniversario-alvarellos-editora-scaled-600x552.jpg 600w, https:\/\/alvarelloseditora.gal\/wp-content\/uploads\/2023\/03\/Urbano-Lugris-50-aniversario-alvarellos-editora-160x147.jpg 160w, https:\/\/alvarelloseditora.gal\/wp-content\/uploads\/2023\/03\/Urbano-Lugris-50-aniversario-alvarellos-editora-768x706.jpg 768w, https:\/\/alvarelloseditora.gal\/wp-content\/uploads\/2023\/03\/Urbano-Lugris-50-aniversario-alvarellos-editora-1536x1412.jpg 1536w, https:\/\/alvarelloseditora.gal\/wp-content\/uploads\/2023\/03\/Urbano-Lugris-50-aniversario-alvarellos-editora-2048x1883.jpg 2048w\" sizes=\"auto, (max-width: 900px) 100vw, 900px\" \/><\/p>\n","protected":false},"excerpt":{"rendered":"<p>Cinco portadas hist\u00f3ricas de Urbano Lugr\u00eds convertidas en carteles de gran formato.<br \/>\n&nbsp;<\/p>\n<p>Medidas 32\u00d745 cms<br \/>\nImpresi\u00f3n en cartulina estucada semi-mate de 350 gr.<br \/>\n[En el PVP est\u00e1n incluidos los gastos de env\u00edo]<\/p>\n<p>&nbsp;<\/p>\n[video width=\"1280\" height=\"720\" mp4=\"https:\/\/alvarelloseditora.gal\/wp-content\/uploads\/2023\/03\/Portadas-Urbano-Lugris-Vida-Gallega-Alvarellos-Ed-2023.mp4\"][\/video]\n<p>&nbsp;<\/p>\n<p>En el a\u00f1o del 50 aniversario de la muerte de Urbano Lugr\u00eds (A Coru\u00f1a-Vigo, 1973) Alvarellos Editora rinde homenaje al pintor y escritor \u2013de quien ha publicado estos a\u00f1os toda su obra literaria\u2013 con la edici\u00f3n facsimilar de las cinco portadas hist\u00f3ricas que elabor\u00f3 en los a\u00f1os 50 para la revista Vida Gallega. Convertidas ahora en carteles de gran formato (34 x 45 cms).<\/p>\n<p>&nbsp;<\/p>\n<p>Alvarellos Editora rescata, en edici\u00f3n facsimilar, las cinco portadas hist\u00f3ricas que el gran pintor y escritor Urbano Lugr\u00eds (A Coru\u00f1a, 1908-Vigo, 1973) realiz\u00f3 para la revista Vida Gallega en los a\u00f1os 50. Esta publicaci\u00f3n se editaba mensualmente (durante su segunda \u00e9poca) primero en Vigo y posteriormente en Lugo, entre los a\u00f1os 1954 y 1963. En este per\u00edodo Lugr\u00eds colaborar\u00eda intensamente, bien por medio de textos literarios pero tambi\u00e9n a trav\u00e9s de espectaculares ilustraciones como las que elabor\u00f3 para estas cinco portadas ahora rescatadas con motivo de los 50 a\u00f1os de la muerte del artista.<\/p>\n<p>&nbsp;<\/p>\n<p>Llevan por t\u00edtulo \u201cGlobo de Betanzos\u201d, \u201cAlegor\u00eda de Vigo\u201d, \u201cAlegor\u00eda carnavalesca\u201d, \u201cCollage\u201d y \u201cAlegor\u00eda de las cuatro provincias gallegas\u201d, y fueron publicadas entre agosto de 1955 y febrero de 1959.<\/p>\n<p>&nbsp;<\/p>\n<p>En ellas el gran pintor desarrolla buena parte de su seductor universo creativo. Est\u00e1n llenas de color e inspiraci\u00f3n. Como se\u00f1ala Olivia Rodr\u00edguez-Tudela, estudiosa del pintor y responsable de la edici\u00f3n cr\u00edtica de la obra literaria de Lugr\u00eds \u2013Balada de los mares del norte (Alvarellos Editora, 2008) y El tesoro de Punta Herminia (Alvarellos Editora, 2017)\u2013: \u00abLa sangre art\u00edstica de Urbano Lugr\u00eds es un surrealismo de fantas\u00eda y de imaginaci\u00f3n, que comparte con Eugenio Granell y con Maruja Mallo. La originalidad de su obra se debe a estar inscrita en una Tierra y en una Cultura hondamente galeguistas y republicanas, de las que proced\u00eda. Con este legado a espaldas atraves\u00f3 la Larga Noche de Piedra\u00bb.<\/p>\n<p>&nbsp;<\/p>\n<p>Esta inspiraci\u00f3n est\u00e1 directamente plasmada en estas cinco obras de arte con las que Lugr\u00eds sublim\u00f3 estas portadas de Vida Gallega aportando luz y vida a aquellos d\u00edas grises de la d\u00e9cada de los 50.<\/p>\n<p>&nbsp;<\/p>\n<p>[Se venden solo a trav\u00e9s de la web de Alvarellos Editora www.alvarelloseditora.gal y, durante el a\u00f1o, en la Semana do Libro de Compostela (Selic)en junio y en la Feria del Libro de A Coru\u00f1a de inicios de agosto. Se pueden adquirir en \u00abpack\u00bb los cinco, o bien por separado, seleccionando en la Cesta de la compra los que se deseen].<\/p>\n","protected":false},"featured_media":8252,"comment_status":"closed","ping_status":"closed","template":"","meta":[],"product_brand":[],"product_cat":[1362],"product_tag":[],"class_list":{"0":"post-8253","1":"product","2":"type-product","3":"status-publish","4":"has-post-thumbnail","6":"product_author-urbano-lugris-es","7":"product_cat-carteles-historicos","9":"first","10":"instock","11":"taxable","12":"shipping-taxable","13":"purchasable","14":"product-type-simple"},"yoast_head":"<!-- This site is optimized with the Yoast SEO plugin v27.3 - https:\/\/yoast.com\/product\/yoast-seo-wordpress\/ -->\n<title>Urbano Lugr\u00eds en &quot;Vida Gallega&quot;: las cinco portadas hist\u00f3ricas - Alvarellos Editora<\/title>\n<meta name=\"description\" content=\"Urbano Lugr\u00eds en &quot;Vida Gallega&quot;: las cinco portadas hist\u00f3ricas. C\u00f3mprao na tenda en li\u00f1a de Alvarellos Editora.\" \/>\n<meta name=\"robots\" content=\"index, follow, max-snippet:-1, max-image-preview:large, max-video-preview:-1\" \/>\n<link rel=\"canonical\" href=\"https:\/\/alvarelloseditora.gal\/es\/libro\/urbano-lugris-en-vida-gallega-as-portadas-historicas\/\" \/>\n<meta property=\"og:locale\" content=\"es_ES\" \/>\n<meta property=\"og:type\" content=\"article\" \/>\n<meta property=\"og:title\" content=\"Urbano Lugr\u00eds en &quot;Vida Gallega&quot;: las cinco portadas hist\u00f3ricas - Alvarellos Editora\" \/>\n<meta property=\"og:description\" content=\"Urbano Lugr\u00eds en &quot;Vida Gallega&quot;: las cinco portadas hist\u00f3ricas. C\u00f3mprao na tenda en li\u00f1a de Alvarellos Editora.\" \/>\n<meta property=\"og:url\" content=\"https:\/\/alvarelloseditora.gal\/es\/libro\/urbano-lugris-en-vida-gallega-as-portadas-historicas\/\" \/>\n<meta property=\"og:site_name\" content=\"Alvarellos Editora\" \/>\n<meta property=\"article:publisher\" content=\"https:\/\/www.facebook.com\/alvarelloseditora\" \/>\n<meta property=\"article:modified_time\" content=\"2023-04-11T11:32:29+00:00\" \/>\n<meta property=\"og:image\" content=\"https:\/\/alvarelloseditora.gal\/wp-content\/uploads\/2023\/03\/5-portadas-lugris-alvarellos-editora.jpg\" \/>\n\t<meta property=\"og:image:width\" content=\"922\" \/>\n\t<meta property=\"og:image:height\" content=\"874\" \/>\n\t<meta property=\"og:image:type\" content=\"image\/jpeg\" \/>\n<meta name=\"twitter:card\" content=\"summary_large_image\" \/>\n<meta name=\"twitter:site\" content=\"@alvarellos_ed\" \/>\n<meta name=\"twitter:label1\" content=\"Tiempo de lectura\" \/>\n\t<meta name=\"twitter:data1\" content=\"1 minuto\" \/>\n<!-- \/ Yoast SEO plugin. -->","yoast_head_json":{"title":"Urbano Lugr\u00eds en \"Vida Gallega\": las cinco portadas hist\u00f3ricas - Alvarellos Editora","description":"Urbano Lugr\u00eds en \"Vida Gallega\": las cinco portadas hist\u00f3ricas. C\u00f3mprao na tenda en li\u00f1a de Alvarellos Editora.","robots":{"index":"index","follow":"follow","max-snippet":"max-snippet:-1","max-image-preview":"max-image-preview:large","max-video-preview":"max-video-preview:-1"},"canonical":"https:\/\/alvarelloseditora.gal\/es\/libro\/urbano-lugris-en-vida-gallega-as-portadas-historicas\/","og_locale":"es_ES","og_type":"article","og_title":"Urbano Lugr\u00eds en \"Vida Gallega\": las cinco portadas hist\u00f3ricas - Alvarellos Editora","og_description":"Urbano Lugr\u00eds en \"Vida Gallega\": las cinco portadas hist\u00f3ricas. C\u00f3mprao na tenda en li\u00f1a de Alvarellos Editora.","og_url":"https:\/\/alvarelloseditora.gal\/es\/libro\/urbano-lugris-en-vida-gallega-as-portadas-historicas\/","og_site_name":"Alvarellos Editora","article_publisher":"https:\/\/www.facebook.com\/alvarelloseditora","article_modified_time":"2023-04-11T11:32:29+00:00","og_image":[{"width":922,"height":874,"url":"https:\/\/alvarelloseditora.gal\/wp-content\/uploads\/2023\/03\/5-portadas-lugris-alvarellos-editora.jpg","type":"image\/jpeg"}],"twitter_card":"summary_large_image","twitter_site":"@alvarellos_ed","twitter_misc":{"Tiempo de lectura":"1 minuto"},"schema":{"@context":"https:\/\/schema.org","@graph":[{"@type":["WebPage","ItemPage"],"@id":"https:\/\/alvarelloseditora.gal\/es\/libro\/urbano-lugris-en-vida-gallega-as-portadas-historicas\/","url":"https:\/\/alvarelloseditora.gal\/es\/libro\/urbano-lugris-en-vida-gallega-as-portadas-historicas\/","name":"Urbano Lugr\u00eds en \"Vida Gallega\": las cinco portadas hist\u00f3ricas - Alvarellos Editora","isPartOf":{"@id":"https:\/\/alvarelloseditora.gal\/#website"},"primaryImageOfPage":{"@id":"https:\/\/alvarelloseditora.gal\/es\/libro\/urbano-lugris-en-vida-gallega-as-portadas-historicas\/#primaryimage"},"image":{"@id":"https:\/\/alvarelloseditora.gal\/es\/libro\/urbano-lugris-en-vida-gallega-as-portadas-historicas\/#primaryimage"},"thumbnailUrl":"https:\/\/alvarelloseditora.gal\/wp-content\/uploads\/2023\/03\/5-portadas-lugris-alvarellos-editora.jpg","datePublished":"2023-03-30T19:19:02+00:00","dateModified":"2023-04-11T11:32:29+00:00","description":"Urbano Lugr\u00eds en \"Vida Gallega\": las cinco portadas hist\u00f3ricas. C\u00f3mprao na tenda en li\u00f1a de Alvarellos Editora.","breadcrumb":{"@id":"https:\/\/alvarelloseditora.gal\/es\/libro\/urbano-lugris-en-vida-gallega-as-portadas-historicas\/#breadcrumb"},"inLanguage":"es","potentialAction":[{"@type":"ReadAction","target":["https:\/\/alvarelloseditora.gal\/es\/libro\/urbano-lugris-en-vida-gallega-as-portadas-historicas\/"]}]},{"@type":"ImageObject","inLanguage":"es","@id":"https:\/\/alvarelloseditora.gal\/es\/libro\/urbano-lugris-en-vida-gallega-as-portadas-historicas\/#primaryimage","url":"https:\/\/alvarelloseditora.gal\/wp-content\/uploads\/2023\/03\/5-portadas-lugris-alvarellos-editora.jpg","contentUrl":"https:\/\/alvarelloseditora.gal\/wp-content\/uploads\/2023\/03\/5-portadas-lugris-alvarellos-editora.jpg","width":922,"height":874},{"@type":"BreadcrumbList","@id":"https:\/\/alvarelloseditora.gal\/es\/libro\/urbano-lugris-en-vida-gallega-as-portadas-historicas\/#breadcrumb","itemListElement":[{"@type":"ListItem","position":1,"name":"Portada","item":"https:\/\/alvarelloseditora.gal\/"},{"@type":"ListItem","position":2,"name":"Tienda","item":"https:\/\/alvarelloseditora.gal\/es\/tienda\/"},{"@type":"ListItem","position":3,"name":"Urbano Lugr\u00eds en &#8220;Vida Gallega&#8221;: las cinco portadas hist\u00f3ricas"}]},{"@type":"WebSite","@id":"https:\/\/alvarelloseditora.gal\/#website","url":"https:\/\/alvarelloseditora.gal\/","name":"Alvarellos Editora","description":"Libros para un mundo en tr\u00e1nsito","publisher":{"@id":"https:\/\/alvarelloseditora.gal\/#organization"},"potentialAction":[{"@type":"SearchAction","target":{"@type":"EntryPoint","urlTemplate":"https:\/\/alvarelloseditora.gal\/?s={search_term_string}"},"query-input":{"@type":"PropertyValueSpecification","valueRequired":true,"valueName":"search_term_string"}}],"inLanguage":"es"},{"@type":"Organization","@id":"https:\/\/alvarelloseditora.gal\/#organization","name":"Alvarellos Editora","url":"https:\/\/alvarelloseditora.gal\/","logo":{"@type":"ImageObject","inLanguage":"es","@id":"https:\/\/alvarelloseditora.gal\/#\/schema\/logo\/image\/","url":"https:\/\/alvarelloseditora.gal\/wp-content\/uploads\/2020\/02\/alv-icon.png","contentUrl":"https:\/\/alvarelloseditora.gal\/wp-content\/uploads\/2020\/02\/alv-icon.png","width":177,"height":175,"caption":"Alvarellos Editora"},"image":{"@id":"https:\/\/alvarelloseditora.gal\/#\/schema\/logo\/image\/"},"sameAs":["https:\/\/www.facebook.com\/alvarelloseditora","https:\/\/x.com\/alvarellos_ed"]}]}},"_links":{"self":[{"href":"https:\/\/alvarelloseditora.gal\/es\/wp-json\/wp\/v2\/product\/8253","targetHints":{"allow":["GET"]}}],"collection":[{"href":"https:\/\/alvarelloseditora.gal\/es\/wp-json\/wp\/v2\/product"}],"about":[{"href":"https:\/\/alvarelloseditora.gal\/es\/wp-json\/wp\/v2\/types\/product"}],"replies":[{"embeddable":true,"href":"https:\/\/alvarelloseditora.gal\/es\/wp-json\/wp\/v2\/comments?post=8253"}],"wp:featuredmedia":[{"embeddable":true,"href":"https:\/\/alvarelloseditora.gal\/es\/wp-json\/wp\/v2\/media\/8252"}],"wp:attachment":[{"href":"https:\/\/alvarelloseditora.gal\/es\/wp-json\/wp\/v2\/media?parent=8253"}],"wp:term":[{"taxonomy":"product_brand","embeddable":true,"href":"https:\/\/alvarelloseditora.gal\/es\/wp-json\/wp\/v2\/product_brand?post=8253"},{"taxonomy":"product_cat","embeddable":true,"href":"https:\/\/alvarelloseditora.gal\/es\/wp-json\/wp\/v2\/product_cat?post=8253"},{"taxonomy":"product_tag","embeddable":true,"href":"https:\/\/alvarelloseditora.gal\/es\/wp-json\/wp\/v2\/product_tag?post=8253"}],"curies":[{"name":"wp","href":"https:\/\/api.w.org\/{rel}","templated":true}]}}