{"id":8205,"date":"2023-08-09T14:23:46","date_gmt":"2023-03-09T13:23:46","guid":{"rendered":"https:\/\/alvarelloseditora.gal\/book\/el-tren-de-rosalia-historia-del-primer-ferrocarril-gallego\/"},"modified":"2023-03-21T13:10:10","modified_gmt":"2023-03-21T12:10:10","slug":"el-tren-de-rosalia-historia-del-primer-ferrocarril-gallego","status":"publish","type":"product","link":"https:\/\/alvarelloseditora.gal\/es\/libro\/el-tren-de-rosalia-historia-del-primer-ferrocarril-gallego\/","title":{"rendered":"El tren de Rosal\u00eda. Historia del primer ferrocarril gallego"},"content":{"rendered":"<p>NOTA DE PRENSA<\/p>\n<p><a href=\"https:\/\/alvarelloseditora.gal\/wp-content\/uploads\/2023\/03\/NP_C_El_Tren_de_Rosalia_alvarellos_ed_2023.pdf\">NP_C_El_Tren_de_Rosal\u00eda_alvarellos_ed_2023<\/a><\/p>\n","protected":false},"excerpt":{"rendered":"<p>Tom\u00e1s Cavanna Benet<br \/>\nPr\u00f3logo:<br \/>\nSuso de Toro<br \/>\n&nbsp;<\/p>\n<p>224 pp . 20 x 19 cms.<br \/>\nISBN: 978-84-18567-36-0<br \/>\nImpreso en Papel FSC Amigo de los Bosques<br \/>\nLa incre\u00edble y sinuosa historia de la llegada del primer ferrocarril a Galicia en 1873<br \/>\n&nbsp;<\/p>\n<p>Cuando el 15 de septiembre de 1873 arranc\u00f3, desde la estaci\u00f3n Cornes (Conxo) \u2013al sur de Santiago de Compostela\u2013 el primer ferrocarril de Galicia, el vapor que la locomotora iba dejando a su paso, camino de Carril, parec\u00eda ir dibujando, en el aire, la incre\u00edble y tortuosa historia, llena de contratiempos, que se cuenta con todo detalle en esta obra, El tren de Rosal\u00eda (Alvarellos Editora-Consorcio de Santiago), del periodista Tom\u00e1s Cavanna Benet, prologada por el escritor y Premio Nacional de Narrativa, Suso de Toro.<\/p>\n<p>&nbsp;<\/p>\n<p>Una peripecia digna de un verdadero guion cinematogr\u00e1fico. Con final feliz, s\u00ed, incluida la gran fiesta de inauguraci\u00f3n de aquel lunes de hace 150 a\u00f1os, pero que arrastr\u00f3, en cada curva de la v\u00eda, todos los posibles problemas que uno se pueda imaginar&#8230;<\/p>\n<p>&nbsp;<\/p>\n<p>CONVERTIR SANTIAGO DE COMPOSTELA EN \u00abPUERTO DE MAR\u00bb<\/p>\n<p>La idea de convertir Santiago en \u00abpuerto de mar\u00bb hab\u00eda surgido dos d\u00e9cadas antes, en 1859, cuando ya los trenes circulaban por ejemplo por Barcelona, Madrid, Zaragoza, Alicante o Ir\u00fan. En Galicia, el contexto econ\u00f3mico era muy adverso y precisamente por esta raz\u00f3n, el tren vendr\u00eda \u2014dig\u00e1moslo en t\u00e9rminos ferroviarios\u2014a cambiar la aguja del pa\u00eds, a traer riqueza. As\u00ed lo pensaron los primeros actores de aquella haza\u00f1a: como el republicano Jos\u00e9 S\u00e1nchez Villamar\u00edn o el prestigioso ge\u00f3grafo Domingo Font\u00e1n.<\/p>\n<p>&nbsp;<\/p>\n<p>Pero todo ser\u00edan dificultades en su sue\u00f1o: falta de recursos (el fantasma de la quiebra plane\u00f3 continuamente sobre el proyecto), errores de c\u00e1lculo en la previsi\u00f3n de costes e, incluso, los grandes rentistas asustaban con bulos afirmando que el paso del tren dejar\u00eda a las vacas sin leche.<\/p>\n<p>&nbsp;<\/p>\n<p>ROSAL\u00cdA DE CASTRO Y EL FERROCARRIL<\/p>\n<p>Esta es pues la incre\u00edble historia de El tren de Rosal\u00eda. De Rosal\u00eda porque la gran poeta vivi\u00f3 sus a\u00f1os finales al pie de la estaci\u00f3n de Padr\u00f3n, y porque sus restos mortales realizaron en \u00e9l su \u00faltimo viaje en 1891, como bien relata en el pr\u00f3logo Suso de Toro.<\/p>\n<p>&nbsp;<\/p>\n<p>Tom\u00e1s Cavanna es un profundo conocedor de la historia que aqu\u00ed nos relata con la agilidad y el dato preciso del periodista sagaz. Su cr\u00f3nica, adem\u00e1s, est\u00e1 ilustrada con m\u00e1s de 130 im\u00e1genes y documentos muy desconocidos.<\/p>\n<p>&nbsp;<\/p>\n<p>Digamos pues, como el autor en sus primeras palabras: \u00abLectores, \u00a1al tren!\u00bb.<\/p>\n<p>&nbsp;<\/p>\n<p>&nbsp;<\/p>\n<p>&nbsp;<\/p>\n","protected":false},"featured_media":8200,"comment_status":"closed","ping_status":"closed","template":"","meta":[],"product_brand":[],"product_cat":[104],"product_tag":[1045],"class_list":{"0":"post-8205","1":"product","2":"type-product","3":"status-publish","4":"has-post-thumbnail","6":"product_author-tomas","7":"product_cat-ilustrada-es","8":"product_tag-santiago-de-compostela-y-el-camino","10":"first","11":"instock","12":"taxable","13":"shipping-taxable","14":"purchasable","15":"product-type-simple"},"yoast_head":"<!-- This site is optimized with the Yoast SEO plugin v27.3 - https:\/\/yoast.com\/product\/yoast-seo-wordpress\/ -->\n<title>El tren de Rosal\u00eda. Historia del primer ferrocarril gallego - Alvarellos Editora<\/title>\n<meta name=\"description\" content=\"El tren de Rosal\u00eda. Historia del primer ferrocarril gallego. C\u00f3mprao na tenda en li\u00f1a de Alvarellos Editora.\" \/>\n<meta name=\"robots\" content=\"index, follow, max-snippet:-1, max-image-preview:large, max-video-preview:-1\" \/>\n<link rel=\"canonical\" href=\"https:\/\/alvarelloseditora.gal\/es\/libro\/el-tren-de-rosalia-historia-del-primer-ferrocarril-gallego\/\" \/>\n<meta property=\"og:locale\" content=\"es_ES\" \/>\n<meta property=\"og:type\" content=\"article\" \/>\n<meta property=\"og:title\" content=\"El tren de Rosal\u00eda. Historia del primer ferrocarril gallego - Alvarellos Editora\" \/>\n<meta property=\"og:description\" content=\"El tren de Rosal\u00eda. Historia del primer ferrocarril gallego. C\u00f3mprao na tenda en li\u00f1a de Alvarellos Editora.\" \/>\n<meta property=\"og:url\" content=\"https:\/\/alvarelloseditora.gal\/es\/libro\/el-tren-de-rosalia-historia-del-primer-ferrocarril-gallego\/\" \/>\n<meta property=\"og:site_name\" content=\"Alvarellos Editora\" \/>\n<meta property=\"article:publisher\" content=\"https:\/\/www.facebook.com\/alvarelloseditora\" \/>\n<meta property=\"article:modified_time\" content=\"2023-03-21T12:10:10+00:00\" \/>\n<meta property=\"og:image\" content=\"https:\/\/alvarelloseditora.gal\/wp-content\/uploads\/2023\/03\/9788418567360_ELTRENDEROSALIA.jpg\" \/>\n\t<meta property=\"og:image:width\" content=\"2377\" \/>\n\t<meta property=\"og:image:height\" content=\"2251\" \/>\n\t<meta property=\"og:image:type\" content=\"image\/jpeg\" \/>\n<meta name=\"twitter:card\" content=\"summary_large_image\" \/>\n<meta name=\"twitter:site\" content=\"@alvarellos_ed\" \/>\n<meta name=\"twitter:label1\" content=\"Tiempo de lectura\" \/>\n\t<meta name=\"twitter:data1\" content=\"1 minuto\" \/>\n<!-- \/ Yoast SEO plugin. -->","yoast_head_json":{"title":"El tren de Rosal\u00eda. Historia del primer ferrocarril gallego - Alvarellos Editora","description":"El tren de Rosal\u00eda. Historia del primer ferrocarril gallego. C\u00f3mprao na tenda en li\u00f1a de Alvarellos Editora.","robots":{"index":"index","follow":"follow","max-snippet":"max-snippet:-1","max-image-preview":"max-image-preview:large","max-video-preview":"max-video-preview:-1"},"canonical":"https:\/\/alvarelloseditora.gal\/es\/libro\/el-tren-de-rosalia-historia-del-primer-ferrocarril-gallego\/","og_locale":"es_ES","og_type":"article","og_title":"El tren de Rosal\u00eda. Historia del primer ferrocarril gallego - Alvarellos Editora","og_description":"El tren de Rosal\u00eda. Historia del primer ferrocarril gallego. C\u00f3mprao na tenda en li\u00f1a de Alvarellos Editora.","og_url":"https:\/\/alvarelloseditora.gal\/es\/libro\/el-tren-de-rosalia-historia-del-primer-ferrocarril-gallego\/","og_site_name":"Alvarellos Editora","article_publisher":"https:\/\/www.facebook.com\/alvarelloseditora","article_modified_time":"2023-03-21T12:10:10+00:00","og_image":[{"width":2377,"height":2251,"url":"https:\/\/alvarelloseditora.gal\/wp-content\/uploads\/2023\/03\/9788418567360_ELTRENDEROSALIA.jpg","type":"image\/jpeg"}],"twitter_card":"summary_large_image","twitter_site":"@alvarellos_ed","twitter_misc":{"Tiempo de lectura":"1 minuto"},"schema":{"@context":"https:\/\/schema.org","@graph":[{"@type":["WebPage","ItemPage"],"@id":"https:\/\/alvarelloseditora.gal\/es\/libro\/el-tren-de-rosalia-historia-del-primer-ferrocarril-gallego\/","url":"https:\/\/alvarelloseditora.gal\/es\/libro\/el-tren-de-rosalia-historia-del-primer-ferrocarril-gallego\/","name":"El tren de Rosal\u00eda. Historia del primer ferrocarril gallego - Alvarellos Editora","isPartOf":{"@id":"https:\/\/alvarelloseditora.gal\/#website"},"primaryImageOfPage":{"@id":"https:\/\/alvarelloseditora.gal\/es\/libro\/el-tren-de-rosalia-historia-del-primer-ferrocarril-gallego\/#primaryimage"},"image":{"@id":"https:\/\/alvarelloseditora.gal\/es\/libro\/el-tren-de-rosalia-historia-del-primer-ferrocarril-gallego\/#primaryimage"},"thumbnailUrl":"https:\/\/alvarelloseditora.gal\/wp-content\/uploads\/2023\/03\/9788418567360_ELTRENDEROSALIA.jpg","datePublished":"2023-03-09T13:23:46+00:00","dateModified":"2023-03-21T12:10:10+00:00","description":"El tren de Rosal\u00eda. Historia del primer ferrocarril gallego. C\u00f3mprao na tenda en li\u00f1a de Alvarellos Editora.","breadcrumb":{"@id":"https:\/\/alvarelloseditora.gal\/es\/libro\/el-tren-de-rosalia-historia-del-primer-ferrocarril-gallego\/#breadcrumb"},"inLanguage":"es","potentialAction":[{"@type":"ReadAction","target":["https:\/\/alvarelloseditora.gal\/es\/libro\/el-tren-de-rosalia-historia-del-primer-ferrocarril-gallego\/"]}]},{"@type":"ImageObject","inLanguage":"es","@id":"https:\/\/alvarelloseditora.gal\/es\/libro\/el-tren-de-rosalia-historia-del-primer-ferrocarril-gallego\/#primaryimage","url":"https:\/\/alvarelloseditora.gal\/wp-content\/uploads\/2023\/03\/9788418567360_ELTRENDEROSALIA.jpg","contentUrl":"https:\/\/alvarelloseditora.gal\/wp-content\/uploads\/2023\/03\/9788418567360_ELTRENDEROSALIA.jpg","width":2377,"height":2251},{"@type":"BreadcrumbList","@id":"https:\/\/alvarelloseditora.gal\/es\/libro\/el-tren-de-rosalia-historia-del-primer-ferrocarril-gallego\/#breadcrumb","itemListElement":[{"@type":"ListItem","position":1,"name":"Portada","item":"https:\/\/alvarelloseditora.gal\/"},{"@type":"ListItem","position":2,"name":"Tienda","item":"https:\/\/alvarelloseditora.gal\/es\/tienda\/"},{"@type":"ListItem","position":3,"name":"El tren de Rosal\u00eda. Historia del primer ferrocarril gallego"}]},{"@type":"WebSite","@id":"https:\/\/alvarelloseditora.gal\/#website","url":"https:\/\/alvarelloseditora.gal\/","name":"Alvarellos Editora","description":"Libros para un mundo en tr\u00e1nsito","publisher":{"@id":"https:\/\/alvarelloseditora.gal\/#organization"},"potentialAction":[{"@type":"SearchAction","target":{"@type":"EntryPoint","urlTemplate":"https:\/\/alvarelloseditora.gal\/?s={search_term_string}"},"query-input":{"@type":"PropertyValueSpecification","valueRequired":true,"valueName":"search_term_string"}}],"inLanguage":"es"},{"@type":"Organization","@id":"https:\/\/alvarelloseditora.gal\/#organization","name":"Alvarellos Editora","url":"https:\/\/alvarelloseditora.gal\/","logo":{"@type":"ImageObject","inLanguage":"es","@id":"https:\/\/alvarelloseditora.gal\/#\/schema\/logo\/image\/","url":"https:\/\/alvarelloseditora.gal\/wp-content\/uploads\/2020\/02\/alv-icon.png","contentUrl":"https:\/\/alvarelloseditora.gal\/wp-content\/uploads\/2020\/02\/alv-icon.png","width":177,"height":175,"caption":"Alvarellos Editora"},"image":{"@id":"https:\/\/alvarelloseditora.gal\/#\/schema\/logo\/image\/"},"sameAs":["https:\/\/www.facebook.com\/alvarelloseditora","https:\/\/x.com\/alvarellos_ed"]}]}},"_links":{"self":[{"href":"https:\/\/alvarelloseditora.gal\/es\/wp-json\/wp\/v2\/product\/8205","targetHints":{"allow":["GET"]}}],"collection":[{"href":"https:\/\/alvarelloseditora.gal\/es\/wp-json\/wp\/v2\/product"}],"about":[{"href":"https:\/\/alvarelloseditora.gal\/es\/wp-json\/wp\/v2\/types\/product"}],"replies":[{"embeddable":true,"href":"https:\/\/alvarelloseditora.gal\/es\/wp-json\/wp\/v2\/comments?post=8205"}],"wp:featuredmedia":[{"embeddable":true,"href":"https:\/\/alvarelloseditora.gal\/es\/wp-json\/wp\/v2\/media\/8200"}],"wp:attachment":[{"href":"https:\/\/alvarelloseditora.gal\/es\/wp-json\/wp\/v2\/media?parent=8205"}],"wp:term":[{"taxonomy":"product_brand","embeddable":true,"href":"https:\/\/alvarelloseditora.gal\/es\/wp-json\/wp\/v2\/product_brand?post=8205"},{"taxonomy":"product_cat","embeddable":true,"href":"https:\/\/alvarelloseditora.gal\/es\/wp-json\/wp\/v2\/product_cat?post=8205"},{"taxonomy":"product_tag","embeddable":true,"href":"https:\/\/alvarelloseditora.gal\/es\/wp-json\/wp\/v2\/product_tag?post=8205"}],"curies":[{"name":"wp","href":"https:\/\/api.w.org\/{rel}","templated":true}]}}