{"id":8163,"date":"2023-02-27T13:33:46","date_gmt":"2023-02-27T12:33:46","guid":{"rendered":"https:\/\/alvarelloseditora.gal\/book\/irmas-oito-dialogos-contra-a-desmemoria\/"},"modified":"2023-02-27T13:45:44","modified_gmt":"2023-02-27T12:45:44","slug":"irmas-oito-dialogos-contra-a-desmemoria","status":"publish","type":"product","link":"https:\/\/alvarelloseditora.gal\/es\/libro\/irmas-oito-dialogos-contra-a-desmemoria\/","title":{"rendered":"IRM\u00c1S. Oito di\u00e1logos contra a desmemoria"},"content":{"rendered":"","protected":false},"excerpt":{"rendered":"<p>Eil\u00fan Del Pazo Moa<br \/>\nBeatriz Dourado<br \/>\nCecilia F. Santom\u00e9<br \/>\nM\u00edriam Ferrad\u00e1ns<br \/>\nRochi N\u00f3voa V\u00e1zquez<br \/>\nPatricia Torrado Queiruga<br \/>\nLupe Bao<br \/>\nTamara Andr\u00e9s<br \/>\n&nbsp;<\/p>\n<p>68 pp . 14 x 21 cms.<br \/>\nISBN: 978-84-18567-39-1<br \/>\nImpreso en papel FSC Amigo de los Bosques<\/p>\n<p>&nbsp;<br \/>\nEl homenaje de ocho autoras gallegas actuales a las mujeres silenciadas de las Irmandades da Fala (1916-1936)<br \/>\n&nbsp;<\/p>\n<p>NOTA DE PRENSA: NP_C_Irm\u00e1s_alvarellos-ed_2023<\/p>\n<p>&nbsp;<\/p>\n<p>Ocho escritoras actuales rinden homenaje a algunas de las mujeres m\u00e1s destacadas en la Galicia del per\u00edodo 1916-1936. Mujeres que, desde luego, no corrieron la misma suerte que sus contempor\u00e1neos, hombres, que s\u00ed permanecer\u00edan en las p\u00e1ginas de nuestra Historia formando parte de las conocidas como Irmandades da Fala.<\/p>\n<p>&nbsp;<\/p>\n<p>A trav\u00e9s de poemas, relatos o ilustraciones, en Irm\u00e1s. Oito di\u00e1logos contra a desmemoria confluye la mirada de ocho mujeres del pasado y ocho del presente.<\/p>\n<p>&nbsp;<\/p>\n<p>Este volume surge a partir del \u00abProxecto Irm\u00e1s\u00bb, impulsado por Culturalia GZ, la entidad que comanda el escritor y activista cultural Marti\u00f1o Maseda y la presente publicaci\u00f3n est\u00e1 coordinada por la tambi\u00e9n escritora, y docente, Beatriz Dourado.<\/p>\n<p>&nbsp;<\/p>\n<p>Las Irm\u00e1s reinvidicadas son: Amalia \u00c1lvarez, Olimpia Valencia, Mar\u00eda Luz Morales, Mar\u00eda Miramontes, Elvira Bao, Jacinta Landa, Amparo L\u00f3pez Jean y\u00a0Teruca Bouza.<\/p>\n<p>&nbsp;<\/p>\n<p>Sobre ellas, escriben:<br \/>\nEil\u00fan Del Pazo Moa, Beatriz Dourado, Cecilia F. Santom\u00e9, M\u00edriam Ferrad\u00e1ns, Rochi N\u00f3voa V\u00e1zquez, Patricia Torrado Queiruga, Lupe Bao, Tamara Andr\u00e9s<\/p>\n<p>&nbsp;<\/p>\n<p>Este volumen incluye im\u00e1genes y una biograf\u00eda de cada una de las mujeres reivindicadas.<\/p>\n<p>&nbsp;<\/p>\n<p>La portada est\u00e1 ilustrada por Adolfina Mesa.<\/p>\n<p>&nbsp;<\/p>\n<p>&nbsp;<\/p>\n<p>&nbsp;<\/p>\n","protected":false},"featured_media":8156,"comment_status":"closed","ping_status":"closed","template":"","meta":[],"product_brand":[],"product_cat":[106],"product_tag":[],"class_list":{"0":"post-8163","1":"product","2":"type-product","3":"status-publish","4":"has-post-thumbnail","6":"product_cat-libros-do-sarela-es","8":"first","9":"instock","10":"taxable","11":"shipping-taxable","12":"purchasable","13":"product-type-simple"},"yoast_head":"<!-- This site is optimized with the Yoast SEO plugin v27.3 - https:\/\/yoast.com\/product\/yoast-seo-wordpress\/ -->\n<title>IRM\u00c1S. Oito di\u00e1logos contra a desmemoria - Alvarellos Editora<\/title>\n<meta name=\"description\" content=\"IRM\u00c1S. Oito di\u00e1logos contra a desmemoria. C\u00f3mprao na tenda en li\u00f1a de Alvarellos Editora.\" \/>\n<meta name=\"robots\" content=\"index, follow, max-snippet:-1, max-image-preview:large, max-video-preview:-1\" \/>\n<link rel=\"canonical\" href=\"https:\/\/alvarelloseditora.gal\/es\/libro\/irmas-oito-dialogos-contra-a-desmemoria\/\" \/>\n<meta property=\"og:locale\" content=\"es_ES\" \/>\n<meta property=\"og:type\" content=\"article\" \/>\n<meta property=\"og:title\" content=\"IRM\u00c1S. Oito di\u00e1logos contra a desmemoria - Alvarellos Editora\" \/>\n<meta property=\"og:description\" content=\"IRM\u00c1S. Oito di\u00e1logos contra a desmemoria. C\u00f3mprao na tenda en li\u00f1a de Alvarellos Editora.\" \/>\n<meta property=\"og:url\" content=\"https:\/\/alvarelloseditora.gal\/es\/libro\/irmas-oito-dialogos-contra-a-desmemoria\/\" \/>\n<meta property=\"og:site_name\" content=\"Alvarellos Editora\" \/>\n<meta property=\"article:publisher\" content=\"https:\/\/www.facebook.com\/alvarelloseditora\" \/>\n<meta property=\"article:modified_time\" content=\"2023-02-27T12:45:44+00:00\" \/>\n<meta property=\"og:image\" content=\"https:\/\/alvarelloseditora.gal\/wp-content\/uploads\/2023\/02\/9788418567391irmas-scaled.jpg\" \/>\n\t<meta property=\"og:image:width\" content=\"1676\" \/>\n\t<meta property=\"og:image:height\" content=\"2560\" \/>\n\t<meta property=\"og:image:type\" content=\"image\/jpeg\" \/>\n<meta name=\"twitter:card\" content=\"summary_large_image\" \/>\n<meta name=\"twitter:site\" content=\"@alvarellos_ed\" \/>\n<!-- \/ Yoast SEO plugin. -->","yoast_head_json":{"title":"IRM\u00c1S. Oito di\u00e1logos contra a desmemoria - Alvarellos Editora","description":"IRM\u00c1S. Oito di\u00e1logos contra a desmemoria. C\u00f3mprao na tenda en li\u00f1a de Alvarellos Editora.","robots":{"index":"index","follow":"follow","max-snippet":"max-snippet:-1","max-image-preview":"max-image-preview:large","max-video-preview":"max-video-preview:-1"},"canonical":"https:\/\/alvarelloseditora.gal\/es\/libro\/irmas-oito-dialogos-contra-a-desmemoria\/","og_locale":"es_ES","og_type":"article","og_title":"IRM\u00c1S. Oito di\u00e1logos contra a desmemoria - Alvarellos Editora","og_description":"IRM\u00c1S. Oito di\u00e1logos contra a desmemoria. C\u00f3mprao na tenda en li\u00f1a de Alvarellos Editora.","og_url":"https:\/\/alvarelloseditora.gal\/es\/libro\/irmas-oito-dialogos-contra-a-desmemoria\/","og_site_name":"Alvarellos Editora","article_publisher":"https:\/\/www.facebook.com\/alvarelloseditora","article_modified_time":"2023-02-27T12:45:44+00:00","og_image":[{"width":1676,"height":2560,"url":"https:\/\/alvarelloseditora.gal\/wp-content\/uploads\/2023\/02\/9788418567391irmas-scaled.jpg","type":"image\/jpeg"}],"twitter_card":"summary_large_image","twitter_site":"@alvarellos_ed","schema":{"@context":"https:\/\/schema.org","@graph":[{"@type":["WebPage","ItemPage"],"@id":"https:\/\/alvarelloseditora.gal\/es\/libro\/irmas-oito-dialogos-contra-a-desmemoria\/","url":"https:\/\/alvarelloseditora.gal\/es\/libro\/irmas-oito-dialogos-contra-a-desmemoria\/","name":"IRM\u00c1S. Oito di\u00e1logos contra a desmemoria - Alvarellos Editora","isPartOf":{"@id":"https:\/\/alvarelloseditora.gal\/#website"},"primaryImageOfPage":{"@id":"https:\/\/alvarelloseditora.gal\/es\/libro\/irmas-oito-dialogos-contra-a-desmemoria\/#primaryimage"},"image":{"@id":"https:\/\/alvarelloseditora.gal\/es\/libro\/irmas-oito-dialogos-contra-a-desmemoria\/#primaryimage"},"thumbnailUrl":"https:\/\/alvarelloseditora.gal\/wp-content\/uploads\/2023\/02\/9788418567391irmas-scaled.jpg","datePublished":"2023-02-27T12:33:46+00:00","dateModified":"2023-02-27T12:45:44+00:00","description":"IRM\u00c1S. Oito di\u00e1logos contra a desmemoria. C\u00f3mprao na tenda en li\u00f1a de Alvarellos Editora.","breadcrumb":{"@id":"https:\/\/alvarelloseditora.gal\/es\/libro\/irmas-oito-dialogos-contra-a-desmemoria\/#breadcrumb"},"inLanguage":"es","potentialAction":[{"@type":"ReadAction","target":["https:\/\/alvarelloseditora.gal\/es\/libro\/irmas-oito-dialogos-contra-a-desmemoria\/"]}]},{"@type":"ImageObject","inLanguage":"es","@id":"https:\/\/alvarelloseditora.gal\/es\/libro\/irmas-oito-dialogos-contra-a-desmemoria\/#primaryimage","url":"https:\/\/alvarelloseditora.gal\/wp-content\/uploads\/2023\/02\/9788418567391irmas-scaled.jpg","contentUrl":"https:\/\/alvarelloseditora.gal\/wp-content\/uploads\/2023\/02\/9788418567391irmas-scaled.jpg","width":1676,"height":2560},{"@type":"BreadcrumbList","@id":"https:\/\/alvarelloseditora.gal\/es\/libro\/irmas-oito-dialogos-contra-a-desmemoria\/#breadcrumb","itemListElement":[{"@type":"ListItem","position":1,"name":"Portada","item":"https:\/\/alvarelloseditora.gal\/"},{"@type":"ListItem","position":2,"name":"Tienda","item":"https:\/\/alvarelloseditora.gal\/es\/tienda\/"},{"@type":"ListItem","position":3,"name":"IRM\u00c1S. Oito di\u00e1logos contra a desmemoria"}]},{"@type":"WebSite","@id":"https:\/\/alvarelloseditora.gal\/#website","url":"https:\/\/alvarelloseditora.gal\/","name":"Alvarellos Editora","description":"Libros para un mundo en tr\u00e1nsito","publisher":{"@id":"https:\/\/alvarelloseditora.gal\/#organization"},"potentialAction":[{"@type":"SearchAction","target":{"@type":"EntryPoint","urlTemplate":"https:\/\/alvarelloseditora.gal\/?s={search_term_string}"},"query-input":{"@type":"PropertyValueSpecification","valueRequired":true,"valueName":"search_term_string"}}],"inLanguage":"es"},{"@type":"Organization","@id":"https:\/\/alvarelloseditora.gal\/#organization","name":"Alvarellos Editora","url":"https:\/\/alvarelloseditora.gal\/","logo":{"@type":"ImageObject","inLanguage":"es","@id":"https:\/\/alvarelloseditora.gal\/#\/schema\/logo\/image\/","url":"https:\/\/alvarelloseditora.gal\/wp-content\/uploads\/2020\/02\/alv-icon.png","contentUrl":"https:\/\/alvarelloseditora.gal\/wp-content\/uploads\/2020\/02\/alv-icon.png","width":177,"height":175,"caption":"Alvarellos Editora"},"image":{"@id":"https:\/\/alvarelloseditora.gal\/#\/schema\/logo\/image\/"},"sameAs":["https:\/\/www.facebook.com\/alvarelloseditora","https:\/\/x.com\/alvarellos_ed"]}]}},"_links":{"self":[{"href":"https:\/\/alvarelloseditora.gal\/es\/wp-json\/wp\/v2\/product\/8163","targetHints":{"allow":["GET"]}}],"collection":[{"href":"https:\/\/alvarelloseditora.gal\/es\/wp-json\/wp\/v2\/product"}],"about":[{"href":"https:\/\/alvarelloseditora.gal\/es\/wp-json\/wp\/v2\/types\/product"}],"replies":[{"embeddable":true,"href":"https:\/\/alvarelloseditora.gal\/es\/wp-json\/wp\/v2\/comments?post=8163"}],"wp:featuredmedia":[{"embeddable":true,"href":"https:\/\/alvarelloseditora.gal\/es\/wp-json\/wp\/v2\/media\/8156"}],"wp:attachment":[{"href":"https:\/\/alvarelloseditora.gal\/es\/wp-json\/wp\/v2\/media?parent=8163"}],"wp:term":[{"taxonomy":"product_brand","embeddable":true,"href":"https:\/\/alvarelloseditora.gal\/es\/wp-json\/wp\/v2\/product_brand?post=8163"},{"taxonomy":"product_cat","embeddable":true,"href":"https:\/\/alvarelloseditora.gal\/es\/wp-json\/wp\/v2\/product_cat?post=8163"},{"taxonomy":"product_tag","embeddable":true,"href":"https:\/\/alvarelloseditora.gal\/es\/wp-json\/wp\/v2\/product_tag?post=8163"}],"curies":[{"name":"wp","href":"https:\/\/api.w.org\/{rel}","templated":true}]}}