{"id":8129,"date":"2023-02-16T20:38:48","date_gmt":"2023-02-16T19:38:48","guid":{"rendered":"https:\/\/alvarelloseditora.gal\/book\/as-feridas-dun-amor-efemero\/"},"modified":"2023-02-16T20:53:01","modified_gmt":"2023-02-16T19:53:01","slug":"as-feridas-dun-amor-efemero","status":"publish","type":"product","link":"https:\/\/alvarelloseditora.gal\/es\/libro\/as-feridas-dun-amor-efemero\/","title":{"rendered":"As feridas dun amor ef\u00e9mero"},"content":{"rendered":"<p>Nota de Prensa: <a href=\"https:\/\/alvarelloseditora.gal\/wp-content\/uploads\/2023\/02\/NP_C_As-Feridas-Vilalba_Alvarellos-Ed-2023.pdf\">NP_C_As-Feridas-Vilalba_Alvarellos-Ed-2023<\/a><\/p>\n","protected":false},"excerpt":{"rendered":"<p>Sue Cama\u00f1o<br \/>\n56 pp . 14 x 21 cms.<br \/>\nISBN: 978-84-18567-38-4<br \/>\nImpreso en Papel Amigo de los Bosques<br \/>\nUnha nova voz po\u00e9tica que se alzou en 2022 co Premio de Poes\u00eda do Concello de Vilalba<br \/>\n&nbsp;<\/p>\n<p>&nbsp;<\/p>\n<p>NP_C_As-Feridas-Vilalba_Alvarellos-Ed-2023<\/p>\n<p>As feridas dun amor ef\u00e9mero es el t\u00edtulo del primer libro de Sue Cama\u00f1o, una nueva voz po\u00e9tica que se alz\u00f3 en 2022 con el Premio de Poes\u00eda del Concello de Vilalba (Lugo) y que ahora publicamos en nuestra colecci\u00f3n Libros do Sarela de Alvarellos Editora.<\/p>\n<p>&nbsp;<\/p>\n<p>La obra, ilustrada por Diego Estebo, compiti\u00f3 con otras cien presentadas a este hist\u00f3rico Premio, que en 2022 alcanz\u00f3 su edici\u00f3n n\u00ba 48.<\/p>\n<p>&nbsp;<\/p>\n<p>En palabras de su autora, su \u00f3pera prima \u00abaspira a ser, por una parte, un homenaje a los cl\u00e1sicos de la poes\u00eda y de la literatura universal que marcaron mi vida: desde las cantigas de amigo a Garcilaso, Rosal\u00eda Lorca o Emily Dickinson. Con ellos como inspiraci\u00f3n, quise reelaborar esos grandes temas que llevan protagonizando la creaci\u00f3n escrita desde sus or\u00edgenes: la muerte, el desamor o la angustia existencial\u00bb.<\/p>\n","protected":false},"featured_media":8124,"comment_status":"closed","ping_status":"closed","template":"","meta":[],"product_brand":[],"product_cat":[106],"product_tag":[],"class_list":{"0":"post-8129","1":"product","2":"type-product","3":"status-publish","4":"has-post-thumbnail","6":"product_author-sue-camano-es","7":"product_cat-libros-do-sarela-es","9":"first","10":"instock","11":"taxable","12":"shipping-taxable","13":"purchasable","14":"product-type-simple"},"yoast_head":"<!-- This site is optimized with the Yoast SEO plugin v27.3 - https:\/\/yoast.com\/product\/yoast-seo-wordpress\/ -->\n<title>As feridas dun amor ef\u00e9mero - Alvarellos Editora<\/title>\n<meta name=\"description\" content=\"As feridas dun amor ef\u00e9mero. C\u00f3mprao na tenda en li\u00f1a de Alvarellos Editora.\" \/>\n<meta name=\"robots\" content=\"index, follow, max-snippet:-1, max-image-preview:large, max-video-preview:-1\" \/>\n<link rel=\"canonical\" href=\"https:\/\/alvarelloseditora.gal\/es\/libro\/as-feridas-dun-amor-efemero\/\" \/>\n<meta property=\"og:locale\" content=\"es_ES\" \/>\n<meta property=\"og:type\" content=\"article\" \/>\n<meta property=\"og:title\" content=\"As feridas dun amor ef\u00e9mero - Alvarellos Editora\" \/>\n<meta property=\"og:description\" content=\"As feridas dun amor ef\u00e9mero. C\u00f3mprao na tenda en li\u00f1a de Alvarellos Editora.\" \/>\n<meta property=\"og:url\" content=\"https:\/\/alvarelloseditora.gal\/es\/libro\/as-feridas-dun-amor-efemero\/\" \/>\n<meta property=\"og:site_name\" content=\"Alvarellos Editora\" \/>\n<meta property=\"article:publisher\" content=\"https:\/\/www.facebook.com\/alvarelloseditora\" \/>\n<meta property=\"article:modified_time\" content=\"2023-02-16T19:53:01+00:00\" \/>\n<meta property=\"og:image\" content=\"https:\/\/alvarelloseditora.gal\/wp-content\/uploads\/2023\/02\/9788418567384-As-feridas-dun-amor-efemero-capa-libro-alvarellos-editora-2023.jpg\" \/>\n\t<meta property=\"og:image:width\" content=\"561\" \/>\n\t<meta property=\"og:image:height\" content=\"827\" \/>\n\t<meta property=\"og:image:type\" content=\"image\/jpeg\" \/>\n<meta name=\"twitter:card\" content=\"summary_large_image\" \/>\n<meta name=\"twitter:site\" content=\"@alvarellos_ed\" \/>\n<meta name=\"twitter:label1\" content=\"Tiempo de lectura\" \/>\n\t<meta name=\"twitter:data1\" content=\"1 minuto\" \/>\n<!-- \/ Yoast SEO plugin. -->","yoast_head_json":{"title":"As feridas dun amor ef\u00e9mero - Alvarellos Editora","description":"As feridas dun amor ef\u00e9mero. C\u00f3mprao na tenda en li\u00f1a de Alvarellos Editora.","robots":{"index":"index","follow":"follow","max-snippet":"max-snippet:-1","max-image-preview":"max-image-preview:large","max-video-preview":"max-video-preview:-1"},"canonical":"https:\/\/alvarelloseditora.gal\/es\/libro\/as-feridas-dun-amor-efemero\/","og_locale":"es_ES","og_type":"article","og_title":"As feridas dun amor ef\u00e9mero - Alvarellos Editora","og_description":"As feridas dun amor ef\u00e9mero. C\u00f3mprao na tenda en li\u00f1a de Alvarellos Editora.","og_url":"https:\/\/alvarelloseditora.gal\/es\/libro\/as-feridas-dun-amor-efemero\/","og_site_name":"Alvarellos Editora","article_publisher":"https:\/\/www.facebook.com\/alvarelloseditora","article_modified_time":"2023-02-16T19:53:01+00:00","og_image":[{"width":561,"height":827,"url":"https:\/\/alvarelloseditora.gal\/wp-content\/uploads\/2023\/02\/9788418567384-As-feridas-dun-amor-efemero-capa-libro-alvarellos-editora-2023.jpg","type":"image\/jpeg"}],"twitter_card":"summary_large_image","twitter_site":"@alvarellos_ed","twitter_misc":{"Tiempo de lectura":"1 minuto"},"schema":{"@context":"https:\/\/schema.org","@graph":[{"@type":["WebPage","ItemPage"],"@id":"https:\/\/alvarelloseditora.gal\/es\/libro\/as-feridas-dun-amor-efemero\/","url":"https:\/\/alvarelloseditora.gal\/es\/libro\/as-feridas-dun-amor-efemero\/","name":"As feridas dun amor ef\u00e9mero - Alvarellos Editora","isPartOf":{"@id":"https:\/\/alvarelloseditora.gal\/#website"},"primaryImageOfPage":{"@id":"https:\/\/alvarelloseditora.gal\/es\/libro\/as-feridas-dun-amor-efemero\/#primaryimage"},"image":{"@id":"https:\/\/alvarelloseditora.gal\/es\/libro\/as-feridas-dun-amor-efemero\/#primaryimage"},"thumbnailUrl":"https:\/\/alvarelloseditora.gal\/wp-content\/uploads\/2023\/02\/9788418567384-As-feridas-dun-amor-efemero-capa-libro-alvarellos-editora-2023.jpg","datePublished":"2023-02-16T19:38:48+00:00","dateModified":"2023-02-16T19:53:01+00:00","description":"As feridas dun amor ef\u00e9mero. C\u00f3mprao na tenda en li\u00f1a de Alvarellos Editora.","breadcrumb":{"@id":"https:\/\/alvarelloseditora.gal\/es\/libro\/as-feridas-dun-amor-efemero\/#breadcrumb"},"inLanguage":"es","potentialAction":[{"@type":"ReadAction","target":["https:\/\/alvarelloseditora.gal\/es\/libro\/as-feridas-dun-amor-efemero\/"]}]},{"@type":"ImageObject","inLanguage":"es","@id":"https:\/\/alvarelloseditora.gal\/es\/libro\/as-feridas-dun-amor-efemero\/#primaryimage","url":"https:\/\/alvarelloseditora.gal\/wp-content\/uploads\/2023\/02\/9788418567384-As-feridas-dun-amor-efemero-capa-libro-alvarellos-editora-2023.jpg","contentUrl":"https:\/\/alvarelloseditora.gal\/wp-content\/uploads\/2023\/02\/9788418567384-As-feridas-dun-amor-efemero-capa-libro-alvarellos-editora-2023.jpg","width":561,"height":827},{"@type":"BreadcrumbList","@id":"https:\/\/alvarelloseditora.gal\/es\/libro\/as-feridas-dun-amor-efemero\/#breadcrumb","itemListElement":[{"@type":"ListItem","position":1,"name":"Portada","item":"https:\/\/alvarelloseditora.gal\/"},{"@type":"ListItem","position":2,"name":"Tienda","item":"https:\/\/alvarelloseditora.gal\/es\/tienda\/"},{"@type":"ListItem","position":3,"name":"As feridas dun amor ef\u00e9mero"}]},{"@type":"WebSite","@id":"https:\/\/alvarelloseditora.gal\/#website","url":"https:\/\/alvarelloseditora.gal\/","name":"Alvarellos Editora","description":"Libros para un mundo en tr\u00e1nsito","publisher":{"@id":"https:\/\/alvarelloseditora.gal\/#organization"},"potentialAction":[{"@type":"SearchAction","target":{"@type":"EntryPoint","urlTemplate":"https:\/\/alvarelloseditora.gal\/?s={search_term_string}"},"query-input":{"@type":"PropertyValueSpecification","valueRequired":true,"valueName":"search_term_string"}}],"inLanguage":"es"},{"@type":"Organization","@id":"https:\/\/alvarelloseditora.gal\/#organization","name":"Alvarellos Editora","url":"https:\/\/alvarelloseditora.gal\/","logo":{"@type":"ImageObject","inLanguage":"es","@id":"https:\/\/alvarelloseditora.gal\/#\/schema\/logo\/image\/","url":"https:\/\/alvarelloseditora.gal\/wp-content\/uploads\/2020\/02\/alv-icon.png","contentUrl":"https:\/\/alvarelloseditora.gal\/wp-content\/uploads\/2020\/02\/alv-icon.png","width":177,"height":175,"caption":"Alvarellos Editora"},"image":{"@id":"https:\/\/alvarelloseditora.gal\/#\/schema\/logo\/image\/"},"sameAs":["https:\/\/www.facebook.com\/alvarelloseditora","https:\/\/x.com\/alvarellos_ed"]}]}},"_links":{"self":[{"href":"https:\/\/alvarelloseditora.gal\/es\/wp-json\/wp\/v2\/product\/8129","targetHints":{"allow":["GET"]}}],"collection":[{"href":"https:\/\/alvarelloseditora.gal\/es\/wp-json\/wp\/v2\/product"}],"about":[{"href":"https:\/\/alvarelloseditora.gal\/es\/wp-json\/wp\/v2\/types\/product"}],"replies":[{"embeddable":true,"href":"https:\/\/alvarelloseditora.gal\/es\/wp-json\/wp\/v2\/comments?post=8129"}],"wp:featuredmedia":[{"embeddable":true,"href":"https:\/\/alvarelloseditora.gal\/es\/wp-json\/wp\/v2\/media\/8124"}],"wp:attachment":[{"href":"https:\/\/alvarelloseditora.gal\/es\/wp-json\/wp\/v2\/media?parent=8129"}],"wp:term":[{"taxonomy":"product_brand","embeddable":true,"href":"https:\/\/alvarelloseditora.gal\/es\/wp-json\/wp\/v2\/product_brand?post=8129"},{"taxonomy":"product_cat","embeddable":true,"href":"https:\/\/alvarelloseditora.gal\/es\/wp-json\/wp\/v2\/product_cat?post=8129"},{"taxonomy":"product_tag","embeddable":true,"href":"https:\/\/alvarelloseditora.gal\/es\/wp-json\/wp\/v2\/product_tag?post=8129"}],"curies":[{"name":"wp","href":"https:\/\/api.w.org\/{rel}","templated":true}]}}