{"id":7914,"date":"2022-12-12T14:12:58","date_gmt":"2022-12-12T13:12:58","guid":{"rendered":"https:\/\/alvarelloseditora.gal\/book\/a-raina-das-gaivotas\/"},"modified":"2022-12-12T14:12:58","modified_gmt":"2022-12-12T13:12:58","slug":"a-raina-das-gaivotas","status":"publish","type":"product","link":"https:\/\/alvarelloseditora.gal\/es\/libro\/a-raina-das-gaivotas\/","title":{"rendered":"A ra\u00ed\u00f1a das gaivotas"},"content":{"rendered":"<p><a href=\"https:\/\/alvarelloseditora.gal\/wp-content\/uploads\/2022\/12\/Ficha-GAL-A-raina-das-gaivotas_2022.pdf\">Ficha-GAL-A-ra\u00ed\u00f1a-das-gaivotas_2022<\/a><\/p>\n","protected":false},"excerpt":{"rendered":"<p>R\u016bta Briede<br \/>\n&nbsp;<\/p>\n<p>44 pp. 22 x 17,5 cm<br \/>\nISBN: 978-84-18567-34-6<br \/>\nTraducido do let\u00f3n ao galego por El\u012bna Brasli\u0146a, Lawrence Schimel e Mar\u00eda Reim\u00f3ndez<br \/>\nCapa dura. Papel ecol\u00f3xico FSC<\/p>\n<p>&nbsp;<\/p>\n<p>Ficha-GAL-A-ra\u00ed\u00f1a-das-gaivotas_2022<\/p>\n<p>&nbsp;<\/p>\n<p>A veci\u00f1a rosmona que vivir\u00e1 unha incrible viaxe&#8230;<\/p>\n<p>&nbsp;<\/p>\n<p>A ra\u00ed\u00f1a das gaivotas \u00e9 o primeiro conto let\u00f3n que se publica en galego. Foi o debut, en 2017, da autora e ilustradora b\u00e1ltica R\u016bta Briede. Traducido agora por El\u012bna Brasli\u0146a, Lawrence Schimel e Mar\u00eda Reim\u00f3ndez.<\/p>\n<p>&nbsp;<\/p>\n<p>TEXTO CONTRACAPA<br \/>\nEsta \u00e9 a historia de Renata. Ela semella a t\u00edpica veci\u00f1a rosmona que sempre est\u00e1 de mal humor polo boureo que fan as gaivotas.<br \/>\nMais \u00e1s veces \u00e9 certo que nos enrabechamos sen saber por que.<br \/>\nOu se cadra hai un porqu\u00e9, s\u00f3 que a\u00ednda non sabemos cal \u00e9?<br \/>\nRenata verase na obriga de recuperar a memoria do que quixo esquecer. As\u00ed ser\u00e1 quen de escoitar, no grallar das gaivotas, moito m\u00e1is ca ru\u00eddo&#8230;<\/p>\n<p>&nbsp;<\/p>\n<p>ARGUMENTO<br \/>\nTodo lle molesta a Renata: as gaivotas, a veci\u00f1anza, os ru\u00eddos&#8230; Ata que vive unha viaxe transformadora, de enso\u00f1o, de autodescubrimento. Nacer\u00e1 nela a comprensi\u00f3n do outro, a empat\u00eda, e unha nova mirada sobre as persoas e o mundo.<\/p>\n<p>&nbsp;<\/p>\n<p>CLAVES PARA A LECTURA<br \/>\nTransformar a rabia en responsabilidade e empat\u00eda.<br \/>\nPor qu\u00e9 nos enrabechamos coas cousas? Todo ser\u00eda moito m\u00e1is sinxelo axud\u00e1ndonos, tendo unha mirada m\u00e1is amable e comprensible cara \u00e1s outras persoas.<br \/>\nA protagonista atopar\u00e1 un novo xeito de habitar o mundo, superando os erros e constru\u00edndo unha vida mellor.<br \/>\nAs ilustraci\u00f3ns est\u00e1n feitas con trazos sinxelos, cunha est\u00e9tica de c\u00f3mic moi atractiva e directa.<\/p>\n<p>&nbsp;<\/p>\n<p>&nbsp;<\/p>\n<p>&nbsp;<\/p>\n<p>&nbsp;<\/p>\n","protected":false},"featured_media":7906,"comment_status":"closed","ping_status":"closed","template":"","meta":[],"product_brand":[],"product_cat":[110],"product_tag":[],"class_list":{"0":"post-7914","1":"product","2":"type-product","3":"status-publish","4":"has-post-thumbnail","6":"product_author-ruta-briede-es","7":"product_cat-verdemar-es","9":"first","10":"instock","11":"taxable","12":"shipping-taxable","13":"purchasable","14":"product-type-simple"},"yoast_head":"<!-- This site is optimized with the Yoast SEO plugin v27.3 - https:\/\/yoast.com\/product\/yoast-seo-wordpress\/ -->\n<title>A ra\u00ed\u00f1a das gaivotas - Alvarellos Editora<\/title>\n<meta name=\"description\" content=\"A ra\u00ed\u00f1a das gaivotas. C\u00f3mprao na tenda en li\u00f1a de Alvarellos Editora.\" \/>\n<meta name=\"robots\" content=\"index, follow, max-snippet:-1, max-image-preview:large, max-video-preview:-1\" \/>\n<link rel=\"canonical\" href=\"https:\/\/alvarelloseditora.gal\/es\/libro\/a-raina-das-gaivotas\/\" \/>\n<meta property=\"og:locale\" content=\"es_ES\" \/>\n<meta property=\"og:type\" content=\"article\" \/>\n<meta property=\"og:title\" content=\"A ra\u00ed\u00f1a das gaivotas - Alvarellos Editora\" \/>\n<meta property=\"og:description\" content=\"A ra\u00ed\u00f1a das gaivotas. C\u00f3mprao na tenda en li\u00f1a de Alvarellos Editora.\" \/>\n<meta property=\"og:url\" content=\"https:\/\/alvarelloseditora.gal\/es\/libro\/a-raina-das-gaivotas\/\" \/>\n<meta property=\"og:site_name\" content=\"Alvarellos Editora\" \/>\n<meta property=\"article:publisher\" content=\"https:\/\/www.facebook.com\/alvarelloseditora\" \/>\n<meta name=\"twitter:card\" content=\"summary_large_image\" \/>\n<meta name=\"twitter:site\" content=\"@alvarellos_ed\" \/>\n<!-- \/ Yoast SEO plugin. -->","yoast_head_json":{"title":"A ra\u00ed\u00f1a das gaivotas - Alvarellos Editora","description":"A ra\u00ed\u00f1a das gaivotas. C\u00f3mprao na tenda en li\u00f1a de Alvarellos Editora.","robots":{"index":"index","follow":"follow","max-snippet":"max-snippet:-1","max-image-preview":"max-image-preview:large","max-video-preview":"max-video-preview:-1"},"canonical":"https:\/\/alvarelloseditora.gal\/es\/libro\/a-raina-das-gaivotas\/","og_locale":"es_ES","og_type":"article","og_title":"A ra\u00ed\u00f1a das gaivotas - Alvarellos Editora","og_description":"A ra\u00ed\u00f1a das gaivotas. C\u00f3mprao na tenda en li\u00f1a de Alvarellos Editora.","og_url":"https:\/\/alvarelloseditora.gal\/es\/libro\/a-raina-das-gaivotas\/","og_site_name":"Alvarellos Editora","article_publisher":"https:\/\/www.facebook.com\/alvarelloseditora","twitter_card":"summary_large_image","twitter_site":"@alvarellos_ed","schema":{"@context":"https:\/\/schema.org","@graph":[{"@type":["WebPage","ItemPage"],"@id":"https:\/\/alvarelloseditora.gal\/es\/libro\/a-raina-das-gaivotas\/","url":"https:\/\/alvarelloseditora.gal\/es\/libro\/a-raina-das-gaivotas\/","name":"A ra\u00ed\u00f1a das gaivotas - Alvarellos Editora","isPartOf":{"@id":"https:\/\/alvarelloseditora.gal\/#website"},"primaryImageOfPage":{"@id":"https:\/\/alvarelloseditora.gal\/es\/libro\/a-raina-das-gaivotas\/#primaryimage"},"image":{"@id":"https:\/\/alvarelloseditora.gal\/es\/libro\/a-raina-das-gaivotas\/#primaryimage"},"thumbnailUrl":"https:\/\/alvarelloseditora.gal\/wp-content\/uploads\/2022\/12\/A-RAINA-DAS-GAIVOTAS-VERDEMAR-ALVARELLOS-ED-scaled.jpg","datePublished":"2022-12-12T13:12:58+00:00","description":"A ra\u00ed\u00f1a das gaivotas. C\u00f3mprao na tenda en li\u00f1a de Alvarellos Editora.","breadcrumb":{"@id":"https:\/\/alvarelloseditora.gal\/es\/libro\/a-raina-das-gaivotas\/#breadcrumb"},"inLanguage":"es","potentialAction":[{"@type":"ReadAction","target":["https:\/\/alvarelloseditora.gal\/es\/libro\/a-raina-das-gaivotas\/"]}]},{"@type":"ImageObject","inLanguage":"es","@id":"https:\/\/alvarelloseditora.gal\/es\/libro\/a-raina-das-gaivotas\/#primaryimage","url":"https:\/\/alvarelloseditora.gal\/wp-content\/uploads\/2022\/12\/A-RAINA-DAS-GAIVOTAS-VERDEMAR-ALVARELLOS-ED-scaled.jpg","contentUrl":"https:\/\/alvarelloseditora.gal\/wp-content\/uploads\/2022\/12\/A-RAINA-DAS-GAIVOTAS-VERDEMAR-ALVARELLOS-ED-scaled.jpg","width":2560,"height":2277},{"@type":"BreadcrumbList","@id":"https:\/\/alvarelloseditora.gal\/es\/libro\/a-raina-das-gaivotas\/#breadcrumb","itemListElement":[{"@type":"ListItem","position":1,"name":"Portada","item":"https:\/\/alvarelloseditora.gal\/"},{"@type":"ListItem","position":2,"name":"Tienda","item":"https:\/\/alvarelloseditora.gal\/es\/tienda\/"},{"@type":"ListItem","position":3,"name":"A ra\u00ed\u00f1a das gaivotas"}]},{"@type":"WebSite","@id":"https:\/\/alvarelloseditora.gal\/#website","url":"https:\/\/alvarelloseditora.gal\/","name":"Alvarellos Editora","description":"Libros para un mundo en tr\u00e1nsito","publisher":{"@id":"https:\/\/alvarelloseditora.gal\/#organization"},"potentialAction":[{"@type":"SearchAction","target":{"@type":"EntryPoint","urlTemplate":"https:\/\/alvarelloseditora.gal\/?s={search_term_string}"},"query-input":{"@type":"PropertyValueSpecification","valueRequired":true,"valueName":"search_term_string"}}],"inLanguage":"es"},{"@type":"Organization","@id":"https:\/\/alvarelloseditora.gal\/#organization","name":"Alvarellos Editora","url":"https:\/\/alvarelloseditora.gal\/","logo":{"@type":"ImageObject","inLanguage":"es","@id":"https:\/\/alvarelloseditora.gal\/#\/schema\/logo\/image\/","url":"https:\/\/alvarelloseditora.gal\/wp-content\/uploads\/2020\/02\/alv-icon.png","contentUrl":"https:\/\/alvarelloseditora.gal\/wp-content\/uploads\/2020\/02\/alv-icon.png","width":177,"height":175,"caption":"Alvarellos Editora"},"image":{"@id":"https:\/\/alvarelloseditora.gal\/#\/schema\/logo\/image\/"},"sameAs":["https:\/\/www.facebook.com\/alvarelloseditora","https:\/\/x.com\/alvarellos_ed"]}]}},"_links":{"self":[{"href":"https:\/\/alvarelloseditora.gal\/es\/wp-json\/wp\/v2\/product\/7914","targetHints":{"allow":["GET"]}}],"collection":[{"href":"https:\/\/alvarelloseditora.gal\/es\/wp-json\/wp\/v2\/product"}],"about":[{"href":"https:\/\/alvarelloseditora.gal\/es\/wp-json\/wp\/v2\/types\/product"}],"replies":[{"embeddable":true,"href":"https:\/\/alvarelloseditora.gal\/es\/wp-json\/wp\/v2\/comments?post=7914"}],"wp:featuredmedia":[{"embeddable":true,"href":"https:\/\/alvarelloseditora.gal\/es\/wp-json\/wp\/v2\/media\/7906"}],"wp:attachment":[{"href":"https:\/\/alvarelloseditora.gal\/es\/wp-json\/wp\/v2\/media?parent=7914"}],"wp:term":[{"taxonomy":"product_brand","embeddable":true,"href":"https:\/\/alvarelloseditora.gal\/es\/wp-json\/wp\/v2\/product_brand?post=7914"},{"taxonomy":"product_cat","embeddable":true,"href":"https:\/\/alvarelloseditora.gal\/es\/wp-json\/wp\/v2\/product_cat?post=7914"},{"taxonomy":"product_tag","embeddable":true,"href":"https:\/\/alvarelloseditora.gal\/es\/wp-json\/wp\/v2\/product_tag?post=7914"}],"curies":[{"name":"wp","href":"https:\/\/api.w.org\/{rel}","templated":true}]}}