{"id":7856,"date":"2026-02-01T11:56:38","date_gmt":"2026-02-01T10:56:38","guid":{"rendered":"https:\/\/alvarelloseditora.gal\/book\/gargolas-de-compostela-compostela-gargoyles\/"},"modified":"2026-02-06T13:05:05","modified_gmt":"2026-02-06T12:05:05","slug":"gargolas-de-compostela-compostela-gargoyles","status":"publish","type":"product","link":"https:\/\/alvarelloseditora.gal\/es\/libro\/gargolas-de-compostela-compostela-gargoyles\/","title":{"rendered":"G\u00e1rgolas de Compostela | Compostela Gargoyles [2\u00aa edi. actualizada]"},"content":{"rendered":"<p><a href=\"https:\/\/alvarelloseditora.gal\/wp-content\/uploads\/2022\/12\/Np-ESP-Gargolas.pdf\">Np-ESP-G\u00e1rgolas<\/a><\/p>\n<p>Son \u201ccaprichos de cantero\u201d. As\u00ed las define el autor de esta gu\u00eda pionera, el periodista Benxam\u00edn V\u00e1zquez. G\u00e1rgolas de Compostela-Compostela Gargoyles (Alvarellos Editora-Consorcio de Santiago, 2022) es la primera gu\u00eda de g\u00e1rgolas de esta ciudad, quiz\u00e1s el lugar de Europa con mayor concentraci\u00f3n de estas m\u00e1scaras de piedra medievales y renacentistas, pues cuenta con m\u00e1s de 300, esculpidas en los altos de los edificios hist\u00f3ricos de su zona monumental.<\/p>\n<p>Benxam\u00edn V\u00e1zquez identifica y explica 30 de las g\u00e1rgolas m\u00e1s singulares de Compostela, en un viaje visual acompa\u00f1ado por m\u00e1s de cien magn\u00edficas fotograf\u00edas de Xaime Cortizo, y un plano de localizaci\u00f3n de todas ellas. Adem\u00e1s, esta gu\u00eda est\u00e1 publicada en tres idiomas: gallego, castellano y con traducci\u00f3n al ingl\u00e9s a cargo de Mark Hughs.<\/p>\n<p>Realizadas por canteros an\u00f3nimos, su funci\u00f3n principal era la de servir de desag\u00fce de la lluvia desde los tejados. El hecho de estar ubicadas en el espacio m\u00e1s alejado de la calle esto dio libertad total a sus creadores, sin censuras, para tallar en ellas todo tipo de animales fabulosos, antropoides sat\u00edricos, monstruos mitol\u00f3gicos, \u00e1ngeles humanizados&#8230;<\/p>\n<p>\u201cEllas nos ven a nosotros; en cambio nosotros, a veces, dif\u00edcilmente podemos verlas a ellas, o fijarnos en ellas\u201d, afirma Benxam\u00edn V\u00e1zquez, todo un estudioso, desde hace m\u00e1s de 30 a\u00f1os, de estas m\u00e1rcaras en piedra.<\/p>\n","protected":false},"excerpt":{"rendered":"<p>[video width=\"976\" height=\"720\" mp4=\"https:\/\/alvarelloseditora.gal\/wp-content\/uploads\/2023\/02\/Gargolas-2a-edi-Alvarellos-ed-2026.mp4\"][\/video]<br \/>\nBenxam\u00edn V\u00e1zquez<br \/>\nFotograf\u00edas de Xaime Cortizo<br \/>\n146 pp. Formato 12 x 22 cms<br \/>\nISBN 978-84-18567-31-5<br \/>\nImpreso en papel FSC<\/p>\n<p>Santiago de Compostela es quiz\u00e1s la ciudad europea con mayor densidad de g\u00e1rgolas, esas m\u00e1scaras de piedra \u2013enigm\u00e1ticas, divertidas, transgresoras\u2013 que nos contemplan desde lo alto a partir de la Edad Media. Hay m\u00e1s de 300, y en esta gu\u00eda seleccionamos 30 de las m\u00e1s singulares, en una nueva y muy sorprendente visi\u00f3n de esta capital.<\/p>\n<p>Santiago de Compostela is perhaps the European city with the highest density of gargoyles, those stone fi gures \u2013enigmatic, amusing, transgressive\u2013 that have peered down on us since the Middle Ages. There are more than 300, and in this guide we select 30 of the most unique, offering a new and quite surprising vision of this capital.<\/p>\n<p>&nbsp;<\/p>\n<p>&nbsp;<\/p>\n","protected":false},"featured_media":10464,"comment_status":"closed","ping_status":"closed","template":"","meta":[],"product_brand":[],"product_cat":[104],"product_tag":[1045],"class_list":{"0":"post-7856","1":"product","2":"type-product","3":"status-publish","4":"has-post-thumbnail","6":"product_author-benxamin-vazquez-es","7":"product_author-xaime-cortizo-es","8":"product_cat-ilustrada-es","9":"product_tag-santiago-de-compostela-y-el-camino","11":"first","12":"instock","13":"taxable","14":"shipping-taxable","15":"purchasable","16":"product-type-simple"},"yoast_head":"<!-- This site is optimized with the Yoast SEO plugin v27.3 - https:\/\/yoast.com\/product\/yoast-seo-wordpress\/ -->\n<title>G\u00e1rgolas de Compostela | Compostela Gargoyles [2\u00aa edi. actualizada] - Alvarellos Editora<\/title>\n<meta name=\"description\" content=\"G\u00e1rgolas de Compostela | Compostela Gargoyles [2\u00aa edi. actualizada]. C\u00f3mprao na tenda en li\u00f1a de Alvarellos Editora.\" \/>\n<meta name=\"robots\" content=\"index, follow, max-snippet:-1, max-image-preview:large, max-video-preview:-1\" \/>\n<link rel=\"canonical\" href=\"https:\/\/alvarelloseditora.gal\/es\/libro\/gargolas-de-compostela-compostela-gargoyles\/\" \/>\n<meta property=\"og:locale\" content=\"es_ES\" \/>\n<meta property=\"og:type\" content=\"article\" \/>\n<meta property=\"og:title\" content=\"G\u00e1rgolas de Compostela | Compostela Gargoyles [2\u00aa edi. actualizada] - Alvarellos Editora\" \/>\n<meta property=\"og:description\" content=\"G\u00e1rgolas de Compostela | Compostela Gargoyles [2\u00aa edi. actualizada]. C\u00f3mprao na tenda en li\u00f1a de Alvarellos Editora.\" \/>\n<meta property=\"og:url\" content=\"https:\/\/alvarelloseditora.gal\/es\/libro\/gargolas-de-compostela-compostela-gargoyles\/\" \/>\n<meta property=\"og:site_name\" content=\"Alvarellos Editora\" \/>\n<meta property=\"article:publisher\" content=\"https:\/\/www.facebook.com\/alvarelloseditora\" \/>\n<meta property=\"article:modified_time\" content=\"2026-02-06T12:05:05+00:00\" \/>\n<meta property=\"og:image\" content=\"https:\/\/alvarelloseditora.gal\/wp-content\/uploads\/2023\/02\/Gargolas-2a-edi-febr-26-scaled.jpg\" \/>\n\t<meta property=\"og:image:width\" content=\"1392\" \/>\n\t<meta property=\"og:image:height\" content=\"2560\" \/>\n\t<meta property=\"og:image:type\" content=\"image\/jpeg\" \/>\n<meta name=\"twitter:card\" content=\"summary_large_image\" \/>\n<meta name=\"twitter:site\" content=\"@alvarellos_ed\" \/>\n<meta name=\"twitter:label1\" content=\"Tiempo de lectura\" \/>\n\t<meta name=\"twitter:data1\" content=\"2 minutos\" \/>\n<!-- \/ Yoast SEO plugin. -->","yoast_head_json":{"title":"G\u00e1rgolas de Compostela | Compostela Gargoyles [2\u00aa edi. actualizada] - Alvarellos Editora","description":"G\u00e1rgolas de Compostela | Compostela Gargoyles [2\u00aa edi. actualizada]. C\u00f3mprao na tenda en li\u00f1a de Alvarellos Editora.","robots":{"index":"index","follow":"follow","max-snippet":"max-snippet:-1","max-image-preview":"max-image-preview:large","max-video-preview":"max-video-preview:-1"},"canonical":"https:\/\/alvarelloseditora.gal\/es\/libro\/gargolas-de-compostela-compostela-gargoyles\/","og_locale":"es_ES","og_type":"article","og_title":"G\u00e1rgolas de Compostela | Compostela Gargoyles [2\u00aa edi. actualizada] - Alvarellos Editora","og_description":"G\u00e1rgolas de Compostela | Compostela Gargoyles [2\u00aa edi. actualizada]. C\u00f3mprao na tenda en li\u00f1a de Alvarellos Editora.","og_url":"https:\/\/alvarelloseditora.gal\/es\/libro\/gargolas-de-compostela-compostela-gargoyles\/","og_site_name":"Alvarellos Editora","article_publisher":"https:\/\/www.facebook.com\/alvarelloseditora","article_modified_time":"2026-02-06T12:05:05+00:00","og_image":[{"width":1392,"height":2560,"url":"https:\/\/alvarelloseditora.gal\/wp-content\/uploads\/2023\/02\/Gargolas-2a-edi-febr-26-scaled.jpg","type":"image\/jpeg"}],"twitter_card":"summary_large_image","twitter_site":"@alvarellos_ed","twitter_misc":{"Tiempo de lectura":"2 minutos"},"schema":{"@context":"https:\/\/schema.org","@graph":[{"@type":["WebPage","ItemPage"],"@id":"https:\/\/alvarelloseditora.gal\/es\/libro\/gargolas-de-compostela-compostela-gargoyles\/","url":"https:\/\/alvarelloseditora.gal\/es\/libro\/gargolas-de-compostela-compostela-gargoyles\/","name":"G\u00e1rgolas de Compostela | Compostela Gargoyles [2\u00aa edi. actualizada] - Alvarellos Editora","isPartOf":{"@id":"https:\/\/alvarelloseditora.gal\/#website"},"primaryImageOfPage":{"@id":"https:\/\/alvarelloseditora.gal\/es\/libro\/gargolas-de-compostela-compostela-gargoyles\/#primaryimage"},"image":{"@id":"https:\/\/alvarelloseditora.gal\/es\/libro\/gargolas-de-compostela-compostela-gargoyles\/#primaryimage"},"thumbnailUrl":"https:\/\/alvarelloseditora.gal\/wp-content\/uploads\/2023\/02\/Gargolas-2a-edi-febr-26-scaled.jpg","datePublished":"2026-02-01T10:56:38+00:00","dateModified":"2026-02-06T12:05:05+00:00","description":"G\u00e1rgolas de Compostela | Compostela Gargoyles [2\u00aa edi. actualizada]. C\u00f3mprao na tenda en li\u00f1a de Alvarellos Editora.","breadcrumb":{"@id":"https:\/\/alvarelloseditora.gal\/es\/libro\/gargolas-de-compostela-compostela-gargoyles\/#breadcrumb"},"inLanguage":"es","potentialAction":[{"@type":"ReadAction","target":["https:\/\/alvarelloseditora.gal\/es\/libro\/gargolas-de-compostela-compostela-gargoyles\/"]}]},{"@type":"ImageObject","inLanguage":"es","@id":"https:\/\/alvarelloseditora.gal\/es\/libro\/gargolas-de-compostela-compostela-gargoyles\/#primaryimage","url":"https:\/\/alvarelloseditora.gal\/wp-content\/uploads\/2023\/02\/Gargolas-2a-edi-febr-26-scaled.jpg","contentUrl":"https:\/\/alvarelloseditora.gal\/wp-content\/uploads\/2023\/02\/Gargolas-2a-edi-febr-26-scaled.jpg","width":1392,"height":2560},{"@type":"BreadcrumbList","@id":"https:\/\/alvarelloseditora.gal\/es\/libro\/gargolas-de-compostela-compostela-gargoyles\/#breadcrumb","itemListElement":[{"@type":"ListItem","position":1,"name":"Portada","item":"https:\/\/alvarelloseditora.gal\/"},{"@type":"ListItem","position":2,"name":"Tienda","item":"https:\/\/alvarelloseditora.gal\/es\/tienda\/"},{"@type":"ListItem","position":3,"name":"G\u00e1rgolas de Compostela | Compostela Gargoyles [2\u00aa edi. actualizada]"}]},{"@type":"WebSite","@id":"https:\/\/alvarelloseditora.gal\/#website","url":"https:\/\/alvarelloseditora.gal\/","name":"Alvarellos Editora","description":"Libros para un mundo en tr\u00e1nsito","publisher":{"@id":"https:\/\/alvarelloseditora.gal\/#organization"},"potentialAction":[{"@type":"SearchAction","target":{"@type":"EntryPoint","urlTemplate":"https:\/\/alvarelloseditora.gal\/?s={search_term_string}"},"query-input":{"@type":"PropertyValueSpecification","valueRequired":true,"valueName":"search_term_string"}}],"inLanguage":"es"},{"@type":"Organization","@id":"https:\/\/alvarelloseditora.gal\/#organization","name":"Alvarellos Editora","url":"https:\/\/alvarelloseditora.gal\/","logo":{"@type":"ImageObject","inLanguage":"es","@id":"https:\/\/alvarelloseditora.gal\/#\/schema\/logo\/image\/","url":"https:\/\/alvarelloseditora.gal\/wp-content\/uploads\/2020\/02\/alv-icon.png","contentUrl":"https:\/\/alvarelloseditora.gal\/wp-content\/uploads\/2020\/02\/alv-icon.png","width":177,"height":175,"caption":"Alvarellos Editora"},"image":{"@id":"https:\/\/alvarelloseditora.gal\/#\/schema\/logo\/image\/"},"sameAs":["https:\/\/www.facebook.com\/alvarelloseditora","https:\/\/x.com\/alvarellos_ed"]}]}},"_links":{"self":[{"href":"https:\/\/alvarelloseditora.gal\/es\/wp-json\/wp\/v2\/product\/7856","targetHints":{"allow":["GET"]}}],"collection":[{"href":"https:\/\/alvarelloseditora.gal\/es\/wp-json\/wp\/v2\/product"}],"about":[{"href":"https:\/\/alvarelloseditora.gal\/es\/wp-json\/wp\/v2\/types\/product"}],"replies":[{"embeddable":true,"href":"https:\/\/alvarelloseditora.gal\/es\/wp-json\/wp\/v2\/comments?post=7856"}],"wp:featuredmedia":[{"embeddable":true,"href":"https:\/\/alvarelloseditora.gal\/es\/wp-json\/wp\/v2\/media\/10464"}],"wp:attachment":[{"href":"https:\/\/alvarelloseditora.gal\/es\/wp-json\/wp\/v2\/media?parent=7856"}],"wp:term":[{"taxonomy":"product_brand","embeddable":true,"href":"https:\/\/alvarelloseditora.gal\/es\/wp-json\/wp\/v2\/product_brand?post=7856"},{"taxonomy":"product_cat","embeddable":true,"href":"https:\/\/alvarelloseditora.gal\/es\/wp-json\/wp\/v2\/product_cat?post=7856"},{"taxonomy":"product_tag","embeddable":true,"href":"https:\/\/alvarelloseditora.gal\/es\/wp-json\/wp\/v2\/product_tag?post=7856"}],"curies":[{"name":"wp","href":"https:\/\/api.w.org\/{rel}","templated":true}]}}