{"id":7790,"date":"2022-10-31T18:23:48","date_gmt":"2022-10-31T17:23:48","guid":{"rendered":"https:\/\/alvarelloseditora.gal\/book\/criptografias\/"},"modified":"2022-12-13T12:33:28","modified_gmt":"2022-12-13T11:33:28","slug":"criptografias","status":"publish","type":"product","link":"https:\/\/alvarelloseditora.gal\/es\/libro\/criptografias\/","title":{"rendered":"Criptograf\u00edas"},"content":{"rendered":"<p><a href=\"https:\/\/alvarelloseditora.gal\/wp-content\/uploads\/2022\/10\/NP_CAS_Criptografias_2022.pdf\">NP_CAS_Criptografias_2022<\/a><\/p>\n","protected":false},"excerpt":{"rendered":"<p>[video width=\"720\" height=\"720\" mp4=\"https:\/\/alvarelloseditora.gal\/wp-content\/uploads\/2022\/10\/Criptografias-autores-asinan-alvarellos-editora-culturgal-2022.mp4\"][\/video]<br \/>\nPepe C\u00e1ccamo<br \/>\nBaldo Ramos<br \/>\n&nbsp;<\/p>\n<p>Pp. 70. Formato: 14 x 21 cms<br \/>\nISBN 978-84-18567-33-9<br \/>\nImpreso en papel amigo de los bosques<\/p>\n<p>&nbsp;<\/p>\n<p>Criptograf\u00edas es un ejercicio de escritura secreta en el que los poetas Pepe C\u00e1ccamo (Vigo, 1950) y Baldo Ramos (Celanova, 1971) superponen sus voces en un experimento que surge de la amistad y de la complicidad est\u00e9tica.<\/p>\n<p>&nbsp;<\/p>\n<p>En 2014 sus mundos literarios comenzaron a orbitar alrededor de los l\u00edmites de la poes\u00eda visual, sobre el libro como soporte pl\u00e1stico y sobre la objectualidad de la palabra po\u00e9tica. En ese viaje sin retorno han hecho diferentes escalas, editando en 2014 CaRa inversa, dos a\u00f1os despu\u00e9s librosconversos \u2013que reun\u00eda versos de 40 poetas\u2013 y elaborando el proyecto expositivo La doble p\u00e1gina, una propuesta exclusivamente visual.<\/p>\n<p>\u00a0<\/p>\n<p>Criptograf\u00edas es la tercera publicaci\u00f3n en la que se reencuentran los dos autores. Se trata de una colecci\u00f3n de poemas visuales de l\u00ednea letrista en conversaci\u00f3n con textos po\u00e9ticos que fueron escritos con la voluntad de diluir la autor\u00eda en una voz com\u00fan que hace enormemente singular esta propuesta.<\/p>\n<p>&nbsp;<\/p>\n<p>O criptopoeta \u00e9 como as andori\u00f1as:<br \/>\nnunca pousa na realidade<br \/>\ne dorme s\u00f3<br \/>\ncoa metade do cerebro.<\/p>\n","protected":false},"featured_media":7781,"comment_status":"closed","ping_status":"closed","template":"","meta":[],"product_brand":[],"product_cat":[106],"product_tag":[],"class_list":{"0":"post-7790","1":"product","2":"type-product","3":"status-publish","4":"has-post-thumbnail","6":"product_author-baldo-ramos-es","7":"product_author-pepe-caccamo-es","8":"product_cat-libros-do-sarela-es","10":"first","11":"instock","12":"taxable","13":"shipping-taxable","14":"purchasable","15":"product-type-simple"},"yoast_head":"<!-- This site is optimized with the Yoast SEO plugin v27.3 - https:\/\/yoast.com\/product\/yoast-seo-wordpress\/ -->\n<title>Criptograf\u00edas - Alvarellos Editora<\/title>\n<meta name=\"description\" content=\"Criptograf\u00edas. C\u00f3mprao na tenda en li\u00f1a de Alvarellos Editora.\" \/>\n<meta name=\"robots\" content=\"index, follow, max-snippet:-1, max-image-preview:large, max-video-preview:-1\" \/>\n<link rel=\"canonical\" href=\"https:\/\/alvarelloseditora.gal\/es\/libro\/criptografias\/\" \/>\n<meta property=\"og:locale\" content=\"es_ES\" \/>\n<meta property=\"og:type\" content=\"article\" \/>\n<meta property=\"og:title\" content=\"Criptograf\u00edas - Alvarellos Editora\" \/>\n<meta property=\"og:description\" content=\"Criptograf\u00edas. C\u00f3mprao na tenda en li\u00f1a de Alvarellos Editora.\" \/>\n<meta property=\"og:url\" content=\"https:\/\/alvarelloseditora.gal\/es\/libro\/criptografias\/\" \/>\n<meta property=\"og:site_name\" content=\"Alvarellos Editora\" \/>\n<meta property=\"article:publisher\" content=\"https:\/\/www.facebook.com\/alvarelloseditora\" \/>\n<meta property=\"article:modified_time\" content=\"2022-12-13T11:33:28+00:00\" \/>\n<meta property=\"og:image\" content=\"https:\/\/alvarelloseditora.gal\/wp-content\/uploads\/2022\/10\/9788418567339Criptografias-Alvarellos-Ed-2022-scaled.jpg\" \/>\n\t<meta property=\"og:image:width\" content=\"1640\" \/>\n\t<meta property=\"og:image:height\" content=\"2560\" \/>\n\t<meta property=\"og:image:type\" content=\"image\/jpeg\" \/>\n<meta name=\"twitter:card\" content=\"summary_large_image\" \/>\n<meta name=\"twitter:site\" content=\"@alvarellos_ed\" \/>\n<meta name=\"twitter:label1\" content=\"Tiempo de lectura\" \/>\n\t<meta name=\"twitter:data1\" content=\"1 minuto\" \/>\n<!-- \/ Yoast SEO plugin. -->","yoast_head_json":{"title":"Criptograf\u00edas - Alvarellos Editora","description":"Criptograf\u00edas. C\u00f3mprao na tenda en li\u00f1a de Alvarellos Editora.","robots":{"index":"index","follow":"follow","max-snippet":"max-snippet:-1","max-image-preview":"max-image-preview:large","max-video-preview":"max-video-preview:-1"},"canonical":"https:\/\/alvarelloseditora.gal\/es\/libro\/criptografias\/","og_locale":"es_ES","og_type":"article","og_title":"Criptograf\u00edas - Alvarellos Editora","og_description":"Criptograf\u00edas. C\u00f3mprao na tenda en li\u00f1a de Alvarellos Editora.","og_url":"https:\/\/alvarelloseditora.gal\/es\/libro\/criptografias\/","og_site_name":"Alvarellos Editora","article_publisher":"https:\/\/www.facebook.com\/alvarelloseditora","article_modified_time":"2022-12-13T11:33:28+00:00","og_image":[{"width":1640,"height":2560,"url":"https:\/\/alvarelloseditora.gal\/wp-content\/uploads\/2022\/10\/9788418567339Criptografias-Alvarellos-Ed-2022-scaled.jpg","type":"image\/jpeg"}],"twitter_card":"summary_large_image","twitter_site":"@alvarellos_ed","twitter_misc":{"Tiempo de lectura":"1 minuto"},"schema":{"@context":"https:\/\/schema.org","@graph":[{"@type":["WebPage","ItemPage"],"@id":"https:\/\/alvarelloseditora.gal\/es\/libro\/criptografias\/","url":"https:\/\/alvarelloseditora.gal\/es\/libro\/criptografias\/","name":"Criptograf\u00edas - Alvarellos Editora","isPartOf":{"@id":"https:\/\/alvarelloseditora.gal\/#website"},"primaryImageOfPage":{"@id":"https:\/\/alvarelloseditora.gal\/es\/libro\/criptografias\/#primaryimage"},"image":{"@id":"https:\/\/alvarelloseditora.gal\/es\/libro\/criptografias\/#primaryimage"},"thumbnailUrl":"https:\/\/alvarelloseditora.gal\/wp-content\/uploads\/2022\/10\/9788418567339Criptografias-Alvarellos-Ed-2022-scaled.jpg","datePublished":"2022-10-31T17:23:48+00:00","dateModified":"2022-12-13T11:33:28+00:00","description":"Criptograf\u00edas. C\u00f3mprao na tenda en li\u00f1a de Alvarellos Editora.","breadcrumb":{"@id":"https:\/\/alvarelloseditora.gal\/es\/libro\/criptografias\/#breadcrumb"},"inLanguage":"es","potentialAction":[{"@type":"ReadAction","target":["https:\/\/alvarelloseditora.gal\/es\/libro\/criptografias\/"]}]},{"@type":"ImageObject","inLanguage":"es","@id":"https:\/\/alvarelloseditora.gal\/es\/libro\/criptografias\/#primaryimage","url":"https:\/\/alvarelloseditora.gal\/wp-content\/uploads\/2022\/10\/9788418567339Criptografias-Alvarellos-Ed-2022-scaled.jpg","contentUrl":"https:\/\/alvarelloseditora.gal\/wp-content\/uploads\/2022\/10\/9788418567339Criptografias-Alvarellos-Ed-2022-scaled.jpg","width":1640,"height":2560},{"@type":"BreadcrumbList","@id":"https:\/\/alvarelloseditora.gal\/es\/libro\/criptografias\/#breadcrumb","itemListElement":[{"@type":"ListItem","position":1,"name":"Portada","item":"https:\/\/alvarelloseditora.gal\/"},{"@type":"ListItem","position":2,"name":"Tienda","item":"https:\/\/alvarelloseditora.gal\/es\/tienda\/"},{"@type":"ListItem","position":3,"name":"Criptograf\u00edas"}]},{"@type":"WebSite","@id":"https:\/\/alvarelloseditora.gal\/#website","url":"https:\/\/alvarelloseditora.gal\/","name":"Alvarellos Editora","description":"Libros para un mundo en tr\u00e1nsito","publisher":{"@id":"https:\/\/alvarelloseditora.gal\/#organization"},"potentialAction":[{"@type":"SearchAction","target":{"@type":"EntryPoint","urlTemplate":"https:\/\/alvarelloseditora.gal\/?s={search_term_string}"},"query-input":{"@type":"PropertyValueSpecification","valueRequired":true,"valueName":"search_term_string"}}],"inLanguage":"es"},{"@type":"Organization","@id":"https:\/\/alvarelloseditora.gal\/#organization","name":"Alvarellos Editora","url":"https:\/\/alvarelloseditora.gal\/","logo":{"@type":"ImageObject","inLanguage":"es","@id":"https:\/\/alvarelloseditora.gal\/#\/schema\/logo\/image\/","url":"https:\/\/alvarelloseditora.gal\/wp-content\/uploads\/2020\/02\/alv-icon.png","contentUrl":"https:\/\/alvarelloseditora.gal\/wp-content\/uploads\/2020\/02\/alv-icon.png","width":177,"height":175,"caption":"Alvarellos Editora"},"image":{"@id":"https:\/\/alvarelloseditora.gal\/#\/schema\/logo\/image\/"},"sameAs":["https:\/\/www.facebook.com\/alvarelloseditora","https:\/\/x.com\/alvarellos_ed"]}]}},"_links":{"self":[{"href":"https:\/\/alvarelloseditora.gal\/es\/wp-json\/wp\/v2\/product\/7790","targetHints":{"allow":["GET"]}}],"collection":[{"href":"https:\/\/alvarelloseditora.gal\/es\/wp-json\/wp\/v2\/product"}],"about":[{"href":"https:\/\/alvarelloseditora.gal\/es\/wp-json\/wp\/v2\/types\/product"}],"replies":[{"embeddable":true,"href":"https:\/\/alvarelloseditora.gal\/es\/wp-json\/wp\/v2\/comments?post=7790"}],"wp:featuredmedia":[{"embeddable":true,"href":"https:\/\/alvarelloseditora.gal\/es\/wp-json\/wp\/v2\/media\/7781"}],"wp:attachment":[{"href":"https:\/\/alvarelloseditora.gal\/es\/wp-json\/wp\/v2\/media?parent=7790"}],"wp:term":[{"taxonomy":"product_brand","embeddable":true,"href":"https:\/\/alvarelloseditora.gal\/es\/wp-json\/wp\/v2\/product_brand?post=7790"},{"taxonomy":"product_cat","embeddable":true,"href":"https:\/\/alvarelloseditora.gal\/es\/wp-json\/wp\/v2\/product_cat?post=7790"},{"taxonomy":"product_tag","embeddable":true,"href":"https:\/\/alvarelloseditora.gal\/es\/wp-json\/wp\/v2\/product_tag?post=7790"}],"curies":[{"name":"wp","href":"https:\/\/api.w.org\/{rel}","templated":true}]}}