{"id":7752,"date":"2022-10-24T14:29:28","date_gmt":"2022-10-24T12:29:28","guid":{"rendered":"https:\/\/alvarelloseditora.gal\/book\/os-cadernos-escolares-da-ii-republica\/"},"modified":"2022-12-13T14:31:40","modified_gmt":"2022-12-13T13:31:40","slug":"os-cadernos-escolares-da-ii-republica","status":"publish","type":"product","link":"https:\/\/alvarelloseditora.gal\/es\/libro\/os-cadernos-escolares-da-ii-republica\/","title":{"rendered":"Os cadernos escolares da II Rep\u00fablica"},"content":{"rendered":"<p><a href=\"https:\/\/alvarelloseditora.gal\/wp-content\/uploads\/2022\/10\/NP_CAST_Cadernos-Escolares-II-Republica_2022.pdf\">NP_CAST_Cadernos-Escolares-II-Republica_2022<\/a><\/p>\n<p><img loading=\"lazy\" decoding=\"async\" class=\"alignnone wp-image-7743\" src=\"https:\/\/alvarelloseditora.gal\/wp-content\/uploads\/2022\/10\/Cadernos-escolares-alvarellos-editora-900x727.jpg\" alt=\"\" width=\"548\" height=\"443\" srcset=\"https:\/\/alvarelloseditora.gal\/wp-content\/uploads\/2022\/10\/Cadernos-escolares-alvarellos-editora-900x727.jpg 900w, https:\/\/alvarelloseditora.gal\/wp-content\/uploads\/2022\/10\/Cadernos-escolares-alvarellos-editora-330x267.jpg 330w, https:\/\/alvarelloseditora.gal\/wp-content\/uploads\/2022\/10\/Cadernos-escolares-alvarellos-editora-600x485.jpg 600w, https:\/\/alvarelloseditora.gal\/wp-content\/uploads\/2022\/10\/Cadernos-escolares-alvarellos-editora-160x129.jpg 160w, https:\/\/alvarelloseditora.gal\/wp-content\/uploads\/2022\/10\/Cadernos-escolares-alvarellos-editora-768x620.jpg 768w, https:\/\/alvarelloseditora.gal\/wp-content\/uploads\/2022\/10\/Cadernos-escolares-alvarellos-editora-1536x1241.jpg 1536w, https:\/\/alvarelloseditora.gal\/wp-content\/uploads\/2022\/10\/Cadernos-escolares-alvarellos-editora.jpg 1857w\" sizes=\"auto, (max-width: 548px) 100vw, 548px\" \/><\/p>\n","protected":false},"excerpt":{"rendered":"<p>[video width=\"1080\" height=\"608\" mp4=\"https:\/\/alvarelloseditora.gal\/wp-content\/uploads\/2022\/10\/Cadernos-Escolares-II-Republica0.mp4\"][\/video]<br \/>\nMiguel Paz Cabo<br \/>\nV\u00edctor M. Santidri\u00e1n Arias<br \/>\nPr\u00f3logo de Ant\u00f3n Costa Rico<br \/>\n&nbsp;<\/p>\n<p>Pp: 180.<br \/>\nFormato:26 x 19,5 cms.<br \/>\nISBN 978-84-18567-30-8<\/p>\n<p>&nbsp;<\/p>\n<p>Un documento \u00fanico sobre la pedagog\u00eda gallega en los a\u00f1os de la Segunda Rep\u00fablica espa\u00f1ola.<\/p>\n<p>&nbsp;<\/p>\n<p>El descubrimiento de los cuadernos escolares del maestro de Teo (A Coru\u00f1a) Bernardo Mato Castro (asesinado por los fascistas en 1936), elaborados por su alumno Antonio Rial Gallego, nos permite conocer el trabajo desarrollado en las aulas en aquellos d\u00edas tan llenos de esperanza e innovaci\u00f3n en el campo educativo, y que tan poco durar\u00edan&#8230;<\/p>\n<p>&nbsp;<\/p>\n<p>Dos historiadores, especialistas en memoria democr\u00e1tica, Miguel Paz Cabo y V\u00edctor M. Santidri\u00e1n Arias, llevan a cabo un detenido estudio de estos cuadernos, de los que aqu\u00ed se reproducen m\u00e1s de cien p\u00e1ginas.<\/p>\n<p>&nbsp;<\/p>\n<p>Nos ofrecen un an\u00e1lisis de la ense\u00f1anza en la II Rep\u00fablica, de la labor de Bernardo Mato como maestro y como militante, y de su dram\u00e1tico final, con reveladores documentos como el propio \u00abExpediente de Depuraci\u00f3n\u00bb del docente.<\/p>\n","protected":false},"featured_media":7751,"comment_status":"closed","ping_status":"closed","template":"","meta":[],"product_brand":[],"product_cat":[105],"product_tag":[1042],"class_list":{"0":"post-7752","1":"product","2":"type-product","3":"status-publish","4":"has-post-thumbnail","6":"product_author-miguel-paz-cabo-es","7":"product_author-victor-m-santidrian-arias-es","8":"product_cat-oeste-es","9":"product_tag-libros-con-memoria-es","11":"first","12":"instock","13":"taxable","14":"shipping-taxable","15":"purchasable","16":"product-type-simple"},"yoast_head":"<!-- This site is optimized with the Yoast SEO plugin v27.3 - https:\/\/yoast.com\/product\/yoast-seo-wordpress\/ -->\n<title>Os cadernos escolares da II Rep\u00fablica - Alvarellos Editora<\/title>\n<meta name=\"description\" content=\"Os cadernos escolares da II Rep\u00fablica. C\u00f3mprao na tenda en li\u00f1a de Alvarellos Editora.\" \/>\n<meta name=\"robots\" content=\"index, follow, max-snippet:-1, max-image-preview:large, max-video-preview:-1\" \/>\n<link rel=\"canonical\" href=\"https:\/\/alvarelloseditora.gal\/es\/libro\/os-cadernos-escolares-da-ii-republica\/\" \/>\n<meta property=\"og:locale\" content=\"es_ES\" \/>\n<meta property=\"og:type\" content=\"article\" \/>\n<meta property=\"og:title\" content=\"Os cadernos escolares da II Rep\u00fablica - Alvarellos Editora\" \/>\n<meta property=\"og:description\" content=\"Os cadernos escolares da II Rep\u00fablica. C\u00f3mprao na tenda en li\u00f1a de Alvarellos Editora.\" \/>\n<meta property=\"og:url\" content=\"https:\/\/alvarelloseditora.gal\/es\/libro\/os-cadernos-escolares-da-ii-republica\/\" \/>\n<meta property=\"og:site_name\" content=\"Alvarellos Editora\" \/>\n<meta property=\"article:publisher\" content=\"https:\/\/www.facebook.com\/alvarelloseditora\" \/>\n<meta property=\"article:modified_time\" content=\"2022-12-13T13:31:40+00:00\" \/>\n<meta property=\"og:image\" content=\"https:\/\/alvarelloseditora.gal\/wp-content\/uploads\/2022\/10\/9788418567308Os-Cadernos-Escolares-da-II-Republica.jpg\" \/>\n\t<meta property=\"og:image:width\" content=\"723\" \/>\n\t<meta property=\"og:image:height\" content=\"553\" \/>\n\t<meta property=\"og:image:type\" content=\"image\/jpeg\" \/>\n<meta name=\"twitter:card\" content=\"summary_large_image\" \/>\n<meta name=\"twitter:site\" content=\"@alvarellos_ed\" \/>\n<meta name=\"twitter:label1\" content=\"Tiempo de lectura\" \/>\n\t<meta name=\"twitter:data1\" content=\"1 minuto\" \/>\n<!-- \/ Yoast SEO plugin. -->","yoast_head_json":{"title":"Os cadernos escolares da II Rep\u00fablica - Alvarellos Editora","description":"Os cadernos escolares da II Rep\u00fablica. C\u00f3mprao na tenda en li\u00f1a de Alvarellos Editora.","robots":{"index":"index","follow":"follow","max-snippet":"max-snippet:-1","max-image-preview":"max-image-preview:large","max-video-preview":"max-video-preview:-1"},"canonical":"https:\/\/alvarelloseditora.gal\/es\/libro\/os-cadernos-escolares-da-ii-republica\/","og_locale":"es_ES","og_type":"article","og_title":"Os cadernos escolares da II Rep\u00fablica - Alvarellos Editora","og_description":"Os cadernos escolares da II Rep\u00fablica. C\u00f3mprao na tenda en li\u00f1a de Alvarellos Editora.","og_url":"https:\/\/alvarelloseditora.gal\/es\/libro\/os-cadernos-escolares-da-ii-republica\/","og_site_name":"Alvarellos Editora","article_publisher":"https:\/\/www.facebook.com\/alvarelloseditora","article_modified_time":"2022-12-13T13:31:40+00:00","og_image":[{"width":723,"height":553,"url":"https:\/\/alvarelloseditora.gal\/wp-content\/uploads\/2022\/10\/9788418567308Os-Cadernos-Escolares-da-II-Republica.jpg","type":"image\/jpeg"}],"twitter_card":"summary_large_image","twitter_site":"@alvarellos_ed","twitter_misc":{"Tiempo de lectura":"1 minuto"},"schema":{"@context":"https:\/\/schema.org","@graph":[{"@type":["WebPage","ItemPage"],"@id":"https:\/\/alvarelloseditora.gal\/es\/libro\/os-cadernos-escolares-da-ii-republica\/","url":"https:\/\/alvarelloseditora.gal\/es\/libro\/os-cadernos-escolares-da-ii-republica\/","name":"Os cadernos escolares da II Rep\u00fablica - Alvarellos Editora","isPartOf":{"@id":"https:\/\/alvarelloseditora.gal\/#website"},"primaryImageOfPage":{"@id":"https:\/\/alvarelloseditora.gal\/es\/libro\/os-cadernos-escolares-da-ii-republica\/#primaryimage"},"image":{"@id":"https:\/\/alvarelloseditora.gal\/es\/libro\/os-cadernos-escolares-da-ii-republica\/#primaryimage"},"thumbnailUrl":"https:\/\/alvarelloseditora.gal\/wp-content\/uploads\/2022\/10\/9788418567308Os-Cadernos-Escolares-da-II-Republica.jpg","datePublished":"2022-10-24T12:29:28+00:00","dateModified":"2022-12-13T13:31:40+00:00","description":"Os cadernos escolares da II Rep\u00fablica. C\u00f3mprao na tenda en li\u00f1a de Alvarellos Editora.","breadcrumb":{"@id":"https:\/\/alvarelloseditora.gal\/es\/libro\/os-cadernos-escolares-da-ii-republica\/#breadcrumb"},"inLanguage":"es","potentialAction":[{"@type":"ReadAction","target":["https:\/\/alvarelloseditora.gal\/es\/libro\/os-cadernos-escolares-da-ii-republica\/"]}]},{"@type":"ImageObject","inLanguage":"es","@id":"https:\/\/alvarelloseditora.gal\/es\/libro\/os-cadernos-escolares-da-ii-republica\/#primaryimage","url":"https:\/\/alvarelloseditora.gal\/wp-content\/uploads\/2022\/10\/9788418567308Os-Cadernos-Escolares-da-II-Republica.jpg","contentUrl":"https:\/\/alvarelloseditora.gal\/wp-content\/uploads\/2022\/10\/9788418567308Os-Cadernos-Escolares-da-II-Republica.jpg","width":723,"height":553},{"@type":"BreadcrumbList","@id":"https:\/\/alvarelloseditora.gal\/es\/libro\/os-cadernos-escolares-da-ii-republica\/#breadcrumb","itemListElement":[{"@type":"ListItem","position":1,"name":"Portada","item":"https:\/\/alvarelloseditora.gal\/"},{"@type":"ListItem","position":2,"name":"Tienda","item":"https:\/\/alvarelloseditora.gal\/es\/tienda\/"},{"@type":"ListItem","position":3,"name":"Os cadernos escolares da II Rep\u00fablica"}]},{"@type":"WebSite","@id":"https:\/\/alvarelloseditora.gal\/#website","url":"https:\/\/alvarelloseditora.gal\/","name":"Alvarellos Editora","description":"Libros para un mundo en tr\u00e1nsito","publisher":{"@id":"https:\/\/alvarelloseditora.gal\/#organization"},"potentialAction":[{"@type":"SearchAction","target":{"@type":"EntryPoint","urlTemplate":"https:\/\/alvarelloseditora.gal\/?s={search_term_string}"},"query-input":{"@type":"PropertyValueSpecification","valueRequired":true,"valueName":"search_term_string"}}],"inLanguage":"es"},{"@type":"Organization","@id":"https:\/\/alvarelloseditora.gal\/#organization","name":"Alvarellos Editora","url":"https:\/\/alvarelloseditora.gal\/","logo":{"@type":"ImageObject","inLanguage":"es","@id":"https:\/\/alvarelloseditora.gal\/#\/schema\/logo\/image\/","url":"https:\/\/alvarelloseditora.gal\/wp-content\/uploads\/2020\/02\/alv-icon.png","contentUrl":"https:\/\/alvarelloseditora.gal\/wp-content\/uploads\/2020\/02\/alv-icon.png","width":177,"height":175,"caption":"Alvarellos Editora"},"image":{"@id":"https:\/\/alvarelloseditora.gal\/#\/schema\/logo\/image\/"},"sameAs":["https:\/\/www.facebook.com\/alvarelloseditora","https:\/\/x.com\/alvarellos_ed"]}]}},"_links":{"self":[{"href":"https:\/\/alvarelloseditora.gal\/es\/wp-json\/wp\/v2\/product\/7752","targetHints":{"allow":["GET"]}}],"collection":[{"href":"https:\/\/alvarelloseditora.gal\/es\/wp-json\/wp\/v2\/product"}],"about":[{"href":"https:\/\/alvarelloseditora.gal\/es\/wp-json\/wp\/v2\/types\/product"}],"replies":[{"embeddable":true,"href":"https:\/\/alvarelloseditora.gal\/es\/wp-json\/wp\/v2\/comments?post=7752"}],"wp:featuredmedia":[{"embeddable":true,"href":"https:\/\/alvarelloseditora.gal\/es\/wp-json\/wp\/v2\/media\/7751"}],"wp:attachment":[{"href":"https:\/\/alvarelloseditora.gal\/es\/wp-json\/wp\/v2\/media?parent=7752"}],"wp:term":[{"taxonomy":"product_brand","embeddable":true,"href":"https:\/\/alvarelloseditora.gal\/es\/wp-json\/wp\/v2\/product_brand?post=7752"},{"taxonomy":"product_cat","embeddable":true,"href":"https:\/\/alvarelloseditora.gal\/es\/wp-json\/wp\/v2\/product_cat?post=7752"},{"taxonomy":"product_tag","embeddable":true,"href":"https:\/\/alvarelloseditora.gal\/es\/wp-json\/wp\/v2\/product_tag?post=7752"}],"curies":[{"name":"wp","href":"https:\/\/api.w.org\/{rel}","templated":true}]}}