{"id":7649,"date":"2022-07-18T12:01:17","date_gmt":"2022-07-18T10:01:17","guid":{"rendered":"https:\/\/alvarelloseditora.gal\/book\/galicia-america\/"},"modified":"2022-07-18T13:52:49","modified_gmt":"2022-07-18T11:52:49","slug":"galicia-america","status":"publish","type":"product","link":"https:\/\/alvarelloseditora.gal\/es\/libro\/galicia-america\/","title":{"rendered":"Galicia-Am\u00e9rica"},"content":{"rendered":"","protected":false},"excerpt":{"rendered":"<p>Cantos de emigraci\u00f3n e exilio (1875-1951)<br \/>\nVarios\/as autores\/as<br \/>\nEdici\u00f3n a cargo de Montserrat Capel\u00e1n e Carlos Villanueva<br \/>\n&nbsp;<\/p>\n<p>ISBN 978-84-18567-26-1<br \/>\nFormato: 15,5 x 23 cms. Pp: 418<br \/>\nPapel Certificado FSC<\/p>\n<p>&nbsp;<\/p>\n<p>NP_C_Galicia_America<\/p>\n<p>&nbsp;<\/p>\n<p>El presente volumen, Galicia-Am\u00e9rica, cantos de emigraci\u00f3n e exilio (1875-1951), re\u00fane los trabajos de catorce especialistas que, en 2017, se reunieron en Santiago de Compostela para reflexionar y debatir sobre un tema estrella del Grupo Organistrum: \u00abO espello de Galicia en Am\u00e9rica: ideolox\u00eda, emigraci\u00f3n e exilio (1875-1951)\u00bb, fechas que enmarcan desde el gran movimiento migratorio galego a Am\u00e9rica Latina hasta la aparici\u00f3n de la Generaci\u00f3n del 51, l\u00edmite que refleja las consecuencias de la represi\u00f3n franquista.<\/p>\n<p>El grupo de investigaci\u00f3n Organistrum est\u00e1 dedicado a los estudios hist\u00f3ricos sobre m\u00fasica en Galicia, por lo que en esta obra se tratan a fondo aspectos como la capacidad de la m\u00fasica para expresar la identidad colectiva, o su posibilidad de llegar a todas las clases sociales.<\/p>\n<p>Tambi\u00e9n se da cuenta en estas p\u00e1ginas de la enorme importancia de los centros gallegos como n\u00facleos de socializaci\u00f3n y fomento de actividades, no solamente musicales sino tambi\u00e9n teatrales, danza, etc. Finalmente, se recogen trabajos centrados en las figuras clave de Perfecto Feij\u00f3o, Carlos L\u00f3pez Garc\u00eda-Picos, Carlos Ch\u00e1vez o Jes\u00fas Bal y Gay.<\/p>\n<p>La edici\u00f3n estuvo a cargo de Monsterrat Capel\u00e1n y Carlos Villanueva.<\/p>\n<p>(Idiomas: gallego y castellano).<\/p>\n<p>AUTORES\/AS<\/p>\n<p>Xos\u00e9 N\u00fa\u00f1ez Seixas<br \/>\nJusto Beramendi<br \/>\nCarmen Becerra<br \/>\nJuan Francisco Sans<br \/>\nMariantonia Palacios<br \/>\nVictoria Eli Rodr\u00edguez<br \/>\nJulio Ogas<br \/>\nInmaculada Mat\u00eda Polo<br \/>\nJavier Garbayo<br \/>\nJos\u00e9 Antonio Cantal Mari\u00f1o<br \/>\nMar\u00eda Fouz<br \/>\nJavier Ares<br \/>\nConsuelo Carredano<br \/>\nCarlos Villanueva<\/p>\n<p>&nbsp;<\/p>\n<p>&nbsp;<\/p>\n<p>&nbsp;<\/p>\n","protected":false},"featured_media":7648,"comment_status":"closed","ping_status":"closed","template":"","meta":[],"product_brand":[],"product_cat":[105],"product_tag":[1042],"class_list":{"0":"post-7649","1":"product","2":"type-product","3":"status-publish","4":"has-post-thumbnail","6":"product_cat-oeste-es","7":"product_tag-libros-con-memoria-es","9":"first","10":"instock","11":"taxable","12":"shipping-taxable","13":"purchasable","14":"product-type-simple"},"yoast_head":"<!-- This site is optimized with the Yoast SEO plugin v27.3 - https:\/\/yoast.com\/product\/yoast-seo-wordpress\/ -->\n<title>Galicia-Am\u00e9rica - Alvarellos Editora<\/title>\n<meta name=\"description\" content=\"Galicia-Am\u00e9rica. C\u00f3mprao na tenda en li\u00f1a de Alvarellos Editora.\" \/>\n<meta name=\"robots\" content=\"index, follow, max-snippet:-1, max-image-preview:large, max-video-preview:-1\" \/>\n<link rel=\"canonical\" href=\"https:\/\/alvarelloseditora.gal\/es\/libro\/galicia-america\/\" \/>\n<meta property=\"og:locale\" content=\"es_ES\" \/>\n<meta property=\"og:type\" content=\"article\" \/>\n<meta property=\"og:title\" content=\"Galicia-Am\u00e9rica - Alvarellos Editora\" \/>\n<meta property=\"og:description\" content=\"Galicia-Am\u00e9rica. C\u00f3mprao na tenda en li\u00f1a de Alvarellos Editora.\" \/>\n<meta property=\"og:url\" content=\"https:\/\/alvarelloseditora.gal\/es\/libro\/galicia-america\/\" \/>\n<meta property=\"og:site_name\" content=\"Alvarellos Editora\" \/>\n<meta property=\"article:publisher\" content=\"https:\/\/www.facebook.com\/alvarelloseditora\" \/>\n<meta property=\"article:modified_time\" content=\"2022-07-18T11:52:49+00:00\" \/>\n<meta property=\"og:image\" content=\"https:\/\/alvarelloseditora.gal\/wp-content\/uploads\/2022\/07\/9788418567261galiciaamerica-scaled.jpg\" \/>\n\t<meta property=\"og:image:width\" content=\"1718\" \/>\n\t<meta property=\"og:image:height\" content=\"2560\" \/>\n\t<meta property=\"og:image:type\" content=\"image\/jpeg\" \/>\n<meta name=\"twitter:card\" content=\"summary_large_image\" \/>\n<meta name=\"twitter:site\" content=\"@alvarellos_ed\" \/>\n<!-- \/ Yoast SEO plugin. -->","yoast_head_json":{"title":"Galicia-Am\u00e9rica - Alvarellos Editora","description":"Galicia-Am\u00e9rica. C\u00f3mprao na tenda en li\u00f1a de Alvarellos Editora.","robots":{"index":"index","follow":"follow","max-snippet":"max-snippet:-1","max-image-preview":"max-image-preview:large","max-video-preview":"max-video-preview:-1"},"canonical":"https:\/\/alvarelloseditora.gal\/es\/libro\/galicia-america\/","og_locale":"es_ES","og_type":"article","og_title":"Galicia-Am\u00e9rica - Alvarellos Editora","og_description":"Galicia-Am\u00e9rica. C\u00f3mprao na tenda en li\u00f1a de Alvarellos Editora.","og_url":"https:\/\/alvarelloseditora.gal\/es\/libro\/galicia-america\/","og_site_name":"Alvarellos Editora","article_publisher":"https:\/\/www.facebook.com\/alvarelloseditora","article_modified_time":"2022-07-18T11:52:49+00:00","og_image":[{"width":1718,"height":2560,"url":"https:\/\/alvarelloseditora.gal\/wp-content\/uploads\/2022\/07\/9788418567261galiciaamerica-scaled.jpg","type":"image\/jpeg"}],"twitter_card":"summary_large_image","twitter_site":"@alvarellos_ed","schema":{"@context":"https:\/\/schema.org","@graph":[{"@type":["WebPage","ItemPage"],"@id":"https:\/\/alvarelloseditora.gal\/es\/libro\/galicia-america\/","url":"https:\/\/alvarelloseditora.gal\/es\/libro\/galicia-america\/","name":"Galicia-Am\u00e9rica - Alvarellos Editora","isPartOf":{"@id":"https:\/\/alvarelloseditora.gal\/#website"},"primaryImageOfPage":{"@id":"https:\/\/alvarelloseditora.gal\/es\/libro\/galicia-america\/#primaryimage"},"image":{"@id":"https:\/\/alvarelloseditora.gal\/es\/libro\/galicia-america\/#primaryimage"},"thumbnailUrl":"https:\/\/alvarelloseditora.gal\/wp-content\/uploads\/2022\/07\/9788418567261galiciaamerica-scaled.jpg","datePublished":"2022-07-18T10:01:17+00:00","dateModified":"2022-07-18T11:52:49+00:00","description":"Galicia-Am\u00e9rica. C\u00f3mprao na tenda en li\u00f1a de Alvarellos Editora.","breadcrumb":{"@id":"https:\/\/alvarelloseditora.gal\/es\/libro\/galicia-america\/#breadcrumb"},"inLanguage":"es","potentialAction":[{"@type":"ReadAction","target":["https:\/\/alvarelloseditora.gal\/es\/libro\/galicia-america\/"]}]},{"@type":"ImageObject","inLanguage":"es","@id":"https:\/\/alvarelloseditora.gal\/es\/libro\/galicia-america\/#primaryimage","url":"https:\/\/alvarelloseditora.gal\/wp-content\/uploads\/2022\/07\/9788418567261galiciaamerica-scaled.jpg","contentUrl":"https:\/\/alvarelloseditora.gal\/wp-content\/uploads\/2022\/07\/9788418567261galiciaamerica-scaled.jpg","width":1718,"height":2560},{"@type":"BreadcrumbList","@id":"https:\/\/alvarelloseditora.gal\/es\/libro\/galicia-america\/#breadcrumb","itemListElement":[{"@type":"ListItem","position":1,"name":"Portada","item":"https:\/\/alvarelloseditora.gal\/"},{"@type":"ListItem","position":2,"name":"Tienda","item":"https:\/\/alvarelloseditora.gal\/es\/tienda\/"},{"@type":"ListItem","position":3,"name":"Galicia-Am\u00e9rica"}]},{"@type":"WebSite","@id":"https:\/\/alvarelloseditora.gal\/#website","url":"https:\/\/alvarelloseditora.gal\/","name":"Alvarellos Editora","description":"Libros para un mundo en tr\u00e1nsito","publisher":{"@id":"https:\/\/alvarelloseditora.gal\/#organization"},"potentialAction":[{"@type":"SearchAction","target":{"@type":"EntryPoint","urlTemplate":"https:\/\/alvarelloseditora.gal\/?s={search_term_string}"},"query-input":{"@type":"PropertyValueSpecification","valueRequired":true,"valueName":"search_term_string"}}],"inLanguage":"es"},{"@type":"Organization","@id":"https:\/\/alvarelloseditora.gal\/#organization","name":"Alvarellos Editora","url":"https:\/\/alvarelloseditora.gal\/","logo":{"@type":"ImageObject","inLanguage":"es","@id":"https:\/\/alvarelloseditora.gal\/#\/schema\/logo\/image\/","url":"https:\/\/alvarelloseditora.gal\/wp-content\/uploads\/2020\/02\/alv-icon.png","contentUrl":"https:\/\/alvarelloseditora.gal\/wp-content\/uploads\/2020\/02\/alv-icon.png","width":177,"height":175,"caption":"Alvarellos Editora"},"image":{"@id":"https:\/\/alvarelloseditora.gal\/#\/schema\/logo\/image\/"},"sameAs":["https:\/\/www.facebook.com\/alvarelloseditora","https:\/\/x.com\/alvarellos_ed"]}]}},"_links":{"self":[{"href":"https:\/\/alvarelloseditora.gal\/es\/wp-json\/wp\/v2\/product\/7649","targetHints":{"allow":["GET"]}}],"collection":[{"href":"https:\/\/alvarelloseditora.gal\/es\/wp-json\/wp\/v2\/product"}],"about":[{"href":"https:\/\/alvarelloseditora.gal\/es\/wp-json\/wp\/v2\/types\/product"}],"replies":[{"embeddable":true,"href":"https:\/\/alvarelloseditora.gal\/es\/wp-json\/wp\/v2\/comments?post=7649"}],"wp:featuredmedia":[{"embeddable":true,"href":"https:\/\/alvarelloseditora.gal\/es\/wp-json\/wp\/v2\/media\/7648"}],"wp:attachment":[{"href":"https:\/\/alvarelloseditora.gal\/es\/wp-json\/wp\/v2\/media?parent=7649"}],"wp:term":[{"taxonomy":"product_brand","embeddable":true,"href":"https:\/\/alvarelloseditora.gal\/es\/wp-json\/wp\/v2\/product_brand?post=7649"},{"taxonomy":"product_cat","embeddable":true,"href":"https:\/\/alvarelloseditora.gal\/es\/wp-json\/wp\/v2\/product_cat?post=7649"},{"taxonomy":"product_tag","embeddable":true,"href":"https:\/\/alvarelloseditora.gal\/es\/wp-json\/wp\/v2\/product_tag?post=7649"}],"curies":[{"name":"wp","href":"https:\/\/api.w.org\/{rel}","templated":true}]}}