{"id":7633,"date":"2021-07-08T10:45:21","date_gmt":"2021-07-08T08:45:21","guid":{"rendered":"https:\/\/alvarelloseditora.gal\/book\/cartel-historico-de-la-barraca-de-lorca-en-a-coruna-facsimilar-de-1932\/"},"modified":"2022-07-08T11:05:35","modified_gmt":"2022-07-08T09:05:35","slug":"cartel-historico-de-la-barraca-de-lorca-en-a-coruna-facsimilar-de-1932","status":"publish","type":"product","link":"https:\/\/alvarelloseditora.gal\/es\/libro\/cartel-historico-de-la-barraca-de-lorca-en-a-coruna-facsimilar-de-1932\/","title":{"rendered":"Cartel hist\u00f3rico de La Barraca de Lorca en A Coru\u00f1a [Facsimilar de 1932]"},"content":{"rendered":"<p><strong>Para conmemorar los 90 a\u00f1os de la gira gallega de La Barraca<\/strong>, Alvarellos Editora publica, en edici\u00f3n facsimilar, el cartel anunciador de la actuaci\u00f3n de la compa\u00f1\u00eda teatral en la ciudad de A Coru\u00f1a los d\u00edas 22 y 23 de agosto de 1932. El original pertenece al archivo personal de quien hab\u00eda sido uno de los actores de La Barraca<strong> Modesto Higueras C\u00e1tedra<\/strong> (Ja\u00e9n, 1910-Madrid, 1985). Fue impreso en A Coru\u00f1a en la imprenta y editorial de Manuel Rodr\u00edguez Moret, la c\u00e9lebre<strong> Imprenta Moret<\/strong> (1923-1974).<\/p>\n<p>La Barraca era una compa\u00f1\u00eda universitaria, no profesional, con actores y actrices estudiantes. Viajaba un elenco total de unos 35 integrantes. Creada y dirigida por Federico Garc\u00eda Lorca, <strong>su paso por Galicia, hace ahora 90 a\u00f1os, fue todo un acontecimiento, llegando a actuar en A Quintana, en Santiago de Compostela, ante m\u00e1s de 6.000 asistentes<\/strong>, seg\u00fan las cr\u00f3nicas period\u00edsticas.<\/p>\n<p><strong>En A Coru\u00f1a har\u00eda tres pases<\/strong>: dos en el teatro Rosal\u00eda de Castro a las 19:30 horas y otro m\u00e1s, de noche, en la plaza de Mar\u00eda Pita. Pondr\u00edan en escena tres Entremeses de Cervantes y el auto sacramental La vida es sue\u00f1o de Calder\u00f3n de la Barca (donde el propio Lorca interpretaba el personaje de la Sombra), con decorados de Ram\u00f3n Gaya y Benjam\u00edn Palencia.<\/p>\n<p>Federico Garc\u00eda Lorca ya hab\u00eda estado en A Coru\u00f1a ese mismo a\u00f1o, en mayo, en el Teatro Linares Rivas, donde hab\u00eda pronunciado una inolvidable conferencia. Y muchos a\u00f1os antes, en un viaje de estudios, en octubre de 1916, por lo que esta era a tercera vez que visitaba la ciudad.<\/p>\n<p><strong>La prensa de la \u00e9poca relat\u00f3 as\u00ed<\/strong> el paso de La Barraca por A Coru\u00f1a en aquel agosto de 1932:<\/p>\n<p><em>\u00abSe aplaudi\u00f3 mucho a los simp\u00e1ticos artistas y singularmente al celebrado poeta Federico Garc\u00eda Lorca, que ley\u00f3 a modo de pr\u00f3logo unas l\u00edricas cuartillas exaltando la finalidad cultural de la obra y anunciando que \u201cLa Barraca\u201d parte ahora para Padr\u00f3n, el punto neur\u00e1lgico de Galicia, donde con la leyenda jacobea revive tambi\u00e9n el esp\u00edritu de Rosal\u00eda\u00bb.<\/em><\/p>\n<p><em>\u00abPor la noche, los animosos y cultos faranduleros, respondiendo a la empresa de difusi\u00f3n que se han impuesto, actuaron al aire libre, en un tabladillo, ante el palacio municipal. Un gran gent\u00edo, como en los tiempos idos, escuch\u00f3 y aplaudi\u00f3 a los j\u00f3venes comediantes en los pasos de comedia cl\u00e1sica que representaron<\/em>\u00bb. <em>La Voz de Galicia,<\/em> 24\/08\/32.<\/p>\n<p><strong>Se conserva una fotograf\u00eda de aquella visita<\/strong>. El autor es Juan Cancelo (A Coru\u00f1a, 1892-1988) y y fue incluida en nuestra edici\u00f3n facs\u00edmil de los<a href=\"https:\/\/alvarelloseditora.gal\/es\/libro\/seis-poemas-galegos-edicion-facsimil-e-ilustrada\/\"><em> Seis poemas galegos<\/em><\/a>. Apareci\u00f3 como portada de <em>La Voz de Galicia<\/em> el 24\/08\/32. Posa Lorca con el grupo y leemos al pie:<\/p>\n<p>&nbsp;<\/p>\n<p>\u00ab<em>Los j\u00f3venes universitarios matritenses que constituyen la ambulante y art\u00edstica agrupaci\u00f3n \u201cLa Barraca\u201d y que tan merecido \u00e9xito obtuvieron en La Coru\u00f1a<\/em>\u00bb.<\/p>\n<p>&nbsp;<\/p>\n<p><a href=\"https:\/\/alvarelloseditora.gal\/wp-content\/uploads\/2022\/07\/NP-C-Cartel-La-Barraca-Lorca-Coruna-1932-1.pdf\">NP-C-Cartel-La-Barraca-Lorca-Coruna-1932<\/a><\/p>\n","protected":false},"excerpt":{"rendered":"<p>EDICI\u00d3N FACSIMILAR 90 ANIVERSARIO DE LA BARRACA EN GALICIA<\/p>\n<p>Medidas 30 x 44 cms.<br \/>\nCartulina Estucada semimate 300 gr<\/p>\n<p>&nbsp;<\/p>\n<p>El lunes 22 y el martes 23 de agosto de 1932, la compa\u00f1\u00eda teatral universitaria La Barraca, dirigida por Federico Garc\u00eda Lorca, actuaba en la ciudad de A Coru\u00f1a, primera parada dentro de la amplia gira gallega de diez d\u00edas que tambi\u00e9n la llevar\u00eda a Santiago, Vigo, Baiona, Pontevedra, Vilagarc\u00eda de Arousa y Ribadeo. Este es el cartel hist\u00f3rico que anunciaba por las calles de la ciudad aquella actuaci\u00f3n. En una edici\u00f3n facsimilar de Alvarellos Editora que conmemora los 90 a\u00f1os de La Barraca en Galicia.<\/p>\n<p>&nbsp;<\/p>\n<p>NP-C-Cartel-La-Barraca-Lorca-Coruna-1932<\/p>\n<p>&nbsp;<\/p>\n<p>&nbsp;<\/p>\n<p>&nbsp;<\/p>\n","protected":false},"featured_media":7632,"comment_status":"closed","ping_status":"closed","template":"","meta":[],"product_brand":[],"product_cat":[1362],"product_tag":[1957,1042],"class_list":{"0":"post-7633","1":"product","2":"type-product","3":"status-publish","4":"has-post-thumbnail","6":"product_cat-carteles-historicos","7":"product_tag-federico-garcia-lorca-es","8":"product_tag-libros-con-memoria-es","10":"first","11":"instock","12":"taxable","13":"shipping-taxable","14":"purchasable","15":"product-type-simple"},"yoast_head":"<!-- This site is optimized with the Yoast SEO plugin v27.3 - https:\/\/yoast.com\/product\/yoast-seo-wordpress\/ -->\n<title>Cartel hist\u00f3rico de La Barraca de Lorca en A Coru\u00f1a [Facsimilar de 1932] - Alvarellos Editora<\/title>\n<meta name=\"description\" content=\"Cartel hist\u00f3rico de La Barraca de Lorca en A Coru\u00f1a [Facsimilar de 1932]. C\u00f3mprao na tenda en li\u00f1a de Alvarellos Editora.\" \/>\n<meta name=\"robots\" content=\"index, follow, max-snippet:-1, max-image-preview:large, max-video-preview:-1\" \/>\n<link rel=\"canonical\" href=\"https:\/\/alvarelloseditora.gal\/es\/libro\/cartel-historico-de-la-barraca-de-lorca-en-a-coruna-facsimilar-de-1932\/\" \/>\n<meta property=\"og:locale\" content=\"es_ES\" \/>\n<meta property=\"og:type\" content=\"article\" \/>\n<meta property=\"og:title\" content=\"Cartel hist\u00f3rico de La Barraca de Lorca en A Coru\u00f1a [Facsimilar de 1932] - Alvarellos Editora\" \/>\n<meta property=\"og:description\" content=\"Cartel hist\u00f3rico de La Barraca de Lorca en A Coru\u00f1a [Facsimilar de 1932]. C\u00f3mprao na tenda en li\u00f1a de Alvarellos Editora.\" \/>\n<meta property=\"og:url\" content=\"https:\/\/alvarelloseditora.gal\/es\/libro\/cartel-historico-de-la-barraca-de-lorca-en-a-coruna-facsimilar-de-1932\/\" \/>\n<meta property=\"og:site_name\" content=\"Alvarellos Editora\" \/>\n<meta property=\"article:publisher\" content=\"https:\/\/www.facebook.com\/alvarelloseditora\" \/>\n<meta property=\"article:modified_time\" content=\"2022-07-08T09:05:35+00:00\" \/>\n<meta property=\"og:image\" content=\"https:\/\/alvarelloseditora.gal\/wp-content\/uploads\/2022\/07\/Cartel-LaBarraca-Coruna-1932-.jpg\" \/>\n\t<meta property=\"og:image:width\" content=\"1362\" \/>\n\t<meta property=\"og:image:height\" content=\"1934\" \/>\n\t<meta property=\"og:image:type\" content=\"image\/jpeg\" \/>\n<meta name=\"twitter:card\" content=\"summary_large_image\" \/>\n<meta name=\"twitter:site\" content=\"@alvarellos_ed\" \/>\n<meta name=\"twitter:label1\" content=\"Tiempo de lectura\" \/>\n\t<meta name=\"twitter:data1\" content=\"3 minutos\" \/>\n<!-- \/ Yoast SEO plugin. -->","yoast_head_json":{"title":"Cartel hist\u00f3rico de La Barraca de Lorca en A Coru\u00f1a [Facsimilar de 1932] - Alvarellos Editora","description":"Cartel hist\u00f3rico de La Barraca de Lorca en A Coru\u00f1a [Facsimilar de 1932]. C\u00f3mprao na tenda en li\u00f1a de Alvarellos Editora.","robots":{"index":"index","follow":"follow","max-snippet":"max-snippet:-1","max-image-preview":"max-image-preview:large","max-video-preview":"max-video-preview:-1"},"canonical":"https:\/\/alvarelloseditora.gal\/es\/libro\/cartel-historico-de-la-barraca-de-lorca-en-a-coruna-facsimilar-de-1932\/","og_locale":"es_ES","og_type":"article","og_title":"Cartel hist\u00f3rico de La Barraca de Lorca en A Coru\u00f1a [Facsimilar de 1932] - Alvarellos Editora","og_description":"Cartel hist\u00f3rico de La Barraca de Lorca en A Coru\u00f1a [Facsimilar de 1932]. C\u00f3mprao na tenda en li\u00f1a de Alvarellos Editora.","og_url":"https:\/\/alvarelloseditora.gal\/es\/libro\/cartel-historico-de-la-barraca-de-lorca-en-a-coruna-facsimilar-de-1932\/","og_site_name":"Alvarellos Editora","article_publisher":"https:\/\/www.facebook.com\/alvarelloseditora","article_modified_time":"2022-07-08T09:05:35+00:00","og_image":[{"width":1362,"height":1934,"url":"https:\/\/alvarelloseditora.gal\/wp-content\/uploads\/2022\/07\/Cartel-LaBarraca-Coruna-1932-.jpg","type":"image\/jpeg"}],"twitter_card":"summary_large_image","twitter_site":"@alvarellos_ed","twitter_misc":{"Tiempo de lectura":"3 minutos"},"schema":{"@context":"https:\/\/schema.org","@graph":[{"@type":["WebPage","ItemPage"],"@id":"https:\/\/alvarelloseditora.gal\/es\/libro\/cartel-historico-de-la-barraca-de-lorca-en-a-coruna-facsimilar-de-1932\/","url":"https:\/\/alvarelloseditora.gal\/es\/libro\/cartel-historico-de-la-barraca-de-lorca-en-a-coruna-facsimilar-de-1932\/","name":"Cartel hist\u00f3rico de La Barraca de Lorca en A Coru\u00f1a [Facsimilar de 1932] - Alvarellos Editora","isPartOf":{"@id":"https:\/\/alvarelloseditora.gal\/#website"},"primaryImageOfPage":{"@id":"https:\/\/alvarelloseditora.gal\/es\/libro\/cartel-historico-de-la-barraca-de-lorca-en-a-coruna-facsimilar-de-1932\/#primaryimage"},"image":{"@id":"https:\/\/alvarelloseditora.gal\/es\/libro\/cartel-historico-de-la-barraca-de-lorca-en-a-coruna-facsimilar-de-1932\/#primaryimage"},"thumbnailUrl":"https:\/\/alvarelloseditora.gal\/wp-content\/uploads\/2022\/07\/Cartel-LaBarraca-Coruna-1932-.jpg","datePublished":"2021-07-08T08:45:21+00:00","dateModified":"2022-07-08T09:05:35+00:00","description":"Cartel hist\u00f3rico de La Barraca de Lorca en A Coru\u00f1a [Facsimilar de 1932]. C\u00f3mprao na tenda en li\u00f1a de Alvarellos Editora.","breadcrumb":{"@id":"https:\/\/alvarelloseditora.gal\/es\/libro\/cartel-historico-de-la-barraca-de-lorca-en-a-coruna-facsimilar-de-1932\/#breadcrumb"},"inLanguage":"es","potentialAction":[{"@type":"ReadAction","target":["https:\/\/alvarelloseditora.gal\/es\/libro\/cartel-historico-de-la-barraca-de-lorca-en-a-coruna-facsimilar-de-1932\/"]}]},{"@type":"ImageObject","inLanguage":"es","@id":"https:\/\/alvarelloseditora.gal\/es\/libro\/cartel-historico-de-la-barraca-de-lorca-en-a-coruna-facsimilar-de-1932\/#primaryimage","url":"https:\/\/alvarelloseditora.gal\/wp-content\/uploads\/2022\/07\/Cartel-LaBarraca-Coruna-1932-.jpg","contentUrl":"https:\/\/alvarelloseditora.gal\/wp-content\/uploads\/2022\/07\/Cartel-LaBarraca-Coruna-1932-.jpg","width":1362,"height":1934},{"@type":"BreadcrumbList","@id":"https:\/\/alvarelloseditora.gal\/es\/libro\/cartel-historico-de-la-barraca-de-lorca-en-a-coruna-facsimilar-de-1932\/#breadcrumb","itemListElement":[{"@type":"ListItem","position":1,"name":"Portada","item":"https:\/\/alvarelloseditora.gal\/"},{"@type":"ListItem","position":2,"name":"Tienda","item":"https:\/\/alvarelloseditora.gal\/es\/tienda\/"},{"@type":"ListItem","position":3,"name":"Cartel hist\u00f3rico de La Barraca de Lorca en A Coru\u00f1a [Facsimilar de 1932]"}]},{"@type":"WebSite","@id":"https:\/\/alvarelloseditora.gal\/#website","url":"https:\/\/alvarelloseditora.gal\/","name":"Alvarellos Editora","description":"Libros para un mundo en tr\u00e1nsito","publisher":{"@id":"https:\/\/alvarelloseditora.gal\/#organization"},"potentialAction":[{"@type":"SearchAction","target":{"@type":"EntryPoint","urlTemplate":"https:\/\/alvarelloseditora.gal\/?s={search_term_string}"},"query-input":{"@type":"PropertyValueSpecification","valueRequired":true,"valueName":"search_term_string"}}],"inLanguage":"es"},{"@type":"Organization","@id":"https:\/\/alvarelloseditora.gal\/#organization","name":"Alvarellos Editora","url":"https:\/\/alvarelloseditora.gal\/","logo":{"@type":"ImageObject","inLanguage":"es","@id":"https:\/\/alvarelloseditora.gal\/#\/schema\/logo\/image\/","url":"https:\/\/alvarelloseditora.gal\/wp-content\/uploads\/2020\/02\/alv-icon.png","contentUrl":"https:\/\/alvarelloseditora.gal\/wp-content\/uploads\/2020\/02\/alv-icon.png","width":177,"height":175,"caption":"Alvarellos Editora"},"image":{"@id":"https:\/\/alvarelloseditora.gal\/#\/schema\/logo\/image\/"},"sameAs":["https:\/\/www.facebook.com\/alvarelloseditora","https:\/\/x.com\/alvarellos_ed"]}]}},"_links":{"self":[{"href":"https:\/\/alvarelloseditora.gal\/es\/wp-json\/wp\/v2\/product\/7633","targetHints":{"allow":["GET"]}}],"collection":[{"href":"https:\/\/alvarelloseditora.gal\/es\/wp-json\/wp\/v2\/product"}],"about":[{"href":"https:\/\/alvarelloseditora.gal\/es\/wp-json\/wp\/v2\/types\/product"}],"replies":[{"embeddable":true,"href":"https:\/\/alvarelloseditora.gal\/es\/wp-json\/wp\/v2\/comments?post=7633"}],"wp:featuredmedia":[{"embeddable":true,"href":"https:\/\/alvarelloseditora.gal\/es\/wp-json\/wp\/v2\/media\/7632"}],"wp:attachment":[{"href":"https:\/\/alvarelloseditora.gal\/es\/wp-json\/wp\/v2\/media?parent=7633"}],"wp:term":[{"taxonomy":"product_brand","embeddable":true,"href":"https:\/\/alvarelloseditora.gal\/es\/wp-json\/wp\/v2\/product_brand?post=7633"},{"taxonomy":"product_cat","embeddable":true,"href":"https:\/\/alvarelloseditora.gal\/es\/wp-json\/wp\/v2\/product_cat?post=7633"},{"taxonomy":"product_tag","embeddable":true,"href":"https:\/\/alvarelloseditora.gal\/es\/wp-json\/wp\/v2\/product_tag?post=7633"}],"curies":[{"name":"wp","href":"https:\/\/api.w.org\/{rel}","templated":true}]}}