{"id":7595,"date":"2021-06-29T13:44:57","date_gmt":"2021-06-29T11:44:57","guid":{"rendered":"https:\/\/alvarelloseditora.gal\/?post_type=product&#038;p=7595"},"modified":"2022-09-15T12:41:54","modified_gmt":"2022-09-15T10:41:54","slug":"a-coruna-coloreada-anos-50","status":"publish","type":"product","link":"https:\/\/alvarelloseditora.gal\/es\/libro\/a-coruna-coloreada-anos-50\/","title":{"rendered":"A Coru\u00f1a Coloreada [Anos 50]"},"content":{"rendered":"<p>Alvarellos Editora publica en el verano de 2022 una nueva serie de postales hist\u00f3ricas de A Coru\u00f1a.<\/p>\n<p>Se trata de una atractiva caja que rescata once im\u00e1genes de la ciudad de los a\u00f1os cincuenta, con la singularidad de que todas las fotograf\u00edas est\u00e1n coloreadas a mano. Fueron publicadas originalmente as\u00ed, por las casas zaragozanas Ediciones Garc\u00eda Garrabella y Ediciones Arribas.<\/p>\n<p>El proceso del coloreado manual de las im\u00e1genes (usando siempre colores pastel muy suaves) se hizo habitual en estos a\u00f1os 50, de transici\u00f3n entre la fotograf\u00eda en blanco y negro y la fotograf\u00eda en color que ya se extender\u00eda en los a\u00f1os 60.<\/p>\n<p>Las im\u00e1genes, destinadas a la promoci\u00f3n tur\u00edstica de la ciudad, recogen los lugares visualmente m\u00e1s atractivos para los visitantes: la Solana con el Hotel Finisterre y el Jard\u00edn de San Carlos, la D\u00e1rsena y Avenida de la Mari\u00f1a, los jardines de M\u00e9ndez N\u00fa\u00f1ez con el Hotel Embajador, el desaparecido Hotel Atl\u00e1ntic y los felizmente conservados Quiosco Alfonso y La Terraza, la playa de Riazor o a Torre de H\u00e9rcules, entre otras.<\/p>\n<p>Esta nueva serie A Coru\u00f1a Coloreada. A\u00f1os 50 se suma la otras tres entregas anteriores que, desde 2016, fue publicando esta editorial y presentando, cada mes de agosto, en la Feria del Libro de A Coru\u00f1a. <a style=\"background-color: #ffffff;\" href=\"https:\/\/alvarelloseditora.gal\/libro\/a-coruna-anos-20\/\"><em>A Coru\u00f1a, anos 20<\/em><\/a>, <a style=\"background-color: #ffffff;\" href=\"https:\/\/alvarelloseditora.gal\/libro\/a-coruna-anos-20-ii\/\"><em>A Coru\u00f1a, anos 20 (II)<\/em><\/a> e <a style=\"background-color: #ffffff;\" href=\"https:\/\/alvarelloseditora.gal\/libro\/a-coruna-anos-30\/\"><em>A Coru\u00f1a anos 30.<\/em><\/a><\/p>\n<p><a href=\"https:\/\/alvarelloseditora.gal\/wp-content\/uploads\/2022\/06\/NP_C_CORUNA_COLOREADA_ANOS_50-1.pdf\">NP_C_CORU\u00d1A_COLOREADA_ANOS_50<\/a><\/p>\n<p><a href=\"https:\/\/alvarelloseditora.gal\/wp-content\/uploads\/2022\/06\/NP_G_CORUNA_COLOREADA_ANOS_50-1.pdf\">NP_G_CORU\u00d1A_COLOREADA_ANOS_50<\/a><\/p>\n","protected":false},"excerpt":{"rendered":"<p>Caja de 11 postales panor\u00e1micas<br \/>\nFormato: 20,5 x 13 cms<br \/>\nDep\u00f3sito Legal C 1000-2022<\/p>\n<p>Alvarellos Editora rescata una nueva serie de postales hist\u00f3ricas de A Coru\u00f1a. En esta ocasi\u00f3n, once fotograf\u00edas coloradas, publicadas as\u00ed originalmente, en color, en la d\u00e9cada de los 50, tratadas manualmente a partir de im\u00e1genes en blanco y negro. Pertenecen a la serie de postales de las famosas casas zaragozanas Ediciones Garc\u00eda Garrabella y Ediciones Arribas.<\/p>\n<p>NP_C_CORU\u00d1A_COLOREADA_ANOS_50<\/p>\n<p>NP_G_CORU\u00d1A_COLOREADA_ANOS_50<\/p>\n","protected":false},"featured_media":7596,"comment_status":"closed","ping_status":"closed","template":"","meta":[],"product_brand":[],"product_cat":[109],"product_tag":[],"class_list":{"0":"post-7595","1":"product","2":"type-product","3":"status-publish","4":"has-post-thumbnail","6":"product_cat-varia-es","8":"first","9":"instock","10":"taxable","11":"shipping-taxable","12":"purchasable","13":"product-type-simple"},"yoast_head":"<!-- This site is optimized with the Yoast SEO plugin v27.3 - https:\/\/yoast.com\/product\/yoast-seo-wordpress\/ -->\n<title>A Coru\u00f1a Coloreada [Anos 50] - Alvarellos Editora<\/title>\n<meta name=\"description\" content=\"A Coru\u00f1a Coloreada [Anos 50]. C\u00f3mprao na tenda en li\u00f1a de Alvarellos Editora.\" \/>\n<meta name=\"robots\" content=\"index, follow, max-snippet:-1, max-image-preview:large, max-video-preview:-1\" \/>\n<link rel=\"canonical\" href=\"https:\/\/alvarelloseditora.gal\/es\/libro\/a-coruna-coloreada-anos-50\/\" \/>\n<meta property=\"og:locale\" content=\"es_ES\" \/>\n<meta property=\"og:type\" content=\"article\" \/>\n<meta property=\"og:title\" content=\"A Coru\u00f1a Coloreada [Anos 50] - Alvarellos Editora\" \/>\n<meta property=\"og:description\" content=\"A Coru\u00f1a Coloreada [Anos 50]. C\u00f3mprao na tenda en li\u00f1a de Alvarellos Editora.\" \/>\n<meta property=\"og:url\" content=\"https:\/\/alvarelloseditora.gal\/es\/libro\/a-coruna-coloreada-anos-50\/\" \/>\n<meta property=\"og:site_name\" content=\"Alvarellos Editora\" \/>\n<meta property=\"article:publisher\" content=\"https:\/\/www.facebook.com\/alvarelloseditora\" \/>\n<meta property=\"article:modified_time\" content=\"2022-09-15T10:41:54+00:00\" \/>\n<meta property=\"og:image\" content=\"https:\/\/alvarelloseditora.gal\/wp-content\/uploads\/2022\/06\/A-Coruna-Coloreada-alvarellos-ed-2022.jpg\" \/>\n\t<meta property=\"og:image:width\" content=\"2450\" \/>\n\t<meta property=\"og:image:height\" content=\"1451\" \/>\n\t<meta property=\"og:image:type\" content=\"image\/jpeg\" \/>\n<meta name=\"twitter:card\" content=\"summary_large_image\" \/>\n<meta name=\"twitter:site\" content=\"@alvarellos_ed\" \/>\n<meta name=\"twitter:label1\" content=\"Tiempo de lectura\" \/>\n\t<meta name=\"twitter:data1\" content=\"2 minutos\" \/>\n<!-- \/ Yoast SEO plugin. -->","yoast_head_json":{"title":"A Coru\u00f1a Coloreada [Anos 50] - Alvarellos Editora","description":"A Coru\u00f1a Coloreada [Anos 50]. C\u00f3mprao na tenda en li\u00f1a de Alvarellos Editora.","robots":{"index":"index","follow":"follow","max-snippet":"max-snippet:-1","max-image-preview":"max-image-preview:large","max-video-preview":"max-video-preview:-1"},"canonical":"https:\/\/alvarelloseditora.gal\/es\/libro\/a-coruna-coloreada-anos-50\/","og_locale":"es_ES","og_type":"article","og_title":"A Coru\u00f1a Coloreada [Anos 50] - Alvarellos Editora","og_description":"A Coru\u00f1a Coloreada [Anos 50]. C\u00f3mprao na tenda en li\u00f1a de Alvarellos Editora.","og_url":"https:\/\/alvarelloseditora.gal\/es\/libro\/a-coruna-coloreada-anos-50\/","og_site_name":"Alvarellos Editora","article_publisher":"https:\/\/www.facebook.com\/alvarelloseditora","article_modified_time":"2022-09-15T10:41:54+00:00","og_image":[{"width":2450,"height":1451,"url":"https:\/\/alvarelloseditora.gal\/wp-content\/uploads\/2022\/06\/A-Coruna-Coloreada-alvarellos-ed-2022.jpg","type":"image\/jpeg"}],"twitter_card":"summary_large_image","twitter_site":"@alvarellos_ed","twitter_misc":{"Tiempo de lectura":"2 minutos"},"schema":{"@context":"https:\/\/schema.org","@graph":[{"@type":["WebPage","ItemPage"],"@id":"https:\/\/alvarelloseditora.gal\/es\/libro\/a-coruna-coloreada-anos-50\/","url":"https:\/\/alvarelloseditora.gal\/es\/libro\/a-coruna-coloreada-anos-50\/","name":"A Coru\u00f1a Coloreada [Anos 50] - Alvarellos Editora","isPartOf":{"@id":"https:\/\/alvarelloseditora.gal\/#website"},"primaryImageOfPage":{"@id":"https:\/\/alvarelloseditora.gal\/es\/libro\/a-coruna-coloreada-anos-50\/#primaryimage"},"image":{"@id":"https:\/\/alvarelloseditora.gal\/es\/libro\/a-coruna-coloreada-anos-50\/#primaryimage"},"thumbnailUrl":"https:\/\/alvarelloseditora.gal\/wp-content\/uploads\/2022\/06\/A-Coruna-Coloreada-alvarellos-ed-2022.jpg","datePublished":"2021-06-29T11:44:57+00:00","dateModified":"2022-09-15T10:41:54+00:00","description":"A Coru\u00f1a Coloreada [Anos 50]. C\u00f3mprao na tenda en li\u00f1a de Alvarellos Editora.","breadcrumb":{"@id":"https:\/\/alvarelloseditora.gal\/es\/libro\/a-coruna-coloreada-anos-50\/#breadcrumb"},"inLanguage":"es","potentialAction":[{"@type":"ReadAction","target":["https:\/\/alvarelloseditora.gal\/es\/libro\/a-coruna-coloreada-anos-50\/"]}]},{"@type":"ImageObject","inLanguage":"es","@id":"https:\/\/alvarelloseditora.gal\/es\/libro\/a-coruna-coloreada-anos-50\/#primaryimage","url":"https:\/\/alvarelloseditora.gal\/wp-content\/uploads\/2022\/06\/A-Coruna-Coloreada-alvarellos-ed-2022.jpg","contentUrl":"https:\/\/alvarelloseditora.gal\/wp-content\/uploads\/2022\/06\/A-Coruna-Coloreada-alvarellos-ed-2022.jpg","width":2450,"height":1451},{"@type":"BreadcrumbList","@id":"https:\/\/alvarelloseditora.gal\/es\/libro\/a-coruna-coloreada-anos-50\/#breadcrumb","itemListElement":[{"@type":"ListItem","position":1,"name":"Portada","item":"https:\/\/alvarelloseditora.gal\/"},{"@type":"ListItem","position":2,"name":"Tienda","item":"https:\/\/alvarelloseditora.gal\/es\/tienda\/"},{"@type":"ListItem","position":3,"name":"A Coru\u00f1a Coloreada [Anos 50]"}]},{"@type":"WebSite","@id":"https:\/\/alvarelloseditora.gal\/#website","url":"https:\/\/alvarelloseditora.gal\/","name":"Alvarellos Editora","description":"Libros para un mundo en tr\u00e1nsito","publisher":{"@id":"https:\/\/alvarelloseditora.gal\/#organization"},"potentialAction":[{"@type":"SearchAction","target":{"@type":"EntryPoint","urlTemplate":"https:\/\/alvarelloseditora.gal\/?s={search_term_string}"},"query-input":{"@type":"PropertyValueSpecification","valueRequired":true,"valueName":"search_term_string"}}],"inLanguage":"es"},{"@type":"Organization","@id":"https:\/\/alvarelloseditora.gal\/#organization","name":"Alvarellos Editora","url":"https:\/\/alvarelloseditora.gal\/","logo":{"@type":"ImageObject","inLanguage":"es","@id":"https:\/\/alvarelloseditora.gal\/#\/schema\/logo\/image\/","url":"https:\/\/alvarelloseditora.gal\/wp-content\/uploads\/2020\/02\/alv-icon.png","contentUrl":"https:\/\/alvarelloseditora.gal\/wp-content\/uploads\/2020\/02\/alv-icon.png","width":177,"height":175,"caption":"Alvarellos Editora"},"image":{"@id":"https:\/\/alvarelloseditora.gal\/#\/schema\/logo\/image\/"},"sameAs":["https:\/\/www.facebook.com\/alvarelloseditora","https:\/\/x.com\/alvarellos_ed"]}]}},"_links":{"self":[{"href":"https:\/\/alvarelloseditora.gal\/es\/wp-json\/wp\/v2\/product\/7595","targetHints":{"allow":["GET"]}}],"collection":[{"href":"https:\/\/alvarelloseditora.gal\/es\/wp-json\/wp\/v2\/product"}],"about":[{"href":"https:\/\/alvarelloseditora.gal\/es\/wp-json\/wp\/v2\/types\/product"}],"replies":[{"embeddable":true,"href":"https:\/\/alvarelloseditora.gal\/es\/wp-json\/wp\/v2\/comments?post=7595"}],"wp:featuredmedia":[{"embeddable":true,"href":"https:\/\/alvarelloseditora.gal\/es\/wp-json\/wp\/v2\/media\/7596"}],"wp:attachment":[{"href":"https:\/\/alvarelloseditora.gal\/es\/wp-json\/wp\/v2\/media?parent=7595"}],"wp:term":[{"taxonomy":"product_brand","embeddable":true,"href":"https:\/\/alvarelloseditora.gal\/es\/wp-json\/wp\/v2\/product_brand?post=7595"},{"taxonomy":"product_cat","embeddable":true,"href":"https:\/\/alvarelloseditora.gal\/es\/wp-json\/wp\/v2\/product_cat?post=7595"},{"taxonomy":"product_tag","embeddable":true,"href":"https:\/\/alvarelloseditora.gal\/es\/wp-json\/wp\/v2\/product_tag?post=7595"}],"curies":[{"name":"wp","href":"https:\/\/api.w.org\/{rel}","templated":true}]}}