{"id":7592,"date":"2023-01-01T14:29:16","date_gmt":"2022-06-27T12:29:16","guid":{"rendered":"https:\/\/alvarelloseditora.gal\/book\/sarela-paisaxe-cultural\/"},"modified":"2023-02-23T14:53:10","modified_gmt":"2023-02-23T13:53:10","slug":"sarela-paisaxe-cultural","status":"publish","type":"product","link":"https:\/\/alvarelloseditora.gal\/es\/libro\/sarela-paisaxe-cultural\/","title":{"rendered":"Sarela. Paisaxe cultural"},"content":{"rendered":"<p>El r\u00edo Sarela representa -con sus poco m\u00e1s de diez kil\u00f3metros de trayecto desde su nacimiento cerca de Pardaces hasta la desembocadura en el r\u00edo Sar en Vid\u00e1n- una parte fundamental de la personalidad, y de la historia, de Santiago de Compostela. No obstante, sus po\u00e9ticas aguas y su riqu\u00edsimo entorno contin\u00faan siendo en la actualidad unos grandes desconocidos. Por esta raz\u00f3n, la presente obra ser\u00e1 todo un descubrimiento.<\/p>\n<p>Podremos disfrutar de un patrimonio hist\u00f3rico que nos sorprender\u00e1 desde el inicio: como los olvidados petroglifos, o puentes tan singulares como el de Os Tres Ollos o el de A Burata, la historia de las lavanderas o las 17 fuentes y hasta 50 molinos registrados en su recorrido. Al lado de esto, la riqueza natural, la flora y la fauna, pues el Sarela nos obsequia con verdaderos bosques de ribera que acogen un ecosistema natural \u00fanico.<\/p>\n<p>Este paisaje se completa con la singular historia industrial del r\u00edo. Durante el siglo XIX, alrededor de sus aguas funcionaron hasta 15 f\u00e1bricas de curtidos, en un tiempo en el que Compostela lleg\u00f3 a ser a capital de la industria del cuero en Espa\u00f1a.<\/p>\n<p>Toda esta documentaci\u00f3n se presenta de una manera \u00e1gil y did\u00e1ctica, enriquecida con m\u00e1s de 100 im\u00e1genes e ilustraciones -actuales e hist\u00f3ricas-, adem\u00e1s de un detallado mapa que nos permite situar todos esos lugares citados y caminar, gu\u00eda en mano, por una \u2018nueva\u2019 Compostela fluvial.<\/p>\n<p>&nbsp;<\/p>\n<p><a href=\"https:\/\/alvarelloseditora.gal\/wp-content\/uploads\/2022\/06\/NP_C_SARELA.pdf\">NP_C_SARELA<\/a><\/p>\n","protected":false},"excerpt":{"rendered":"<p>Jos\u00e9 Manuel Ortigueira Bobillo<br \/>\n&nbsp;<\/p>\n<p>P\u00e1ginas 180. Formato: 20 x 19 cms.<br \/>\nISBN 978-84-18567-23-0<br \/>\nImpreso en papel FSC Amigo de los Bosques<\/p>\n<p>&nbsp;<\/p>\n[video width=\"1280\" height=\"720\" mp4=\"https:\/\/alvarelloseditora.gal\/wp-content\/uploads\/2022\/06\/Sarela-paisaxe-cultural-video-libro-alvarellos-editora-2023.mp4\"][\/video]\n<p>Esta obra ser\u00e1 todo un regalo para los amantes de la natureza, la historia y de la riqueza fluvial y etnogr\u00e1fica. Recorre los diez kil\u00f3metros del r\u00edo Sarela de Santiago revel\u00e1ndonos un paisaje in\u00e9dito y un patrimonio \u00fanico. A trav\u00e9s de m\u00e1s de cien fotograf\u00edas, incluye tambi\u00e9n un detallado mapa donde localizar todos los contenidos.<\/p>\n<p>NP_C_SARELA<\/p>\n<p>&nbsp;<\/p>\n<p>&nbsp;<\/p>\n<p>&nbsp;<\/p>\n","protected":false},"featured_media":7586,"comment_status":"closed","ping_status":"closed","template":"","meta":[],"product_brand":[],"product_cat":[104],"product_tag":[1045],"class_list":{"0":"post-7592","1":"product","2":"type-product","3":"status-publish","4":"has-post-thumbnail","6":"product_author-jose-manuel-ortigueira-bobillo-es","7":"product_cat-ilustrada-es","8":"product_tag-santiago-de-compostela-y-el-camino","10":"first","11":"instock","12":"taxable","13":"shipping-taxable","14":"purchasable","15":"product-type-simple"},"yoast_head":"<!-- This site is optimized with the Yoast SEO plugin v27.3 - https:\/\/yoast.com\/product\/yoast-seo-wordpress\/ -->\n<title>Sarela. Paisaxe cultural - Alvarellos Editora<\/title>\n<meta name=\"description\" content=\"Sarela. Paisaxe cultural. C\u00f3mprao na tenda en li\u00f1a de Alvarellos Editora.\" \/>\n<meta name=\"robots\" content=\"index, follow, max-snippet:-1, max-image-preview:large, max-video-preview:-1\" \/>\n<link rel=\"canonical\" href=\"https:\/\/alvarelloseditora.gal\/es\/libro\/sarela-paisaxe-cultural\/\" \/>\n<meta property=\"og:locale\" content=\"es_ES\" \/>\n<meta property=\"og:type\" content=\"article\" \/>\n<meta property=\"og:title\" content=\"Sarela. Paisaxe cultural - Alvarellos Editora\" \/>\n<meta property=\"og:description\" content=\"Sarela. Paisaxe cultural. C\u00f3mprao na tenda en li\u00f1a de Alvarellos Editora.\" \/>\n<meta property=\"og:url\" content=\"https:\/\/alvarelloseditora.gal\/es\/libro\/sarela-paisaxe-cultural\/\" \/>\n<meta property=\"og:site_name\" content=\"Alvarellos Editora\" \/>\n<meta property=\"article:publisher\" content=\"https:\/\/www.facebook.com\/alvarelloseditora\" \/>\n<meta property=\"article:modified_time\" content=\"2023-02-23T13:53:10+00:00\" \/>\n<meta property=\"og:image\" content=\"https:\/\/alvarelloseditora.gal\/wp-content\/uploads\/2022\/06\/9788418567230sarelapaisaxecultural-scaled.jpg\" \/>\n\t<meta property=\"og:image:width\" content=\"2560\" \/>\n\t<meta property=\"og:image:height\" content=\"2379\" \/>\n\t<meta property=\"og:image:type\" content=\"image\/jpeg\" \/>\n<meta name=\"twitter:card\" content=\"summary_large_image\" \/>\n<meta name=\"twitter:site\" content=\"@alvarellos_ed\" \/>\n<meta name=\"twitter:label1\" content=\"Tiempo de lectura\" \/>\n\t<meta name=\"twitter:data1\" content=\"2 minutos\" \/>\n<!-- \/ Yoast SEO plugin. -->","yoast_head_json":{"title":"Sarela. Paisaxe cultural - Alvarellos Editora","description":"Sarela. Paisaxe cultural. C\u00f3mprao na tenda en li\u00f1a de Alvarellos Editora.","robots":{"index":"index","follow":"follow","max-snippet":"max-snippet:-1","max-image-preview":"max-image-preview:large","max-video-preview":"max-video-preview:-1"},"canonical":"https:\/\/alvarelloseditora.gal\/es\/libro\/sarela-paisaxe-cultural\/","og_locale":"es_ES","og_type":"article","og_title":"Sarela. Paisaxe cultural - Alvarellos Editora","og_description":"Sarela. Paisaxe cultural. C\u00f3mprao na tenda en li\u00f1a de Alvarellos Editora.","og_url":"https:\/\/alvarelloseditora.gal\/es\/libro\/sarela-paisaxe-cultural\/","og_site_name":"Alvarellos Editora","article_publisher":"https:\/\/www.facebook.com\/alvarelloseditora","article_modified_time":"2023-02-23T13:53:10+00:00","og_image":[{"width":2560,"height":2379,"url":"https:\/\/alvarelloseditora.gal\/wp-content\/uploads\/2022\/06\/9788418567230sarelapaisaxecultural-scaled.jpg","type":"image\/jpeg"}],"twitter_card":"summary_large_image","twitter_site":"@alvarellos_ed","twitter_misc":{"Tiempo de lectura":"2 minutos"},"schema":{"@context":"https:\/\/schema.org","@graph":[{"@type":["WebPage","ItemPage"],"@id":"https:\/\/alvarelloseditora.gal\/es\/libro\/sarela-paisaxe-cultural\/","url":"https:\/\/alvarelloseditora.gal\/es\/libro\/sarela-paisaxe-cultural\/","name":"Sarela. Paisaxe cultural - Alvarellos Editora","isPartOf":{"@id":"https:\/\/alvarelloseditora.gal\/#website"},"primaryImageOfPage":{"@id":"https:\/\/alvarelloseditora.gal\/es\/libro\/sarela-paisaxe-cultural\/#primaryimage"},"image":{"@id":"https:\/\/alvarelloseditora.gal\/es\/libro\/sarela-paisaxe-cultural\/#primaryimage"},"thumbnailUrl":"https:\/\/alvarelloseditora.gal\/wp-content\/uploads\/2022\/06\/9788418567230sarelapaisaxecultural-scaled.jpg","datePublished":"2022-06-27T12:29:16+00:00","dateModified":"2023-02-23T13:53:10+00:00","description":"Sarela. Paisaxe cultural. C\u00f3mprao na tenda en li\u00f1a de Alvarellos Editora.","breadcrumb":{"@id":"https:\/\/alvarelloseditora.gal\/es\/libro\/sarela-paisaxe-cultural\/#breadcrumb"},"inLanguage":"es","potentialAction":[{"@type":"ReadAction","target":["https:\/\/alvarelloseditora.gal\/es\/libro\/sarela-paisaxe-cultural\/"]}]},{"@type":"ImageObject","inLanguage":"es","@id":"https:\/\/alvarelloseditora.gal\/es\/libro\/sarela-paisaxe-cultural\/#primaryimage","url":"https:\/\/alvarelloseditora.gal\/wp-content\/uploads\/2022\/06\/9788418567230sarelapaisaxecultural-scaled.jpg","contentUrl":"https:\/\/alvarelloseditora.gal\/wp-content\/uploads\/2022\/06\/9788418567230sarelapaisaxecultural-scaled.jpg","width":2560,"height":2379},{"@type":"BreadcrumbList","@id":"https:\/\/alvarelloseditora.gal\/es\/libro\/sarela-paisaxe-cultural\/#breadcrumb","itemListElement":[{"@type":"ListItem","position":1,"name":"Portada","item":"https:\/\/alvarelloseditora.gal\/"},{"@type":"ListItem","position":2,"name":"Tienda","item":"https:\/\/alvarelloseditora.gal\/es\/tienda\/"},{"@type":"ListItem","position":3,"name":"Sarela. Paisaxe cultural"}]},{"@type":"WebSite","@id":"https:\/\/alvarelloseditora.gal\/#website","url":"https:\/\/alvarelloseditora.gal\/","name":"Alvarellos Editora","description":"Libros para un mundo en tr\u00e1nsito","publisher":{"@id":"https:\/\/alvarelloseditora.gal\/#organization"},"potentialAction":[{"@type":"SearchAction","target":{"@type":"EntryPoint","urlTemplate":"https:\/\/alvarelloseditora.gal\/?s={search_term_string}"},"query-input":{"@type":"PropertyValueSpecification","valueRequired":true,"valueName":"search_term_string"}}],"inLanguage":"es"},{"@type":"Organization","@id":"https:\/\/alvarelloseditora.gal\/#organization","name":"Alvarellos Editora","url":"https:\/\/alvarelloseditora.gal\/","logo":{"@type":"ImageObject","inLanguage":"es","@id":"https:\/\/alvarelloseditora.gal\/#\/schema\/logo\/image\/","url":"https:\/\/alvarelloseditora.gal\/wp-content\/uploads\/2020\/02\/alv-icon.png","contentUrl":"https:\/\/alvarelloseditora.gal\/wp-content\/uploads\/2020\/02\/alv-icon.png","width":177,"height":175,"caption":"Alvarellos Editora"},"image":{"@id":"https:\/\/alvarelloseditora.gal\/#\/schema\/logo\/image\/"},"sameAs":["https:\/\/www.facebook.com\/alvarelloseditora","https:\/\/x.com\/alvarellos_ed"]}]}},"_links":{"self":[{"href":"https:\/\/alvarelloseditora.gal\/es\/wp-json\/wp\/v2\/product\/7592","targetHints":{"allow":["GET"]}}],"collection":[{"href":"https:\/\/alvarelloseditora.gal\/es\/wp-json\/wp\/v2\/product"}],"about":[{"href":"https:\/\/alvarelloseditora.gal\/es\/wp-json\/wp\/v2\/types\/product"}],"replies":[{"embeddable":true,"href":"https:\/\/alvarelloseditora.gal\/es\/wp-json\/wp\/v2\/comments?post=7592"}],"wp:featuredmedia":[{"embeddable":true,"href":"https:\/\/alvarelloseditora.gal\/es\/wp-json\/wp\/v2\/media\/7586"}],"wp:attachment":[{"href":"https:\/\/alvarelloseditora.gal\/es\/wp-json\/wp\/v2\/media?parent=7592"}],"wp:term":[{"taxonomy":"product_brand","embeddable":true,"href":"https:\/\/alvarelloseditora.gal\/es\/wp-json\/wp\/v2\/product_brand?post=7592"},{"taxonomy":"product_cat","embeddable":true,"href":"https:\/\/alvarelloseditora.gal\/es\/wp-json\/wp\/v2\/product_cat?post=7592"},{"taxonomy":"product_tag","embeddable":true,"href":"https:\/\/alvarelloseditora.gal\/es\/wp-json\/wp\/v2\/product_tag?post=7592"}],"curies":[{"name":"wp","href":"https:\/\/api.w.org\/{rel}","templated":true}]}}