{"id":7536,"date":"2021-06-15T11:22:55","date_gmt":"2022-06-15T09:22:55","guid":{"rendered":"https:\/\/alvarelloseditora.gal\/book\/la-encantadora-de-serpientes\/"},"modified":"2022-06-17T13:49:34","modified_gmt":"2022-06-17T11:49:34","slug":"la-encantadora-de-serpientes","status":"publish","type":"product","link":"https:\/\/alvarelloseditora.gal\/es\/libro\/la-encantadora-de-serpientes\/","title":{"rendered":"La encantadora de serpientes"},"content":{"rendered":"<p>TEXTO DE CONTRAPORTADA<br \/>\nUn espect\u00e1culo maravilloso<\/p>\n<p>ARGUMENTO<br \/>\nEste cuento est\u00e1 inspirado en la lejana India, en su tradici\u00f3n y cultura. All\u00ed, una ni\u00f1a llamada Naisha, tiene unos poderes muy especiales: es faquir, encanta serpientes e incluso camina sobre las brasas. Ahorra dinero para matricularse en la escuela de magia, ilusionistas y faquires de Bombay, porque quiere ser una muy buena maga. Con esfuerzo y determinaci\u00f3n lo va a conseguir.<\/p>\n<p>CLAVES PARA LA LECTURA<br \/>\nEste \u00e1lbum cuenta que, con esfuerzo y con determinaci\u00f3n, podemos llegar a conseguir nuestros deseos. Por muy singulares que sean nuestros sue\u00f1os, por muy distintos a lo que, de nosotros, esperen las dem\u00e1s personas. Este \u00e1lbum celebra la diversidad y reivindica la ilusi\u00f3n como motor necesario para que cada ni\u00f1a y ni\u00f1o encuentren su lugar.<\/p>\n<p>Las ilustraciones (hechas con t\u00e9cnica mixta, a base de l\u00e1pices de colores, acuarelas o collage) est\u00e1n inspiradas en esa ex\u00f3tica India y capturan la magia de oriente. Viajamos con la protagonista por los mercados de especias, llenos de color, y nos internamos en el teatro de sombras al ritmo de hipn\u00f3ticas danzas.<\/p>\n<p>+ INFO, AQU\u00cd: <a href=\"https:\/\/alvarelloseditora.gal\/wp-content\/uploads\/2022\/06\/Ficha-CAST-la-encantadora-de-serpientes_2022-3.pdf\">Ficha-CAST-la-encantadora-de-serpientes_2022<\/a><\/p>\n<p>&nbsp;<\/p>\n","protected":false},"excerpt":{"rendered":"<p>\u00c1lex Mene (texto) | Blanca G. Cresp\u00e1n (ilustraci\u00f3n)<br \/>\n[A LA VENTA A PARTIR DEL 1 DE JULIO DE 2022]<\/p>\n<p>&nbsp;<\/p>\n<p>36 pp. 21,5 x 28 cms<br \/>\nISBN castellano: 978-84-18567-25-4<br \/>\nCapa dura. Cosido con hilo vegetal.<br \/>\nPapel ecol\u00f3gico FSC. Impresi\u00f3n offset.<\/p>\n<p>&nbsp;<\/p>\n<p>Edad de inter\u00e9s: +3<br \/>\nNivel de lectura: +5<\/p>\n<p>&nbsp;<\/p>\n<p>\u00c1lex Mene (texto) y Blanca G. Cresp\u00e1n (ilustraci\u00f3n) vuelven a juntar su inspiraci\u00f3n en un nuevo \u00e1lbum ilustrado para primeras lecturas. Despu\u00e9s de su debut en 2018 con A ra\u00ed\u00f1a das tortas (Verdemar) regresan en 2022 con La encantadora de serpientes una nueva historia (publicada tambi\u00e9n en gallego A encantadora de serpes por Alvarellos editora en su sello infantil Verdemar) donde la ilusi\u00f3n es el motor que nos impulsa en la vida.<\/p>\n<p>&nbsp;<\/p>\n<p>Ficha-CAST-la-encantadora-de-serpientes_2022<\/p>\n","protected":false},"featured_media":7534,"comment_status":"closed","ping_status":"closed","template":"","meta":[],"product_brand":[],"product_cat":[110],"product_tag":[],"class_list":{"0":"post-7536","1":"product","2":"type-product","3":"status-publish","4":"has-post-thumbnail","6":"product_author-alex-mene-es","7":"product_author-blanca-crespan-es","8":"product_cat-verdemar-es","10":"first","11":"instock","12":"taxable","13":"shipping-taxable","14":"purchasable","15":"product-type-simple"},"yoast_head":"<!-- This site is optimized with the Yoast SEO plugin v27.4 - https:\/\/yoast.com\/product\/yoast-seo-wordpress\/ -->\n<title>La encantadora de serpientes - Alvarellos Editora<\/title>\n<meta name=\"description\" content=\"La encantadora de serpientes. C\u00f3mprao na tenda en li\u00f1a de Alvarellos Editora.\" \/>\n<meta name=\"robots\" content=\"index, follow, max-snippet:-1, max-image-preview:large, max-video-preview:-1\" \/>\n<link rel=\"canonical\" href=\"https:\/\/alvarelloseditora.gal\/es\/libro\/la-encantadora-de-serpientes\/\" \/>\n<meta property=\"og:locale\" content=\"es_ES\" \/>\n<meta property=\"og:type\" content=\"article\" \/>\n<meta property=\"og:title\" content=\"La encantadora de serpientes - Alvarellos Editora\" \/>\n<meta property=\"og:description\" content=\"La encantadora de serpientes. C\u00f3mprao na tenda en li\u00f1a de Alvarellos Editora.\" \/>\n<meta property=\"og:url\" content=\"https:\/\/alvarelloseditora.gal\/es\/libro\/la-encantadora-de-serpientes\/\" \/>\n<meta property=\"og:site_name\" content=\"Alvarellos Editora\" \/>\n<meta property=\"article:publisher\" content=\"https:\/\/www.facebook.com\/alvarelloseditora\" \/>\n<meta property=\"article:modified_time\" content=\"2022-06-17T11:49:34+00:00\" \/>\n<meta property=\"og:image\" content=\"https:\/\/alvarelloseditora.gal\/wp-content\/uploads\/2022\/06\/La-encantadora-de-serpientes.jpg\" \/>\n\t<meta property=\"og:image:width\" content=\"1279\" \/>\n\t<meta property=\"og:image:height\" content=\"1701\" \/>\n\t<meta property=\"og:image:type\" content=\"image\/jpeg\" \/>\n<meta name=\"twitter:card\" content=\"summary_large_image\" \/>\n<meta name=\"twitter:site\" content=\"@alvarellos_ed\" \/>\n<meta name=\"twitter:label1\" content=\"Tiempo de lectura\" \/>\n\t<meta name=\"twitter:data1\" content=\"1 minuto\" \/>\n<!-- \/ Yoast SEO plugin. -->","yoast_head_json":{"title":"La encantadora de serpientes - Alvarellos Editora","description":"La encantadora de serpientes. C\u00f3mprao na tenda en li\u00f1a de Alvarellos Editora.","robots":{"index":"index","follow":"follow","max-snippet":"max-snippet:-1","max-image-preview":"max-image-preview:large","max-video-preview":"max-video-preview:-1"},"canonical":"https:\/\/alvarelloseditora.gal\/es\/libro\/la-encantadora-de-serpientes\/","og_locale":"es_ES","og_type":"article","og_title":"La encantadora de serpientes - Alvarellos Editora","og_description":"La encantadora de serpientes. C\u00f3mprao na tenda en li\u00f1a de Alvarellos Editora.","og_url":"https:\/\/alvarelloseditora.gal\/es\/libro\/la-encantadora-de-serpientes\/","og_site_name":"Alvarellos Editora","article_publisher":"https:\/\/www.facebook.com\/alvarelloseditora","article_modified_time":"2022-06-17T11:49:34+00:00","og_image":[{"width":1279,"height":1701,"url":"https:\/\/alvarelloseditora.gal\/wp-content\/uploads\/2022\/06\/La-encantadora-de-serpientes.jpg","type":"image\/jpeg"}],"twitter_card":"summary_large_image","twitter_site":"@alvarellos_ed","twitter_misc":{"Tiempo de lectura":"1 minuto"},"schema":{"@context":"https:\/\/schema.org","@graph":[{"@type":["WebPage","ItemPage"],"@id":"https:\/\/alvarelloseditora.gal\/es\/libro\/la-encantadora-de-serpientes\/","url":"https:\/\/alvarelloseditora.gal\/es\/libro\/la-encantadora-de-serpientes\/","name":"La encantadora de serpientes - Alvarellos Editora","isPartOf":{"@id":"https:\/\/alvarelloseditora.gal\/#website"},"primaryImageOfPage":{"@id":"https:\/\/alvarelloseditora.gal\/es\/libro\/la-encantadora-de-serpientes\/#primaryimage"},"image":{"@id":"https:\/\/alvarelloseditora.gal\/es\/libro\/la-encantadora-de-serpientes\/#primaryimage"},"thumbnailUrl":"https:\/\/alvarelloseditora.gal\/wp-content\/uploads\/2022\/06\/La-encantadora-de-serpientes.jpg","datePublished":"2022-06-15T09:22:55+00:00","dateModified":"2022-06-17T11:49:34+00:00","description":"La encantadora de serpientes. C\u00f3mprao na tenda en li\u00f1a de Alvarellos Editora.","breadcrumb":{"@id":"https:\/\/alvarelloseditora.gal\/es\/libro\/la-encantadora-de-serpientes\/#breadcrumb"},"inLanguage":"es","potentialAction":[{"@type":"ReadAction","target":["https:\/\/alvarelloseditora.gal\/es\/libro\/la-encantadora-de-serpientes\/"]}]},{"@type":"ImageObject","inLanguage":"es","@id":"https:\/\/alvarelloseditora.gal\/es\/libro\/la-encantadora-de-serpientes\/#primaryimage","url":"https:\/\/alvarelloseditora.gal\/wp-content\/uploads\/2022\/06\/La-encantadora-de-serpientes.jpg","contentUrl":"https:\/\/alvarelloseditora.gal\/wp-content\/uploads\/2022\/06\/La-encantadora-de-serpientes.jpg","width":1279,"height":1701},{"@type":"BreadcrumbList","@id":"https:\/\/alvarelloseditora.gal\/es\/libro\/la-encantadora-de-serpientes\/#breadcrumb","itemListElement":[{"@type":"ListItem","position":1,"name":"Portada","item":"https:\/\/alvarelloseditora.gal\/"},{"@type":"ListItem","position":2,"name":"Tienda","item":"https:\/\/alvarelloseditora.gal\/es\/tienda\/"},{"@type":"ListItem","position":3,"name":"La encantadora de serpientes"}]},{"@type":"WebSite","@id":"https:\/\/alvarelloseditora.gal\/#website","url":"https:\/\/alvarelloseditora.gal\/","name":"Alvarellos Editora","description":"Libros para un mundo en tr\u00e1nsito","publisher":{"@id":"https:\/\/alvarelloseditora.gal\/#organization"},"potentialAction":[{"@type":"SearchAction","target":{"@type":"EntryPoint","urlTemplate":"https:\/\/alvarelloseditora.gal\/?s={search_term_string}"},"query-input":{"@type":"PropertyValueSpecification","valueRequired":true,"valueName":"search_term_string"}}],"inLanguage":"es"},{"@type":"Organization","@id":"https:\/\/alvarelloseditora.gal\/#organization","name":"Alvarellos Editora","url":"https:\/\/alvarelloseditora.gal\/","logo":{"@type":"ImageObject","inLanguage":"es","@id":"https:\/\/alvarelloseditora.gal\/#\/schema\/logo\/image\/","url":"https:\/\/alvarelloseditora.gal\/wp-content\/uploads\/2020\/02\/alv-icon.png","contentUrl":"https:\/\/alvarelloseditora.gal\/wp-content\/uploads\/2020\/02\/alv-icon.png","width":177,"height":175,"caption":"Alvarellos Editora"},"image":{"@id":"https:\/\/alvarelloseditora.gal\/#\/schema\/logo\/image\/"},"sameAs":["https:\/\/www.facebook.com\/alvarelloseditora","https:\/\/x.com\/alvarellos_ed"]}]}},"_links":{"self":[{"href":"https:\/\/alvarelloseditora.gal\/es\/wp-json\/wp\/v2\/product\/7536","targetHints":{"allow":["GET"]}}],"collection":[{"href":"https:\/\/alvarelloseditora.gal\/es\/wp-json\/wp\/v2\/product"}],"about":[{"href":"https:\/\/alvarelloseditora.gal\/es\/wp-json\/wp\/v2\/types\/product"}],"replies":[{"embeddable":true,"href":"https:\/\/alvarelloseditora.gal\/es\/wp-json\/wp\/v2\/comments?post=7536"}],"wp:featuredmedia":[{"embeddable":true,"href":"https:\/\/alvarelloseditora.gal\/es\/wp-json\/wp\/v2\/media\/7534"}],"wp:attachment":[{"href":"https:\/\/alvarelloseditora.gal\/es\/wp-json\/wp\/v2\/media?parent=7536"}],"wp:term":[{"taxonomy":"product_brand","embeddable":true,"href":"https:\/\/alvarelloseditora.gal\/es\/wp-json\/wp\/v2\/product_brand?post=7536"},{"taxonomy":"product_cat","embeddable":true,"href":"https:\/\/alvarelloseditora.gal\/es\/wp-json\/wp\/v2\/product_cat?post=7536"},{"taxonomy":"product_tag","embeddable":true,"href":"https:\/\/alvarelloseditora.gal\/es\/wp-json\/wp\/v2\/product_tag?post=7536"}],"curies":[{"name":"wp","href":"https:\/\/api.w.org\/{rel}","templated":true}]}}