{"id":7500,"date":"2022-06-08T17:29:48","date_gmt":"2022-06-08T15:29:48","guid":{"rendered":"https:\/\/alvarelloseditora.gal\/book\/y-tu-por-que-quieres-hablar-de-eso\/"},"modified":"2022-06-09T09:42:30","modified_gmt":"2022-06-09T07:42:30","slug":"y-tu-por-que-quieres-hablar-de-eso","status":"publish","type":"product","link":"https:\/\/alvarelloseditora.gal\/es\/libro\/y-tu-por-que-quieres-hablar-de-eso\/","title":{"rendered":"Y t\u00fa, por qu\u00e9 quieres hablar de eso"},"content":{"rendered":"<p><a href=\"https:\/\/alvarelloseditora.gal\/wp-content\/uploads\/2022\/06\/NP-CAST-Y-tu-por-que-quieres-hablar-de-eso.pdf\">NP-CAST-Y-tu-por-que-quieres-hablar-de-eso<\/a><\/p>\n<p>&nbsp;<\/p>\n","protected":false},"excerpt":{"rendered":"<p>Paz Leir\u00f3s<br \/>\n&nbsp;<\/p>\n<p>144 pp. Formato: 14 x 21 cms<br \/>\nISBN 978-84-18567-22-3<\/p>\n<p>&nbsp;<\/p>\n<p>NP-CAST-Y-tu-por-que-quieres-hablar-de-eso<\/p>\n<p>\u00bfQui\u00e9nes apoyaron el golpe de Estado de 1936 en Santiago de Compostela? \u00bfPor qu\u00e9 lo hicieron?<\/p>\n<p>Un testimonio literario con una enorme carga de verdad, honestidad, dolor y contradicciones, que plasma un tiempo dif\u00edcil e inc\u00f3modo de manera extremadamente original, un tiempo que expresa adem\u00e1s la dificultad de las mujeres para tomar decisiones sobre su propia vida.<\/p>\n<p>Un collage de voces, situaciones, vi\u00f1etas y fragmentos emergen alrededor de una familia, los Cifuentes, y de una ciudad, Compostela. Historias narradas a trav\u00e9s de una estructura coral, de un fluir entrecortado de alocuciones y silencios&#8230;<\/p>\n<p>Es la Historia oficial y sobre todo la oculta. La memoria y los hechos. La palabra contra el olvido.<\/p>\n<p>\u00abMuy claro y emotivo\u00bb. Juli\u00e1n Casanova, historiador<\/p>\n","protected":false},"featured_media":7496,"comment_status":"closed","ping_status":"closed","template":"","meta":[],"product_brand":[],"product_cat":[106],"product_tag":[1042],"class_list":{"0":"post-7500","1":"product","2":"type-product","3":"status-publish","4":"has-post-thumbnail","6":"product_author-paz-leiros-es","7":"product_cat-libros-do-sarela-es","8":"product_tag-libros-con-memoria-es","10":"first","11":"instock","12":"taxable","13":"shipping-taxable","14":"purchasable","15":"product-type-simple"},"yoast_head":"<!-- This site is optimized with the Yoast SEO plugin v27.3 - https:\/\/yoast.com\/product\/yoast-seo-wordpress\/ -->\n<title>Y t\u00fa, por qu\u00e9 quieres hablar de eso - Alvarellos Editora<\/title>\n<meta name=\"description\" content=\"Y t\u00fa, por qu\u00e9 quieres hablar de eso. C\u00f3mprao na tenda en li\u00f1a de Alvarellos Editora.\" \/>\n<meta name=\"robots\" content=\"index, follow, max-snippet:-1, max-image-preview:large, max-video-preview:-1\" \/>\n<link rel=\"canonical\" href=\"https:\/\/alvarelloseditora.gal\/es\/libro\/y-tu-por-que-quieres-hablar-de-eso\/\" \/>\n<meta property=\"og:locale\" content=\"es_ES\" \/>\n<meta property=\"og:type\" content=\"article\" \/>\n<meta property=\"og:title\" content=\"Y t\u00fa, por qu\u00e9 quieres hablar de eso - Alvarellos Editora\" \/>\n<meta property=\"og:description\" content=\"Y t\u00fa, por qu\u00e9 quieres hablar de eso. C\u00f3mprao na tenda en li\u00f1a de Alvarellos Editora.\" \/>\n<meta property=\"og:url\" content=\"https:\/\/alvarelloseditora.gal\/es\/libro\/y-tu-por-que-quieres-hablar-de-eso\/\" \/>\n<meta property=\"og:site_name\" content=\"Alvarellos Editora\" \/>\n<meta property=\"article:publisher\" content=\"https:\/\/www.facebook.com\/alvarelloseditora\" \/>\n<meta property=\"article:modified_time\" content=\"2022-06-09T07:42:30+00:00\" \/>\n<meta property=\"og:image\" content=\"https:\/\/alvarelloseditora.gal\/wp-content\/uploads\/2022\/06\/Y-tu-por-que-quieres-hablar-de-eso-ALVARELLOS-ED-2022-scaled.jpg\" \/>\n\t<meta property=\"og:image:width\" content=\"1707\" \/>\n\t<meta property=\"og:image:height\" content=\"2560\" \/>\n\t<meta property=\"og:image:type\" content=\"image\/jpeg\" \/>\n<meta name=\"twitter:card\" content=\"summary_large_image\" \/>\n<meta name=\"twitter:site\" content=\"@alvarellos_ed\" \/>\n<!-- \/ Yoast SEO plugin. -->","yoast_head_json":{"title":"Y t\u00fa, por qu\u00e9 quieres hablar de eso - Alvarellos Editora","description":"Y t\u00fa, por qu\u00e9 quieres hablar de eso. C\u00f3mprao na tenda en li\u00f1a de Alvarellos Editora.","robots":{"index":"index","follow":"follow","max-snippet":"max-snippet:-1","max-image-preview":"max-image-preview:large","max-video-preview":"max-video-preview:-1"},"canonical":"https:\/\/alvarelloseditora.gal\/es\/libro\/y-tu-por-que-quieres-hablar-de-eso\/","og_locale":"es_ES","og_type":"article","og_title":"Y t\u00fa, por qu\u00e9 quieres hablar de eso - Alvarellos Editora","og_description":"Y t\u00fa, por qu\u00e9 quieres hablar de eso. C\u00f3mprao na tenda en li\u00f1a de Alvarellos Editora.","og_url":"https:\/\/alvarelloseditora.gal\/es\/libro\/y-tu-por-que-quieres-hablar-de-eso\/","og_site_name":"Alvarellos Editora","article_publisher":"https:\/\/www.facebook.com\/alvarelloseditora","article_modified_time":"2022-06-09T07:42:30+00:00","og_image":[{"width":1707,"height":2560,"url":"https:\/\/alvarelloseditora.gal\/wp-content\/uploads\/2022\/06\/Y-tu-por-que-quieres-hablar-de-eso-ALVARELLOS-ED-2022-scaled.jpg","type":"image\/jpeg"}],"twitter_card":"summary_large_image","twitter_site":"@alvarellos_ed","schema":{"@context":"https:\/\/schema.org","@graph":[{"@type":["WebPage","ItemPage"],"@id":"https:\/\/alvarelloseditora.gal\/es\/libro\/y-tu-por-que-quieres-hablar-de-eso\/","url":"https:\/\/alvarelloseditora.gal\/es\/libro\/y-tu-por-que-quieres-hablar-de-eso\/","name":"Y t\u00fa, por qu\u00e9 quieres hablar de eso - Alvarellos Editora","isPartOf":{"@id":"https:\/\/alvarelloseditora.gal\/#website"},"primaryImageOfPage":{"@id":"https:\/\/alvarelloseditora.gal\/es\/libro\/y-tu-por-que-quieres-hablar-de-eso\/#primaryimage"},"image":{"@id":"https:\/\/alvarelloseditora.gal\/es\/libro\/y-tu-por-que-quieres-hablar-de-eso\/#primaryimage"},"thumbnailUrl":"https:\/\/alvarelloseditora.gal\/wp-content\/uploads\/2022\/06\/Y-tu-por-que-quieres-hablar-de-eso-ALVARELLOS-ED-2022-scaled.jpg","datePublished":"2022-06-08T15:29:48+00:00","dateModified":"2022-06-09T07:42:30+00:00","description":"Y t\u00fa, por qu\u00e9 quieres hablar de eso. C\u00f3mprao na tenda en li\u00f1a de Alvarellos Editora.","breadcrumb":{"@id":"https:\/\/alvarelloseditora.gal\/es\/libro\/y-tu-por-que-quieres-hablar-de-eso\/#breadcrumb"},"inLanguage":"es","potentialAction":[{"@type":"ReadAction","target":["https:\/\/alvarelloseditora.gal\/es\/libro\/y-tu-por-que-quieres-hablar-de-eso\/"]}]},{"@type":"ImageObject","inLanguage":"es","@id":"https:\/\/alvarelloseditora.gal\/es\/libro\/y-tu-por-que-quieres-hablar-de-eso\/#primaryimage","url":"https:\/\/alvarelloseditora.gal\/wp-content\/uploads\/2022\/06\/Y-tu-por-que-quieres-hablar-de-eso-ALVARELLOS-ED-2022-scaled.jpg","contentUrl":"https:\/\/alvarelloseditora.gal\/wp-content\/uploads\/2022\/06\/Y-tu-por-que-quieres-hablar-de-eso-ALVARELLOS-ED-2022-scaled.jpg","width":1707,"height":2560},{"@type":"BreadcrumbList","@id":"https:\/\/alvarelloseditora.gal\/es\/libro\/y-tu-por-que-quieres-hablar-de-eso\/#breadcrumb","itemListElement":[{"@type":"ListItem","position":1,"name":"Portada","item":"https:\/\/alvarelloseditora.gal\/"},{"@type":"ListItem","position":2,"name":"Tienda","item":"https:\/\/alvarelloseditora.gal\/es\/tienda\/"},{"@type":"ListItem","position":3,"name":"Y t\u00fa, por qu\u00e9 quieres hablar de eso"}]},{"@type":"WebSite","@id":"https:\/\/alvarelloseditora.gal\/#website","url":"https:\/\/alvarelloseditora.gal\/","name":"Alvarellos Editora","description":"Libros para un mundo en tr\u00e1nsito","publisher":{"@id":"https:\/\/alvarelloseditora.gal\/#organization"},"potentialAction":[{"@type":"SearchAction","target":{"@type":"EntryPoint","urlTemplate":"https:\/\/alvarelloseditora.gal\/?s={search_term_string}"},"query-input":{"@type":"PropertyValueSpecification","valueRequired":true,"valueName":"search_term_string"}}],"inLanguage":"es"},{"@type":"Organization","@id":"https:\/\/alvarelloseditora.gal\/#organization","name":"Alvarellos Editora","url":"https:\/\/alvarelloseditora.gal\/","logo":{"@type":"ImageObject","inLanguage":"es","@id":"https:\/\/alvarelloseditora.gal\/#\/schema\/logo\/image\/","url":"https:\/\/alvarelloseditora.gal\/wp-content\/uploads\/2020\/02\/alv-icon.png","contentUrl":"https:\/\/alvarelloseditora.gal\/wp-content\/uploads\/2020\/02\/alv-icon.png","width":177,"height":175,"caption":"Alvarellos Editora"},"image":{"@id":"https:\/\/alvarelloseditora.gal\/#\/schema\/logo\/image\/"},"sameAs":["https:\/\/www.facebook.com\/alvarelloseditora","https:\/\/x.com\/alvarellos_ed"]}]}},"_links":{"self":[{"href":"https:\/\/alvarelloseditora.gal\/es\/wp-json\/wp\/v2\/product\/7500","targetHints":{"allow":["GET"]}}],"collection":[{"href":"https:\/\/alvarelloseditora.gal\/es\/wp-json\/wp\/v2\/product"}],"about":[{"href":"https:\/\/alvarelloseditora.gal\/es\/wp-json\/wp\/v2\/types\/product"}],"replies":[{"embeddable":true,"href":"https:\/\/alvarelloseditora.gal\/es\/wp-json\/wp\/v2\/comments?post=7500"}],"wp:featuredmedia":[{"embeddable":true,"href":"https:\/\/alvarelloseditora.gal\/es\/wp-json\/wp\/v2\/media\/7496"}],"wp:attachment":[{"href":"https:\/\/alvarelloseditora.gal\/es\/wp-json\/wp\/v2\/media?parent=7500"}],"wp:term":[{"taxonomy":"product_brand","embeddable":true,"href":"https:\/\/alvarelloseditora.gal\/es\/wp-json\/wp\/v2\/product_brand?post=7500"},{"taxonomy":"product_cat","embeddable":true,"href":"https:\/\/alvarelloseditora.gal\/es\/wp-json\/wp\/v2\/product_cat?post=7500"},{"taxonomy":"product_tag","embeddable":true,"href":"https:\/\/alvarelloseditora.gal\/es\/wp-json\/wp\/v2\/product_tag?post=7500"}],"curies":[{"name":"wp","href":"https:\/\/api.w.org\/{rel}","templated":true}]}}