{"id":7476,"date":"2022-05-19T11:25:12","date_gmt":"2022-05-19T09:25:12","guid":{"rendered":"https:\/\/alvarelloseditora.gal\/book\/a-garza-en-chamas\/"},"modified":"2022-05-19T11:32:06","modified_gmt":"2022-05-19T09:32:06","slug":"a-garza-en-chamas","status":"publish","type":"product","link":"https:\/\/alvarelloseditora.gal\/es\/libro\/a-garza-en-chamas\/","title":{"rendered":"A garza en chamas"},"content":{"rendered":"<p style=\"text-align: center;\">AUTOR\u00cdA<\/p>\n<p style=\"text-align: center;\">\u00abA casa das Castrouteiro\u00bb,<br \/>\nDANIEL BARRAL, 1\u00b0 Premio 2019<\/p>\n<p style=\"text-align: center;\">\u00abA idade do escarnio\u00bb,<br \/>\nTITO P\u00c9REZ P\u00c9REZ, 2\u00b0 Premio 2019<\/p>\n<p style=\"text-align: center;\">\u00abCr\u00f3nica de ningures\u00bb,<br \/>\nFRANCISCO ROZADOS RIVAS, 3\u00b0 Premio 2019<\/p>\n<p style=\"text-align: center;\">\u00abSilencios n\u00e1ufragos\u00bb,<br \/>\nPATRICIA TORRADO QUEIRUGA, 1\u00b0 Premio 2020<\/p>\n<p style=\"text-align: center;\">\u00abO \u00faltimo d\u00eda do outono\u00bb,<br \/>\nESTEBAN BREA CASTRO, 2\u00b0 Premio 2020<\/p>\n<p style=\"text-align: center;\">\u00abA herdeira\u00bb,<br \/>\n\u00c1LEX MENE, 3\u00b0 Premio 2020<\/p>\n<p style=\"text-align: center;\">\u00abXanelas\u00bb,<br \/>\nARANTZA PORTABALES, 1\u00b0 Premio 2021<\/p>\n<p style=\"text-align: center;\">\u00abA caverna de Lara\u00bb,<br \/>\nGABRIEL G\u00d3MEZ EST\u00c9VEZ, 2\u00b0 Premio 2021<\/p>\n<p style=\"text-align: center;\">\u00abAs orfas daquel ver\u00e1n\u00bb,<br \/>\nCECILIA F. SANTOM\u00c9, 3\u00b0 Premio 2021<\/p>\n","protected":false},"excerpt":{"rendered":"<p>VV. AA.<br \/>\n242 pp . 14 x 21 cms.<br \/>\nISBN: 978-84-18567-21-6<br \/>\nCertame de Narraci\u00f3ns Breves Manuel Murgu\u00eda &#8211; Concello de Arteixo<br \/>\n&nbsp;<\/p>\n<p>Esta obra re\u00fane los relatos premiados en el Certamen de Narraciones Breves Manuel Murgu\u00eda del Concello de Arteixo entre los a\u00f1os 2019 y 2021. Son, en total, nueve creaciones literarias.<\/p>\n<p>Aqu\u00ed nos encontraremos con relatos fant\u00e1sticos, cuentos de viajes, historias de misterio, diarios \u00edntimos&#8230; Mundos reales o imaginados poblados por personajes dominados por las incertezas de la existencia. Las relaciones paterno filiales, la rebeld\u00eda frente al sometimineto, la soledad de un rural abandonado, los secretos de familia, las dificultades del amor, los d\u00edas oscuros del confinamiento o los traumas de la emigraci\u00f3n componen, entre otras, esta muestra coral y seductora de historias que nos har\u00e1n gozar y reflexionar al mismo tiempo.<\/p>\n<p>La garza, ese animal tot\u00e9mico que se erigi\u00f3 en s\u00edmbolo de este Certamen, atrap\u00f3 estas nueve historias luminosas a lo largo de sus \u00faltimos viajes.<\/p>\n<p>&nbsp;<\/p>\n<p>Nota de Prensa (cast) \u00abA garza en chamas\u00bb<\/p>\n<p>&nbsp;<\/p>\n","protected":false},"featured_media":7471,"comment_status":"closed","ping_status":"closed","template":"","meta":[],"product_brand":[],"product_cat":[106],"product_tag":[],"class_list":{"0":"post-7476","1":"product","2":"type-product","3":"status-publish","4":"has-post-thumbnail","6":"product_cat-libros-do-sarela-es","8":"first","9":"instock","10":"taxable","11":"shipping-taxable","12":"purchasable","13":"product-type-simple"},"yoast_head":"<!-- This site is optimized with the Yoast SEO plugin v27.3 - https:\/\/yoast.com\/product\/yoast-seo-wordpress\/ -->\n<title>A garza en chamas - Alvarellos Editora<\/title>\n<meta name=\"description\" content=\"A garza en chamas. C\u00f3mprao na tenda en li\u00f1a de Alvarellos Editora.\" \/>\n<meta name=\"robots\" content=\"index, follow, max-snippet:-1, max-image-preview:large, max-video-preview:-1\" \/>\n<link rel=\"canonical\" href=\"https:\/\/alvarelloseditora.gal\/es\/libro\/a-garza-en-chamas\/\" \/>\n<meta property=\"og:locale\" content=\"es_ES\" \/>\n<meta property=\"og:type\" content=\"article\" \/>\n<meta property=\"og:title\" content=\"A garza en chamas - Alvarellos Editora\" \/>\n<meta property=\"og:description\" content=\"A garza en chamas. C\u00f3mprao na tenda en li\u00f1a de Alvarellos Editora.\" \/>\n<meta property=\"og:url\" content=\"https:\/\/alvarelloseditora.gal\/es\/libro\/a-garza-en-chamas\/\" \/>\n<meta property=\"og:site_name\" content=\"Alvarellos Editora\" \/>\n<meta property=\"article:publisher\" content=\"https:\/\/www.facebook.com\/alvarelloseditora\" \/>\n<meta property=\"article:modified_time\" content=\"2022-05-19T09:32:06+00:00\" \/>\n<meta property=\"og:image\" content=\"https:\/\/alvarelloseditora.gal\/wp-content\/uploads\/2022\/05\/9788418567216A-garza-en-chamas-Premios-manuel-murguia-arteixo-2019-2021.jpg\" \/>\n\t<meta property=\"og:image:width\" content=\"525\" \/>\n\t<meta property=\"og:image:height\" content=\"794\" \/>\n\t<meta property=\"og:image:type\" content=\"image\/jpeg\" \/>\n<meta name=\"twitter:card\" content=\"summary_large_image\" \/>\n<meta name=\"twitter:site\" content=\"@alvarellos_ed\" \/>\n<meta name=\"twitter:label1\" content=\"Tiempo de lectura\" \/>\n\t<meta name=\"twitter:data1\" content=\"1 minuto\" \/>\n<!-- \/ Yoast SEO plugin. -->","yoast_head_json":{"title":"A garza en chamas - Alvarellos Editora","description":"A garza en chamas. C\u00f3mprao na tenda en li\u00f1a de Alvarellos Editora.","robots":{"index":"index","follow":"follow","max-snippet":"max-snippet:-1","max-image-preview":"max-image-preview:large","max-video-preview":"max-video-preview:-1"},"canonical":"https:\/\/alvarelloseditora.gal\/es\/libro\/a-garza-en-chamas\/","og_locale":"es_ES","og_type":"article","og_title":"A garza en chamas - Alvarellos Editora","og_description":"A garza en chamas. C\u00f3mprao na tenda en li\u00f1a de Alvarellos Editora.","og_url":"https:\/\/alvarelloseditora.gal\/es\/libro\/a-garza-en-chamas\/","og_site_name":"Alvarellos Editora","article_publisher":"https:\/\/www.facebook.com\/alvarelloseditora","article_modified_time":"2022-05-19T09:32:06+00:00","og_image":[{"width":525,"height":794,"url":"https:\/\/alvarelloseditora.gal\/wp-content\/uploads\/2022\/05\/9788418567216A-garza-en-chamas-Premios-manuel-murguia-arteixo-2019-2021.jpg","type":"image\/jpeg"}],"twitter_card":"summary_large_image","twitter_site":"@alvarellos_ed","twitter_misc":{"Tiempo de lectura":"1 minuto"},"schema":{"@context":"https:\/\/schema.org","@graph":[{"@type":["WebPage","ItemPage"],"@id":"https:\/\/alvarelloseditora.gal\/es\/libro\/a-garza-en-chamas\/","url":"https:\/\/alvarelloseditora.gal\/es\/libro\/a-garza-en-chamas\/","name":"A garza en chamas - Alvarellos Editora","isPartOf":{"@id":"https:\/\/alvarelloseditora.gal\/#website"},"primaryImageOfPage":{"@id":"https:\/\/alvarelloseditora.gal\/es\/libro\/a-garza-en-chamas\/#primaryimage"},"image":{"@id":"https:\/\/alvarelloseditora.gal\/es\/libro\/a-garza-en-chamas\/#primaryimage"},"thumbnailUrl":"https:\/\/alvarelloseditora.gal\/wp-content\/uploads\/2022\/05\/9788418567216A-garza-en-chamas-Premios-manuel-murguia-arteixo-2019-2021.jpg","datePublished":"2022-05-19T09:25:12+00:00","dateModified":"2022-05-19T09:32:06+00:00","description":"A garza en chamas. C\u00f3mprao na tenda en li\u00f1a de Alvarellos Editora.","breadcrumb":{"@id":"https:\/\/alvarelloseditora.gal\/es\/libro\/a-garza-en-chamas\/#breadcrumb"},"inLanguage":"es","potentialAction":[{"@type":"ReadAction","target":["https:\/\/alvarelloseditora.gal\/es\/libro\/a-garza-en-chamas\/"]}]},{"@type":"ImageObject","inLanguage":"es","@id":"https:\/\/alvarelloseditora.gal\/es\/libro\/a-garza-en-chamas\/#primaryimage","url":"https:\/\/alvarelloseditora.gal\/wp-content\/uploads\/2022\/05\/9788418567216A-garza-en-chamas-Premios-manuel-murguia-arteixo-2019-2021.jpg","contentUrl":"https:\/\/alvarelloseditora.gal\/wp-content\/uploads\/2022\/05\/9788418567216A-garza-en-chamas-Premios-manuel-murguia-arteixo-2019-2021.jpg","width":525,"height":794},{"@type":"BreadcrumbList","@id":"https:\/\/alvarelloseditora.gal\/es\/libro\/a-garza-en-chamas\/#breadcrumb","itemListElement":[{"@type":"ListItem","position":1,"name":"Portada","item":"https:\/\/alvarelloseditora.gal\/"},{"@type":"ListItem","position":2,"name":"Tienda","item":"https:\/\/alvarelloseditora.gal\/es\/tienda\/"},{"@type":"ListItem","position":3,"name":"A garza en chamas"}]},{"@type":"WebSite","@id":"https:\/\/alvarelloseditora.gal\/#website","url":"https:\/\/alvarelloseditora.gal\/","name":"Alvarellos Editora","description":"Libros para un mundo en tr\u00e1nsito","publisher":{"@id":"https:\/\/alvarelloseditora.gal\/#organization"},"potentialAction":[{"@type":"SearchAction","target":{"@type":"EntryPoint","urlTemplate":"https:\/\/alvarelloseditora.gal\/?s={search_term_string}"},"query-input":{"@type":"PropertyValueSpecification","valueRequired":true,"valueName":"search_term_string"}}],"inLanguage":"es"},{"@type":"Organization","@id":"https:\/\/alvarelloseditora.gal\/#organization","name":"Alvarellos Editora","url":"https:\/\/alvarelloseditora.gal\/","logo":{"@type":"ImageObject","inLanguage":"es","@id":"https:\/\/alvarelloseditora.gal\/#\/schema\/logo\/image\/","url":"https:\/\/alvarelloseditora.gal\/wp-content\/uploads\/2020\/02\/alv-icon.png","contentUrl":"https:\/\/alvarelloseditora.gal\/wp-content\/uploads\/2020\/02\/alv-icon.png","width":177,"height":175,"caption":"Alvarellos Editora"},"image":{"@id":"https:\/\/alvarelloseditora.gal\/#\/schema\/logo\/image\/"},"sameAs":["https:\/\/www.facebook.com\/alvarelloseditora","https:\/\/x.com\/alvarellos_ed"]}]}},"_links":{"self":[{"href":"https:\/\/alvarelloseditora.gal\/es\/wp-json\/wp\/v2\/product\/7476","targetHints":{"allow":["GET"]}}],"collection":[{"href":"https:\/\/alvarelloseditora.gal\/es\/wp-json\/wp\/v2\/product"}],"about":[{"href":"https:\/\/alvarelloseditora.gal\/es\/wp-json\/wp\/v2\/types\/product"}],"replies":[{"embeddable":true,"href":"https:\/\/alvarelloseditora.gal\/es\/wp-json\/wp\/v2\/comments?post=7476"}],"wp:featuredmedia":[{"embeddable":true,"href":"https:\/\/alvarelloseditora.gal\/es\/wp-json\/wp\/v2\/media\/7471"}],"wp:attachment":[{"href":"https:\/\/alvarelloseditora.gal\/es\/wp-json\/wp\/v2\/media?parent=7476"}],"wp:term":[{"taxonomy":"product_brand","embeddable":true,"href":"https:\/\/alvarelloseditora.gal\/es\/wp-json\/wp\/v2\/product_brand?post=7476"},{"taxonomy":"product_cat","embeddable":true,"href":"https:\/\/alvarelloseditora.gal\/es\/wp-json\/wp\/v2\/product_cat?post=7476"},{"taxonomy":"product_tag","embeddable":true,"href":"https:\/\/alvarelloseditora.gal\/es\/wp-json\/wp\/v2\/product_tag?post=7476"}],"curies":[{"name":"wp","href":"https:\/\/api.w.org\/{rel}","templated":true}]}}