{"id":7449,"date":"2022-05-10T13:17:04","date_gmt":"2022-05-10T11:17:04","guid":{"rendered":"https:\/\/alvarelloseditora.gal\/book\/en-las-orillas-del-sar-edicion-facsimilar\/"},"modified":"2022-05-10T13:55:33","modified_gmt":"2022-05-10T11:55:33","slug":"en-las-orillas-del-sar-edicion-facsimilar","status":"publish","type":"product","link":"https:\/\/alvarelloseditora.gal\/es\/libro\/en-las-orillas-del-sar-edicion-facsimilar\/","title":{"rendered":"En las orillas del Sar (Edici\u00f3n facsimilar)"},"content":{"rendered":"<p>Rescatamos, en una cuidada edici\u00f3n facsimilar, el \u00faltimo libro de Rosal\u00eda de Castro, En las orillas del Sar, publicado originalmente en Madrid en 1884.<\/p>\n<p>Reproducimos fielmente aquella primera edici\u00f3n e incorporamos un pr\u00f3logo de la especialista Mar\u00eda do Cebreiro R\u00e1bade Villar.<\/p>\n<p>\u00abLa autora escucha y traduce la voz de la naturaleza al lenguaje humano\u00bb, afirma.<\/p>\n<p>Rosal\u00eda de Castro es una de las primeras poetas ecologistas de Europa.<\/p>\n<p>En los versos de \u00abLos robles\u00bb o \u00ab\u00a1 Jam\u00e1s lo olvidar\u00e9&#8230;!\u00bb se alza rotunda en la defensa de la naturaleza y de un bosque, el del hist\u00f3rico y revolucionario Banquete de Conxo celebrado al sur de Santiago de Compostela en 1856.<\/p>\n<p>\u00abUn libro sensible como pocos a las implicaciones del v\u00ednculo entre naturaleza y la historia\u00bb.<\/p>\n<p>\u00abEsta edici\u00f3n facsimilar tiene la potencia de devolverle a la autora su soberan\u00eda\u00bb.<\/p>\n<p>\u00abA pesar del tono de indudable desencanto que atraviesa el libro desde el primer poema, los ideales pol\u00edticos prevalecen sobre el des\u00e1nimo\u00bb.<\/p>\n<p>Mar\u00eda do Cebreiro R\u00e1bade Villar<\/p>\n","protected":false},"excerpt":{"rendered":"<p>Rosal\u00eda de Castro<br \/>\n&nbsp;<\/p>\n<p>184 pp . 14\u20195 x 21\u20195 cms.<br \/>\nISBN: 978-84-18567-20-9<br \/>\nCosido con hilo vegetal. Papel ecol\u00f3gico.<br \/>\nEntapado con sobrecubierta<\/p>\n<p>&nbsp;<\/p>\n<p>Los \u00faltimos poemas que escribi\u00f3 Rosal\u00eda de Castro tal y como fueron publicados originalmente en 1884. Rigurosa y cuidada edici\u00f3n facs\u00edmil que incorpora un Pr\u00f3logo de la especialista Mar\u00eda do Cebreiro R\u00e1bade Villar. Una experiencia lectora \u00fanica. Se trata de la primeira edici\u00f3n facsimilar venal de esta obra, desde aquella \u00abedici\u00f3n pr\u00edncipe\u00bb de 1884.<\/p>\n<p>\u00abRosal\u00eda de Castro es una de las primeras poetas ecologistas de Europa (&#8230;). Esta edici\u00f3n facsimilar tiene la potencia de devolverle a la autora su soberan\u00eda\u00bb, afirma Mar\u00eda do Cebreiro.<\/p>\n<p>&nbsp;<\/p>\n<p>Nota de Prensa (cast)<\/p>\n","protected":false},"featured_media":7441,"comment_status":"closed","ping_status":"closed","template":"","meta":[],"product_brand":[],"product_cat":[112],"product_tag":[1045],"class_list":{"0":"post-7449","1":"product","2":"type-product","3":"status-publish","4":"has-post-thumbnail","6":"product_author-rosalia-de-castro-es","7":"product_cat-facsimiles-es","8":"product_tag-santiago-de-compostela-y-el-camino","10":"first","11":"instock","12":"taxable","13":"shipping-taxable","14":"purchasable","15":"product-type-simple"},"yoast_head":"<!-- This site is optimized with the Yoast SEO plugin v27.3 - https:\/\/yoast.com\/product\/yoast-seo-wordpress\/ -->\n<title>En las orillas del Sar (Edici\u00f3n facsimilar) - Alvarellos Editora<\/title>\n<meta name=\"description\" content=\"En las orillas del Sar (Edici\u00f3n facsimilar). C\u00f3mprao na tenda en li\u00f1a de Alvarellos Editora.\" \/>\n<meta name=\"robots\" content=\"index, follow, max-snippet:-1, max-image-preview:large, max-video-preview:-1\" \/>\n<link rel=\"canonical\" href=\"https:\/\/alvarelloseditora.gal\/es\/libro\/en-las-orillas-del-sar-edicion-facsimilar\/\" \/>\n<meta property=\"og:locale\" content=\"es_ES\" \/>\n<meta property=\"og:type\" content=\"article\" \/>\n<meta property=\"og:title\" content=\"En las orillas del Sar (Edici\u00f3n facsimilar) - Alvarellos Editora\" \/>\n<meta property=\"og:description\" content=\"En las orillas del Sar (Edici\u00f3n facsimilar). C\u00f3mprao na tenda en li\u00f1a de Alvarellos Editora.\" \/>\n<meta property=\"og:url\" content=\"https:\/\/alvarelloseditora.gal\/es\/libro\/en-las-orillas-del-sar-edicion-facsimilar\/\" \/>\n<meta property=\"og:site_name\" content=\"Alvarellos Editora\" \/>\n<meta property=\"article:publisher\" content=\"https:\/\/www.facebook.com\/alvarelloseditora\" \/>\n<meta property=\"article:modified_time\" content=\"2022-05-10T11:55:33+00:00\" \/>\n<meta property=\"og:image\" content=\"https:\/\/alvarelloseditora.gal\/wp-content\/uploads\/2022\/05\/9788418567209En-las-orillas-del-Sar-facsimilar-alvarellos-ed-2022.jpg\" \/>\n\t<meta property=\"og:image:width\" content=\"1768\" \/>\n\t<meta property=\"og:image:height\" content=\"2543\" \/>\n\t<meta property=\"og:image:type\" content=\"image\/jpeg\" \/>\n<meta name=\"twitter:card\" content=\"summary_large_image\" \/>\n<meta name=\"twitter:site\" content=\"@alvarellos_ed\" \/>\n<meta name=\"twitter:label1\" content=\"Tiempo de lectura\" \/>\n\t<meta name=\"twitter:data1\" content=\"1 minuto\" \/>\n<!-- \/ Yoast SEO plugin. -->","yoast_head_json":{"title":"En las orillas del Sar (Edici\u00f3n facsimilar) - Alvarellos Editora","description":"En las orillas del Sar (Edici\u00f3n facsimilar). C\u00f3mprao na tenda en li\u00f1a de Alvarellos Editora.","robots":{"index":"index","follow":"follow","max-snippet":"max-snippet:-1","max-image-preview":"max-image-preview:large","max-video-preview":"max-video-preview:-1"},"canonical":"https:\/\/alvarelloseditora.gal\/es\/libro\/en-las-orillas-del-sar-edicion-facsimilar\/","og_locale":"es_ES","og_type":"article","og_title":"En las orillas del Sar (Edici\u00f3n facsimilar) - Alvarellos Editora","og_description":"En las orillas del Sar (Edici\u00f3n facsimilar). C\u00f3mprao na tenda en li\u00f1a de Alvarellos Editora.","og_url":"https:\/\/alvarelloseditora.gal\/es\/libro\/en-las-orillas-del-sar-edicion-facsimilar\/","og_site_name":"Alvarellos Editora","article_publisher":"https:\/\/www.facebook.com\/alvarelloseditora","article_modified_time":"2022-05-10T11:55:33+00:00","og_image":[{"width":1768,"height":2543,"url":"https:\/\/alvarelloseditora.gal\/wp-content\/uploads\/2022\/05\/9788418567209En-las-orillas-del-Sar-facsimilar-alvarellos-ed-2022.jpg","type":"image\/jpeg"}],"twitter_card":"summary_large_image","twitter_site":"@alvarellos_ed","twitter_misc":{"Tiempo de lectura":"1 minuto"},"schema":{"@context":"https:\/\/schema.org","@graph":[{"@type":["WebPage","ItemPage"],"@id":"https:\/\/alvarelloseditora.gal\/es\/libro\/en-las-orillas-del-sar-edicion-facsimilar\/","url":"https:\/\/alvarelloseditora.gal\/es\/libro\/en-las-orillas-del-sar-edicion-facsimilar\/","name":"En las orillas del Sar (Edici\u00f3n facsimilar) - Alvarellos Editora","isPartOf":{"@id":"https:\/\/alvarelloseditora.gal\/#website"},"primaryImageOfPage":{"@id":"https:\/\/alvarelloseditora.gal\/es\/libro\/en-las-orillas-del-sar-edicion-facsimilar\/#primaryimage"},"image":{"@id":"https:\/\/alvarelloseditora.gal\/es\/libro\/en-las-orillas-del-sar-edicion-facsimilar\/#primaryimage"},"thumbnailUrl":"https:\/\/alvarelloseditora.gal\/wp-content\/uploads\/2022\/05\/9788418567209En-las-orillas-del-Sar-facsimilar-alvarellos-ed-2022.jpg","datePublished":"2022-05-10T11:17:04+00:00","dateModified":"2022-05-10T11:55:33+00:00","description":"En las orillas del Sar (Edici\u00f3n facsimilar). C\u00f3mprao na tenda en li\u00f1a de Alvarellos Editora.","breadcrumb":{"@id":"https:\/\/alvarelloseditora.gal\/es\/libro\/en-las-orillas-del-sar-edicion-facsimilar\/#breadcrumb"},"inLanguage":"es","potentialAction":[{"@type":"ReadAction","target":["https:\/\/alvarelloseditora.gal\/es\/libro\/en-las-orillas-del-sar-edicion-facsimilar\/"]}]},{"@type":"ImageObject","inLanguage":"es","@id":"https:\/\/alvarelloseditora.gal\/es\/libro\/en-las-orillas-del-sar-edicion-facsimilar\/#primaryimage","url":"https:\/\/alvarelloseditora.gal\/wp-content\/uploads\/2022\/05\/9788418567209En-las-orillas-del-Sar-facsimilar-alvarellos-ed-2022.jpg","contentUrl":"https:\/\/alvarelloseditora.gal\/wp-content\/uploads\/2022\/05\/9788418567209En-las-orillas-del-Sar-facsimilar-alvarellos-ed-2022.jpg","width":1768,"height":2543},{"@type":"BreadcrumbList","@id":"https:\/\/alvarelloseditora.gal\/es\/libro\/en-las-orillas-del-sar-edicion-facsimilar\/#breadcrumb","itemListElement":[{"@type":"ListItem","position":1,"name":"Portada","item":"https:\/\/alvarelloseditora.gal\/"},{"@type":"ListItem","position":2,"name":"Tienda","item":"https:\/\/alvarelloseditora.gal\/es\/tienda\/"},{"@type":"ListItem","position":3,"name":"En las orillas del Sar (Edici\u00f3n facsimilar)"}]},{"@type":"WebSite","@id":"https:\/\/alvarelloseditora.gal\/#website","url":"https:\/\/alvarelloseditora.gal\/","name":"Alvarellos Editora","description":"Libros para un mundo en tr\u00e1nsito","publisher":{"@id":"https:\/\/alvarelloseditora.gal\/#organization"},"potentialAction":[{"@type":"SearchAction","target":{"@type":"EntryPoint","urlTemplate":"https:\/\/alvarelloseditora.gal\/?s={search_term_string}"},"query-input":{"@type":"PropertyValueSpecification","valueRequired":true,"valueName":"search_term_string"}}],"inLanguage":"es"},{"@type":"Organization","@id":"https:\/\/alvarelloseditora.gal\/#organization","name":"Alvarellos Editora","url":"https:\/\/alvarelloseditora.gal\/","logo":{"@type":"ImageObject","inLanguage":"es","@id":"https:\/\/alvarelloseditora.gal\/#\/schema\/logo\/image\/","url":"https:\/\/alvarelloseditora.gal\/wp-content\/uploads\/2020\/02\/alv-icon.png","contentUrl":"https:\/\/alvarelloseditora.gal\/wp-content\/uploads\/2020\/02\/alv-icon.png","width":177,"height":175,"caption":"Alvarellos Editora"},"image":{"@id":"https:\/\/alvarelloseditora.gal\/#\/schema\/logo\/image\/"},"sameAs":["https:\/\/www.facebook.com\/alvarelloseditora","https:\/\/x.com\/alvarellos_ed"]}]}},"_links":{"self":[{"href":"https:\/\/alvarelloseditora.gal\/es\/wp-json\/wp\/v2\/product\/7449","targetHints":{"allow":["GET"]}}],"collection":[{"href":"https:\/\/alvarelloseditora.gal\/es\/wp-json\/wp\/v2\/product"}],"about":[{"href":"https:\/\/alvarelloseditora.gal\/es\/wp-json\/wp\/v2\/types\/product"}],"replies":[{"embeddable":true,"href":"https:\/\/alvarelloseditora.gal\/es\/wp-json\/wp\/v2\/comments?post=7449"}],"wp:featuredmedia":[{"embeddable":true,"href":"https:\/\/alvarelloseditora.gal\/es\/wp-json\/wp\/v2\/media\/7441"}],"wp:attachment":[{"href":"https:\/\/alvarelloseditora.gal\/es\/wp-json\/wp\/v2\/media?parent=7449"}],"wp:term":[{"taxonomy":"product_brand","embeddable":true,"href":"https:\/\/alvarelloseditora.gal\/es\/wp-json\/wp\/v2\/product_brand?post=7449"},{"taxonomy":"product_cat","embeddable":true,"href":"https:\/\/alvarelloseditora.gal\/es\/wp-json\/wp\/v2\/product_cat?post=7449"},{"taxonomy":"product_tag","embeddable":true,"href":"https:\/\/alvarelloseditora.gal\/es\/wp-json\/wp\/v2\/product_tag?post=7449"}],"curies":[{"name":"wp","href":"https:\/\/api.w.org\/{rel}","templated":true}]}}