{"id":7419,"date":"2022-04-25T11:27:08","date_gmt":"2022-04-25T09:27:08","guid":{"rendered":"https:\/\/alvarelloseditora.gal\/book\/querida-liberdade\/"},"modified":"2024-12-12T10:52:41","modified_gmt":"2024-12-12T09:52:41","slug":"querida-liberdade","status":"publish","type":"product","link":"https:\/\/alvarelloseditora.gal\/es\/libro\/querida-liberdade\/","title":{"rendered":"Querida Liberdade"},"content":{"rendered":"<p><strong>Antol\u00edn Faraldo Asorey<\/strong> (Betanzos, 1822-Granada, 1853) fue, en palabras de Manuel Murgu\u00eda, \u00abel primero y el mejor\u00bb. Simboliza, ante todo, la voz de una generaci\u00f3n, la de los Provincialistas, que iniciaron el camino hacia el autogobierno de Galicia. Faraldo fue alma y mente de la Revoluci\u00f3n de 1846, la que concluy\u00f3 tr\u00e1gicamente con el fusilamiento de los hoy conocidos como M\u00e1rtires de Carral.<\/p>\n<p>Antol\u00edn Faraldo puso sobre la mesa, hacia la mitad del siglo XIX, debates enormemente actuales: el feminismo, el suicidio, la separaci\u00f3n de Iglesia-Estado, la conformaci\u00f3n hist\u00f3rica de la identidad, la idea de naci\u00f3n, la libertad de opini\u00f3n o el vangardismo literario, entre otros. Representa realmente un caso \u00fanico en nuestra historia por el inter\u00e9s que dos siglos despu\u00e9s sigue despertando.<\/p>\n<p>En 2022 se cumplen doscientos a\u00f1os de su nacimiento. Es pues la ocasi\u00f3n propicia para conocer mejor el personaje, desde su intensa vida hasta su obra escrita. Y \u00e9sta es la primera vez que se ofrece un volumen tan completo en ambos aspectos.<\/p>\n<p><em>Querida Liberdade<\/em> contiene, por una parte, un amplio estudio introductorio, a cargo de Xurxo Mart\u00ednez Gonz\u00e1lez, que nos sumerge de manera trepidante en una \u00e9poca tan apasionada: con ritmo, estructurado en breves ep\u00edgrafes y con una clara voluntad did\u00e1ctica y divulgativa. Tras \u00e9l, una completa antolog\u00eda con 45 art\u00edculos de Faraldo.<\/p>\n<p>Son pues la vida y la obra de un precursor del Resurgimiento; una oportunidad \u00fanica de acercarse hoy la un nombre que sigue siendo un gran desconocido.<\/p>\n<p>&nbsp;<\/p>\n<p>XURXO MART\u00cdNEZ GONZ\u00c1LEZ<\/p>\n<p>Xurxo Mart\u00ednez Gonz\u00e1lez (Coia-Vigo, 1984) es doctor cum laude en Filolog\u00eda Galega y premio extraordinario de tesis de doctorado. Est\u00e1 especializado en el Rexurdimento, tema que centr\u00f3 distintos art\u00edculos acad\u00e9micos y varias publicaciones. Dentro de esta <a href=\"https:\/\/alvarelloseditora.gal\/cat\/rescate\/\">Colecci\u00f3n Rescate<\/a> particip\u00f3 en la edici\u00f3n de las obras de <a href=\"https:\/\/alvarelloseditora.gal\/libro\/recuerdos-de-agosto\/\">Aurelio Aguirre<\/a> y de <a href=\"https:\/\/alvarelloseditora.gal\/libro\/galicia-ante-todo\/\">Antonio Neira de Mosquera<\/a>. Sac\u00f3 a la luz la biograf\u00eda de personalidades coma Juan Compa\u00f1el o Manuel Leiras Pulpeiro, y de figuras m\u00e1s recientes como Lu\u00eds Soto o los hermanos Villar Ponte.<\/p>\n","protected":false},"excerpt":{"rendered":"<p>Vida y Obra de un precursor del Rexurdimento<br \/>\nAntol\u00edn Faraldo<br \/>\nEdici\u00f3n y estudio de Xurxo Mart\u00ednez Gonz\u00e1lez<br \/>\n420 pp . 13 x 20,5 cms.<br \/>\nISBN: 978-84-18567-17-9<\/p>\n<p>&nbsp;<\/p>\n<p>Premio de Investigaci\u00f3n Ram\u00f3n Baltar Feijoo 2024<\/p>\n<p>&nbsp;<\/p>\n<p>En el 200 aniversario de su nacimiento, este volumen aborda, por vez primera de una manera integral, la vida y la obra de quien Manuel Murgu\u00eda defini\u00f3 como \u00abel primero y el mejor\u00bb, Antol\u00edn Faraldo, la voz de toda una generaci\u00f3n, el alma de la revoluci\u00f3n de 1846, una figura casi m\u00edtica en el imaginario gallego y que hoy a\u00fan sigue siendo un gran desconocido.<\/p>\n<p>Querida Liberdade contiene, por una parte, un amplio estudio introductorio, a cargo de Xurxo Mart\u00ednez Gonz\u00e1lez, que nos sumerge de manera trepidante en una \u00e9poca tan apasionada: con ritmo, estructurado en breves ep\u00edgrafes y con una clara voluntad did\u00e1ctica y divulgativa. Tras \u00e9l, una completa antolog\u00eda con 45 art\u00edculos de Antol\u00edn Faraldo.<\/p>\n<p>&nbsp;<\/p>\n<p>Empezar-lectura-QUERIDA-LIBERDADE-Antolin-Faraldo-2022<\/p>\n<p>Nota de Prensa e resumo Querida Liberdade-Antol\u00edn Faraldo<\/p>\n<p>&nbsp;<\/p>\n","protected":false},"featured_media":9314,"comment_status":"closed","ping_status":"closed","template":"","meta":[],"product_brand":[],"product_cat":[111],"product_tag":[],"class_list":{"0":"post-7419","1":"product","2":"type-product","3":"status-publish","4":"has-post-thumbnail","6":"product_author-antolin-faraldo","7":"product_cat-coleccion-rescate-es","9":"first","10":"instock","11":"taxable","12":"shipping-taxable","13":"purchasable","14":"product-type-simple"},"yoast_head":"<!-- This site is optimized with the Yoast SEO plugin v27.3 - https:\/\/yoast.com\/product\/yoast-seo-wordpress\/ -->\n<title>Querida Liberdade - Alvarellos Editora<\/title>\n<meta name=\"description\" content=\"Querida Liberdade. C\u00f3mprao na tenda en li\u00f1a de Alvarellos Editora.\" \/>\n<meta name=\"robots\" content=\"index, follow, max-snippet:-1, max-image-preview:large, max-video-preview:-1\" \/>\n<link rel=\"canonical\" href=\"https:\/\/alvarelloseditora.gal\/es\/libro\/querida-liberdade\/\" \/>\n<meta property=\"og:locale\" content=\"es_ES\" \/>\n<meta property=\"og:type\" content=\"article\" \/>\n<meta property=\"og:title\" content=\"Querida Liberdade - Alvarellos Editora\" \/>\n<meta property=\"og:description\" content=\"Querida Liberdade. C\u00f3mprao na tenda en li\u00f1a de Alvarellos Editora.\" \/>\n<meta property=\"og:url\" content=\"https:\/\/alvarelloseditora.gal\/es\/libro\/querida-liberdade\/\" \/>\n<meta property=\"og:site_name\" content=\"Alvarellos Editora\" \/>\n<meta property=\"article:publisher\" content=\"https:\/\/www.facebook.com\/alvarelloseditora\" \/>\n<meta property=\"article:modified_time\" content=\"2024-12-12T09:52:41+00:00\" \/>\n<meta property=\"og:image\" content=\"https:\/\/alvarelloseditora.gal\/wp-content\/uploads\/2022\/04\/Capa-Faraldo-con-Premio-2024.jpg\" \/>\n\t<meta property=\"og:image:width\" content=\"1034\" \/>\n\t<meta property=\"og:image:height\" content=\"1595\" \/>\n\t<meta property=\"og:image:type\" content=\"image\/jpeg\" \/>\n<meta name=\"twitter:card\" content=\"summary_large_image\" \/>\n<meta name=\"twitter:site\" content=\"@alvarellos_ed\" \/>\n<meta name=\"twitter:label1\" content=\"Tiempo de lectura\" \/>\n\t<meta name=\"twitter:data1\" content=\"2 minutos\" \/>\n<!-- \/ Yoast SEO plugin. -->","yoast_head_json":{"title":"Querida Liberdade - Alvarellos Editora","description":"Querida Liberdade. C\u00f3mprao na tenda en li\u00f1a de Alvarellos Editora.","robots":{"index":"index","follow":"follow","max-snippet":"max-snippet:-1","max-image-preview":"max-image-preview:large","max-video-preview":"max-video-preview:-1"},"canonical":"https:\/\/alvarelloseditora.gal\/es\/libro\/querida-liberdade\/","og_locale":"es_ES","og_type":"article","og_title":"Querida Liberdade - Alvarellos Editora","og_description":"Querida Liberdade. C\u00f3mprao na tenda en li\u00f1a de Alvarellos Editora.","og_url":"https:\/\/alvarelloseditora.gal\/es\/libro\/querida-liberdade\/","og_site_name":"Alvarellos Editora","article_publisher":"https:\/\/www.facebook.com\/alvarelloseditora","article_modified_time":"2024-12-12T09:52:41+00:00","og_image":[{"width":1034,"height":1595,"url":"https:\/\/alvarelloseditora.gal\/wp-content\/uploads\/2022\/04\/Capa-Faraldo-con-Premio-2024.jpg","type":"image\/jpeg"}],"twitter_card":"summary_large_image","twitter_site":"@alvarellos_ed","twitter_misc":{"Tiempo de lectura":"2 minutos"},"schema":{"@context":"https:\/\/schema.org","@graph":[{"@type":["WebPage","ItemPage"],"@id":"https:\/\/alvarelloseditora.gal\/es\/libro\/querida-liberdade\/","url":"https:\/\/alvarelloseditora.gal\/es\/libro\/querida-liberdade\/","name":"Querida Liberdade - Alvarellos Editora","isPartOf":{"@id":"https:\/\/alvarelloseditora.gal\/#website"},"primaryImageOfPage":{"@id":"https:\/\/alvarelloseditora.gal\/es\/libro\/querida-liberdade\/#primaryimage"},"image":{"@id":"https:\/\/alvarelloseditora.gal\/es\/libro\/querida-liberdade\/#primaryimage"},"thumbnailUrl":"https:\/\/alvarelloseditora.gal\/wp-content\/uploads\/2022\/04\/Capa-Faraldo-con-Premio-2024.jpg","datePublished":"2022-04-25T09:27:08+00:00","dateModified":"2024-12-12T09:52:41+00:00","description":"Querida Liberdade. C\u00f3mprao na tenda en li\u00f1a de Alvarellos Editora.","breadcrumb":{"@id":"https:\/\/alvarelloseditora.gal\/es\/libro\/querida-liberdade\/#breadcrumb"},"inLanguage":"es","potentialAction":[{"@type":"ReadAction","target":["https:\/\/alvarelloseditora.gal\/es\/libro\/querida-liberdade\/"]}]},{"@type":"ImageObject","inLanguage":"es","@id":"https:\/\/alvarelloseditora.gal\/es\/libro\/querida-liberdade\/#primaryimage","url":"https:\/\/alvarelloseditora.gal\/wp-content\/uploads\/2022\/04\/Capa-Faraldo-con-Premio-2024.jpg","contentUrl":"https:\/\/alvarelloseditora.gal\/wp-content\/uploads\/2022\/04\/Capa-Faraldo-con-Premio-2024.jpg","width":1034,"height":1595},{"@type":"BreadcrumbList","@id":"https:\/\/alvarelloseditora.gal\/es\/libro\/querida-liberdade\/#breadcrumb","itemListElement":[{"@type":"ListItem","position":1,"name":"Portada","item":"https:\/\/alvarelloseditora.gal\/"},{"@type":"ListItem","position":2,"name":"Tienda","item":"https:\/\/alvarelloseditora.gal\/es\/tienda\/"},{"@type":"ListItem","position":3,"name":"Querida Liberdade"}]},{"@type":"WebSite","@id":"https:\/\/alvarelloseditora.gal\/#website","url":"https:\/\/alvarelloseditora.gal\/","name":"Alvarellos Editora","description":"Libros para un mundo en tr\u00e1nsito","publisher":{"@id":"https:\/\/alvarelloseditora.gal\/#organization"},"potentialAction":[{"@type":"SearchAction","target":{"@type":"EntryPoint","urlTemplate":"https:\/\/alvarelloseditora.gal\/?s={search_term_string}"},"query-input":{"@type":"PropertyValueSpecification","valueRequired":true,"valueName":"search_term_string"}}],"inLanguage":"es"},{"@type":"Organization","@id":"https:\/\/alvarelloseditora.gal\/#organization","name":"Alvarellos Editora","url":"https:\/\/alvarelloseditora.gal\/","logo":{"@type":"ImageObject","inLanguage":"es","@id":"https:\/\/alvarelloseditora.gal\/#\/schema\/logo\/image\/","url":"https:\/\/alvarelloseditora.gal\/wp-content\/uploads\/2020\/02\/alv-icon.png","contentUrl":"https:\/\/alvarelloseditora.gal\/wp-content\/uploads\/2020\/02\/alv-icon.png","width":177,"height":175,"caption":"Alvarellos Editora"},"image":{"@id":"https:\/\/alvarelloseditora.gal\/#\/schema\/logo\/image\/"},"sameAs":["https:\/\/www.facebook.com\/alvarelloseditora","https:\/\/x.com\/alvarellos_ed"]}]}},"_links":{"self":[{"href":"https:\/\/alvarelloseditora.gal\/es\/wp-json\/wp\/v2\/product\/7419","targetHints":{"allow":["GET"]}}],"collection":[{"href":"https:\/\/alvarelloseditora.gal\/es\/wp-json\/wp\/v2\/product"}],"about":[{"href":"https:\/\/alvarelloseditora.gal\/es\/wp-json\/wp\/v2\/types\/product"}],"replies":[{"embeddable":true,"href":"https:\/\/alvarelloseditora.gal\/es\/wp-json\/wp\/v2\/comments?post=7419"}],"wp:featuredmedia":[{"embeddable":true,"href":"https:\/\/alvarelloseditora.gal\/es\/wp-json\/wp\/v2\/media\/9314"}],"wp:attachment":[{"href":"https:\/\/alvarelloseditora.gal\/es\/wp-json\/wp\/v2\/media?parent=7419"}],"wp:term":[{"taxonomy":"product_brand","embeddable":true,"href":"https:\/\/alvarelloseditora.gal\/es\/wp-json\/wp\/v2\/product_brand?post=7419"},{"taxonomy":"product_cat","embeddable":true,"href":"https:\/\/alvarelloseditora.gal\/es\/wp-json\/wp\/v2\/product_cat?post=7419"},{"taxonomy":"product_tag","embeddable":true,"href":"https:\/\/alvarelloseditora.gal\/es\/wp-json\/wp\/v2\/product_tag?post=7419"}],"curies":[{"name":"wp","href":"https:\/\/api.w.org\/{rel}","templated":true}]}}